{"id":633,"date":"2017-05-17T17:45:00","date_gmt":"2017-05-17T15:45:00","guid":{"rendered":"http:\/\/www.desmecht.com\/shop\/?page_id=633"},"modified":"2021-02-24T11:34:20","modified_gmt":"2021-02-24T10:34:20","slug":"tisanes","status":"publish","type":"page","link":"https:\/\/www.desmecht.com\/en\/produits\/phytotherapie\/tisanes\/","title":{"rendered":"Herbal tea (mixtures)"},"content":{"rendered":"<p><\/p>\n<p style=\"text-align: left; font-size: 20px; font-weight: bold; font-family: ARIAL black;\"><span style=\"color: #ffffff;\"><span style=\"background-color: #99cc00;\"> For Digestion : <\/span><\/span><\/p>\n<p><div class=\"column-group columns-4\"><br \/>\n<div class=\"column column-number-1 column-span-1\"><p><img decoding=\"async\" title=\"Ballonement\" src=\"http:\/\/www.desmecht.com\/shop\/wp-content\/uploads\/2017\/05\/Ballonement.jpg\" alt=\"Ballonnement: A utiliser en cas de balonnement\" \/><\/p>\n<\/div><br \/>\n<div class=\"column column-number-2 column-span-1\"><p><img decoding=\"async\" title=\"Calmacide\" src=\"http:\/\/www.desmecht.com\/shop\/wp-content\/uploads\/2017\/05\/Calmacide.jpg\" alt=\"Calmacide: aide en cas d'\u00e9ructations\" \/> <\/p>\n<\/div><br \/>\n<div class=\"column column-number-3 column-span-1\"><p><img decoding=\"async\" title=\"Cholesterol\" src=\"http:\/\/www.desmecht.com\/shop\/wp-content\/uploads\/2017\/05\/Cholesterol.jpg\" alt=\"Cholesterol: Aide \u00e0 ma\u00eetriser le cholesterol\" \/><\/p>\n<\/div><br \/>\n<div class=\"column column-number-4 last column-span-1\"><p><img decoding=\"async\" title=\"Crampacalm\" src=\"http:\/\/www.desmecht.com\/shop\/wp-content\/uploads\/2017\/05\/Crampacalm.jpg\" alt=\"Crampacalm: Relaxant \/ Digestion facile\" \/><\/p>\n<\/div><br \/>\n<\/div><br \/>\n<div class=\"column-group columns-4\"><br \/>\n<div class=\"column column-number-1 column-span-1\"><p><img decoding=\"async\" title=\"Diebactif\" src=\"http:\/\/www.desmecht.com\/shop\/wp-content\/uploads\/2017\/05\/Diebactif.jpg\" alt=\"Diebactif: Convient dans un regime pour diab\u00e9tiques\" \/><\/p>\n<\/div><br \/>\n<div class=\"column column-number-2 column-span-1\"><p><img decoding=\"async\" title=\"Fonctionnement intestinal\" src=\"http:\/\/www.desmecht.com\/shop\/wp-content\/uploads\/2017\/05\/FonctIntest.jpg\" alt=\"Fonctionnement intestinal: Bon pour le fonctionnement intestinal et le transit\" \/> <\/p>\n<\/div><br \/>\n<div class=\"column column-number-3 column-span-1\"><p><img decoding=\"async\" title=\"Hepaplus\" src=\"http:\/\/www.desmecht.com\/shop\/wp-content\/uploads\/2017\/05\/Hepaplus.jpg\" alt=\"Hepaplus: Stimule la digestion\" \/><\/p>\n<\/div><br \/>\n<div class=\"column column-number-4 last column-span-1\"><p><img decoding=\"async\" title=\"Hepavital\" src=\"http:\/\/www.desmecht.com\/shop\/wp-content\/uploads\/2017\/05\/Hepavital.jpg\" alt=\"Hepavital: Purifie et aide \u00e0 la digestion\" \/><\/p>\n<\/div><br \/>\n<\/div><br \/>\n<div class=\"column-group columns-4\"><br \/>\n<div class=\"column column-number-1 column-span-1\"><p><img decoding=\"async\" title=\"Mucilax\" src=\"http:\/\/www.desmecht.com\/shop\/wp-content\/uploads\/2017\/05\/Mucilax.jpg\" alt=\"Mucilax: A utiliser pour une d\u00e9jection r\u00e9guli\u00e8re. Aide \u00e0 maintenir l'\u00e9quilibre naturel de la flore intestinale. Augmente la sensation de sati\u00e9t\u00e9.\" \/><\/p>\n<\/div><br \/>\n<div class=\"column column-number-2 column-span-1\"><\/div><br \/>\n<div class=\"column column-number-3 column-span-1\"><\/div><br \/>\n<div class=\"column column-number-4 last column-span-1\"><\/div><br \/>\n<\/div><\/p>\n<p style=\"text-align: left; font-size: 20px; font-weight: bold; font-family: ARIAL black;\"><span style=\"color: #ffffff;\"><span style=\"background-color: #99cc00;\"> Calming &amp; Stimulating : <\/span><\/span><\/p>\n<p><div class=\"column-group columns-4\"><br \/>\n<div class=\"column column-number-1 column-span-1\"><p><img decoding=\"async\" title=\"Calmostress\" src=\"http:\/\/www.desmecht.com\/shop\/wp-content\/uploads\/2017\/05\/Calmostress.jpg\" alt=\"Calmostress: Aide en cas de pression et effort mental\" \/><\/p>\n<\/div><br \/>\n<div class=\"column column-number-2 column-span-1\"><p><img decoding=\"async\" title=\"Energie\" src=\"http:\/\/www.desmecht.com\/shop\/wp-content\/uploads\/2017\/05\/Energie.jpg\" alt=\"Energie: Apporte plus d'\u00e9nergie\" \/><\/p>\n<\/div><br \/>\n<div class=\"column column-number-3 column-span-1\"><p><img decoding=\"async\" title=\"Libitonique Femme\" src=\"http:\/\/www.desmecht.com\/shop\/wp-content\/uploads\/2017\/05\/Libifemme.jpg\" alt=\"Libitonique Femme\" \/><\/p>\n<\/div><br \/>\n<div class=\"column column-number-4 last column-span-1\"><p><img decoding=\"async\" title=\"Libitonique Homme\" src=\"http:\/\/www.desmecht.com\/shop\/wp-content\/uploads\/2017\/05\/LibiHomme.jpg\" alt=\"Libitonique Homme\" \/><\/p>\n<\/div><br \/>\n<\/div><br \/>\n<div class=\"column-group columns-4\"><br \/>\n<div class=\"column column-number-1 column-span-1\"><p><img decoding=\"async\" title=\"Sommeil\" src=\"http:\/\/www.desmecht.com\/shop\/wp-content\/uploads\/2017\/05\/Sommeil.jpg\" alt=\"Sommeil: A utiliser pour un someil sain\" \/><\/p>\n<\/div><br \/>\n<div class=\"column column-number-2 column-span-1\"><p><img decoding=\"async\" title=\"Tensiocalm\" src=\"http:\/\/www.desmecht.com\/shop\/wp-content\/uploads\/2017\/05\/Tensio.jpg\" alt=\"Tensiocalm: Soutient la circulation. Apaisant.\" \/><\/p>\n<\/div><br \/>\n<div class=\"column column-number-3 column-span-1\"><\/div><br \/>\n<div class=\"column column-number-4 last column-span-1\"><\/div><br \/>\n<\/div><\/p>\n<p style=\"text-align: left; font-size: 20px; font-weight: bold; font-family: ARIAL black;\"><span style=\"color: #ffffff;\"><span style=\"background-color: #99cc00;\"> The benefits of Detox : <\/span><\/span><\/p>\n<p><div class=\"column-group columns-4\"><br \/>\n<div class=\"column column-number-1 column-span-1\"><p><img decoding=\"async\" title=\"Anti-Acide\" src=\"http:\/\/www.desmecht.com\/shop\/wp-content\/uploads\/2017\/05\/AntiAcide.jpg\" alt=\"Anti-Acide\" \/><\/p>\n<\/div><br \/>\n<div class=\"column column-number-2 column-span-1\"><p><img decoding=\"async\" title=\"Depur\" src=\"http:\/\/www.desmecht.com\/shop\/wp-content\/uploads\/2017\/05\/Depur.jpg\" alt=\"Depur: Purifie\" \/><\/p>\n<\/div><br \/>\n<div class=\"column column-number-3 column-span-1\"><p><img decoding=\"async\" title=\"Detox\" src=\"http:\/\/www.desmecht.com\/shop\/wp-content\/uploads\/2017\/05\/Detox.jpg\" alt=\"Detox: Purifie en profondeur\" \/><\/p>\n<\/div><br \/>\n<div class=\"column column-number-4 last column-span-1\"><p><img decoding=\"async\" title=\"Muscles et Articulations\" src=\"http:\/\/www.desmecht.com\/shop\/wp-content\/uploads\/2017\/05\/Muscles.jpg\" alt=\"Muscles et Articulations: Maintien la souplesse\" \/><\/p>\n<\/div><br \/>\n<\/div><br \/>\n<div class=\"column-group columns-4\"><br \/>\n<div class=\"column column-number-1 column-span-1\"><p><img decoding=\"async\" title=\"Peau\" src=\"http:\/\/www.desmecht.com\/shop\/wp-content\/uploads\/2017\/05\/Peau.jpg\" alt=\"Peau: A utiliser en cas de peau rugeuse et r\u00e8che\" \/><\/p>\n<\/div><br \/>\n<div class=\"column column-number-2 column-span-1\"><\/div><br \/>\n<div class=\"column column-number-3 column-span-1\"><\/div><br \/>\n<div class=\"column column-number-4 last column-span-1\"><\/div><br \/>\n<\/div><\/p>\n<p style=\"text-align: left; font-size: 20px; font-weight: bold; font-family: ARIAL black;\"><span style=\"color: #ffffff;\"><span style=\"background-color: #99cc00;\"> Slimming : <\/span><\/span><\/p>\n<div class=\"column-group columns-4\"><br \/>\n<div class=\"column column-number-1 column-span-1\"><p><img decoding=\"async\" title=\"Actifmince\" src=\"http:\/\/www.desmecht.com\/shop\/wp-content\/uploads\/2017\/05\/Actifmince.jpg\" alt=\"Actifmince: Soutient lors d'amincissement. Bon pour le transit intestinal.'\" \/><\/p>\n<\/div><br \/>\n<div class=\"column column-number-2 column-span-1\"><p><img decoding=\"async\" title=\"Cellumince\" src=\"http:\/\/www.desmecht.com\/shop\/wp-content\/uploads\/2017\/05\/Cellu.jpg\" alt=\"Cellumince: Peau d'orange\" \/><\/p>\n<\/div><br \/>\n<div class=\"column column-number-3 column-span-1\"><p><img decoding=\"async\" title=\"Promince\" src=\"http:\/\/www.desmecht.com\/shop\/wp-content\/uploads\/2017\/05\/Promince.jpg\" alt=\"Promince: Soutient lors de l'amincissement\" \/><\/p>\n<\/div><br \/>\n<div class=\"column column-number-4 last column-span-1\"><\/div><br \/>\n<\/div>\n<p style=\"text-align: left; font-size: 20px; font-weight: bold; font-family: ARIAL black;\"><span style=\"color: #ffffff;\"><span style=\"background-color: #99cc00;\"> For women &#8230; and for men : <\/span><\/span><\/p>\n<p><div class=\"column-group columns-4\"><br \/>\n<div class=\"column column-number-1 column-span-1\"><p><img decoding=\"async\" title=\"Menopause\" src=\"http:\/\/www.desmecht.com\/shop\/wp-content\/uploads\/2017\/05\/Menopause.jpg\" alt=\"M\u00e9nopause: A utiliser en cas de sympt\u00f4mes suite \u00e0 la m\u00e9nopause.\" \/><\/p>\n<\/div><br \/>\n<div class=\"column column-number-2 column-span-1\"><p><img decoding=\"async\" title=\"R\u00e8gles difficiles\" src=\"http:\/\/www.desmecht.com\/shop\/wp-content\/uploads\/2017\/05\/Regles.jpg\" alt=\"R\u00e8gles difficiles\" \/><\/p>\n<\/div><br \/>\n<div class=\"column column-number-3 column-span-1\"><p><img decoding=\"async\" title=\"Galactog\u00e8ne\" src=\"http:\/\/www.desmecht.com\/shop\/wp-content\/uploads\/2017\/05\/Galacto.jpg\" alt=\"Tisane Galactog\u00e8ne\" \/><\/p>\n<\/div><br \/>\n<div class=\"column column-number-4 last column-span-1\"><p><img decoding=\"async\" title=\"Uripur\" src=\"http:\/\/www.desmecht.com\/shop\/wp-content\/uploads\/2017\/05\/Uripur.jpg\" alt=\"Uripur: Am\u00e9liore l'\u00e9limination\" \/><\/p>\n<\/div><br \/>\n<\/div><br \/>\n<div class=\"column-group columns-4\"><br \/>\n<div class=\"column column-number-1 column-span-1\"><p><img decoding=\"async\" title=\"Venotonique\" src=\"http:\/\/www.desmecht.com\/shop\/wp-content\/uploads\/2017\/05\/Veno.jpg\" alt=\"Tisane Venotonique: Soutient la circulation.\" \/><\/p>\n<\/div><br \/>\n<div class=\"column column-number-2 column-span-1\"><\/div><br \/>\n<div class=\"column column-number-3 column-span-1\"><\/div><br \/>\n<div class=\"column column-number-4 last column-span-1\"><\/div><br \/>\n<\/div><br \/>\n<div class=\"column-group columns-4\"><br \/>\n<div class=\"column column-number-1 column-span-1\"><p><img decoding=\"async\" title=\"Urimen\" src=\"http:\/\/www.desmecht.com\/shop\/wp-content\/uploads\/2017\/05\/Urimen.jpg\" alt=\"Urimen: Pour un meilleur confort urinaire.\" \/><\/p>\n<\/div><br \/>\n<div class=\"column column-number-2 column-span-1\"><\/div><br \/>\n<div class=\"column column-number-3 column-span-1\"><\/div><br \/>\n<div class=\"column column-number-4 last column-span-1\"><\/div><br \/>\n<\/div><\/p>\n<p style=\"text-align: left; font-size: 20px; font-weight: bold; font-family: ARIAL black;\"><span style=\"color: #ffffff;\"><span style=\"background-color: #99cc00;\"> &#8230; in Winter <\/span><\/span><\/p>\n<div class=\"column-group columns-4\"><br \/>\n<div class=\"column column-number-1 column-span-1\"><p><img decoding=\"async\" title=\"Gorge\" src=\"http:\/\/www.desmecht.com\/shop\/wp-content\/uploads\/2017\/05\/Gorge.jpg\" alt=\"Gorge: A une influence adoucissante sur la gorge.\" \/><\/p>\n<\/div><br \/>\n<div class=\"column column-number-2 column-span-1\"><p><img decoding=\"async\" title=\"Hivernale\" src=\"http:\/\/www.desmecht.com\/shop\/wp-content\/uploads\/2017\/05\/Hivernale.jpg\" alt=\"Tisane Hivernale: Rechauffant, tr\u00e8s bon go\u00fbt. Naturellement riche en vitamine C.\" \/><\/p>\n<\/div><br \/>\n<div class=\"column column-number-3 column-span-1\"><p><img decoding=\"async\" title=\"Pulmofort\" src=\"http:\/\/www.desmecht.com\/shop\/wp-content\/uploads\/2017\/05\/Pulmo.jpg\" alt=\"Pulmofort: Procure une respiration ais\u00e9e.\" \/><\/p>\n<\/div><br \/>\n<div class=\"column column-number-4 last column-span-1\"><p><img decoding=\"async\" title=\"Voies respiratoires\" src=\"http:\/\/www.desmecht.com\/shop\/wp-content\/uploads\/2017\/05\/Voies-resp.jpg\" alt=\"Voies Respiratoires: Procure une influence apaisante.\" \/><\/p>\n<\/div><br \/>\n<\/div>\n<p style=\"text-align: left; font-size: 20px; font-weight: bold; font-family: ARIAL black;\"><span style=\"color: #ffffff;\"><span style=\"background-color: #99cc00;\"> Seasonal problems <\/span><\/span><\/p>\n<div class=\"column-group columns-4\"><br \/>\n<div class=\"column column-number-1 column-span-1\"><p><img decoding=\"async\" title=\"Allar Pol\" src=\"http:\/\/www.desmecht.com\/shop\/wp-content\/uploads\/2017\/05\/Allar.jpg\" alt=\"Allar Pol:\u00a8Protecteur des yeux. A utiliser contre les radicaux libres\" \/><\/p>\n<\/div><br \/>\n<div class=\"column column-number-2 column-span-1\"><\/div><br \/>\n<div class=\"column column-number-3 column-span-1\"><\/div><br \/>\n<div class=\"column column-number-4 last column-span-1\"><\/div><br \/>\n<\/div>\n<p style=\"text-align: left; font-size: 20px; font-weight: bold; font-family: ARIAL black;\"><span style=\"color: #ffffff;\"><span style=\"background-color: #99cc00;\"> For the PLEASURE of a tasty herbal tea : <\/span><\/span><\/p>\n<p><div class=\"column-group columns-4\"><br \/>\n<div class=\"column column-number-1 column-span-1\"><p><img decoding=\"async\" title=\"After dinner\" src=\"http:\/\/www.desmecht.com\/shop\/wp-content\/uploads\/2017\/05\/After-dinner.jpg\" alt=\"After dinner: Tisane d\u00e9gustative. Go\u00fbt doux et l\u00e9g\u00e8rement \u00e9pic\u00e9.\" \/><\/p>\n<\/div><br \/>\n<div class=\"column column-number-2 column-span-1\"><p><img decoding=\"async\" title=\"Th\u00e9 du Soir\" src=\"http:\/\/www.desmecht.com\/shop\/wp-content\/uploads\/2017\/05\/Soir.jpg\" alt=\"Th\u00e9 du soir: Tisane calmante. Go\u00fbt fleuri.\" \/><\/p>\n<\/div><br \/>\n<div class=\"column column-number-3 column-span-1\"><p><img decoding=\"async\" title=\"Anti-Oxydant\" src=\"http:\/\/www.desmecht.com\/shop\/wp-content\/uploads\/2017\/05\/Antiox.jpg\" alt=\"Antioxydant: Renforce la vitalit\u00e9. Combat la formation des radicaux libres.\" \/><\/p>\n<\/div><br \/>\n<div class=\"column column-number-4 last column-span-1\"><p><img decoding=\"async\" title=\"Les Citron\u00e9es\" src=\"http:\/\/www.desmecht.com\/shop\/wp-content\/uploads\/2017\/05\/Citronees.jpg\" alt=\"Les Citron\u00e9es: Tisane d\u00e9gustative.\" \/><\/p>\n<\/div><br \/>\n<\/div><br \/>\n<div class=\"column-group columns-4\"><br \/>\n<div class=\"column column-number-1 column-span-1\"><p><img decoding=\"async\" title=\"Fruits Rouges\" src=\"http:\/\/www.desmecht.com\/shop\/wp-content\/uploads\/2017\/05\/FruitsRouges.jpg\" alt=\"Fruits Rouges: Tisane d\u00e9gustative.\" \/><\/p>\n<\/div><br \/>\n<div class=\"column column-number-2 column-span-1\"><\/div><br \/>\n<div class=\"column column-number-3 column-span-1\"><\/div><br \/>\n<div class=\"column column-number-4 last column-span-1\"><\/div><br \/>\n<\/div><\/p>\n<p style=\"text-align: left; font-size: 20px; font-weight: bold; font-family: ARIAL black;\"><span style=\"color: #ffffff;\"><span style=\"background-color: #99cc00;\"> Others: <\/span><\/span><\/p>\n<p><div class=\"column-group columns-4\"><br \/>\n<div class=\"column column-number-1 column-span-1\"><p><img decoding=\"async\" title=\"Plantes \u00e0 br\u00fbler\" src=\"http:\/\/www.desmecht.com\/shop\/wp-content\/uploads\/2017\/05\/Bruler.jpg\" alt=\"Plantes \u00e0 br\u00fbler.\" \/><\/p>\n<\/div><br \/>\n<div class=\"column column-number-2 column-span-1\"><p><img decoding=\"async\" title=\"Arr\u00eater de Fumer\" src=\"http:\/\/www.desmecht.com\/shop\/wp-content\/uploads\/2017\/05\/Fumer.jpg\" alt=\"Arr\u00eater de Fumer\" \/><\/p>\n<\/div><br \/>\n<div class=\"column column-number-3 column-span-1\"><\/div><br \/>\n<div class=\"column column-number-4 last column-span-1\"><\/div><br \/>\n<\/div><\/p>","protected":false},"excerpt":{"rendered":"<p>For Digestion : Calming &amp; Stimulating : The benefits of Detox : Slimming : For women &#8230; and for men : &#8230; in Winter Seasonal problems For the PLEASURE of a tasty herbal tea : Others:<\/p>\n","protected":false},"author":1,"featured_media":0,"parent":538,"menu_order":0,"comment_status":"closed","ping_status":"closed","template":"","meta":{"footnotes":""},"class_list":["post-633","page","type-page","status-publish","hentry"],"yoast_head":"<!-- This site is optimized with the Yoast SEO plugin v26.9 - https:\/\/yoast.com\/product\/yoast-seo-wordpress\/ -->\n<title>Herbal tea (mixtures) - DESMECHT Herbalist in Brussels - Natural solutions<\/title>\n<meta name=\"robots\" content=\"index, follow, max-snippet:-1, max-image-preview:large, max-video-preview:-1\" \/>\n<link rel=\"canonical\" href=\"https:\/\/www.desmecht.com\/nl\/produits\/phytotherapie\/tisanes\/\" \/>\n<meta property=\"og:locale\" content=\"en_US\" \/>\n<meta property=\"og:type\" content=\"article\" \/>\n<meta property=\"og:title\" content=\"Herbal tea (mixtures) - DESMECHT Herbalist in Brussels - Natural solutions\" \/>\n<meta property=\"og:description\" content=\"For Digestion : Calming &amp; Stimulating : The benefits of Detox : Slimming : For women &#8230; and for men : &#8230; in Winter Seasonal problems For the PLEASURE of a tasty herbal tea : Others:\" \/>\n<meta property=\"og:url\" content=\"https:\/\/www.desmecht.com\/nl\/produits\/phytotherapie\/tisanes\/\" \/>\n<meta property=\"og:site_name\" content=\"DESMECHT Herbalist in Brussels - Natural solutions\" \/>\n<meta property=\"article:publisher\" content=\"http:\/\/www.facebook.com\/herbodesmecht\" \/>\n<meta property=\"article:modified_time\" content=\"2021-02-24T10:34:20+00:00\" \/>\n<meta property=\"og:image\" content=\"http:\/\/www.desmecht.com\/shop\/wp-content\/uploads\/2017\/05\/Ballonement.jpg\" \/>\n<meta name=\"twitter:card\" content=\"summary_large_image\" \/>\n<meta name=\"twitter:label1\" content=\"Est. reading time\" \/>\n\t<meta name=\"twitter:data1\" content=\"3 minutes\" \/>\n<script type=\"application\/ld+json\" class=\"yoast-schema-graph\">{\"@context\":\"https:\/\/schema.org\",\"@graph\":[{\"@type\":\"WebPage\",\"@id\":\"https:\/\/www.desmecht.com\/nl\/produits\/phytotherapie\/tisanes\/\",\"url\":\"https:\/\/www.desmecht.com\/nl\/produits\/phytotherapie\/tisanes\/\",\"name\":\"Herbal tea (mixtures) - DESMECHT Herbalist in Brussels - Natural solutions\",\"isPartOf\":{\"@id\":\"https:\/\/www.desmecht.com\/#website\"},\"primaryImageOfPage\":{\"@id\":\"https:\/\/www.desmecht.com\/nl\/produits\/phytotherapie\/tisanes\/#primaryimage\"},\"image\":{\"@id\":\"https:\/\/www.desmecht.com\/nl\/produits\/phytotherapie\/tisanes\/#primaryimage\"},\"thumbnailUrl\":\"http:\/\/www.desmecht.com\/shop\/wp-content\/uploads\/2017\/05\/Ballonement.jpg\",\"datePublished\":\"2017-05-17T15:45:00+00:00\",\"dateModified\":\"2021-02-24T10:34:20+00:00\",\"breadcrumb\":{\"@id\":\"https:\/\/www.desmecht.com\/nl\/produits\/phytotherapie\/tisanes\/#breadcrumb\"},\"inLanguage\":\"en-US\",\"potentialAction\":[{\"@type\":\"ReadAction\",\"target\":[\"https:\/\/www.desmecht.com\/nl\/produits\/phytotherapie\/tisanes\/\"]}]},{\"@type\":\"ImageObject\",\"inLanguage\":\"en-US\",\"@id\":\"https:\/\/www.desmecht.com\/nl\/produits\/phytotherapie\/tisanes\/#primaryimage\",\"url\":\"http:\/\/www.desmecht.com\/shop\/wp-content\/uploads\/2017\/05\/Ballonement.jpg\",\"contentUrl\":\"http:\/\/www.desmecht.com\/shop\/wp-content\/uploads\/2017\/05\/Ballonement.jpg\"},{\"@type\":\"BreadcrumbList\",\"@id\":\"https:\/\/www.desmecht.com\/nl\/produits\/phytotherapie\/tisanes\/#breadcrumb\",\"itemListElement\":[{\"@type\":\"ListItem\",\"position\":1,\"name\":\"Home\",\"item\":\"https:\/\/www.desmecht.com\/\"},{\"@type\":\"ListItem\",\"position\":2,\"name\":\"Producten\",\"item\":\"https:\/\/www.desmecht.com\/nl\/produits\/\"},{\"@type\":\"ListItem\",\"position\":3,\"name\":\"Fytotherapie\",\"item\":\"https:\/\/www.desmecht.com\/nl\/produits\/phytotherapie\/\"},{\"@type\":\"ListItem\",\"position\":4,\"name\":\"Kruidentheemengsels\"}]},{\"@type\":\"WebSite\",\"@id\":\"https:\/\/www.desmecht.com\/#website\",\"url\":\"https:\/\/www.desmecht.com\/\",\"name\":\"DESMECHT Herbalist in Brussels - Natural solutions\",\"description\":\"Natural Solutions\",\"publisher\":{\"@id\":\"https:\/\/www.desmecht.com\/#organization\"},\"potentialAction\":[{\"@type\":\"SearchAction\",\"target\":{\"@type\":\"EntryPoint\",\"urlTemplate\":\"https:\/\/www.desmecht.com\/?s={search_term_string}\"},\"query-input\":{\"@type\":\"PropertyValueSpecification\",\"valueRequired\":true,\"valueName\":\"search_term_string\"}}],\"inLanguage\":\"en-US\"},{\"@type\":\"Organization\",\"@id\":\"https:\/\/www.desmecht.com\/#organization\",\"name\":\"DESMECHT\",\"url\":\"https:\/\/www.desmecht.com\/\",\"logo\":{\"@type\":\"ImageObject\",\"inLanguage\":\"en-US\",\"@id\":\"https:\/\/www.desmecht.com\/#\/schema\/logo\/image\/\",\"url\":\"https:\/\/www.desmecht.com\/wp-content\/uploads\/2018\/11\/Logo-DESMECHT.png\",\"contentUrl\":\"https:\/\/www.desmecht.com\/wp-content\/uploads\/2018\/11\/Logo-DESMECHT.png\",\"width\":400,\"height\":254,\"caption\":\"DESMECHT\"},\"image\":{\"@id\":\"https:\/\/www.desmecht.com\/#\/schema\/logo\/image\/\"},\"sameAs\":[\"http:\/\/www.facebook.com\/herbodesmecht\"]}]}<\/script>\n<!-- \/ Yoast SEO plugin. -->","yoast_head_json":{"title":"Herbal tea (mixtures) - DESMECHT Herbalist in Brussels - Natural solutions","robots":{"index":"index","follow":"follow","max-snippet":"max-snippet:-1","max-image-preview":"max-image-preview:large","max-video-preview":"max-video-preview:-1"},"canonical":"https:\/\/www.desmecht.com\/nl\/produits\/phytotherapie\/tisanes\/","og_locale":"en_US","og_type":"article","og_title":"Herbal tea (mixtures) - DESMECHT Herbalist in Brussels - Natural solutions","og_description":"For Digestion : Calming &amp; Stimulating : The benefits of Detox : Slimming : For women &#8230; and for men : &#8230; in Winter Seasonal problems For the PLEASURE of a tasty herbal tea : Others:","og_url":"https:\/\/www.desmecht.com\/nl\/produits\/phytotherapie\/tisanes\/","og_site_name":"DESMECHT Herbalist in Brussels - Natural solutions","article_publisher":"http:\/\/www.facebook.com\/herbodesmecht","article_modified_time":"2021-02-24T10:34:20+00:00","og_image":[{"url":"http:\/\/www.desmecht.com\/shop\/wp-content\/uploads\/2017\/05\/Ballonement.jpg","type":"","width":"","height":""}],"twitter_card":"summary_large_image","twitter_misc":{"Est. reading time":"3 minutes"},"schema":{"@context":"https:\/\/schema.org","@graph":[{"@type":"WebPage","@id":"https:\/\/www.desmecht.com\/nl\/produits\/phytotherapie\/tisanes\/","url":"https:\/\/www.desmecht.com\/nl\/produits\/phytotherapie\/tisanes\/","name":"Herbal tea (mixtures) - DESMECHT Herbalist in Brussels - Natural solutions","isPartOf":{"@id":"https:\/\/www.desmecht.com\/#website"},"primaryImageOfPage":{"@id":"https:\/\/www.desmecht.com\/nl\/produits\/phytotherapie\/tisanes\/#primaryimage"},"image":{"@id":"https:\/\/www.desmecht.com\/nl\/produits\/phytotherapie\/tisanes\/#primaryimage"},"thumbnailUrl":"http:\/\/www.desmecht.com\/shop\/wp-content\/uploads\/2017\/05\/Ballonement.jpg","datePublished":"2017-05-17T15:45:00+00:00","dateModified":"2021-02-24T10:34:20+00:00","breadcrumb":{"@id":"https:\/\/www.desmecht.com\/nl\/produits\/phytotherapie\/tisanes\/#breadcrumb"},"inLanguage":"en-US","potentialAction":[{"@type":"ReadAction","target":["https:\/\/www.desmecht.com\/nl\/produits\/phytotherapie\/tisanes\/"]}]},{"@type":"ImageObject","inLanguage":"en-US","@id":"https:\/\/www.desmecht.com\/nl\/produits\/phytotherapie\/tisanes\/#primaryimage","url":"http:\/\/www.desmecht.com\/shop\/wp-content\/uploads\/2017\/05\/Ballonement.jpg","contentUrl":"http:\/\/www.desmecht.com\/shop\/wp-content\/uploads\/2017\/05\/Ballonement.jpg"},{"@type":"BreadcrumbList","@id":"https:\/\/www.desmecht.com\/nl\/produits\/phytotherapie\/tisanes\/#breadcrumb","itemListElement":[{"@type":"ListItem","position":1,"name":"Home","item":"https:\/\/www.desmecht.com\/"},{"@type":"ListItem","position":2,"name":"Producten","item":"https:\/\/www.desmecht.com\/nl\/produits\/"},{"@type":"ListItem","position":3,"name":"Fytotherapie","item":"https:\/\/www.desmecht.com\/nl\/produits\/phytotherapie\/"},{"@type":"ListItem","position":4,"name":"Kruidentheemengsels"}]},{"@type":"WebSite","@id":"https:\/\/www.desmecht.com\/#website","url":"https:\/\/www.desmecht.com\/","name":"DESMECHT Herbalist in Brussels - Natural solutions","description":"Natural Solutions","publisher":{"@id":"https:\/\/www.desmecht.com\/#organization"},"potentialAction":[{"@type":"SearchAction","target":{"@type":"EntryPoint","urlTemplate":"https:\/\/www.desmecht.com\/?s={search_term_string}"},"query-input":{"@type":"PropertyValueSpecification","valueRequired":true,"valueName":"search_term_string"}}],"inLanguage":"en-US"},{"@type":"Organization","@id":"https:\/\/www.desmecht.com\/#organization","name":"DESMECHT","url":"https:\/\/www.desmecht.com\/","logo":{"@type":"ImageObject","inLanguage":"en-US","@id":"https:\/\/www.desmecht.com\/#\/schema\/logo\/image\/","url":"https:\/\/www.desmecht.com\/wp-content\/uploads\/2018\/11\/Logo-DESMECHT.png","contentUrl":"https:\/\/www.desmecht.com\/wp-content\/uploads\/2018\/11\/Logo-DESMECHT.png","width":400,"height":254,"caption":"DESMECHT"},"image":{"@id":"https:\/\/www.desmecht.com\/#\/schema\/logo\/image\/"},"sameAs":["http:\/\/www.facebook.com\/herbodesmecht"]}]}},"_links":{"self":[{"href":"https:\/\/www.desmecht.com\/en\/wp-json\/wp\/v2\/pages\/633","targetHints":{"allow":["GET"]}}],"collection":[{"href":"https:\/\/www.desmecht.com\/en\/wp-json\/wp\/v2\/pages"}],"about":[{"href":"https:\/\/www.desmecht.com\/en\/wp-json\/wp\/v2\/types\/page"}],"author":[{"embeddable":true,"href":"https:\/\/www.desmecht.com\/en\/wp-json\/wp\/v2\/users\/1"}],"replies":[{"embeddable":true,"href":"https:\/\/www.desmecht.com\/en\/wp-json\/wp\/v2\/comments?post=633"}],"version-history":[{"count":0,"href":"https:\/\/www.desmecht.com\/en\/wp-json\/wp\/v2\/pages\/633\/revisions"}],"up":[{"embeddable":true,"href":"https:\/\/www.desmecht.com\/en\/wp-json\/wp\/v2\/pages\/538"}],"wp:attachment":[{"href":"https:\/\/www.desmecht.com\/en\/wp-json\/wp\/v2\/media?parent=633"}],"curies":[{"name":"wp","href":"https:\/\/api.w.org\/{rel}","templated":true}]}}