{"id":785,"date":"2017-06-28T11:00:43","date_gmt":"2017-06-28T09:00:43","guid":{"rendered":"http:\/\/www.desmecht.com\/?page_id=785"},"modified":"2018-10-04T16:06:12","modified_gmt":"2018-10-04T14:06:12","slug":"gemmo","status":"publish","type":"page","link":"https:\/\/www.desmecht.com\/en\/produits\/gemmo\/","title":{"rendered":"Gemmotherapy"},"content":{"rendered":"<p>&#8211; This article is for the moment not available in english&#8211;<\/p>\n<p><strong>La gemmoth\u00e9rapie<\/strong><br \/>\n<img loading=\"lazy\" decoding=\"async\" class=\"size-full wp-image-788 alignleft\" src=\"http:\/\/www.desmecht.com\/wp-content\/uploads\/2017\/06\/bourgeons.jpg\" alt=\"\" width=\"259\" height=\"194\" \/>Aussi appel\u00e9e phytembryoth\u00e9rapie, la gemmoth\u00e9rapie est la th\u00e9rapie par <strong>les extraits de bourgeons de plantes<\/strong>.<br \/>\nC\u2019est le m\u00e9decin belge Pol Henry (1918-1988) qui cr\u00e9a cette m\u00e9thode en 1959 et il en pub<\/p>\n<p>lia les principes et les r\u00e9sultats cliniques en 1970 dans son livre \u00ab\u00a0Phytembryoth\u00e9rapie\u00a0, th\u00e9rapeutique par les extraits embryonnaires v\u00e9g\u00e9taux\u00a0\u00bb.<\/p>\n<p><strong>Les bourgeons sont \u00e0 la plante ce que les cellules souches sont au corps humain. Ils contiennent en eux l\u2019information de toutes les parties de la plante (racines, tiges, feuilles, fleurs, fruits\u2026) ainsi que leur potentiel th\u00e9rapeutique.<\/strong><\/p>\n<p>Les bourgeons contiennent aussi des oligo\u00e9l\u00e9ments, min\u00e9raux, vitamines, enzymes\u2026<\/p>\n<p>Les parties utilis\u00e9es sont principalement les bourgeons, mais pour certaines plantes, il peut s\u2019agir de jeunes pousses ou de radicelles.\u00a0L\u2019origine du nom gemmoth\u00e9rapie est issue du mot \u00ab gemmae \u00bb, \u00ab bourgeon \u00bb en latin.<\/p>\n<p><img loading=\"lazy\" decoding=\"async\" class=\"size-medium wp-image-787 alignright\" src=\"http:\/\/www.desmecht.com\/wp-content\/uploads\/2017\/06\/bourgeons2-300x205.jpg\" alt=\"\" width=\"300\" height=\"205\" srcset=\"https:\/\/www.desmecht.com\/wp-content\/uploads\/2017\/06\/bourgeons2-300x205.jpg 300w, https:\/\/www.desmecht.com\/wp-content\/uploads\/2017\/06\/bourgeons2.jpg 333w\" sizes=\"auto, (max-width: 300px) 100vw, 300px\" \/><u>Mode de pr\u00e9paration doux et respectueux<\/u>\u00a0: les bourgeons frais ou jeunes pousses fra\u00eeches des arbres ou arbustes sont mis \u00e0 mac\u00e9rer dans un solvant constitu\u00e9 d\u2019eau, d\u2019alcool et de glyc\u00e9rine afin d\u2019en extraire un maximum de principes actifs, leur \u00ab\u00a0quintessence\u00a0\u00bb.\u00a0Cette m\u00e9thode donne le nom de <strong>\u00ab\u00a0mac\u00e9rat glyc\u00e9rin\u00e9\u00a0\u00bb<\/strong> au produit fini.<\/p>\n<p>Les bourgeons ne sont ni chauff\u00e9s, ni congel\u00e9s, ni broy\u00e9s.<\/p>\n<p>Diff\u00e9rence entre le mac\u00e9rat glyc\u00e9rin\u00e9 concentr\u00e9 (disponible dans votre Herboristerie DESMECHT) et le mac\u00e9rat glyc\u00e9rin\u00e9 D1 (disponible en pharmacie):<\/p>\n<table>\n<tbody>\n<tr>\n<td width=\"20%\"><\/td>\n<td width=\"40%\"><strong>Mac\u00e9rat glyc\u00e9rin\u00e9 concentr\u00e9<\/strong><\/td>\n<td width=\"40%\"><strong>Mac\u00e9rat glyc\u00e9rin\u00e9 D1<\/strong><\/td>\n<\/tr>\n<tr>\n<td width=\"20%\">Solvant<\/td>\n<td width=\"40%\">Eau + alcool + glyc\u00e9rine<\/td>\n<td width=\"40%\">Alcool + glyc\u00e9rine et dilution \u00e0 l\u2019eau (1\/10) apr\u00e8s mac\u00e9ration<\/td>\n<\/tr>\n<tr>\n<td width=\"20%\">Titre alcoolique<\/td>\n<td width=\"40%\">Inf\u00e9rieur \u00e0 30\u00b0<\/td>\n<td width=\"40%\">\u00c9gal ou sup\u00e9rieur \u00e0 35\u00b0<\/td>\n<\/tr>\n<tr>\n<td width=\"20%\">Dosage habituel<\/td>\n<td width=\"40%\">5 \u00e0 15 gouttes\/jour<\/td>\n<td width=\"40%\">50 \u00e0 150 gouttes\/jour<\/td>\n<\/tr>\n<\/tbody>\n<\/table>\n<p><u>Utilisation<br \/>\n<\/u>Les mac\u00e9rats glyc\u00e9rin\u00e9s s\u2019utilisent comme un compl\u00e9ment alimentaire ou selon les conseils d\u2019un th\u00e9rapeute.<u><br \/>\n<\/u><\/p>","protected":false},"excerpt":{"rendered":"<p>&#8211; This article is for the moment not available in english&#8211; La gemmoth\u00e9rapie Aussi appel\u00e9e phytembryoth\u00e9rapie, la gemmoth\u00e9rapie est la th\u00e9rapie par les extraits de bourgeons de plantes. C\u2019est le m\u00e9decin belge Pol Henry (1918-1988) qui cr\u00e9a cette m\u00e9thode en 1959 et il en pub lia les principes et les r\u00e9sultats cliniques en 1970 dans [&hellip;]<\/p>\n","protected":false},"author":1,"featured_media":0,"parent":488,"menu_order":0,"comment_status":"closed","ping_status":"closed","template":"","meta":{"footnotes":""},"class_list":["post-785","page","type-page","status-publish","hentry"],"yoast_head":"<!-- This site is optimized with the Yoast SEO plugin v26.9 - https:\/\/yoast.com\/product\/yoast-seo-wordpress\/ -->\n<title>Gemmotherapy - DESMECHT Herbalist in Brussels - Natural solutions<\/title>\n<meta name=\"robots\" content=\"index, follow, max-snippet:-1, max-image-preview:large, max-video-preview:-1\" \/>\n<link rel=\"canonical\" href=\"https:\/\/www.desmecht.com\/nl\/produits\/gemmo\/\" \/>\n<meta property=\"og:locale\" content=\"en_US\" \/>\n<meta property=\"og:type\" content=\"article\" \/>\n<meta property=\"og:title\" content=\"Gemmotherapy - DESMECHT Herbalist in Brussels - Natural solutions\" \/>\n<meta property=\"og:description\" content=\"&#8211; This article is for the moment not available in english&#8211; La gemmoth\u00e9rapie Aussi appel\u00e9e phytembryoth\u00e9rapie, la gemmoth\u00e9rapie est la th\u00e9rapie par les extraits de bourgeons de plantes. C\u2019est le m\u00e9decin belge Pol Henry (1918-1988) qui cr\u00e9a cette m\u00e9thode en 1959 et il en pub lia les principes et les r\u00e9sultats cliniques en 1970 dans [&hellip;]\" \/>\n<meta property=\"og:url\" content=\"https:\/\/www.desmecht.com\/nl\/produits\/gemmo\/\" \/>\n<meta property=\"og:site_name\" content=\"DESMECHT Herbalist in Brussels - Natural solutions\" \/>\n<meta property=\"article:publisher\" content=\"http:\/\/www.facebook.com\/herbodesmecht\" \/>\n<meta property=\"article:modified_time\" content=\"2018-10-04T14:06:12+00:00\" \/>\n<meta property=\"og:image\" content=\"http:\/\/www.desmecht.com\/wp-content\/uploads\/2017\/06\/bourgeons.jpg\" \/>\n<meta name=\"twitter:card\" content=\"summary_large_image\" \/>\n<meta name=\"twitter:label1\" content=\"Est. reading time\" \/>\n\t<meta name=\"twitter:data1\" content=\"4 minutes\" \/>\n<script type=\"application\/ld+json\" class=\"yoast-schema-graph\">{\"@context\":\"https:\/\/schema.org\",\"@graph\":[{\"@type\":\"WebPage\",\"@id\":\"https:\/\/www.desmecht.com\/nl\/produits\/gemmo\/\",\"url\":\"https:\/\/www.desmecht.com\/nl\/produits\/gemmo\/\",\"name\":\"Gemmotherapy - DESMECHT Herbalist in Brussels - Natural solutions\",\"isPartOf\":{\"@id\":\"https:\/\/www.desmecht.com\/#website\"},\"primaryImageOfPage\":{\"@id\":\"https:\/\/www.desmecht.com\/nl\/produits\/gemmo\/#primaryimage\"},\"image\":{\"@id\":\"https:\/\/www.desmecht.com\/nl\/produits\/gemmo\/#primaryimage\"},\"thumbnailUrl\":\"http:\/\/www.desmecht.com\/wp-content\/uploads\/2017\/06\/bourgeons.jpg\",\"datePublished\":\"2017-06-28T09:00:43+00:00\",\"dateModified\":\"2018-10-04T14:06:12+00:00\",\"breadcrumb\":{\"@id\":\"https:\/\/www.desmecht.com\/nl\/produits\/gemmo\/#breadcrumb\"},\"inLanguage\":\"en-US\",\"potentialAction\":[{\"@type\":\"ReadAction\",\"target\":[\"https:\/\/www.desmecht.com\/nl\/produits\/gemmo\/\"]}]},{\"@type\":\"ImageObject\",\"inLanguage\":\"en-US\",\"@id\":\"https:\/\/www.desmecht.com\/nl\/produits\/gemmo\/#primaryimage\",\"url\":\"http:\/\/www.desmecht.com\/wp-content\/uploads\/2017\/06\/bourgeons.jpg\",\"contentUrl\":\"http:\/\/www.desmecht.com\/wp-content\/uploads\/2017\/06\/bourgeons.jpg\"},{\"@type\":\"BreadcrumbList\",\"@id\":\"https:\/\/www.desmecht.com\/nl\/produits\/gemmo\/#breadcrumb\",\"itemListElement\":[{\"@type\":\"ListItem\",\"position\":1,\"name\":\"Home\",\"item\":\"https:\/\/www.desmecht.com\/\"},{\"@type\":\"ListItem\",\"position\":2,\"name\":\"Producten\",\"item\":\"https:\/\/www.desmecht.com\/nl\/produits\/\"},{\"@type\":\"ListItem\",\"position\":3,\"name\":\"Gemmotherapie\"}]},{\"@type\":\"WebSite\",\"@id\":\"https:\/\/www.desmecht.com\/#website\",\"url\":\"https:\/\/www.desmecht.com\/\",\"name\":\"DESMECHT Herbalist in Brussels - Natural solutions\",\"description\":\"Natural Solutions\",\"publisher\":{\"@id\":\"https:\/\/www.desmecht.com\/#organization\"},\"potentialAction\":[{\"@type\":\"SearchAction\",\"target\":{\"@type\":\"EntryPoint\",\"urlTemplate\":\"https:\/\/www.desmecht.com\/?s={search_term_string}\"},\"query-input\":{\"@type\":\"PropertyValueSpecification\",\"valueRequired\":true,\"valueName\":\"search_term_string\"}}],\"inLanguage\":\"en-US\"},{\"@type\":\"Organization\",\"@id\":\"https:\/\/www.desmecht.com\/#organization\",\"name\":\"DESMECHT\",\"url\":\"https:\/\/www.desmecht.com\/\",\"logo\":{\"@type\":\"ImageObject\",\"inLanguage\":\"en-US\",\"@id\":\"https:\/\/www.desmecht.com\/#\/schema\/logo\/image\/\",\"url\":\"https:\/\/www.desmecht.com\/wp-content\/uploads\/2018\/11\/Logo-DESMECHT.png\",\"contentUrl\":\"https:\/\/www.desmecht.com\/wp-content\/uploads\/2018\/11\/Logo-DESMECHT.png\",\"width\":400,\"height\":254,\"caption\":\"DESMECHT\"},\"image\":{\"@id\":\"https:\/\/www.desmecht.com\/#\/schema\/logo\/image\/\"},\"sameAs\":[\"http:\/\/www.facebook.com\/herbodesmecht\"]}]}<\/script>\n<!-- \/ Yoast SEO plugin. -->","yoast_head_json":{"title":"Gemmotherapy - DESMECHT Herbalist in Brussels - Natural solutions","robots":{"index":"index","follow":"follow","max-snippet":"max-snippet:-1","max-image-preview":"max-image-preview:large","max-video-preview":"max-video-preview:-1"},"canonical":"https:\/\/www.desmecht.com\/nl\/produits\/gemmo\/","og_locale":"en_US","og_type":"article","og_title":"Gemmotherapy - DESMECHT Herbalist in Brussels - Natural solutions","og_description":"&#8211; This article is for the moment not available in english&#8211; La gemmoth\u00e9rapie Aussi appel\u00e9e phytembryoth\u00e9rapie, la gemmoth\u00e9rapie est la th\u00e9rapie par les extraits de bourgeons de plantes. C\u2019est le m\u00e9decin belge Pol Henry (1918-1988) qui cr\u00e9a cette m\u00e9thode en 1959 et il en pub lia les principes et les r\u00e9sultats cliniques en 1970 dans [&hellip;]","og_url":"https:\/\/www.desmecht.com\/nl\/produits\/gemmo\/","og_site_name":"DESMECHT Herbalist in Brussels - Natural solutions","article_publisher":"http:\/\/www.facebook.com\/herbodesmecht","article_modified_time":"2018-10-04T14:06:12+00:00","og_image":[{"url":"http:\/\/www.desmecht.com\/wp-content\/uploads\/2017\/06\/bourgeons.jpg","type":"","width":"","height":""}],"twitter_card":"summary_large_image","twitter_misc":{"Est. reading time":"4 minutes"},"schema":{"@context":"https:\/\/schema.org","@graph":[{"@type":"WebPage","@id":"https:\/\/www.desmecht.com\/nl\/produits\/gemmo\/","url":"https:\/\/www.desmecht.com\/nl\/produits\/gemmo\/","name":"Gemmotherapy - DESMECHT Herbalist in Brussels - Natural solutions","isPartOf":{"@id":"https:\/\/www.desmecht.com\/#website"},"primaryImageOfPage":{"@id":"https:\/\/www.desmecht.com\/nl\/produits\/gemmo\/#primaryimage"},"image":{"@id":"https:\/\/www.desmecht.com\/nl\/produits\/gemmo\/#primaryimage"},"thumbnailUrl":"http:\/\/www.desmecht.com\/wp-content\/uploads\/2017\/06\/bourgeons.jpg","datePublished":"2017-06-28T09:00:43+00:00","dateModified":"2018-10-04T14:06:12+00:00","breadcrumb":{"@id":"https:\/\/www.desmecht.com\/nl\/produits\/gemmo\/#breadcrumb"},"inLanguage":"en-US","potentialAction":[{"@type":"ReadAction","target":["https:\/\/www.desmecht.com\/nl\/produits\/gemmo\/"]}]},{"@type":"ImageObject","inLanguage":"en-US","@id":"https:\/\/www.desmecht.com\/nl\/produits\/gemmo\/#primaryimage","url":"http:\/\/www.desmecht.com\/wp-content\/uploads\/2017\/06\/bourgeons.jpg","contentUrl":"http:\/\/www.desmecht.com\/wp-content\/uploads\/2017\/06\/bourgeons.jpg"},{"@type":"BreadcrumbList","@id":"https:\/\/www.desmecht.com\/nl\/produits\/gemmo\/#breadcrumb","itemListElement":[{"@type":"ListItem","position":1,"name":"Home","item":"https:\/\/www.desmecht.com\/"},{"@type":"ListItem","position":2,"name":"Producten","item":"https:\/\/www.desmecht.com\/nl\/produits\/"},{"@type":"ListItem","position":3,"name":"Gemmotherapie"}]},{"@type":"WebSite","@id":"https:\/\/www.desmecht.com\/#website","url":"https:\/\/www.desmecht.com\/","name":"DESMECHT Herbalist in Brussels - Natural solutions","description":"Natural Solutions","publisher":{"@id":"https:\/\/www.desmecht.com\/#organization"},"potentialAction":[{"@type":"SearchAction","target":{"@type":"EntryPoint","urlTemplate":"https:\/\/www.desmecht.com\/?s={search_term_string}"},"query-input":{"@type":"PropertyValueSpecification","valueRequired":true,"valueName":"search_term_string"}}],"inLanguage":"en-US"},{"@type":"Organization","@id":"https:\/\/www.desmecht.com\/#organization","name":"DESMECHT","url":"https:\/\/www.desmecht.com\/","logo":{"@type":"ImageObject","inLanguage":"en-US","@id":"https:\/\/www.desmecht.com\/#\/schema\/logo\/image\/","url":"https:\/\/www.desmecht.com\/wp-content\/uploads\/2018\/11\/Logo-DESMECHT.png","contentUrl":"https:\/\/www.desmecht.com\/wp-content\/uploads\/2018\/11\/Logo-DESMECHT.png","width":400,"height":254,"caption":"DESMECHT"},"image":{"@id":"https:\/\/www.desmecht.com\/#\/schema\/logo\/image\/"},"sameAs":["http:\/\/www.facebook.com\/herbodesmecht"]}]}},"_links":{"self":[{"href":"https:\/\/www.desmecht.com\/en\/wp-json\/wp\/v2\/pages\/785","targetHints":{"allow":["GET"]}}],"collection":[{"href":"https:\/\/www.desmecht.com\/en\/wp-json\/wp\/v2\/pages"}],"about":[{"href":"https:\/\/www.desmecht.com\/en\/wp-json\/wp\/v2\/types\/page"}],"author":[{"embeddable":true,"href":"https:\/\/www.desmecht.com\/en\/wp-json\/wp\/v2\/users\/1"}],"replies":[{"embeddable":true,"href":"https:\/\/www.desmecht.com\/en\/wp-json\/wp\/v2\/comments?post=785"}],"version-history":[{"count":0,"href":"https:\/\/www.desmecht.com\/en\/wp-json\/wp\/v2\/pages\/785\/revisions"}],"up":[{"embeddable":true,"href":"https:\/\/www.desmecht.com\/en\/wp-json\/wp\/v2\/pages\/488"}],"wp:attachment":[{"href":"https:\/\/www.desmecht.com\/en\/wp-json\/wp\/v2\/media?parent=785"}],"curies":[{"name":"wp","href":"https:\/\/api.w.org\/{rel}","templated":true}]}}