{"id":16688,"date":"2025-05-16T16:12:18","date_gmt":"2025-05-16T14:12:18","guid":{"rendered":"https:\/\/www.desmecht.com\/shop\/niet-gecategoriseerd\/haritaki-60caps-bio\/"},"modified":"2025-05-16T18:12:18","modified_gmt":"2025-05-16T16:12:18","slug":"haritaki-60caps-bio","status":"publish","type":"product","link":"https:\/\/www.desmecht.com\/en\/shop\/ojas-2\/supplements-alimentaires-a-base-de-plantes-ojas-2\/haritaki-60caps-bio\/","title":{"rendered":"Haritaki 60caps Bio"},"content":{"rendered":"<p><\/p>","protected":false},"excerpt":{"rendered":"<p><i>Terminalia chebula<\/i><br \/>Bio Haritaki stimulates digestion and provides a soft stool.<br \/>\nBio Haritaki has a beneficial effect on intestinal function.<br \/>\nBio Haritaki is one of the major components of the traditional Triphala<br \/>~Ayurveda<\/p>\n","protected":false},"featured_media":16689,"template":"","meta":[],"product_brand":[],"product_cat":[221,222,215,294,104],"product_tag":[],"class_list":{"0":"post-16688","1":"product","2":"type-product","3":"status-publish","4":"has-post-thumbnail","6":"product_cat-ojas","7":"product_cat-ojas-2","8":"product_cat-supplements-alimentaires-a-base-de-plantes","9":"product_cat-supplements-alimentaires-a-base-de-plantes-ojas-2","10":"product_cat-herboristerie","11":"tm-no-options","13":"first","14":"instock","15":"taxable","16":"shipping-taxable","17":"purchasable","18":"product-type-simple"},"yoast_head":"<!-- This site is optimized with the Yoast SEO plugin v26.9 - https:\/\/yoast.com\/product\/yoast-seo-wordpress\/ -->\n<title>Buy online: Haritaki 60caps Bio - Terminalia chebulaBio Haritaki stimulates digestion and provides a soft stool. Bio Haritaki has a beneficial effect on intestinal function. Bio Haritaki is one of the major components of the traditional Triphala~Ayurveda<\/title>\n<meta name=\"description\" content=\"Buy online: Haritaki 60caps Bio - Terminalia chebulaBio Haritaki stimulates digestion and provides a soft stool. Bio Haritaki has a beneficial effect on intestinal function. Bio Haritaki is one of the major components of the traditional Triphala~Ayurveda\" \/>\n<meta name=\"robots\" content=\"index, follow, max-snippet:-1, max-image-preview:large, max-video-preview:-1\" \/>\n<link rel=\"canonical\" href=\"https:\/\/www.desmecht.com\/shop\/ojas-2\/supplements-alimentaires-a-base-de-plantes-ojas-2\/haritaki-60caps-bio\/\" \/>\n<meta property=\"og:locale\" content=\"en_US\" \/>\n<meta property=\"og:type\" content=\"article\" \/>\n<meta property=\"og:title\" content=\"[:fr]Acheter en ligne: Haritaki 60caps Bio - Terminalia chebulaHaritaki aide \u00e0 la digestion, a une l\u00e9g\u00e8re action laxative et promeut des selles souples. Haritaki a une influence positive sur la fonction intestinale. Haritaki est une des composantes essentielles du rem\u00e8de traditionnel connu sous le nom de Triphala.~Ayurveda[:nl]Online kopen: Haritaki 60caps Bio - Terminalia chebulaBio Haritaki bevordert de spijsvertering en zorgt voor een zachte stoelgang. Bio Haritaki heeft een gunstige invloed op de darmwerking. Bio Haritaki is een van de belangrijkste bestanddelen van de traditionele Triphala.~Ayurveda[:en]Buy online: Haritaki 60caps Bio - Terminalia chebulaBio Haritaki stimulates digestion and provides a soft stool. Bio Haritaki has a beneficial effect on intestinal function. Bio Haritaki is one of the major components of the traditional Triphala~Ayurveda[:]\" \/>\n<meta property=\"og:description\" content=\"[:fr]Acheter en ligne: Haritaki 60caps Bio - Terminalia chebulaHaritaki aide \u00e0 la digestion, a une l\u00e9g\u00e8re action laxative et promeut des selles souples. Haritaki a une influence positive sur la fonction intestinale. Haritaki est une des composantes essentielles du rem\u00e8de traditionnel connu sous le nom de Triphala.~Ayurveda[:nl]Online kopen: Haritaki 60caps Bio - Terminalia chebulaBio Haritaki bevordert de spijsvertering en zorgt voor een zachte stoelgang. Bio Haritaki heeft een gunstige invloed op de darmwerking. Bio Haritaki is een van de belangrijkste bestanddelen van de traditionele Triphala.~Ayurveda[:en]Buy online: Haritaki 60caps Bio - Terminalia chebulaBio Haritaki stimulates digestion and provides a soft stool. Bio Haritaki has a beneficial effect on intestinal function. Bio Haritaki is one of the major components of the traditional Triphala~Ayurveda[:]\" \/>\n<meta property=\"og:url\" content=\"https:\/\/www.desmecht.com\/shop\/ojas-2\/supplements-alimentaires-a-base-de-plantes-ojas-2\/haritaki-60caps-bio\/\" \/>\n<meta property=\"og:site_name\" content=\"DESMECHT Herbalist in Brussels - Natural solutions\" \/>\n<meta property=\"article:publisher\" content=\"http:\/\/www.facebook.com\/herbodesmecht\" \/>\n<meta property=\"article:modified_time\" content=\"2025-05-16T16:12:18+00:00\" \/>\n<meta property=\"og:image\" content=\"https:\/\/www.desmecht.com\/wp-content\/uploads\/2018\/12\/Haritaki_Ojas_60caps.jpg\" \/>\n\t<meta property=\"og:image:width\" content=\"393\" \/>\n\t<meta property=\"og:image:height\" content=\"398\" \/>\n\t<meta property=\"og:image:type\" content=\"image\/jpeg\" \/>\n<meta name=\"twitter:card\" content=\"summary_large_image\" \/>\n<script type=\"application\/ld+json\" class=\"yoast-schema-graph\">{\"@context\":\"https:\/\/schema.org\",\"@graph\":[{\"@type\":\"WebPage\",\"@id\":\"https:\/\/www.desmecht.com\/shop\/ojas-2\/supplements-alimentaires-a-base-de-plantes-ojas-2\/haritaki-60caps-bio\/\",\"url\":\"https:\/\/www.desmecht.com\/shop\/ojas-2\/supplements-alimentaires-a-base-de-plantes-ojas-2\/haritaki-60caps-bio\/\",\"name\":\"[:fr]Acheter en ligne: Haritaki 60caps Bio - Terminalia chebulaHaritaki aide \u00e0 la digestion, a une l\u00e9g\u00e8re action laxative et promeut des selles souples. Haritaki a une influence positive sur la fonction intestinale. Haritaki est une des composantes essentielles du rem\u00e8de traditionnel connu sous le nom de Triphala.~Ayurveda[:nl]Online kopen: Haritaki 60caps Bio - Terminalia chebulaBio Haritaki bevordert de spijsvertering en zorgt voor een zachte stoelgang. Bio Haritaki heeft een gunstige invloed op de darmwerking. Bio Haritaki is een van de belangrijkste bestanddelen van de traditionele Triphala.~Ayurveda[:en]Buy online: Haritaki 60caps Bio - Terminalia chebulaBio Haritaki stimulates digestion and provides a soft stool. Bio Haritaki has a beneficial effect on intestinal function. Bio Haritaki is one of the major components of the traditional Triphala~Ayurveda[:]\",\"isPartOf\":{\"@id\":\"https:\/\/www.desmecht.com\/#website\"},\"primaryImageOfPage\":{\"@id\":\"https:\/\/www.desmecht.com\/shop\/ojas-2\/supplements-alimentaires-a-base-de-plantes-ojas-2\/haritaki-60caps-bio\/#primaryimage\"},\"image\":{\"@id\":\"https:\/\/www.desmecht.com\/shop\/ojas-2\/supplements-alimentaires-a-base-de-plantes-ojas-2\/haritaki-60caps-bio\/#primaryimage\"},\"thumbnailUrl\":\"https:\/\/www.desmecht.com\/wp-content\/uploads\/2018\/12\/Haritaki_Ojas_60caps.jpg\",\"datePublished\":\"2025-05-16T14:12:18+00:00\",\"dateModified\":\"2025-05-16T16:12:18+00:00\",\"description\":\"[:fr]Acheter en ligne: Haritaki 60caps Bio - Terminalia chebulaHaritaki aide \u00e0 la digestion, a une l\u00e9g\u00e8re action laxative et promeut des selles souples. Haritaki a une influence positive sur la fonction intestinale. Haritaki est une des composantes essentielles du rem\u00e8de traditionnel connu sous le nom de Triphala.~Ayurveda[:nl]Online kopen: Haritaki 60caps Bio - Terminalia chebulaBio Haritaki bevordert de spijsvertering en zorgt voor een zachte stoelgang. Bio Haritaki heeft een gunstige invloed op de darmwerking. Bio Haritaki is een van de belangrijkste bestanddelen van de traditionele Triphala.~Ayurveda[:en]Buy online: Haritaki 60caps Bio - Terminalia chebulaBio Haritaki stimulates digestion and provides a soft stool. Bio Haritaki has a beneficial effect on intestinal function. Bio Haritaki is one of the major components of the traditional Triphala~Ayurveda[:]\",\"breadcrumb\":{\"@id\":\"https:\/\/www.desmecht.com\/shop\/ojas-2\/supplements-alimentaires-a-base-de-plantes-ojas-2\/haritaki-60caps-bio\/#breadcrumb\"},\"inLanguage\":\"en-US\",\"potentialAction\":[{\"@type\":\"ReadAction\",\"target\":[\"https:\/\/www.desmecht.com\/shop\/ojas-2\/supplements-alimentaires-a-base-de-plantes-ojas-2\/haritaki-60caps-bio\/\"]}]},{\"@type\":\"ImageObject\",\"inLanguage\":\"en-US\",\"@id\":\"https:\/\/www.desmecht.com\/shop\/ojas-2\/supplements-alimentaires-a-base-de-plantes-ojas-2\/haritaki-60caps-bio\/#primaryimage\",\"url\":\"https:\/\/www.desmecht.com\/wp-content\/uploads\/2018\/12\/Haritaki_Ojas_60caps.jpg\",\"contentUrl\":\"https:\/\/www.desmecht.com\/wp-content\/uploads\/2018\/12\/Haritaki_Ojas_60caps.jpg\",\"width\":393,\"height\":398},{\"@type\":\"BreadcrumbList\",\"@id\":\"https:\/\/www.desmecht.com\/shop\/ojas-2\/supplements-alimentaires-a-base-de-plantes-ojas-2\/haritaki-60caps-bio\/#breadcrumb\",\"itemListElement\":[{\"@type\":\"ListItem\",\"position\":1,\"name\":\"Home\",\"item\":\"https:\/\/www.desmecht.com\/\"},{\"@type\":\"ListItem\",\"position\":2,\"name\":\"E-shop\",\"item\":\"https:\/\/www.desmecht.com\/\"},{\"@type\":\"ListItem\",\"position\":3,\"name\":\"Haritaki 60caps Bio\"}]},{\"@type\":\"WebSite\",\"@id\":\"https:\/\/www.desmecht.com\/#website\",\"url\":\"https:\/\/www.desmecht.com\/\",\"name\":\"DESMECHT Herbalist in Brussels - Natural solutions\",\"description\":\"Natural Solutions\",\"publisher\":{\"@id\":\"https:\/\/www.desmecht.com\/#organization\"},\"potentialAction\":[{\"@type\":\"SearchAction\",\"target\":{\"@type\":\"EntryPoint\",\"urlTemplate\":\"https:\/\/www.desmecht.com\/?s={search_term_string}\"},\"query-input\":{\"@type\":\"PropertyValueSpecification\",\"valueRequired\":true,\"valueName\":\"search_term_string\"}}],\"inLanguage\":\"en-US\"},{\"@type\":\"Organization\",\"@id\":\"https:\/\/www.desmecht.com\/#organization\",\"name\":\"DESMECHT\",\"url\":\"https:\/\/www.desmecht.com\/\",\"logo\":{\"@type\":\"ImageObject\",\"inLanguage\":\"en-US\",\"@id\":\"https:\/\/www.desmecht.com\/#\/schema\/logo\/image\/\",\"url\":\"https:\/\/www.desmecht.com\/wp-content\/uploads\/2018\/11\/Logo-DESMECHT.png\",\"contentUrl\":\"https:\/\/www.desmecht.com\/wp-content\/uploads\/2018\/11\/Logo-DESMECHT.png\",\"width\":400,\"height\":254,\"caption\":\"DESMECHT\"},\"image\":{\"@id\":\"https:\/\/www.desmecht.com\/#\/schema\/logo\/image\/\"},\"sameAs\":[\"http:\/\/www.facebook.com\/herbodesmecht\"]}]}<\/script>\n<!-- \/ Yoast SEO plugin. -->","yoast_head_json":{"title":"Buy online: Haritaki 60caps Bio - Terminalia chebulaBio Haritaki stimulates digestion and provides a soft stool. Bio Haritaki has a beneficial effect on intestinal function. Bio Haritaki is one of the major components of the traditional Triphala~Ayurveda","description":"Buy online: Haritaki 60caps Bio - Terminalia chebulaBio Haritaki stimulates digestion and provides a soft stool. Bio Haritaki has a beneficial effect on intestinal function. Bio Haritaki is one of the major components of the traditional Triphala~Ayurveda","robots":{"index":"index","follow":"follow","max-snippet":"max-snippet:-1","max-image-preview":"max-image-preview:large","max-video-preview":"max-video-preview:-1"},"canonical":"https:\/\/www.desmecht.com\/shop\/ojas-2\/supplements-alimentaires-a-base-de-plantes-ojas-2\/haritaki-60caps-bio\/","og_locale":"en_US","og_type":"article","og_title":"[:fr]Acheter en ligne: Haritaki 60caps Bio - Terminalia chebulaHaritaki aide \u00e0 la digestion, a une l\u00e9g\u00e8re action laxative et promeut des selles souples. Haritaki a une influence positive sur la fonction intestinale. Haritaki est une des composantes essentielles du rem\u00e8de traditionnel connu sous le nom de Triphala.~Ayurveda[:nl]Online kopen: Haritaki 60caps Bio - Terminalia chebulaBio Haritaki bevordert de spijsvertering en zorgt voor een zachte stoelgang. Bio Haritaki heeft een gunstige invloed op de darmwerking. Bio Haritaki is een van de belangrijkste bestanddelen van de traditionele Triphala.~Ayurveda[:en]Buy online: Haritaki 60caps Bio - Terminalia chebulaBio Haritaki stimulates digestion and provides a soft stool. Bio Haritaki has a beneficial effect on intestinal function. Bio Haritaki is one of the major components of the traditional Triphala~Ayurveda[:]","og_description":"[:fr]Acheter en ligne: Haritaki 60caps Bio - Terminalia chebulaHaritaki aide \u00e0 la digestion, a une l\u00e9g\u00e8re action laxative et promeut des selles souples. Haritaki a une influence positive sur la fonction intestinale. Haritaki est une des composantes essentielles du rem\u00e8de traditionnel connu sous le nom de Triphala.~Ayurveda[:nl]Online kopen: Haritaki 60caps Bio - Terminalia chebulaBio Haritaki bevordert de spijsvertering en zorgt voor een zachte stoelgang. Bio Haritaki heeft een gunstige invloed op de darmwerking. Bio Haritaki is een van de belangrijkste bestanddelen van de traditionele Triphala.~Ayurveda[:en]Buy online: Haritaki 60caps Bio - Terminalia chebulaBio Haritaki stimulates digestion and provides a soft stool. Bio Haritaki has a beneficial effect on intestinal function. Bio Haritaki is one of the major components of the traditional Triphala~Ayurveda[:]","og_url":"https:\/\/www.desmecht.com\/shop\/ojas-2\/supplements-alimentaires-a-base-de-plantes-ojas-2\/haritaki-60caps-bio\/","og_site_name":"DESMECHT Herbalist in Brussels - Natural solutions","article_publisher":"http:\/\/www.facebook.com\/herbodesmecht","article_modified_time":"2025-05-16T16:12:18+00:00","og_image":[{"width":393,"height":398,"url":"https:\/\/www.desmecht.com\/wp-content\/uploads\/2018\/12\/Haritaki_Ojas_60caps.jpg","type":"image\/jpeg"}],"twitter_card":"summary_large_image","schema":{"@context":"https:\/\/schema.org","@graph":[{"@type":"WebPage","@id":"https:\/\/www.desmecht.com\/shop\/ojas-2\/supplements-alimentaires-a-base-de-plantes-ojas-2\/haritaki-60caps-bio\/","url":"https:\/\/www.desmecht.com\/shop\/ojas-2\/supplements-alimentaires-a-base-de-plantes-ojas-2\/haritaki-60caps-bio\/","name":"[:fr]Acheter en ligne: Haritaki 60caps Bio - Terminalia chebulaHaritaki aide \u00e0 la digestion, a une l\u00e9g\u00e8re action laxative et promeut des selles souples. Haritaki a une influence positive sur la fonction intestinale. Haritaki est une des composantes essentielles du rem\u00e8de traditionnel connu sous le nom de Triphala.~Ayurveda[:nl]Online kopen: Haritaki 60caps Bio - Terminalia chebulaBio Haritaki bevordert de spijsvertering en zorgt voor een zachte stoelgang. Bio Haritaki heeft een gunstige invloed op de darmwerking. Bio Haritaki is een van de belangrijkste bestanddelen van de traditionele Triphala.~Ayurveda[:en]Buy online: Haritaki 60caps Bio - Terminalia chebulaBio Haritaki stimulates digestion and provides a soft stool. Bio Haritaki has a beneficial effect on intestinal function. Bio Haritaki is one of the major components of the traditional Triphala~Ayurveda[:]","isPartOf":{"@id":"https:\/\/www.desmecht.com\/#website"},"primaryImageOfPage":{"@id":"https:\/\/www.desmecht.com\/shop\/ojas-2\/supplements-alimentaires-a-base-de-plantes-ojas-2\/haritaki-60caps-bio\/#primaryimage"},"image":{"@id":"https:\/\/www.desmecht.com\/shop\/ojas-2\/supplements-alimentaires-a-base-de-plantes-ojas-2\/haritaki-60caps-bio\/#primaryimage"},"thumbnailUrl":"https:\/\/www.desmecht.com\/wp-content\/uploads\/2018\/12\/Haritaki_Ojas_60caps.jpg","datePublished":"2025-05-16T14:12:18+00:00","dateModified":"2025-05-16T16:12:18+00:00","description":"[:fr]Acheter en ligne: Haritaki 60caps Bio - Terminalia chebulaHaritaki aide \u00e0 la digestion, a une l\u00e9g\u00e8re action laxative et promeut des selles souples. Haritaki a une influence positive sur la fonction intestinale. Haritaki est une des composantes essentielles du rem\u00e8de traditionnel connu sous le nom de Triphala.~Ayurveda[:nl]Online kopen: Haritaki 60caps Bio - Terminalia chebulaBio Haritaki bevordert de spijsvertering en zorgt voor een zachte stoelgang. Bio Haritaki heeft een gunstige invloed op de darmwerking. Bio Haritaki is een van de belangrijkste bestanddelen van de traditionele Triphala.~Ayurveda[:en]Buy online: Haritaki 60caps Bio - Terminalia chebulaBio Haritaki stimulates digestion and provides a soft stool. Bio Haritaki has a beneficial effect on intestinal function. Bio Haritaki is one of the major components of the traditional Triphala~Ayurveda[:]","breadcrumb":{"@id":"https:\/\/www.desmecht.com\/shop\/ojas-2\/supplements-alimentaires-a-base-de-plantes-ojas-2\/haritaki-60caps-bio\/#breadcrumb"},"inLanguage":"en-US","potentialAction":[{"@type":"ReadAction","target":["https:\/\/www.desmecht.com\/shop\/ojas-2\/supplements-alimentaires-a-base-de-plantes-ojas-2\/haritaki-60caps-bio\/"]}]},{"@type":"ImageObject","inLanguage":"en-US","@id":"https:\/\/www.desmecht.com\/shop\/ojas-2\/supplements-alimentaires-a-base-de-plantes-ojas-2\/haritaki-60caps-bio\/#primaryimage","url":"https:\/\/www.desmecht.com\/wp-content\/uploads\/2018\/12\/Haritaki_Ojas_60caps.jpg","contentUrl":"https:\/\/www.desmecht.com\/wp-content\/uploads\/2018\/12\/Haritaki_Ojas_60caps.jpg","width":393,"height":398},{"@type":"BreadcrumbList","@id":"https:\/\/www.desmecht.com\/shop\/ojas-2\/supplements-alimentaires-a-base-de-plantes-ojas-2\/haritaki-60caps-bio\/#breadcrumb","itemListElement":[{"@type":"ListItem","position":1,"name":"Home","item":"https:\/\/www.desmecht.com\/"},{"@type":"ListItem","position":2,"name":"E-shop","item":"https:\/\/www.desmecht.com\/"},{"@type":"ListItem","position":3,"name":"Haritaki 60caps Bio"}]},{"@type":"WebSite","@id":"https:\/\/www.desmecht.com\/#website","url":"https:\/\/www.desmecht.com\/","name":"DESMECHT Herbalist in Brussels - Natural solutions","description":"Natural Solutions","publisher":{"@id":"https:\/\/www.desmecht.com\/#organization"},"potentialAction":[{"@type":"SearchAction","target":{"@type":"EntryPoint","urlTemplate":"https:\/\/www.desmecht.com\/?s={search_term_string}"},"query-input":{"@type":"PropertyValueSpecification","valueRequired":true,"valueName":"search_term_string"}}],"inLanguage":"en-US"},{"@type":"Organization","@id":"https:\/\/www.desmecht.com\/#organization","name":"DESMECHT","url":"https:\/\/www.desmecht.com\/","logo":{"@type":"ImageObject","inLanguage":"en-US","@id":"https:\/\/www.desmecht.com\/#\/schema\/logo\/image\/","url":"https:\/\/www.desmecht.com\/wp-content\/uploads\/2018\/11\/Logo-DESMECHT.png","contentUrl":"https:\/\/www.desmecht.com\/wp-content\/uploads\/2018\/11\/Logo-DESMECHT.png","width":400,"height":254,"caption":"DESMECHT"},"image":{"@id":"https:\/\/www.desmecht.com\/#\/schema\/logo\/image\/"},"sameAs":["http:\/\/www.facebook.com\/herbodesmecht"]}]}},"_links":{"self":[{"href":"https:\/\/www.desmecht.com\/en\/wp-json\/wp\/v2\/product\/16688","targetHints":{"allow":["GET"]}}],"collection":[{"href":"https:\/\/www.desmecht.com\/en\/wp-json\/wp\/v2\/product"}],"about":[{"href":"https:\/\/www.desmecht.com\/en\/wp-json\/wp\/v2\/types\/product"}],"wp:featuredmedia":[{"embeddable":true,"href":"https:\/\/www.desmecht.com\/en\/wp-json\/wp\/v2\/media\/16689"}],"wp:attachment":[{"href":"https:\/\/www.desmecht.com\/en\/wp-json\/wp\/v2\/media?parent=16688"}],"wp:term":[{"taxonomy":"product_brand","embeddable":true,"href":"https:\/\/www.desmecht.com\/en\/wp-json\/wp\/v2\/product_brand?post=16688"},{"taxonomy":"product_cat","embeddable":true,"href":"https:\/\/www.desmecht.com\/en\/wp-json\/wp\/v2\/product_cat?post=16688"},{"taxonomy":"product_tag","embeddable":true,"href":"https:\/\/www.desmecht.com\/en\/wp-json\/wp\/v2\/product_tag?post=16688"}],"curies":[{"name":"wp","href":"https:\/\/api.w.org\/{rel}","templated":true}]}}