{"id":16690,"date":"2025-11-18T13:51:49","date_gmt":"2025-11-18T12:51:49","guid":{"rendered":"https:\/\/www.desmecht.com\/shop\/niet-gecategoriseerd\/neem-feuille-coupee-100g\/"},"modified":"2025-11-18T14:51:49","modified_gmt":"2025-11-18T13:51:49","slug":"neem-feuille-coupee-100g","status":"publish","type":"product","link":"https:\/\/www.desmecht.com\/en\/shop\/ojas-2\/herbes-unitaires-ojas-2\/neem-feuille-coupee-100g\/","title":{"rendered":"Neem (cut leaves) 100g"},"content":{"rendered":"<p><\/p>","protected":false},"excerpt":{"rendered":"<p><i>Acacia senegal<\/i><br \/>Neem is widely known for its spacious recovering operation in India. Neem is a tree whose leaves and bark are used. His qualities are bitter, cooling and sharp of after effect. All cooling herbs are known for their intense bitter and purifying effect. Take the sharp after effect of purifying depth functioning guarantees for every skin type. Take melange is a powerful blend with a purifying effect<br \/>~Ayurveda<\/p>\n","protected":false},"featured_media":16691,"template":"","meta":[],"product_brand":[],"product_cat":[155,225,222,224,104],"product_tag":[],"class_list":{"0":"post-16690","1":"product","2":"type-product","3":"status-publish","4":"has-post-thumbnail","6":"product_cat-herbes-unitaires","7":"product_cat-herbes-unitaires-ojas-2","8":"product_cat-ojas-2","9":"product_cat-ojas-herbes-unitaires","10":"product_cat-herboristerie","11":"tm-no-options","13":"first","14":"instock","15":"taxable","16":"shipping-taxable","17":"purchasable","18":"product-type-simple"},"yoast_head":"<!-- This site is optimized with the Yoast SEO plugin v26.9 - https:\/\/yoast.com\/product\/yoast-seo-wordpress\/ -->\n<title>Buy online: Neem (cut leaves) 100g - Acacia senegalNeem is widely known for its spacious recovering operation in India. Neem is a tree whose leaves and bark are used. His qualities are bitter, cooling and sharp of after effect. All cooling herbs are known for their intense bitter and purifying effect. Take the sharp after effect of purifying depth functioning guarantees for every skin type. Take melange is a powerful blend with a purifying effect~Ayurveda<\/title>\n<meta name=\"description\" content=\"Buy online: Neem (cut leaves) 100g - Acacia senegalNeem is widely known for its spacious recovering operation in India. Neem is a tree whose leaves and bark are used. His qualities are bitter, cooling and sharp of after effect. All cooling herbs are known for their intense bitter and purifying effect. Take the sharp after effect of purifying depth functioning guarantees for every skin type. Take melange is a powerful blend with a purifying effect~Ayurveda\" \/>\n<meta name=\"robots\" content=\"index, follow, max-snippet:-1, max-image-preview:large, max-video-preview:-1\" \/>\n<link rel=\"canonical\" href=\"https:\/\/www.desmecht.com\/shop\/ojas-2\/herbes-unitaires-ojas-2\/neem-feuille-coupee-100g\/\" \/>\n<meta property=\"og:locale\" content=\"en_US\" \/>\n<meta property=\"og:type\" content=\"article\" \/>\n<meta property=\"og:title\" content=\"[:fr]Acheter en ligne: Neem (feuille coup\u00e9e) 100g - Azadirachta indicaLe Neem est connu partout en Inde pour l&#039;\u00e9tendue de son action de r\u00e9cup\u00e9ration. On utilise les feuilles et l&#039;\u00e9corce de cet arbre qui poss\u00e8de des qualit\u00e9s am\u00e8res, rafra\u00eechissantes et p\u00e9n\u00e9trantes. Toutes les herbes am\u00e8res et rafra\u00eechissantes sont connues pour leur action purificatrice profonde. La qualit\u00e9 p\u00e9n\u00e9trante du Neem garantit une action purificatrice profonde pour tous les types de peau. Le M\u00e9lange Neem est un puissant m\u00e9lange avec une action purificatrice.~Ayurveda[:nl]Online kopen: Neem (versneden blad) 100g - Acacia senegalNeem is in India alom gekend om zijn ruime herstellende werking. Neem is een boom waarvan men de bladeren en de schors gebruikt. Zijn kwaliteiten zijn bitter, koelend en scherp van nawerking. Alle bittere en koelende kruiden zijn gekend om hun intense zuiverende werking. De scherpe nawerking van Neem staat borg voor een zuiverende dieptewerking voor ieder huidtype. Neem melange is een krachtige melange met een zuiverende werking. Ayurvedisch recept, natuurlijk ingredi\u00ebnt. Vrij van smaak-, geur- en kleurstoffen, suiker en andere opwekkende stoffen zoals the\u00efne en cafe\u00efne~Ayurveda[:en]Buy online: Neem (cut leaves) 100g - Acacia senegalNeem is widely known for its spacious recovering operation in India. Neem is a tree whose leaves and bark are used. His qualities are bitter, cooling and sharp of after effect. All cooling herbs are known for their intense bitter and purifying effect. Take the sharp after effect of purifying depth functioning guarantees for every skin type. Take melange is a powerful blend with a purifying effect~Ayurveda[:]\" \/>\n<meta property=\"og:description\" content=\"[:fr]Acheter en ligne: Neem (feuille coup\u00e9e) 100g - Azadirachta indicaLe Neem est connu partout en Inde pour l&#039;\u00e9tendue de son action de r\u00e9cup\u00e9ration. On utilise les feuilles et l&#039;\u00e9corce de cet arbre qui poss\u00e8de des qualit\u00e9s am\u00e8res, rafra\u00eechissantes et p\u00e9n\u00e9trantes. Toutes les herbes am\u00e8res et rafra\u00eechissantes sont connues pour leur action purificatrice profonde. La qualit\u00e9 p\u00e9n\u00e9trante du Neem garantit une action purificatrice profonde pour tous les types de peau. Le M\u00e9lange Neem est un puissant m\u00e9lange avec une action purificatrice.~Ayurveda[:nl]Online kopen: Neem (versneden blad) 100g - Acacia senegalNeem is in India alom gekend om zijn ruime herstellende werking. Neem is een boom waarvan men de bladeren en de schors gebruikt. Zijn kwaliteiten zijn bitter, koelend en scherp van nawerking. Alle bittere en koelende kruiden zijn gekend om hun intense zuiverende werking. De scherpe nawerking van Neem staat borg voor een zuiverende dieptewerking voor ieder huidtype. Neem melange is een krachtige melange met een zuiverende werking. Ayurvedisch recept, natuurlijk ingredi\u00ebnt. Vrij van smaak-, geur- en kleurstoffen, suiker en andere opwekkende stoffen zoals the\u00efne en cafe\u00efne~Ayurveda[:en]Buy online: Neem (cut leaves) 100g - Acacia senegalNeem is widely known for its spacious recovering operation in India. Neem is a tree whose leaves and bark are used. His qualities are bitter, cooling and sharp of after effect. All cooling herbs are known for their intense bitter and purifying effect. Take the sharp after effect of purifying depth functioning guarantees for every skin type. Take melange is a powerful blend with a purifying effect~Ayurveda[:]\" \/>\n<meta property=\"og:url\" content=\"https:\/\/www.desmecht.com\/shop\/ojas-2\/herbes-unitaires-ojas-2\/neem-feuille-coupee-100g\/\" \/>\n<meta property=\"og:site_name\" content=\"DESMECHT Herbalist in Brussels - Natural solutions\" \/>\n<meta property=\"article:publisher\" content=\"http:\/\/www.facebook.com\/herbodesmecht\" \/>\n<meta property=\"article:modified_time\" content=\"2025-11-18T13:51:49+00:00\" \/>\n<meta property=\"og:image\" content=\"https:\/\/www.desmecht.com\/wp-content\/uploads\/2018\/12\/Neem_100g_Ojas.jpg\" \/>\n\t<meta property=\"og:image:width\" content=\"434\" \/>\n\t<meta property=\"og:image:height\" content=\"434\" \/>\n\t<meta property=\"og:image:type\" content=\"image\/jpeg\" \/>\n<meta name=\"twitter:card\" content=\"summary_large_image\" \/>\n<script type=\"application\/ld+json\" class=\"yoast-schema-graph\">{\"@context\":\"https:\/\/schema.org\",\"@graph\":[{\"@type\":\"WebPage\",\"@id\":\"https:\/\/www.desmecht.com\/shop\/ojas-2\/herbes-unitaires-ojas-2\/neem-feuille-coupee-100g\/\",\"url\":\"https:\/\/www.desmecht.com\/shop\/ojas-2\/herbes-unitaires-ojas-2\/neem-feuille-coupee-100g\/\",\"name\":\"[:fr]Acheter en ligne: Neem (feuille coup\u00e9e) 100g - Azadirachta indicaLe Neem est connu partout en Inde pour l'\u00e9tendue de son action de r\u00e9cup\u00e9ration. On utilise les feuilles et l'\u00e9corce de cet arbre qui poss\u00e8de des qualit\u00e9s am\u00e8res, rafra\u00eechissantes et p\u00e9n\u00e9trantes. Toutes les herbes am\u00e8res et rafra\u00eechissantes sont connues pour leur action purificatrice profonde. La qualit\u00e9 p\u00e9n\u00e9trante du Neem garantit une action purificatrice profonde pour tous les types de peau. Le M\u00e9lange Neem est un puissant m\u00e9lange avec une action purificatrice.~Ayurveda[:nl]Online kopen: Neem (versneden blad) 100g - Acacia senegalNeem is in India alom gekend om zijn ruime herstellende werking. Neem is een boom waarvan men de bladeren en de schors gebruikt. Zijn kwaliteiten zijn bitter, koelend en scherp van nawerking. Alle bittere en koelende kruiden zijn gekend om hun intense zuiverende werking. De scherpe nawerking van Neem staat borg voor een zuiverende dieptewerking voor ieder huidtype. Neem melange is een krachtige melange met een zuiverende werking. Ayurvedisch recept, natuurlijk ingredi\u00ebnt. Vrij van smaak-, geur- en kleurstoffen, suiker en andere opwekkende stoffen zoals the\u00efne en cafe\u00efne~Ayurveda[:en]Buy online: Neem (cut leaves) 100g - Acacia senegalNeem is widely known for its spacious recovering operation in India. Neem is a tree whose leaves and bark are used. His qualities are bitter, cooling and sharp of after effect. All cooling herbs are known for their intense bitter and purifying effect. Take the sharp after effect of purifying depth functioning guarantees for every skin type. Take melange is a powerful blend with a purifying effect~Ayurveda[:]\",\"isPartOf\":{\"@id\":\"https:\/\/www.desmecht.com\/#website\"},\"primaryImageOfPage\":{\"@id\":\"https:\/\/www.desmecht.com\/shop\/ojas-2\/herbes-unitaires-ojas-2\/neem-feuille-coupee-100g\/#primaryimage\"},\"image\":{\"@id\":\"https:\/\/www.desmecht.com\/shop\/ojas-2\/herbes-unitaires-ojas-2\/neem-feuille-coupee-100g\/#primaryimage\"},\"thumbnailUrl\":\"https:\/\/www.desmecht.com\/wp-content\/uploads\/2018\/12\/Neem_100g_Ojas.jpg\",\"datePublished\":\"2025-11-18T12:51:49+00:00\",\"dateModified\":\"2025-11-18T13:51:49+00:00\",\"description\":\"[:fr]Acheter en ligne: Neem (feuille coup\u00e9e) 100g - Azadirachta indicaLe Neem est connu partout en Inde pour l'\u00e9tendue de son action de r\u00e9cup\u00e9ration. On utilise les feuilles et l'\u00e9corce de cet arbre qui poss\u00e8de des qualit\u00e9s am\u00e8res, rafra\u00eechissantes et p\u00e9n\u00e9trantes. Toutes les herbes am\u00e8res et rafra\u00eechissantes sont connues pour leur action purificatrice profonde. La qualit\u00e9 p\u00e9n\u00e9trante du Neem garantit une action purificatrice profonde pour tous les types de peau. Le M\u00e9lange Neem est un puissant m\u00e9lange avec une action purificatrice.~Ayurveda[:nl]Online kopen: Neem (versneden blad) 100g - Acacia senegalNeem is in India alom gekend om zijn ruime herstellende werking. Neem is een boom waarvan men de bladeren en de schors gebruikt. Zijn kwaliteiten zijn bitter, koelend en scherp van nawerking. Alle bittere en koelende kruiden zijn gekend om hun intense zuiverende werking. De scherpe nawerking van Neem staat borg voor een zuiverende dieptewerking voor ieder huidtype. Neem melange is een krachtige melange met een zuiverende werking. Ayurvedisch recept, natuurlijk ingredi\u00ebnt. Vrij van smaak-, geur- en kleurstoffen, suiker en andere opwekkende stoffen zoals the\u00efne en cafe\u00efne~Ayurveda[:en]Buy online: Neem (cut leaves) 100g - Acacia senegalNeem is widely known for its spacious recovering operation in India. Neem is a tree whose leaves and bark are used. His qualities are bitter, cooling and sharp of after effect. All cooling herbs are known for their intense bitter and purifying effect. Take the sharp after effect of purifying depth functioning guarantees for every skin type. Take melange is a powerful blend with a purifying effect~Ayurveda[:]\",\"breadcrumb\":{\"@id\":\"https:\/\/www.desmecht.com\/shop\/ojas-2\/herbes-unitaires-ojas-2\/neem-feuille-coupee-100g\/#breadcrumb\"},\"inLanguage\":\"en-US\",\"potentialAction\":[{\"@type\":\"ReadAction\",\"target\":[\"https:\/\/www.desmecht.com\/shop\/ojas-2\/herbes-unitaires-ojas-2\/neem-feuille-coupee-100g\/\"]}]},{\"@type\":\"ImageObject\",\"inLanguage\":\"en-US\",\"@id\":\"https:\/\/www.desmecht.com\/shop\/ojas-2\/herbes-unitaires-ojas-2\/neem-feuille-coupee-100g\/#primaryimage\",\"url\":\"https:\/\/www.desmecht.com\/wp-content\/uploads\/2018\/12\/Neem_100g_Ojas.jpg\",\"contentUrl\":\"https:\/\/www.desmecht.com\/wp-content\/uploads\/2018\/12\/Neem_100g_Ojas.jpg\",\"width\":434,\"height\":434},{\"@type\":\"BreadcrumbList\",\"@id\":\"https:\/\/www.desmecht.com\/shop\/ojas-2\/herbes-unitaires-ojas-2\/neem-feuille-coupee-100g\/#breadcrumb\",\"itemListElement\":[{\"@type\":\"ListItem\",\"position\":1,\"name\":\"Home\",\"item\":\"https:\/\/www.desmecht.com\/\"},{\"@type\":\"ListItem\",\"position\":2,\"name\":\"E-shop\",\"item\":\"https:\/\/www.desmecht.com\/\"},{\"@type\":\"ListItem\",\"position\":3,\"name\":\"Neem (versneden blad) 100g\"}]},{\"@type\":\"WebSite\",\"@id\":\"https:\/\/www.desmecht.com\/#website\",\"url\":\"https:\/\/www.desmecht.com\/\",\"name\":\"DESMECHT Herbalist in Brussels - Natural solutions\",\"description\":\"Natural Solutions\",\"publisher\":{\"@id\":\"https:\/\/www.desmecht.com\/#organization\"},\"potentialAction\":[{\"@type\":\"SearchAction\",\"target\":{\"@type\":\"EntryPoint\",\"urlTemplate\":\"https:\/\/www.desmecht.com\/?s={search_term_string}\"},\"query-input\":{\"@type\":\"PropertyValueSpecification\",\"valueRequired\":true,\"valueName\":\"search_term_string\"}}],\"inLanguage\":\"en-US\"},{\"@type\":\"Organization\",\"@id\":\"https:\/\/www.desmecht.com\/#organization\",\"name\":\"DESMECHT\",\"url\":\"https:\/\/www.desmecht.com\/\",\"logo\":{\"@type\":\"ImageObject\",\"inLanguage\":\"en-US\",\"@id\":\"https:\/\/www.desmecht.com\/#\/schema\/logo\/image\/\",\"url\":\"https:\/\/www.desmecht.com\/wp-content\/uploads\/2018\/11\/Logo-DESMECHT.png\",\"contentUrl\":\"https:\/\/www.desmecht.com\/wp-content\/uploads\/2018\/11\/Logo-DESMECHT.png\",\"width\":400,\"height\":254,\"caption\":\"DESMECHT\"},\"image\":{\"@id\":\"https:\/\/www.desmecht.com\/#\/schema\/logo\/image\/\"},\"sameAs\":[\"http:\/\/www.facebook.com\/herbodesmecht\"]}]}<\/script>\n<!-- \/ Yoast SEO plugin. -->","yoast_head_json":{"title":"Buy online: Neem (cut leaves) 100g - Acacia senegalNeem is widely known for its spacious recovering operation in India. Neem is a tree whose leaves and bark are used. His qualities are bitter, cooling and sharp of after effect. All cooling herbs are known for their intense bitter and purifying effect. Take the sharp after effect of purifying depth functioning guarantees for every skin type. Take melange is a powerful blend with a purifying effect~Ayurveda","description":"Buy online: Neem (cut leaves) 100g - Acacia senegalNeem is widely known for its spacious recovering operation in India. Neem is a tree whose leaves and bark are used. His qualities are bitter, cooling and sharp of after effect. All cooling herbs are known for their intense bitter and purifying effect. Take the sharp after effect of purifying depth functioning guarantees for every skin type. Take melange is a powerful blend with a purifying effect~Ayurveda","robots":{"index":"index","follow":"follow","max-snippet":"max-snippet:-1","max-image-preview":"max-image-preview:large","max-video-preview":"max-video-preview:-1"},"canonical":"https:\/\/www.desmecht.com\/shop\/ojas-2\/herbes-unitaires-ojas-2\/neem-feuille-coupee-100g\/","og_locale":"en_US","og_type":"article","og_title":"[:fr]Acheter en ligne: Neem (feuille coup\u00e9e) 100g - Azadirachta indicaLe Neem est connu partout en Inde pour l'\u00e9tendue de son action de r\u00e9cup\u00e9ration. On utilise les feuilles et l'\u00e9corce de cet arbre qui poss\u00e8de des qualit\u00e9s am\u00e8res, rafra\u00eechissantes et p\u00e9n\u00e9trantes. Toutes les herbes am\u00e8res et rafra\u00eechissantes sont connues pour leur action purificatrice profonde. La qualit\u00e9 p\u00e9n\u00e9trante du Neem garantit une action purificatrice profonde pour tous les types de peau. Le M\u00e9lange Neem est un puissant m\u00e9lange avec une action purificatrice.~Ayurveda[:nl]Online kopen: Neem (versneden blad) 100g - Acacia senegalNeem is in India alom gekend om zijn ruime herstellende werking. Neem is een boom waarvan men de bladeren en de schors gebruikt. Zijn kwaliteiten zijn bitter, koelend en scherp van nawerking. Alle bittere en koelende kruiden zijn gekend om hun intense zuiverende werking. De scherpe nawerking van Neem staat borg voor een zuiverende dieptewerking voor ieder huidtype. Neem melange is een krachtige melange met een zuiverende werking. Ayurvedisch recept, natuurlijk ingredi\u00ebnt. Vrij van smaak-, geur- en kleurstoffen, suiker en andere opwekkende stoffen zoals the\u00efne en cafe\u00efne~Ayurveda[:en]Buy online: Neem (cut leaves) 100g - Acacia senegalNeem is widely known for its spacious recovering operation in India. Neem is a tree whose leaves and bark are used. His qualities are bitter, cooling and sharp of after effect. All cooling herbs are known for their intense bitter and purifying effect. Take the sharp after effect of purifying depth functioning guarantees for every skin type. Take melange is a powerful blend with a purifying effect~Ayurveda[:]","og_description":"[:fr]Acheter en ligne: Neem (feuille coup\u00e9e) 100g - Azadirachta indicaLe Neem est connu partout en Inde pour l'\u00e9tendue de son action de r\u00e9cup\u00e9ration. On utilise les feuilles et l'\u00e9corce de cet arbre qui poss\u00e8de des qualit\u00e9s am\u00e8res, rafra\u00eechissantes et p\u00e9n\u00e9trantes. Toutes les herbes am\u00e8res et rafra\u00eechissantes sont connues pour leur action purificatrice profonde. La qualit\u00e9 p\u00e9n\u00e9trante du Neem garantit une action purificatrice profonde pour tous les types de peau. Le M\u00e9lange Neem est un puissant m\u00e9lange avec une action purificatrice.~Ayurveda[:nl]Online kopen: Neem (versneden blad) 100g - Acacia senegalNeem is in India alom gekend om zijn ruime herstellende werking. Neem is een boom waarvan men de bladeren en de schors gebruikt. Zijn kwaliteiten zijn bitter, koelend en scherp van nawerking. Alle bittere en koelende kruiden zijn gekend om hun intense zuiverende werking. De scherpe nawerking van Neem staat borg voor een zuiverende dieptewerking voor ieder huidtype. Neem melange is een krachtige melange met een zuiverende werking. Ayurvedisch recept, natuurlijk ingredi\u00ebnt. Vrij van smaak-, geur- en kleurstoffen, suiker en andere opwekkende stoffen zoals the\u00efne en cafe\u00efne~Ayurveda[:en]Buy online: Neem (cut leaves) 100g - Acacia senegalNeem is widely known for its spacious recovering operation in India. Neem is a tree whose leaves and bark are used. His qualities are bitter, cooling and sharp of after effect. All cooling herbs are known for their intense bitter and purifying effect. Take the sharp after effect of purifying depth functioning guarantees for every skin type. Take melange is a powerful blend with a purifying effect~Ayurveda[:]","og_url":"https:\/\/www.desmecht.com\/shop\/ojas-2\/herbes-unitaires-ojas-2\/neem-feuille-coupee-100g\/","og_site_name":"DESMECHT Herbalist in Brussels - Natural solutions","article_publisher":"http:\/\/www.facebook.com\/herbodesmecht","article_modified_time":"2025-11-18T13:51:49+00:00","og_image":[{"width":434,"height":434,"url":"https:\/\/www.desmecht.com\/wp-content\/uploads\/2018\/12\/Neem_100g_Ojas.jpg","type":"image\/jpeg"}],"twitter_card":"summary_large_image","schema":{"@context":"https:\/\/schema.org","@graph":[{"@type":"WebPage","@id":"https:\/\/www.desmecht.com\/shop\/ojas-2\/herbes-unitaires-ojas-2\/neem-feuille-coupee-100g\/","url":"https:\/\/www.desmecht.com\/shop\/ojas-2\/herbes-unitaires-ojas-2\/neem-feuille-coupee-100g\/","name":"[:fr]Acheter en ligne: Neem (feuille coup\u00e9e) 100g - Azadirachta indicaLe Neem est connu partout en Inde pour l'\u00e9tendue de son action de r\u00e9cup\u00e9ration. On utilise les feuilles et l'\u00e9corce de cet arbre qui poss\u00e8de des qualit\u00e9s am\u00e8res, rafra\u00eechissantes et p\u00e9n\u00e9trantes. Toutes les herbes am\u00e8res et rafra\u00eechissantes sont connues pour leur action purificatrice profonde. La qualit\u00e9 p\u00e9n\u00e9trante du Neem garantit une action purificatrice profonde pour tous les types de peau. Le M\u00e9lange Neem est un puissant m\u00e9lange avec une action purificatrice.~Ayurveda[:nl]Online kopen: Neem (versneden blad) 100g - Acacia senegalNeem is in India alom gekend om zijn ruime herstellende werking. Neem is een boom waarvan men de bladeren en de schors gebruikt. Zijn kwaliteiten zijn bitter, koelend en scherp van nawerking. Alle bittere en koelende kruiden zijn gekend om hun intense zuiverende werking. De scherpe nawerking van Neem staat borg voor een zuiverende dieptewerking voor ieder huidtype. Neem melange is een krachtige melange met een zuiverende werking. Ayurvedisch recept, natuurlijk ingredi\u00ebnt. Vrij van smaak-, geur- en kleurstoffen, suiker en andere opwekkende stoffen zoals the\u00efne en cafe\u00efne~Ayurveda[:en]Buy online: Neem (cut leaves) 100g - Acacia senegalNeem is widely known for its spacious recovering operation in India. Neem is a tree whose leaves and bark are used. His qualities are bitter, cooling and sharp of after effect. All cooling herbs are known for their intense bitter and purifying effect. Take the sharp after effect of purifying depth functioning guarantees for every skin type. Take melange is a powerful blend with a purifying effect~Ayurveda[:]","isPartOf":{"@id":"https:\/\/www.desmecht.com\/#website"},"primaryImageOfPage":{"@id":"https:\/\/www.desmecht.com\/shop\/ojas-2\/herbes-unitaires-ojas-2\/neem-feuille-coupee-100g\/#primaryimage"},"image":{"@id":"https:\/\/www.desmecht.com\/shop\/ojas-2\/herbes-unitaires-ojas-2\/neem-feuille-coupee-100g\/#primaryimage"},"thumbnailUrl":"https:\/\/www.desmecht.com\/wp-content\/uploads\/2018\/12\/Neem_100g_Ojas.jpg","datePublished":"2025-11-18T12:51:49+00:00","dateModified":"2025-11-18T13:51:49+00:00","description":"[:fr]Acheter en ligne: Neem (feuille coup\u00e9e) 100g - Azadirachta indicaLe Neem est connu partout en Inde pour l'\u00e9tendue de son action de r\u00e9cup\u00e9ration. On utilise les feuilles et l'\u00e9corce de cet arbre qui poss\u00e8de des qualit\u00e9s am\u00e8res, rafra\u00eechissantes et p\u00e9n\u00e9trantes. Toutes les herbes am\u00e8res et rafra\u00eechissantes sont connues pour leur action purificatrice profonde. La qualit\u00e9 p\u00e9n\u00e9trante du Neem garantit une action purificatrice profonde pour tous les types de peau. Le M\u00e9lange Neem est un puissant m\u00e9lange avec une action purificatrice.~Ayurveda[:nl]Online kopen: Neem (versneden blad) 100g - Acacia senegalNeem is in India alom gekend om zijn ruime herstellende werking. Neem is een boom waarvan men de bladeren en de schors gebruikt. Zijn kwaliteiten zijn bitter, koelend en scherp van nawerking. Alle bittere en koelende kruiden zijn gekend om hun intense zuiverende werking. De scherpe nawerking van Neem staat borg voor een zuiverende dieptewerking voor ieder huidtype. Neem melange is een krachtige melange met een zuiverende werking. Ayurvedisch recept, natuurlijk ingredi\u00ebnt. Vrij van smaak-, geur- en kleurstoffen, suiker en andere opwekkende stoffen zoals the\u00efne en cafe\u00efne~Ayurveda[:en]Buy online: Neem (cut leaves) 100g - Acacia senegalNeem is widely known for its spacious recovering operation in India. Neem is a tree whose leaves and bark are used. His qualities are bitter, cooling and sharp of after effect. All cooling herbs are known for their intense bitter and purifying effect. Take the sharp after effect of purifying depth functioning guarantees for every skin type. Take melange is a powerful blend with a purifying effect~Ayurveda[:]","breadcrumb":{"@id":"https:\/\/www.desmecht.com\/shop\/ojas-2\/herbes-unitaires-ojas-2\/neem-feuille-coupee-100g\/#breadcrumb"},"inLanguage":"en-US","potentialAction":[{"@type":"ReadAction","target":["https:\/\/www.desmecht.com\/shop\/ojas-2\/herbes-unitaires-ojas-2\/neem-feuille-coupee-100g\/"]}]},{"@type":"ImageObject","inLanguage":"en-US","@id":"https:\/\/www.desmecht.com\/shop\/ojas-2\/herbes-unitaires-ojas-2\/neem-feuille-coupee-100g\/#primaryimage","url":"https:\/\/www.desmecht.com\/wp-content\/uploads\/2018\/12\/Neem_100g_Ojas.jpg","contentUrl":"https:\/\/www.desmecht.com\/wp-content\/uploads\/2018\/12\/Neem_100g_Ojas.jpg","width":434,"height":434},{"@type":"BreadcrumbList","@id":"https:\/\/www.desmecht.com\/shop\/ojas-2\/herbes-unitaires-ojas-2\/neem-feuille-coupee-100g\/#breadcrumb","itemListElement":[{"@type":"ListItem","position":1,"name":"Home","item":"https:\/\/www.desmecht.com\/"},{"@type":"ListItem","position":2,"name":"E-shop","item":"https:\/\/www.desmecht.com\/"},{"@type":"ListItem","position":3,"name":"Neem (versneden blad) 100g"}]},{"@type":"WebSite","@id":"https:\/\/www.desmecht.com\/#website","url":"https:\/\/www.desmecht.com\/","name":"DESMECHT Herbalist in Brussels - Natural solutions","description":"Natural Solutions","publisher":{"@id":"https:\/\/www.desmecht.com\/#organization"},"potentialAction":[{"@type":"SearchAction","target":{"@type":"EntryPoint","urlTemplate":"https:\/\/www.desmecht.com\/?s={search_term_string}"},"query-input":{"@type":"PropertyValueSpecification","valueRequired":true,"valueName":"search_term_string"}}],"inLanguage":"en-US"},{"@type":"Organization","@id":"https:\/\/www.desmecht.com\/#organization","name":"DESMECHT","url":"https:\/\/www.desmecht.com\/","logo":{"@type":"ImageObject","inLanguage":"en-US","@id":"https:\/\/www.desmecht.com\/#\/schema\/logo\/image\/","url":"https:\/\/www.desmecht.com\/wp-content\/uploads\/2018\/11\/Logo-DESMECHT.png","contentUrl":"https:\/\/www.desmecht.com\/wp-content\/uploads\/2018\/11\/Logo-DESMECHT.png","width":400,"height":254,"caption":"DESMECHT"},"image":{"@id":"https:\/\/www.desmecht.com\/#\/schema\/logo\/image\/"},"sameAs":["http:\/\/www.facebook.com\/herbodesmecht"]}]}},"_links":{"self":[{"href":"https:\/\/www.desmecht.com\/en\/wp-json\/wp\/v2\/product\/16690","targetHints":{"allow":["GET"]}}],"collection":[{"href":"https:\/\/www.desmecht.com\/en\/wp-json\/wp\/v2\/product"}],"about":[{"href":"https:\/\/www.desmecht.com\/en\/wp-json\/wp\/v2\/types\/product"}],"wp:featuredmedia":[{"embeddable":true,"href":"https:\/\/www.desmecht.com\/en\/wp-json\/wp\/v2\/media\/16691"}],"wp:attachment":[{"href":"https:\/\/www.desmecht.com\/en\/wp-json\/wp\/v2\/media?parent=16690"}],"wp:term":[{"taxonomy":"product_brand","embeddable":true,"href":"https:\/\/www.desmecht.com\/en\/wp-json\/wp\/v2\/product_brand?post=16690"},{"taxonomy":"product_cat","embeddable":true,"href":"https:\/\/www.desmecht.com\/en\/wp-json\/wp\/v2\/product_cat?post=16690"},{"taxonomy":"product_tag","embeddable":true,"href":"https:\/\/www.desmecht.com\/en\/wp-json\/wp\/v2\/product_tag?post=16690"}],"curies":[{"name":"wp","href":"https:\/\/api.w.org\/{rel}","templated":true}]}}