{"id":16692,"date":"2025-11-18T13:51:50","date_gmt":"2025-11-18T12:51:50","guid":{"rendered":"https:\/\/www.desmecht.com\/shop\/niet-gecategoriseerd\/tulsi-basilic-sacre-feuilles-coupees-100g\/"},"modified":"2025-11-18T14:51:50","modified_gmt":"2025-11-18T13:51:50","slug":"tulsi-basilic-sacre-feuilles-coupees-90g","status":"publish","type":"product","link":"https:\/\/www.desmecht.com\/en\/shop\/ojas-2\/herbes-unitaires-ojas-2\/tulsi-basilic-sacre-feuilles-coupees-90g\/","title":{"rendered":"Tulsi (holy basil) (cut leaves) 90g"},"content":{"rendered":"<p><\/p>","protected":false},"excerpt":{"rendered":"<p><i>Ocimum sancum<\/i><br \/>Improves immunity and thus, the more balanced metabolism. Tulsi is rich in anti oxidants. Tulsi is known for its fine flavor. <\/p>\n<p>Tulsi, Holy Basil. This plant is in the ancient Vedas have described and sacred and highly effective.<br \/>~Ayurveda<\/p>\n","protected":false},"featured_media":16693,"template":"","meta":[],"product_brand":[],"product_cat":[155,225,222,224,104],"product_tag":[],"class_list":{"0":"post-16692","1":"product","2":"type-product","3":"status-publish","4":"has-post-thumbnail","6":"product_cat-herbes-unitaires","7":"product_cat-herbes-unitaires-ojas-2","8":"product_cat-ojas-2","9":"product_cat-ojas-herbes-unitaires","10":"product_cat-herboristerie","11":"tm-no-options","13":"first","14":"instock","15":"taxable","16":"shipping-taxable","17":"purchasable","18":"product-type-simple"},"yoast_head":"<!-- This site is optimized with the Yoast SEO plugin v26.9 - https:\/\/yoast.com\/product\/yoast-seo-wordpress\/ -->\n<title>Buy online: Tulsi (holy basil) (cur leaves) 100g - Ocimum sancumImproves immunity and thus, the more balanced metabolism. Tulsi is rich in anti oxidants. Tulsi is known for its fine flavor. Tulsi, Holy Basil. This plant is in the ancient Vedas have described and sacred and highly effective.~Ayurveda<\/title>\n<meta name=\"description\" content=\"Buy online: Tulsi (holy basil) (cur leaves) 100g - Ocimum sancumImproves immunity and thus, the more balanced metabolism. Tulsi is rich in anti oxidants. Tulsi is known for its fine flavor. Tulsi, Holy Basil. This plant is in the ancient Vedas have described and sacred and highly effective.~Ayurveda\" \/>\n<meta name=\"robots\" content=\"index, follow, max-snippet:-1, max-image-preview:large, max-video-preview:-1\" \/>\n<link rel=\"canonical\" href=\"https:\/\/www.desmecht.com\/shop\/ojas-2\/herbes-unitaires-ojas-2\/tulsi-basilic-sacre-feuilles-coupees-90g\/\" \/>\n<meta property=\"og:locale\" content=\"en_US\" \/>\n<meta property=\"og:type\" content=\"article\" \/>\n<meta property=\"og:title\" content=\"[:fr]Acheter en ligne: Tulsi (Basilic sacr\u00e9) (feuilles coup\u00e9es) 100g - Ocimum sancumAm\u00e9liore l&#039;immunit\u00e9 et le m\u00e9tabolisme s&#039;en trouve \u00e9quilibr\u00e9. Tulsi est riche en anti-oxydants et est connu pour sa fine saveur. Tulsi est le basilic sacr\u00e9. Les V\u00e9das antiques la d\u00e9crivent comme une plante sacr\u00e9e et hautement efficace.~Ayurveda[:nl]Online kopen: Tulsi (heilige Basilicum) (versneden kruid) 100g - Ocimum sancumVerbetert de immuniteit en hierdoor komt de stofwisseling beter in balans. Tulsi is rijk aan anti oxidanten. Tulsi is ook bekend om zijn zeer fijne smaak. Tulsi is Holy Basil. Deze plant wordt in de oude Veda&#039;s al beschreven als heilig en zeer werkzaam.~Ayurveda[:en]Buy online: Tulsi (holy basil) (cur leaves) 100g - Ocimum sancumImproves immunity and thus, the more balanced metabolism. Tulsi is rich in anti oxidants. Tulsi is known for its fine flavor. Tulsi, Holy Basil. This plant is in the ancient Vedas have described and sacred and highly effective.~Ayurveda[:]\" \/>\n<meta property=\"og:description\" content=\"[:fr]Acheter en ligne: Tulsi (Basilic sacr\u00e9) (feuilles coup\u00e9es) 100g - Ocimum sancumAm\u00e9liore l&#039;immunit\u00e9 et le m\u00e9tabolisme s&#039;en trouve \u00e9quilibr\u00e9. Tulsi est riche en anti-oxydants et est connu pour sa fine saveur. Tulsi est le basilic sacr\u00e9. Les V\u00e9das antiques la d\u00e9crivent comme une plante sacr\u00e9e et hautement efficace.~Ayurveda[:nl]Online kopen: Tulsi (heilige Basilicum) (versneden kruid) 100g - Ocimum sancumVerbetert de immuniteit en hierdoor komt de stofwisseling beter in balans. Tulsi is rijk aan anti oxidanten. Tulsi is ook bekend om zijn zeer fijne smaak. Tulsi is Holy Basil. Deze plant wordt in de oude Veda&#039;s al beschreven als heilig en zeer werkzaam.~Ayurveda[:en]Buy online: Tulsi (holy basil) (cur leaves) 100g - Ocimum sancumImproves immunity and thus, the more balanced metabolism. Tulsi is rich in anti oxidants. Tulsi is known for its fine flavor. Tulsi, Holy Basil. This plant is in the ancient Vedas have described and sacred and highly effective.~Ayurveda[:]\" \/>\n<meta property=\"og:url\" content=\"https:\/\/www.desmecht.com\/shop\/ojas-2\/herbes-unitaires-ojas-2\/tulsi-basilic-sacre-feuilles-coupees-90g\/\" \/>\n<meta property=\"og:site_name\" content=\"DESMECHT Herbalist in Brussels - Natural solutions\" \/>\n<meta property=\"article:publisher\" content=\"http:\/\/www.facebook.com\/herbodesmecht\" \/>\n<meta property=\"article:modified_time\" content=\"2025-11-18T13:51:50+00:00\" \/>\n<meta property=\"og:image\" content=\"https:\/\/www.desmecht.com\/wp-content\/uploads\/2018\/12\/Tulsi_100g_Ojas.jpg\" \/>\n\t<meta property=\"og:image:width\" content=\"422\" \/>\n\t<meta property=\"og:image:height\" content=\"426\" \/>\n\t<meta property=\"og:image:type\" content=\"image\/jpeg\" \/>\n<meta name=\"twitter:card\" content=\"summary_large_image\" \/>\n<script type=\"application\/ld+json\" class=\"yoast-schema-graph\">{\"@context\":\"https:\/\/schema.org\",\"@graph\":[{\"@type\":\"WebPage\",\"@id\":\"https:\/\/www.desmecht.com\/shop\/ojas-2\/herbes-unitaires-ojas-2\/tulsi-basilic-sacre-feuilles-coupees-90g\/\",\"url\":\"https:\/\/www.desmecht.com\/shop\/ojas-2\/herbes-unitaires-ojas-2\/tulsi-basilic-sacre-feuilles-coupees-90g\/\",\"name\":\"[:fr]Acheter en ligne: Tulsi (Basilic sacr\u00e9) (feuilles coup\u00e9es) 100g - Ocimum sancumAm\u00e9liore l'immunit\u00e9 et le m\u00e9tabolisme s'en trouve \u00e9quilibr\u00e9. Tulsi est riche en anti-oxydants et est connu pour sa fine saveur. Tulsi est le basilic sacr\u00e9. Les V\u00e9das antiques la d\u00e9crivent comme une plante sacr\u00e9e et hautement efficace.~Ayurveda[:nl]Online kopen: Tulsi (heilige Basilicum) (versneden kruid) 100g - Ocimum sancumVerbetert de immuniteit en hierdoor komt de stofwisseling beter in balans. Tulsi is rijk aan anti oxidanten. Tulsi is ook bekend om zijn zeer fijne smaak. Tulsi is Holy Basil. Deze plant wordt in de oude Veda's al beschreven als heilig en zeer werkzaam.~Ayurveda[:en]Buy online: Tulsi (holy basil) (cur leaves) 100g - Ocimum sancumImproves immunity and thus, the more balanced metabolism. Tulsi is rich in anti oxidants. Tulsi is known for its fine flavor. Tulsi, Holy Basil. This plant is in the ancient Vedas have described and sacred and highly effective.~Ayurveda[:]\",\"isPartOf\":{\"@id\":\"https:\/\/www.desmecht.com\/#website\"},\"primaryImageOfPage\":{\"@id\":\"https:\/\/www.desmecht.com\/shop\/ojas-2\/herbes-unitaires-ojas-2\/tulsi-basilic-sacre-feuilles-coupees-90g\/#primaryimage\"},\"image\":{\"@id\":\"https:\/\/www.desmecht.com\/shop\/ojas-2\/herbes-unitaires-ojas-2\/tulsi-basilic-sacre-feuilles-coupees-90g\/#primaryimage\"},\"thumbnailUrl\":\"https:\/\/www.desmecht.com\/wp-content\/uploads\/2018\/12\/Tulsi_100g_Ojas.jpg\",\"datePublished\":\"2025-11-18T12:51:50+00:00\",\"dateModified\":\"2025-11-18T13:51:50+00:00\",\"description\":\"[:fr]Acheter en ligne: Tulsi (Basilic sacr\u00e9) (feuilles coup\u00e9es) 100g - Ocimum sancumAm\u00e9liore l'immunit\u00e9 et le m\u00e9tabolisme s'en trouve \u00e9quilibr\u00e9. Tulsi est riche en anti-oxydants et est connu pour sa fine saveur. Tulsi est le basilic sacr\u00e9. Les V\u00e9das antiques la d\u00e9crivent comme une plante sacr\u00e9e et hautement efficace.~Ayurveda[:nl]Online kopen: Tulsi (heilige Basilicum) (versneden kruid) 100g - Ocimum sancumVerbetert de immuniteit en hierdoor komt de stofwisseling beter in balans. Tulsi is rijk aan anti oxidanten. Tulsi is ook bekend om zijn zeer fijne smaak. Tulsi is Holy Basil. Deze plant wordt in de oude Veda's al beschreven als heilig en zeer werkzaam.~Ayurveda[:en]Buy online: Tulsi (holy basil) (cur leaves) 100g - Ocimum sancumImproves immunity and thus, the more balanced metabolism. Tulsi is rich in anti oxidants. Tulsi is known for its fine flavor. Tulsi, Holy Basil. This plant is in the ancient Vedas have described and sacred and highly effective.~Ayurveda[:]\",\"breadcrumb\":{\"@id\":\"https:\/\/www.desmecht.com\/shop\/ojas-2\/herbes-unitaires-ojas-2\/tulsi-basilic-sacre-feuilles-coupees-90g\/#breadcrumb\"},\"inLanguage\":\"en-US\",\"potentialAction\":[{\"@type\":\"ReadAction\",\"target\":[\"https:\/\/www.desmecht.com\/shop\/ojas-2\/herbes-unitaires-ojas-2\/tulsi-basilic-sacre-feuilles-coupees-90g\/\"]}]},{\"@type\":\"ImageObject\",\"inLanguage\":\"en-US\",\"@id\":\"https:\/\/www.desmecht.com\/shop\/ojas-2\/herbes-unitaires-ojas-2\/tulsi-basilic-sacre-feuilles-coupees-90g\/#primaryimage\",\"url\":\"https:\/\/www.desmecht.com\/wp-content\/uploads\/2018\/12\/Tulsi_100g_Ojas.jpg\",\"contentUrl\":\"https:\/\/www.desmecht.com\/wp-content\/uploads\/2018\/12\/Tulsi_100g_Ojas.jpg\",\"width\":422,\"height\":426},{\"@type\":\"BreadcrumbList\",\"@id\":\"https:\/\/www.desmecht.com\/shop\/ojas-2\/herbes-unitaires-ojas-2\/tulsi-basilic-sacre-feuilles-coupees-90g\/#breadcrumb\",\"itemListElement\":[{\"@type\":\"ListItem\",\"position\":1,\"name\":\"Home\",\"item\":\"https:\/\/www.desmecht.com\/\"},{\"@type\":\"ListItem\",\"position\":2,\"name\":\"E-shop\",\"item\":\"https:\/\/www.desmecht.com\/\"},{\"@type\":\"ListItem\",\"position\":3,\"name\":\"Tulsi (heilige Basilicum) (versneden kruid) 90g\"}]},{\"@type\":\"WebSite\",\"@id\":\"https:\/\/www.desmecht.com\/#website\",\"url\":\"https:\/\/www.desmecht.com\/\",\"name\":\"DESMECHT Herbalist in Brussels - Natural solutions\",\"description\":\"Natural Solutions\",\"publisher\":{\"@id\":\"https:\/\/www.desmecht.com\/#organization\"},\"potentialAction\":[{\"@type\":\"SearchAction\",\"target\":{\"@type\":\"EntryPoint\",\"urlTemplate\":\"https:\/\/www.desmecht.com\/?s={search_term_string}\"},\"query-input\":{\"@type\":\"PropertyValueSpecification\",\"valueRequired\":true,\"valueName\":\"search_term_string\"}}],\"inLanguage\":\"en-US\"},{\"@type\":\"Organization\",\"@id\":\"https:\/\/www.desmecht.com\/#organization\",\"name\":\"DESMECHT\",\"url\":\"https:\/\/www.desmecht.com\/\",\"logo\":{\"@type\":\"ImageObject\",\"inLanguage\":\"en-US\",\"@id\":\"https:\/\/www.desmecht.com\/#\/schema\/logo\/image\/\",\"url\":\"https:\/\/www.desmecht.com\/wp-content\/uploads\/2018\/11\/Logo-DESMECHT.png\",\"contentUrl\":\"https:\/\/www.desmecht.com\/wp-content\/uploads\/2018\/11\/Logo-DESMECHT.png\",\"width\":400,\"height\":254,\"caption\":\"DESMECHT\"},\"image\":{\"@id\":\"https:\/\/www.desmecht.com\/#\/schema\/logo\/image\/\"},\"sameAs\":[\"http:\/\/www.facebook.com\/herbodesmecht\"]}]}<\/script>\n<!-- \/ Yoast SEO plugin. -->","yoast_head_json":{"title":"Buy online: Tulsi (holy basil) (cur leaves) 100g - Ocimum sancumImproves immunity and thus, the more balanced metabolism. Tulsi is rich in anti oxidants. Tulsi is known for its fine flavor. Tulsi, Holy Basil. This plant is in the ancient Vedas have described and sacred and highly effective.~Ayurveda","description":"Buy online: Tulsi (holy basil) (cur leaves) 100g - Ocimum sancumImproves immunity and thus, the more balanced metabolism. Tulsi is rich in anti oxidants. Tulsi is known for its fine flavor. Tulsi, Holy Basil. This plant is in the ancient Vedas have described and sacred and highly effective.~Ayurveda","robots":{"index":"index","follow":"follow","max-snippet":"max-snippet:-1","max-image-preview":"max-image-preview:large","max-video-preview":"max-video-preview:-1"},"canonical":"https:\/\/www.desmecht.com\/shop\/ojas-2\/herbes-unitaires-ojas-2\/tulsi-basilic-sacre-feuilles-coupees-90g\/","og_locale":"en_US","og_type":"article","og_title":"[:fr]Acheter en ligne: Tulsi (Basilic sacr\u00e9) (feuilles coup\u00e9es) 100g - Ocimum sancumAm\u00e9liore l'immunit\u00e9 et le m\u00e9tabolisme s'en trouve \u00e9quilibr\u00e9. Tulsi est riche en anti-oxydants et est connu pour sa fine saveur. Tulsi est le basilic sacr\u00e9. Les V\u00e9das antiques la d\u00e9crivent comme une plante sacr\u00e9e et hautement efficace.~Ayurveda[:nl]Online kopen: Tulsi (heilige Basilicum) (versneden kruid) 100g - Ocimum sancumVerbetert de immuniteit en hierdoor komt de stofwisseling beter in balans. Tulsi is rijk aan anti oxidanten. Tulsi is ook bekend om zijn zeer fijne smaak. Tulsi is Holy Basil. Deze plant wordt in de oude Veda's al beschreven als heilig en zeer werkzaam.~Ayurveda[:en]Buy online: Tulsi (holy basil) (cur leaves) 100g - Ocimum sancumImproves immunity and thus, the more balanced metabolism. Tulsi is rich in anti oxidants. Tulsi is known for its fine flavor. Tulsi, Holy Basil. This plant is in the ancient Vedas have described and sacred and highly effective.~Ayurveda[:]","og_description":"[:fr]Acheter en ligne: Tulsi (Basilic sacr\u00e9) (feuilles coup\u00e9es) 100g - Ocimum sancumAm\u00e9liore l'immunit\u00e9 et le m\u00e9tabolisme s'en trouve \u00e9quilibr\u00e9. Tulsi est riche en anti-oxydants et est connu pour sa fine saveur. Tulsi est le basilic sacr\u00e9. Les V\u00e9das antiques la d\u00e9crivent comme une plante sacr\u00e9e et hautement efficace.~Ayurveda[:nl]Online kopen: Tulsi (heilige Basilicum) (versneden kruid) 100g - Ocimum sancumVerbetert de immuniteit en hierdoor komt de stofwisseling beter in balans. Tulsi is rijk aan anti oxidanten. Tulsi is ook bekend om zijn zeer fijne smaak. Tulsi is Holy Basil. Deze plant wordt in de oude Veda's al beschreven als heilig en zeer werkzaam.~Ayurveda[:en]Buy online: Tulsi (holy basil) (cur leaves) 100g - Ocimum sancumImproves immunity and thus, the more balanced metabolism. Tulsi is rich in anti oxidants. Tulsi is known for its fine flavor. Tulsi, Holy Basil. This plant is in the ancient Vedas have described and sacred and highly effective.~Ayurveda[:]","og_url":"https:\/\/www.desmecht.com\/shop\/ojas-2\/herbes-unitaires-ojas-2\/tulsi-basilic-sacre-feuilles-coupees-90g\/","og_site_name":"DESMECHT Herbalist in Brussels - Natural solutions","article_publisher":"http:\/\/www.facebook.com\/herbodesmecht","article_modified_time":"2025-11-18T13:51:50+00:00","og_image":[{"width":422,"height":426,"url":"https:\/\/www.desmecht.com\/wp-content\/uploads\/2018\/12\/Tulsi_100g_Ojas.jpg","type":"image\/jpeg"}],"twitter_card":"summary_large_image","schema":{"@context":"https:\/\/schema.org","@graph":[{"@type":"WebPage","@id":"https:\/\/www.desmecht.com\/shop\/ojas-2\/herbes-unitaires-ojas-2\/tulsi-basilic-sacre-feuilles-coupees-90g\/","url":"https:\/\/www.desmecht.com\/shop\/ojas-2\/herbes-unitaires-ojas-2\/tulsi-basilic-sacre-feuilles-coupees-90g\/","name":"[:fr]Acheter en ligne: Tulsi (Basilic sacr\u00e9) (feuilles coup\u00e9es) 100g - Ocimum sancumAm\u00e9liore l'immunit\u00e9 et le m\u00e9tabolisme s'en trouve \u00e9quilibr\u00e9. Tulsi est riche en anti-oxydants et est connu pour sa fine saveur. Tulsi est le basilic sacr\u00e9. Les V\u00e9das antiques la d\u00e9crivent comme une plante sacr\u00e9e et hautement efficace.~Ayurveda[:nl]Online kopen: Tulsi (heilige Basilicum) (versneden kruid) 100g - Ocimum sancumVerbetert de immuniteit en hierdoor komt de stofwisseling beter in balans. Tulsi is rijk aan anti oxidanten. Tulsi is ook bekend om zijn zeer fijne smaak. Tulsi is Holy Basil. Deze plant wordt in de oude Veda's al beschreven als heilig en zeer werkzaam.~Ayurveda[:en]Buy online: Tulsi (holy basil) (cur leaves) 100g - Ocimum sancumImproves immunity and thus, the more balanced metabolism. Tulsi is rich in anti oxidants. Tulsi is known for its fine flavor. Tulsi, Holy Basil. This plant is in the ancient Vedas have described and sacred and highly effective.~Ayurveda[:]","isPartOf":{"@id":"https:\/\/www.desmecht.com\/#website"},"primaryImageOfPage":{"@id":"https:\/\/www.desmecht.com\/shop\/ojas-2\/herbes-unitaires-ojas-2\/tulsi-basilic-sacre-feuilles-coupees-90g\/#primaryimage"},"image":{"@id":"https:\/\/www.desmecht.com\/shop\/ojas-2\/herbes-unitaires-ojas-2\/tulsi-basilic-sacre-feuilles-coupees-90g\/#primaryimage"},"thumbnailUrl":"https:\/\/www.desmecht.com\/wp-content\/uploads\/2018\/12\/Tulsi_100g_Ojas.jpg","datePublished":"2025-11-18T12:51:50+00:00","dateModified":"2025-11-18T13:51:50+00:00","description":"[:fr]Acheter en ligne: Tulsi (Basilic sacr\u00e9) (feuilles coup\u00e9es) 100g - Ocimum sancumAm\u00e9liore l'immunit\u00e9 et le m\u00e9tabolisme s'en trouve \u00e9quilibr\u00e9. Tulsi est riche en anti-oxydants et est connu pour sa fine saveur. Tulsi est le basilic sacr\u00e9. Les V\u00e9das antiques la d\u00e9crivent comme une plante sacr\u00e9e et hautement efficace.~Ayurveda[:nl]Online kopen: Tulsi (heilige Basilicum) (versneden kruid) 100g - Ocimum sancumVerbetert de immuniteit en hierdoor komt de stofwisseling beter in balans. Tulsi is rijk aan anti oxidanten. Tulsi is ook bekend om zijn zeer fijne smaak. Tulsi is Holy Basil. Deze plant wordt in de oude Veda's al beschreven als heilig en zeer werkzaam.~Ayurveda[:en]Buy online: Tulsi (holy basil) (cur leaves) 100g - Ocimum sancumImproves immunity and thus, the more balanced metabolism. Tulsi is rich in anti oxidants. Tulsi is known for its fine flavor. Tulsi, Holy Basil. This plant is in the ancient Vedas have described and sacred and highly effective.~Ayurveda[:]","breadcrumb":{"@id":"https:\/\/www.desmecht.com\/shop\/ojas-2\/herbes-unitaires-ojas-2\/tulsi-basilic-sacre-feuilles-coupees-90g\/#breadcrumb"},"inLanguage":"en-US","potentialAction":[{"@type":"ReadAction","target":["https:\/\/www.desmecht.com\/shop\/ojas-2\/herbes-unitaires-ojas-2\/tulsi-basilic-sacre-feuilles-coupees-90g\/"]}]},{"@type":"ImageObject","inLanguage":"en-US","@id":"https:\/\/www.desmecht.com\/shop\/ojas-2\/herbes-unitaires-ojas-2\/tulsi-basilic-sacre-feuilles-coupees-90g\/#primaryimage","url":"https:\/\/www.desmecht.com\/wp-content\/uploads\/2018\/12\/Tulsi_100g_Ojas.jpg","contentUrl":"https:\/\/www.desmecht.com\/wp-content\/uploads\/2018\/12\/Tulsi_100g_Ojas.jpg","width":422,"height":426},{"@type":"BreadcrumbList","@id":"https:\/\/www.desmecht.com\/shop\/ojas-2\/herbes-unitaires-ojas-2\/tulsi-basilic-sacre-feuilles-coupees-90g\/#breadcrumb","itemListElement":[{"@type":"ListItem","position":1,"name":"Home","item":"https:\/\/www.desmecht.com\/"},{"@type":"ListItem","position":2,"name":"E-shop","item":"https:\/\/www.desmecht.com\/"},{"@type":"ListItem","position":3,"name":"Tulsi (heilige Basilicum) (versneden kruid) 90g"}]},{"@type":"WebSite","@id":"https:\/\/www.desmecht.com\/#website","url":"https:\/\/www.desmecht.com\/","name":"DESMECHT Herbalist in Brussels - Natural solutions","description":"Natural Solutions","publisher":{"@id":"https:\/\/www.desmecht.com\/#organization"},"potentialAction":[{"@type":"SearchAction","target":{"@type":"EntryPoint","urlTemplate":"https:\/\/www.desmecht.com\/?s={search_term_string}"},"query-input":{"@type":"PropertyValueSpecification","valueRequired":true,"valueName":"search_term_string"}}],"inLanguage":"en-US"},{"@type":"Organization","@id":"https:\/\/www.desmecht.com\/#organization","name":"DESMECHT","url":"https:\/\/www.desmecht.com\/","logo":{"@type":"ImageObject","inLanguage":"en-US","@id":"https:\/\/www.desmecht.com\/#\/schema\/logo\/image\/","url":"https:\/\/www.desmecht.com\/wp-content\/uploads\/2018\/11\/Logo-DESMECHT.png","contentUrl":"https:\/\/www.desmecht.com\/wp-content\/uploads\/2018\/11\/Logo-DESMECHT.png","width":400,"height":254,"caption":"DESMECHT"},"image":{"@id":"https:\/\/www.desmecht.com\/#\/schema\/logo\/image\/"},"sameAs":["http:\/\/www.facebook.com\/herbodesmecht"]}]}},"_links":{"self":[{"href":"https:\/\/www.desmecht.com\/en\/wp-json\/wp\/v2\/product\/16692","targetHints":{"allow":["GET"]}}],"collection":[{"href":"https:\/\/www.desmecht.com\/en\/wp-json\/wp\/v2\/product"}],"about":[{"href":"https:\/\/www.desmecht.com\/en\/wp-json\/wp\/v2\/types\/product"}],"wp:featuredmedia":[{"embeddable":true,"href":"https:\/\/www.desmecht.com\/en\/wp-json\/wp\/v2\/media\/16693"}],"wp:attachment":[{"href":"https:\/\/www.desmecht.com\/en\/wp-json\/wp\/v2\/media?parent=16692"}],"wp:term":[{"taxonomy":"product_brand","embeddable":true,"href":"https:\/\/www.desmecht.com\/en\/wp-json\/wp\/v2\/product_brand?post=16692"},{"taxonomy":"product_cat","embeddable":true,"href":"https:\/\/www.desmecht.com\/en\/wp-json\/wp\/v2\/product_cat?post=16692"},{"taxonomy":"product_tag","embeddable":true,"href":"https:\/\/www.desmecht.com\/en\/wp-json\/wp\/v2\/product_tag?post=16692"}],"curies":[{"name":"wp","href":"https:\/\/api.w.org\/{rel}","templated":true}]}}