{"id":16697,"date":"2025-06-02T12:10:54","date_gmt":"2025-06-02T10:10:54","guid":{"rendered":"https:\/\/www.desmecht.com\/shop\/niet-gecategoriseerd\/shatavari-60caps-bio\/"},"modified":"2025-06-02T14:10:54","modified_gmt":"2025-06-02T12:10:54","slug":"shatavari-60caps-bio","status":"publish","type":"product","link":"https:\/\/www.desmecht.com\/en\/shop\/ojas-2\/supplements-alimentaires-a-base-de-plantes-ojas-2\/shatavari-60caps-bio\/","title":{"rendered":"Shatavari 60caps bio"},"content":{"rendered":"<p><\/p>","protected":false},"excerpt":{"rendered":"<p><i>Asparagus rasemosus<\/i><br \/>Shatavari is a woman&#8217;s best friend. In Ayurveda, this wonderful herb known as the &#8220;queen of herbs&#8221; because it promotes positive emotions.<br \/>\nHaving positive emotions makes you attractive in the eyes of others. All positive emotions are also summarized in one word: Love. Shatavari helps to keep a woman&#8217;s body in balance.<br \/>~Ayurveda<\/p>\n","protected":false},"featured_media":16698,"template":"","meta":[],"product_brand":[],"product_cat":[221,222,215,294,104],"product_tag":[],"class_list":{"0":"post-16697","1":"product","2":"type-product","3":"status-publish","4":"has-post-thumbnail","6":"product_cat-ojas","7":"product_cat-ojas-2","8":"product_cat-supplements-alimentaires-a-base-de-plantes","9":"product_cat-supplements-alimentaires-a-base-de-plantes-ojas-2","10":"product_cat-herboristerie","11":"tm-no-options","13":"first","14":"instock","15":"taxable","16":"shipping-taxable","17":"purchasable","18":"product-type-simple"},"yoast_head":"<!-- This site is optimized with the Yoast SEO plugin v26.9 - https:\/\/yoast.com\/product\/yoast-seo-wordpress\/ -->\n<title>Buy online: Shatavari 60caps bio - Asparagus rasemosusShatavari is a woman&#039;s best friend. In Ayurveda, this wonderful herb known as the &quot;queen of herbs&quot; because it promotes positive emotions. Having positive emotions makes you attractive in the eyes of others. All positive emotions are also summarized in one word: Love. Shatavari helps to keep a woman&#039;s body in balance.~Ayurveda<\/title>\n<meta name=\"description\" content=\"Buy online: Shatavari 60caps bio - Asparagus rasemosusShatavari is a woman&#039;s best friend. In Ayurveda, this wonderful herb known as the &quot;queen of herbs&quot; because it promotes positive emotions. Having positive emotions makes you attractive in the eyes of others. All positive emotions are also summarized in one word: Love. Shatavari helps to keep a woman&#039;s body in balance.~Ayurveda\" \/>\n<meta name=\"robots\" content=\"index, follow, max-snippet:-1, max-image-preview:large, max-video-preview:-1\" \/>\n<link rel=\"canonical\" href=\"https:\/\/www.desmecht.com\/shop\/ojas-2\/supplements-alimentaires-a-base-de-plantes-ojas-2\/shatavari-60caps-bio\/\" \/>\n<meta property=\"og:locale\" content=\"en_US\" \/>\n<meta property=\"og:type\" content=\"article\" \/>\n<meta property=\"og:title\" content=\"[:fr]Acheter en ligne: Shatavari 60caps bio - Asparagus rasemosusShatavari est le meilleur ami de la femme. Cette merveilleuse plante est connue en Ayurv\u00e9da sous le nom de \u0093la reine des plantes\u0094, parce qu\u0092elle favorise les \u00e9motions positives. Avoir des \u00e9motions positives nous rend attrayantes aux yeux des autres. Toutes les \u00e9motions positives peuvent \u00eatre r\u00e9sum\u00e9es en un mot: Amour. Shatavari aide \u00e0 garder le corps de la femme en \u00e9quilibre.~Ayurveda[:nl]Online kopen: Shatavari 60caps bio - Asparagus rasemosusShatavari is a woman&#039;s best friend. In de Ayurveda staat dit geweldige kruid bekend als de &quot;koningin van de kruiden&quot;, omdat Het de positieve emoties bevordert. Het hebben van positieve emoties maakt je aantrekkelijk in de ogen van anderen. Alle positieve emoties zijn ook samen te vatten in een woord: Liefde. Shatavari helpt het lichaam van de vrouw in balans te houden.~Ayurveda[:en]Buy online: Shatavari 60caps bio - Asparagus rasemosusShatavari is a woman&#039;s best friend. In Ayurveda, this wonderful herb known as the &quot;queen of herbs&quot; because it promotes positive emotions. Having positive emotions makes you attractive in the eyes of others. All positive emotions are also summarized in one word: Love. Shatavari helps to keep a woman&#039;s body in balance.~Ayurveda[:]\" \/>\n<meta property=\"og:description\" content=\"[:fr]Acheter en ligne: Shatavari 60caps bio - Asparagus rasemosusShatavari est le meilleur ami de la femme. Cette merveilleuse plante est connue en Ayurv\u00e9da sous le nom de \u0093la reine des plantes\u0094, parce qu\u0092elle favorise les \u00e9motions positives. Avoir des \u00e9motions positives nous rend attrayantes aux yeux des autres. Toutes les \u00e9motions positives peuvent \u00eatre r\u00e9sum\u00e9es en un mot: Amour. Shatavari aide \u00e0 garder le corps de la femme en \u00e9quilibre.~Ayurveda[:nl]Online kopen: Shatavari 60caps bio - Asparagus rasemosusShatavari is a woman&#039;s best friend. In de Ayurveda staat dit geweldige kruid bekend als de &quot;koningin van de kruiden&quot;, omdat Het de positieve emoties bevordert. Het hebben van positieve emoties maakt je aantrekkelijk in de ogen van anderen. Alle positieve emoties zijn ook samen te vatten in een woord: Liefde. Shatavari helpt het lichaam van de vrouw in balans te houden.~Ayurveda[:en]Buy online: Shatavari 60caps bio - Asparagus rasemosusShatavari is a woman&#039;s best friend. In Ayurveda, this wonderful herb known as the &quot;queen of herbs&quot; because it promotes positive emotions. Having positive emotions makes you attractive in the eyes of others. All positive emotions are also summarized in one word: Love. Shatavari helps to keep a woman&#039;s body in balance.~Ayurveda[:]\" \/>\n<meta property=\"og:url\" content=\"https:\/\/www.desmecht.com\/shop\/ojas-2\/supplements-alimentaires-a-base-de-plantes-ojas-2\/shatavari-60caps-bio\/\" \/>\n<meta property=\"og:site_name\" content=\"DESMECHT Herbalist in Brussels - Natural solutions\" \/>\n<meta property=\"article:publisher\" content=\"http:\/\/www.facebook.com\/herbodesmecht\" \/>\n<meta property=\"article:modified_time\" content=\"2025-06-02T12:10:54+00:00\" \/>\n<meta property=\"og:image\" content=\"https:\/\/www.desmecht.com\/wp-content\/uploads\/2018\/12\/Shatavari_Ojas_60caps.jpg\" \/>\n\t<meta property=\"og:image:width\" content=\"399\" \/>\n\t<meta property=\"og:image:height\" content=\"393\" \/>\n\t<meta property=\"og:image:type\" content=\"image\/jpeg\" \/>\n<meta name=\"twitter:card\" content=\"summary_large_image\" \/>\n<script type=\"application\/ld+json\" class=\"yoast-schema-graph\">{\"@context\":\"https:\/\/schema.org\",\"@graph\":[{\"@type\":\"WebPage\",\"@id\":\"https:\/\/www.desmecht.com\/shop\/ojas-2\/supplements-alimentaires-a-base-de-plantes-ojas-2\/shatavari-60caps-bio\/\",\"url\":\"https:\/\/www.desmecht.com\/shop\/ojas-2\/supplements-alimentaires-a-base-de-plantes-ojas-2\/shatavari-60caps-bio\/\",\"name\":\"[:fr]Acheter en ligne: Shatavari 60caps bio - Asparagus rasemosusShatavari est le meilleur ami de la femme. Cette merveilleuse plante est connue en Ayurv\u00e9da sous le nom de \u0093la reine des plantes\u0094, parce qu\u0092elle favorise les \u00e9motions positives. Avoir des \u00e9motions positives nous rend attrayantes aux yeux des autres. Toutes les \u00e9motions positives peuvent \u00eatre r\u00e9sum\u00e9es en un mot: Amour. Shatavari aide \u00e0 garder le corps de la femme en \u00e9quilibre.~Ayurveda[:nl]Online kopen: Shatavari 60caps bio - Asparagus rasemosusShatavari is a woman's best friend. In de Ayurveda staat dit geweldige kruid bekend als de \\\"koningin van de kruiden\\\", omdat Het de positieve emoties bevordert. Het hebben van positieve emoties maakt je aantrekkelijk in de ogen van anderen. Alle positieve emoties zijn ook samen te vatten in een woord: Liefde. Shatavari helpt het lichaam van de vrouw in balans te houden.~Ayurveda[:en]Buy online: Shatavari 60caps bio - Asparagus rasemosusShatavari is a woman's best friend. In Ayurveda, this wonderful herb known as the \\\"queen of herbs\\\" because it promotes positive emotions. Having positive emotions makes you attractive in the eyes of others. All positive emotions are also summarized in one word: Love. Shatavari helps to keep a woman's body in balance.~Ayurveda[:]\",\"isPartOf\":{\"@id\":\"https:\/\/www.desmecht.com\/#website\"},\"primaryImageOfPage\":{\"@id\":\"https:\/\/www.desmecht.com\/shop\/ojas-2\/supplements-alimentaires-a-base-de-plantes-ojas-2\/shatavari-60caps-bio\/#primaryimage\"},\"image\":{\"@id\":\"https:\/\/www.desmecht.com\/shop\/ojas-2\/supplements-alimentaires-a-base-de-plantes-ojas-2\/shatavari-60caps-bio\/#primaryimage\"},\"thumbnailUrl\":\"https:\/\/www.desmecht.com\/wp-content\/uploads\/2018\/12\/Shatavari_Ojas_60caps.jpg\",\"datePublished\":\"2025-06-02T10:10:54+00:00\",\"dateModified\":\"2025-06-02T12:10:54+00:00\",\"description\":\"[:fr]Acheter en ligne: Shatavari 60caps bio - Asparagus rasemosusShatavari est le meilleur ami de la femme. Cette merveilleuse plante est connue en Ayurv\u00e9da sous le nom de \u0093la reine des plantes\u0094, parce qu\u0092elle favorise les \u00e9motions positives. Avoir des \u00e9motions positives nous rend attrayantes aux yeux des autres. Toutes les \u00e9motions positives peuvent \u00eatre r\u00e9sum\u00e9es en un mot: Amour. Shatavari aide \u00e0 garder le corps de la femme en \u00e9quilibre.~Ayurveda[:nl]Online kopen: Shatavari 60caps bio - Asparagus rasemosusShatavari is a woman's best friend. In de Ayurveda staat dit geweldige kruid bekend als de \\\"koningin van de kruiden\\\", omdat Het de positieve emoties bevordert. Het hebben van positieve emoties maakt je aantrekkelijk in de ogen van anderen. Alle positieve emoties zijn ook samen te vatten in een woord: Liefde. Shatavari helpt het lichaam van de vrouw in balans te houden.~Ayurveda[:en]Buy online: Shatavari 60caps bio - Asparagus rasemosusShatavari is a woman's best friend. In Ayurveda, this wonderful herb known as the \\\"queen of herbs\\\" because it promotes positive emotions. Having positive emotions makes you attractive in the eyes of others. All positive emotions are also summarized in one word: Love. Shatavari helps to keep a woman's body in balance.~Ayurveda[:]\",\"breadcrumb\":{\"@id\":\"https:\/\/www.desmecht.com\/shop\/ojas-2\/supplements-alimentaires-a-base-de-plantes-ojas-2\/shatavari-60caps-bio\/#breadcrumb\"},\"inLanguage\":\"en-US\",\"potentialAction\":[{\"@type\":\"ReadAction\",\"target\":[\"https:\/\/www.desmecht.com\/shop\/ojas-2\/supplements-alimentaires-a-base-de-plantes-ojas-2\/shatavari-60caps-bio\/\"]}]},{\"@type\":\"ImageObject\",\"inLanguage\":\"en-US\",\"@id\":\"https:\/\/www.desmecht.com\/shop\/ojas-2\/supplements-alimentaires-a-base-de-plantes-ojas-2\/shatavari-60caps-bio\/#primaryimage\",\"url\":\"https:\/\/www.desmecht.com\/wp-content\/uploads\/2018\/12\/Shatavari_Ojas_60caps.jpg\",\"contentUrl\":\"https:\/\/www.desmecht.com\/wp-content\/uploads\/2018\/12\/Shatavari_Ojas_60caps.jpg\",\"width\":399,\"height\":393},{\"@type\":\"BreadcrumbList\",\"@id\":\"https:\/\/www.desmecht.com\/shop\/ojas-2\/supplements-alimentaires-a-base-de-plantes-ojas-2\/shatavari-60caps-bio\/#breadcrumb\",\"itemListElement\":[{\"@type\":\"ListItem\",\"position\":1,\"name\":\"Home\",\"item\":\"https:\/\/www.desmecht.com\/\"},{\"@type\":\"ListItem\",\"position\":2,\"name\":\"E-shop\",\"item\":\"https:\/\/www.desmecht.com\/\"},{\"@type\":\"ListItem\",\"position\":3,\"name\":\"Shatavari 60caps bio\"}]},{\"@type\":\"WebSite\",\"@id\":\"https:\/\/www.desmecht.com\/#website\",\"url\":\"https:\/\/www.desmecht.com\/\",\"name\":\"DESMECHT Herbalist in Brussels - Natural solutions\",\"description\":\"Natural Solutions\",\"publisher\":{\"@id\":\"https:\/\/www.desmecht.com\/#organization\"},\"potentialAction\":[{\"@type\":\"SearchAction\",\"target\":{\"@type\":\"EntryPoint\",\"urlTemplate\":\"https:\/\/www.desmecht.com\/?s={search_term_string}\"},\"query-input\":{\"@type\":\"PropertyValueSpecification\",\"valueRequired\":true,\"valueName\":\"search_term_string\"}}],\"inLanguage\":\"en-US\"},{\"@type\":\"Organization\",\"@id\":\"https:\/\/www.desmecht.com\/#organization\",\"name\":\"DESMECHT\",\"url\":\"https:\/\/www.desmecht.com\/\",\"logo\":{\"@type\":\"ImageObject\",\"inLanguage\":\"en-US\",\"@id\":\"https:\/\/www.desmecht.com\/#\/schema\/logo\/image\/\",\"url\":\"https:\/\/www.desmecht.com\/wp-content\/uploads\/2018\/11\/Logo-DESMECHT.png\",\"contentUrl\":\"https:\/\/www.desmecht.com\/wp-content\/uploads\/2018\/11\/Logo-DESMECHT.png\",\"width\":400,\"height\":254,\"caption\":\"DESMECHT\"},\"image\":{\"@id\":\"https:\/\/www.desmecht.com\/#\/schema\/logo\/image\/\"},\"sameAs\":[\"http:\/\/www.facebook.com\/herbodesmecht\"]}]}<\/script>\n<!-- \/ Yoast SEO plugin. -->","yoast_head_json":{"title":"Buy online: Shatavari 60caps bio - Asparagus rasemosusShatavari is a woman's best friend. In Ayurveda, this wonderful herb known as the \"queen of herbs\" because it promotes positive emotions. Having positive emotions makes you attractive in the eyes of others. All positive emotions are also summarized in one word: Love. Shatavari helps to keep a woman's body in balance.~Ayurveda","description":"Buy online: Shatavari 60caps bio - Asparagus rasemosusShatavari is a woman's best friend. In Ayurveda, this wonderful herb known as the \"queen of herbs\" because it promotes positive emotions. Having positive emotions makes you attractive in the eyes of others. All positive emotions are also summarized in one word: Love. Shatavari helps to keep a woman's body in balance.~Ayurveda","robots":{"index":"index","follow":"follow","max-snippet":"max-snippet:-1","max-image-preview":"max-image-preview:large","max-video-preview":"max-video-preview:-1"},"canonical":"https:\/\/www.desmecht.com\/shop\/ojas-2\/supplements-alimentaires-a-base-de-plantes-ojas-2\/shatavari-60caps-bio\/","og_locale":"en_US","og_type":"article","og_title":"[:fr]Acheter en ligne: Shatavari 60caps bio - Asparagus rasemosusShatavari est le meilleur ami de la femme. Cette merveilleuse plante est connue en Ayurv\u00e9da sous le nom de \u0093la reine des plantes\u0094, parce qu\u0092elle favorise les \u00e9motions positives. Avoir des \u00e9motions positives nous rend attrayantes aux yeux des autres. Toutes les \u00e9motions positives peuvent \u00eatre r\u00e9sum\u00e9es en un mot: Amour. Shatavari aide \u00e0 garder le corps de la femme en \u00e9quilibre.~Ayurveda[:nl]Online kopen: Shatavari 60caps bio - Asparagus rasemosusShatavari is a woman's best friend. In de Ayurveda staat dit geweldige kruid bekend als de \"koningin van de kruiden\", omdat Het de positieve emoties bevordert. Het hebben van positieve emoties maakt je aantrekkelijk in de ogen van anderen. Alle positieve emoties zijn ook samen te vatten in een woord: Liefde. Shatavari helpt het lichaam van de vrouw in balans te houden.~Ayurveda[:en]Buy online: Shatavari 60caps bio - Asparagus rasemosusShatavari is a woman's best friend. In Ayurveda, this wonderful herb known as the \"queen of herbs\" because it promotes positive emotions. Having positive emotions makes you attractive in the eyes of others. All positive emotions are also summarized in one word: Love. Shatavari helps to keep a woman's body in balance.~Ayurveda[:]","og_description":"[:fr]Acheter en ligne: Shatavari 60caps bio - Asparagus rasemosusShatavari est le meilleur ami de la femme. Cette merveilleuse plante est connue en Ayurv\u00e9da sous le nom de \u0093la reine des plantes\u0094, parce qu\u0092elle favorise les \u00e9motions positives. Avoir des \u00e9motions positives nous rend attrayantes aux yeux des autres. Toutes les \u00e9motions positives peuvent \u00eatre r\u00e9sum\u00e9es en un mot: Amour. Shatavari aide \u00e0 garder le corps de la femme en \u00e9quilibre.~Ayurveda[:nl]Online kopen: Shatavari 60caps bio - Asparagus rasemosusShatavari is a woman's best friend. In de Ayurveda staat dit geweldige kruid bekend als de \"koningin van de kruiden\", omdat Het de positieve emoties bevordert. Het hebben van positieve emoties maakt je aantrekkelijk in de ogen van anderen. Alle positieve emoties zijn ook samen te vatten in een woord: Liefde. Shatavari helpt het lichaam van de vrouw in balans te houden.~Ayurveda[:en]Buy online: Shatavari 60caps bio - Asparagus rasemosusShatavari is a woman's best friend. In Ayurveda, this wonderful herb known as the \"queen of herbs\" because it promotes positive emotions. Having positive emotions makes you attractive in the eyes of others. All positive emotions are also summarized in one word: Love. Shatavari helps to keep a woman's body in balance.~Ayurveda[:]","og_url":"https:\/\/www.desmecht.com\/shop\/ojas-2\/supplements-alimentaires-a-base-de-plantes-ojas-2\/shatavari-60caps-bio\/","og_site_name":"DESMECHT Herbalist in Brussels - Natural solutions","article_publisher":"http:\/\/www.facebook.com\/herbodesmecht","article_modified_time":"2025-06-02T12:10:54+00:00","og_image":[{"width":399,"height":393,"url":"https:\/\/www.desmecht.com\/wp-content\/uploads\/2018\/12\/Shatavari_Ojas_60caps.jpg","type":"image\/jpeg"}],"twitter_card":"summary_large_image","schema":{"@context":"https:\/\/schema.org","@graph":[{"@type":"WebPage","@id":"https:\/\/www.desmecht.com\/shop\/ojas-2\/supplements-alimentaires-a-base-de-plantes-ojas-2\/shatavari-60caps-bio\/","url":"https:\/\/www.desmecht.com\/shop\/ojas-2\/supplements-alimentaires-a-base-de-plantes-ojas-2\/shatavari-60caps-bio\/","name":"[:fr]Acheter en ligne: Shatavari 60caps bio - Asparagus rasemosusShatavari est le meilleur ami de la femme. Cette merveilleuse plante est connue en Ayurv\u00e9da sous le nom de \u0093la reine des plantes\u0094, parce qu\u0092elle favorise les \u00e9motions positives. Avoir des \u00e9motions positives nous rend attrayantes aux yeux des autres. Toutes les \u00e9motions positives peuvent \u00eatre r\u00e9sum\u00e9es en un mot: Amour. Shatavari aide \u00e0 garder le corps de la femme en \u00e9quilibre.~Ayurveda[:nl]Online kopen: Shatavari 60caps bio - Asparagus rasemosusShatavari is a woman's best friend. In de Ayurveda staat dit geweldige kruid bekend als de \"koningin van de kruiden\", omdat Het de positieve emoties bevordert. Het hebben van positieve emoties maakt je aantrekkelijk in de ogen van anderen. Alle positieve emoties zijn ook samen te vatten in een woord: Liefde. Shatavari helpt het lichaam van de vrouw in balans te houden.~Ayurveda[:en]Buy online: Shatavari 60caps bio - Asparagus rasemosusShatavari is a woman's best friend. In Ayurveda, this wonderful herb known as the \"queen of herbs\" because it promotes positive emotions. Having positive emotions makes you attractive in the eyes of others. All positive emotions are also summarized in one word: Love. Shatavari helps to keep a woman's body in balance.~Ayurveda[:]","isPartOf":{"@id":"https:\/\/www.desmecht.com\/#website"},"primaryImageOfPage":{"@id":"https:\/\/www.desmecht.com\/shop\/ojas-2\/supplements-alimentaires-a-base-de-plantes-ojas-2\/shatavari-60caps-bio\/#primaryimage"},"image":{"@id":"https:\/\/www.desmecht.com\/shop\/ojas-2\/supplements-alimentaires-a-base-de-plantes-ojas-2\/shatavari-60caps-bio\/#primaryimage"},"thumbnailUrl":"https:\/\/www.desmecht.com\/wp-content\/uploads\/2018\/12\/Shatavari_Ojas_60caps.jpg","datePublished":"2025-06-02T10:10:54+00:00","dateModified":"2025-06-02T12:10:54+00:00","description":"[:fr]Acheter en ligne: Shatavari 60caps bio - Asparagus rasemosusShatavari est le meilleur ami de la femme. Cette merveilleuse plante est connue en Ayurv\u00e9da sous le nom de \u0093la reine des plantes\u0094, parce qu\u0092elle favorise les \u00e9motions positives. Avoir des \u00e9motions positives nous rend attrayantes aux yeux des autres. Toutes les \u00e9motions positives peuvent \u00eatre r\u00e9sum\u00e9es en un mot: Amour. Shatavari aide \u00e0 garder le corps de la femme en \u00e9quilibre.~Ayurveda[:nl]Online kopen: Shatavari 60caps bio - Asparagus rasemosusShatavari is a woman's best friend. In de Ayurveda staat dit geweldige kruid bekend als de \"koningin van de kruiden\", omdat Het de positieve emoties bevordert. Het hebben van positieve emoties maakt je aantrekkelijk in de ogen van anderen. Alle positieve emoties zijn ook samen te vatten in een woord: Liefde. Shatavari helpt het lichaam van de vrouw in balans te houden.~Ayurveda[:en]Buy online: Shatavari 60caps bio - Asparagus rasemosusShatavari is a woman's best friend. In Ayurveda, this wonderful herb known as the \"queen of herbs\" because it promotes positive emotions. Having positive emotions makes you attractive in the eyes of others. All positive emotions are also summarized in one word: Love. Shatavari helps to keep a woman's body in balance.~Ayurveda[:]","breadcrumb":{"@id":"https:\/\/www.desmecht.com\/shop\/ojas-2\/supplements-alimentaires-a-base-de-plantes-ojas-2\/shatavari-60caps-bio\/#breadcrumb"},"inLanguage":"en-US","potentialAction":[{"@type":"ReadAction","target":["https:\/\/www.desmecht.com\/shop\/ojas-2\/supplements-alimentaires-a-base-de-plantes-ojas-2\/shatavari-60caps-bio\/"]}]},{"@type":"ImageObject","inLanguage":"en-US","@id":"https:\/\/www.desmecht.com\/shop\/ojas-2\/supplements-alimentaires-a-base-de-plantes-ojas-2\/shatavari-60caps-bio\/#primaryimage","url":"https:\/\/www.desmecht.com\/wp-content\/uploads\/2018\/12\/Shatavari_Ojas_60caps.jpg","contentUrl":"https:\/\/www.desmecht.com\/wp-content\/uploads\/2018\/12\/Shatavari_Ojas_60caps.jpg","width":399,"height":393},{"@type":"BreadcrumbList","@id":"https:\/\/www.desmecht.com\/shop\/ojas-2\/supplements-alimentaires-a-base-de-plantes-ojas-2\/shatavari-60caps-bio\/#breadcrumb","itemListElement":[{"@type":"ListItem","position":1,"name":"Home","item":"https:\/\/www.desmecht.com\/"},{"@type":"ListItem","position":2,"name":"E-shop","item":"https:\/\/www.desmecht.com\/"},{"@type":"ListItem","position":3,"name":"Shatavari 60caps bio"}]},{"@type":"WebSite","@id":"https:\/\/www.desmecht.com\/#website","url":"https:\/\/www.desmecht.com\/","name":"DESMECHT Herbalist in Brussels - Natural solutions","description":"Natural Solutions","publisher":{"@id":"https:\/\/www.desmecht.com\/#organization"},"potentialAction":[{"@type":"SearchAction","target":{"@type":"EntryPoint","urlTemplate":"https:\/\/www.desmecht.com\/?s={search_term_string}"},"query-input":{"@type":"PropertyValueSpecification","valueRequired":true,"valueName":"search_term_string"}}],"inLanguage":"en-US"},{"@type":"Organization","@id":"https:\/\/www.desmecht.com\/#organization","name":"DESMECHT","url":"https:\/\/www.desmecht.com\/","logo":{"@type":"ImageObject","inLanguage":"en-US","@id":"https:\/\/www.desmecht.com\/#\/schema\/logo\/image\/","url":"https:\/\/www.desmecht.com\/wp-content\/uploads\/2018\/11\/Logo-DESMECHT.png","contentUrl":"https:\/\/www.desmecht.com\/wp-content\/uploads\/2018\/11\/Logo-DESMECHT.png","width":400,"height":254,"caption":"DESMECHT"},"image":{"@id":"https:\/\/www.desmecht.com\/#\/schema\/logo\/image\/"},"sameAs":["http:\/\/www.facebook.com\/herbodesmecht"]}]}},"_links":{"self":[{"href":"https:\/\/www.desmecht.com\/en\/wp-json\/wp\/v2\/product\/16697","targetHints":{"allow":["GET"]}}],"collection":[{"href":"https:\/\/www.desmecht.com\/en\/wp-json\/wp\/v2\/product"}],"about":[{"href":"https:\/\/www.desmecht.com\/en\/wp-json\/wp\/v2\/types\/product"}],"wp:featuredmedia":[{"embeddable":true,"href":"https:\/\/www.desmecht.com\/en\/wp-json\/wp\/v2\/media\/16698"}],"wp:attachment":[{"href":"https:\/\/www.desmecht.com\/en\/wp-json\/wp\/v2\/media?parent=16697"}],"wp:term":[{"taxonomy":"product_brand","embeddable":true,"href":"https:\/\/www.desmecht.com\/en\/wp-json\/wp\/v2\/product_brand?post=16697"},{"taxonomy":"product_cat","embeddable":true,"href":"https:\/\/www.desmecht.com\/en\/wp-json\/wp\/v2\/product_cat?post=16697"},{"taxonomy":"product_tag","embeddable":true,"href":"https:\/\/www.desmecht.com\/en\/wp-json\/wp\/v2\/product_tag?post=16697"}],"curies":[{"name":"wp","href":"https:\/\/api.w.org\/{rel}","templated":true}]}}