{"id":16699,"date":"2025-05-16T16:12:23","date_gmt":"2025-05-16T14:12:23","guid":{"rendered":"https:\/\/www.desmecht.com\/shop\/niet-gecategoriseerd\/triphala-60caps-bio\/"},"modified":"2025-05-16T18:12:23","modified_gmt":"2025-05-16T16:12:23","slug":"triphala-60caps-bio","status":"publish","type":"product","link":"https:\/\/www.desmecht.com\/en\/shop\/ojas-2\/supplements-alimentaires-a-base-de-plantes-ojas-2\/triphala-60caps-bio\/","title":{"rendered":"Triphala 60caps Bio"},"content":{"rendered":"<p><\/p>","protected":false},"excerpt":{"rendered":"<p><i>Emblica officinalis, Terminalia chebula, Terminalia belerica<\/i><br \/>Triphala promotes good bowel function. Because as you know is a healthy bowel function very important. Proper bowel function ensures the inclusion of sufficient nutrients and increases your resistance. Triphala is in Ayurveda known for its rejuvenating properties. It promotes weight loss by removing poison and fat. It is a source of vitamin C, so that it increases the resistance.<br \/>~Ayurveda<\/p>\n","protected":false},"featured_media":16700,"template":"","meta":[],"product_brand":[],"product_cat":[221,222,215,294,104],"product_tag":[],"class_list":{"0":"post-16699","1":"product","2":"type-product","3":"status-publish","4":"has-post-thumbnail","6":"product_cat-ojas","7":"product_cat-ojas-2","8":"product_cat-supplements-alimentaires-a-base-de-plantes","9":"product_cat-supplements-alimentaires-a-base-de-plantes-ojas-2","10":"product_cat-herboristerie","11":"tm-no-options","13":"first","14":"instock","15":"taxable","16":"shipping-taxable","17":"purchasable","18":"product-type-simple"},"yoast_head":"<!-- This site is optimized with the Yoast SEO plugin v26.9 - https:\/\/yoast.com\/product\/yoast-seo-wordpress\/ -->\n<title>Buy online: Triphala 60caps Bio - Emblica officinalis, Terminalia chebula, Terminalia belericaTriphala promotes good bowel function. Because as you know is a healthy bowel function very important. Proper bowel function ensures the inclusion of sufficient nutrients and increases your resistance. Triphala is in Ayurveda known for its rejuvenating properties. It promotes weight loss by removing poison and fat. It is a source of vitamin C, so that it increases the resistance.~Ayurveda<\/title>\n<meta name=\"description\" content=\"Buy online: Triphala 60caps Bio - Emblica officinalis, Terminalia chebula, Terminalia belericaTriphala promotes good bowel function. Because as you know is a healthy bowel function very important. Proper bowel function ensures the inclusion of sufficient nutrients and increases your resistance. Triphala is in Ayurveda known for its rejuvenating properties. It promotes weight loss by removing poison and fat. It is a source of vitamin C, so that it increases the resistance.~Ayurveda\" \/>\n<meta name=\"robots\" content=\"index, follow, max-snippet:-1, max-image-preview:large, max-video-preview:-1\" \/>\n<link rel=\"canonical\" href=\"https:\/\/www.desmecht.com\/shop\/ojas-2\/supplements-alimentaires-a-base-de-plantes-ojas-2\/triphala-60caps-bio\/\" \/>\n<meta property=\"og:locale\" content=\"en_US\" \/>\n<meta property=\"og:type\" content=\"article\" \/>\n<meta property=\"og:title\" content=\"[:fr]Acheter en ligne: Triphala 60caps Bio - Emblica officinalis, Terminalia chebula, Terminalia belericaTriphala favorise une bonne fonction intestinale. Comme vous le savez une fonction intestinale saine et propre est tr\u00e8s importante. Une bonne fonction intestinale assure l\u0092absorption suffisante de nutriments et augmente ainsi la r\u00e9sistance. Le Triphala est reconnu en Ayurv\u00e9da pour ses propri\u00e9t\u00e9s r\u00e9g\u00e9n\u00e9rantes. Il favorise la perte de poids par l&#039;\u00e9limination des toxines et des graisses. Il augmente la r\u00e9sistance gr\u00e2ce \u00e0 sa teneur en vitamine C~Ayurveda[:nl]Online kopen: Triphala 60caps Bio - Emblica officinalis, Terminalia chebula, Terminalia belericaTriphala bevordert een goede darmfunctie. Want zoals u weet is een gezonde darmfunctie erg belangrijk. Een goede darmfunctie zorgt voor het opnemen van voldoende voedingsstoffen en daardoor verhoogt uw weerstand. Triphala is in de Ayurveda bekend om zijn verjongende eigenschappen. Het stimuleert gewichtsverlies door verwijdering van gif en vet. Het is een bron van vitamine C, waardoor het de weerstand verhoogt.~Ayurveda[:en]Buy online: Triphala 60caps Bio - Emblica officinalis, Terminalia chebula, Terminalia belericaTriphala promotes good bowel function. Because as you know is a healthy bowel function very important. Proper bowel function ensures the inclusion of sufficient nutrients and increases your resistance. Triphala is in Ayurveda known for its rejuvenating properties. It promotes weight loss by removing poison and fat. It is a source of vitamin C, so that it increases the resistance.~Ayurveda[:]\" \/>\n<meta property=\"og:description\" content=\"[:fr]Acheter en ligne: Triphala 60caps Bio - Emblica officinalis, Terminalia chebula, Terminalia belericaTriphala favorise une bonne fonction intestinale. Comme vous le savez une fonction intestinale saine et propre est tr\u00e8s importante. Une bonne fonction intestinale assure l\u0092absorption suffisante de nutriments et augmente ainsi la r\u00e9sistance. Le Triphala est reconnu en Ayurv\u00e9da pour ses propri\u00e9t\u00e9s r\u00e9g\u00e9n\u00e9rantes. Il favorise la perte de poids par l&#039;\u00e9limination des toxines et des graisses. Il augmente la r\u00e9sistance gr\u00e2ce \u00e0 sa teneur en vitamine C~Ayurveda[:nl]Online kopen: Triphala 60caps Bio - Emblica officinalis, Terminalia chebula, Terminalia belericaTriphala bevordert een goede darmfunctie. Want zoals u weet is een gezonde darmfunctie erg belangrijk. Een goede darmfunctie zorgt voor het opnemen van voldoende voedingsstoffen en daardoor verhoogt uw weerstand. Triphala is in de Ayurveda bekend om zijn verjongende eigenschappen. Het stimuleert gewichtsverlies door verwijdering van gif en vet. Het is een bron van vitamine C, waardoor het de weerstand verhoogt.~Ayurveda[:en]Buy online: Triphala 60caps Bio - Emblica officinalis, Terminalia chebula, Terminalia belericaTriphala promotes good bowel function. Because as you know is a healthy bowel function very important. Proper bowel function ensures the inclusion of sufficient nutrients and increases your resistance. Triphala is in Ayurveda known for its rejuvenating properties. It promotes weight loss by removing poison and fat. It is a source of vitamin C, so that it increases the resistance.~Ayurveda[:]\" \/>\n<meta property=\"og:url\" content=\"https:\/\/www.desmecht.com\/shop\/ojas-2\/supplements-alimentaires-a-base-de-plantes-ojas-2\/triphala-60caps-bio\/\" \/>\n<meta property=\"og:site_name\" content=\"DESMECHT Herbalist in Brussels - Natural solutions\" \/>\n<meta property=\"article:publisher\" content=\"http:\/\/www.facebook.com\/herbodesmecht\" \/>\n<meta property=\"article:modified_time\" content=\"2025-05-16T16:12:23+00:00\" \/>\n<meta property=\"og:image\" content=\"https:\/\/www.desmecht.com\/wp-content\/uploads\/2018\/12\/Triphala_Ojas_60caps.jpg\" \/>\n\t<meta property=\"og:image:width\" content=\"396\" \/>\n\t<meta property=\"og:image:height\" content=\"403\" \/>\n\t<meta property=\"og:image:type\" content=\"image\/jpeg\" \/>\n<meta name=\"twitter:card\" content=\"summary_large_image\" \/>\n<script type=\"application\/ld+json\" class=\"yoast-schema-graph\">{\"@context\":\"https:\/\/schema.org\",\"@graph\":[{\"@type\":\"WebPage\",\"@id\":\"https:\/\/www.desmecht.com\/shop\/ojas-2\/supplements-alimentaires-a-base-de-plantes-ojas-2\/triphala-60caps-bio\/\",\"url\":\"https:\/\/www.desmecht.com\/shop\/ojas-2\/supplements-alimentaires-a-base-de-plantes-ojas-2\/triphala-60caps-bio\/\",\"name\":\"[:fr]Acheter en ligne: Triphala 60caps Bio - Emblica officinalis, Terminalia chebula, Terminalia belericaTriphala favorise une bonne fonction intestinale. Comme vous le savez une fonction intestinale saine et propre est tr\u00e8s importante. Une bonne fonction intestinale assure l\u0092absorption suffisante de nutriments et augmente ainsi la r\u00e9sistance. Le Triphala est reconnu en Ayurv\u00e9da pour ses propri\u00e9t\u00e9s r\u00e9g\u00e9n\u00e9rantes. Il favorise la perte de poids par l'\u00e9limination des toxines et des graisses. Il augmente la r\u00e9sistance gr\u00e2ce \u00e0 sa teneur en vitamine C~Ayurveda[:nl]Online kopen: Triphala 60caps Bio - Emblica officinalis, Terminalia chebula, Terminalia belericaTriphala bevordert een goede darmfunctie. Want zoals u weet is een gezonde darmfunctie erg belangrijk. Een goede darmfunctie zorgt voor het opnemen van voldoende voedingsstoffen en daardoor verhoogt uw weerstand. Triphala is in de Ayurveda bekend om zijn verjongende eigenschappen. Het stimuleert gewichtsverlies door verwijdering van gif en vet. Het is een bron van vitamine C, waardoor het de weerstand verhoogt.~Ayurveda[:en]Buy online: Triphala 60caps Bio - Emblica officinalis, Terminalia chebula, Terminalia belericaTriphala promotes good bowel function. Because as you know is a healthy bowel function very important. Proper bowel function ensures the inclusion of sufficient nutrients and increases your resistance. Triphala is in Ayurveda known for its rejuvenating properties. It promotes weight loss by removing poison and fat. It is a source of vitamin C, so that it increases the resistance.~Ayurveda[:]\",\"isPartOf\":{\"@id\":\"https:\/\/www.desmecht.com\/#website\"},\"primaryImageOfPage\":{\"@id\":\"https:\/\/www.desmecht.com\/shop\/ojas-2\/supplements-alimentaires-a-base-de-plantes-ojas-2\/triphala-60caps-bio\/#primaryimage\"},\"image\":{\"@id\":\"https:\/\/www.desmecht.com\/shop\/ojas-2\/supplements-alimentaires-a-base-de-plantes-ojas-2\/triphala-60caps-bio\/#primaryimage\"},\"thumbnailUrl\":\"https:\/\/www.desmecht.com\/wp-content\/uploads\/2018\/12\/Triphala_Ojas_60caps.jpg\",\"datePublished\":\"2025-05-16T14:12:23+00:00\",\"dateModified\":\"2025-05-16T16:12:23+00:00\",\"description\":\"[:fr]Acheter en ligne: Triphala 60caps Bio - Emblica officinalis, Terminalia chebula, Terminalia belericaTriphala favorise une bonne fonction intestinale. Comme vous le savez une fonction intestinale saine et propre est tr\u00e8s importante. Une bonne fonction intestinale assure l\u0092absorption suffisante de nutriments et augmente ainsi la r\u00e9sistance. Le Triphala est reconnu en Ayurv\u00e9da pour ses propri\u00e9t\u00e9s r\u00e9g\u00e9n\u00e9rantes. Il favorise la perte de poids par l'\u00e9limination des toxines et des graisses. Il augmente la r\u00e9sistance gr\u00e2ce \u00e0 sa teneur en vitamine C~Ayurveda[:nl]Online kopen: Triphala 60caps Bio - Emblica officinalis, Terminalia chebula, Terminalia belericaTriphala bevordert een goede darmfunctie. Want zoals u weet is een gezonde darmfunctie erg belangrijk. Een goede darmfunctie zorgt voor het opnemen van voldoende voedingsstoffen en daardoor verhoogt uw weerstand. Triphala is in de Ayurveda bekend om zijn verjongende eigenschappen. Het stimuleert gewichtsverlies door verwijdering van gif en vet. Het is een bron van vitamine C, waardoor het de weerstand verhoogt.~Ayurveda[:en]Buy online: Triphala 60caps Bio - Emblica officinalis, Terminalia chebula, Terminalia belericaTriphala promotes good bowel function. Because as you know is a healthy bowel function very important. Proper bowel function ensures the inclusion of sufficient nutrients and increases your resistance. Triphala is in Ayurveda known for its rejuvenating properties. It promotes weight loss by removing poison and fat. It is a source of vitamin C, so that it increases the resistance.~Ayurveda[:]\",\"breadcrumb\":{\"@id\":\"https:\/\/www.desmecht.com\/shop\/ojas-2\/supplements-alimentaires-a-base-de-plantes-ojas-2\/triphala-60caps-bio\/#breadcrumb\"},\"inLanguage\":\"en-US\",\"potentialAction\":[{\"@type\":\"ReadAction\",\"target\":[\"https:\/\/www.desmecht.com\/shop\/ojas-2\/supplements-alimentaires-a-base-de-plantes-ojas-2\/triphala-60caps-bio\/\"]}]},{\"@type\":\"ImageObject\",\"inLanguage\":\"en-US\",\"@id\":\"https:\/\/www.desmecht.com\/shop\/ojas-2\/supplements-alimentaires-a-base-de-plantes-ojas-2\/triphala-60caps-bio\/#primaryimage\",\"url\":\"https:\/\/www.desmecht.com\/wp-content\/uploads\/2018\/12\/Triphala_Ojas_60caps.jpg\",\"contentUrl\":\"https:\/\/www.desmecht.com\/wp-content\/uploads\/2018\/12\/Triphala_Ojas_60caps.jpg\",\"width\":396,\"height\":403},{\"@type\":\"BreadcrumbList\",\"@id\":\"https:\/\/www.desmecht.com\/shop\/ojas-2\/supplements-alimentaires-a-base-de-plantes-ojas-2\/triphala-60caps-bio\/#breadcrumb\",\"itemListElement\":[{\"@type\":\"ListItem\",\"position\":1,\"name\":\"Home\",\"item\":\"https:\/\/www.desmecht.com\/\"},{\"@type\":\"ListItem\",\"position\":2,\"name\":\"E-shop\",\"item\":\"https:\/\/www.desmecht.com\/\"},{\"@type\":\"ListItem\",\"position\":3,\"name\":\"Triphala 60caps Bio\"}]},{\"@type\":\"WebSite\",\"@id\":\"https:\/\/www.desmecht.com\/#website\",\"url\":\"https:\/\/www.desmecht.com\/\",\"name\":\"DESMECHT Herbalist in Brussels - Natural solutions\",\"description\":\"Natural Solutions\",\"publisher\":{\"@id\":\"https:\/\/www.desmecht.com\/#organization\"},\"potentialAction\":[{\"@type\":\"SearchAction\",\"target\":{\"@type\":\"EntryPoint\",\"urlTemplate\":\"https:\/\/www.desmecht.com\/?s={search_term_string}\"},\"query-input\":{\"@type\":\"PropertyValueSpecification\",\"valueRequired\":true,\"valueName\":\"search_term_string\"}}],\"inLanguage\":\"en-US\"},{\"@type\":\"Organization\",\"@id\":\"https:\/\/www.desmecht.com\/#organization\",\"name\":\"DESMECHT\",\"url\":\"https:\/\/www.desmecht.com\/\",\"logo\":{\"@type\":\"ImageObject\",\"inLanguage\":\"en-US\",\"@id\":\"https:\/\/www.desmecht.com\/#\/schema\/logo\/image\/\",\"url\":\"https:\/\/www.desmecht.com\/wp-content\/uploads\/2018\/11\/Logo-DESMECHT.png\",\"contentUrl\":\"https:\/\/www.desmecht.com\/wp-content\/uploads\/2018\/11\/Logo-DESMECHT.png\",\"width\":400,\"height\":254,\"caption\":\"DESMECHT\"},\"image\":{\"@id\":\"https:\/\/www.desmecht.com\/#\/schema\/logo\/image\/\"},\"sameAs\":[\"http:\/\/www.facebook.com\/herbodesmecht\"]}]}<\/script>\n<!-- \/ Yoast SEO plugin. -->","yoast_head_json":{"title":"Buy online: Triphala 60caps Bio - Emblica officinalis, Terminalia chebula, Terminalia belericaTriphala promotes good bowel function. Because as you know is a healthy bowel function very important. Proper bowel function ensures the inclusion of sufficient nutrients and increases your resistance. Triphala is in Ayurveda known for its rejuvenating properties. It promotes weight loss by removing poison and fat. It is a source of vitamin C, so that it increases the resistance.~Ayurveda","description":"Buy online: Triphala 60caps Bio - Emblica officinalis, Terminalia chebula, Terminalia belericaTriphala promotes good bowel function. Because as you know is a healthy bowel function very important. Proper bowel function ensures the inclusion of sufficient nutrients and increases your resistance. Triphala is in Ayurveda known for its rejuvenating properties. It promotes weight loss by removing poison and fat. It is a source of vitamin C, so that it increases the resistance.~Ayurveda","robots":{"index":"index","follow":"follow","max-snippet":"max-snippet:-1","max-image-preview":"max-image-preview:large","max-video-preview":"max-video-preview:-1"},"canonical":"https:\/\/www.desmecht.com\/shop\/ojas-2\/supplements-alimentaires-a-base-de-plantes-ojas-2\/triphala-60caps-bio\/","og_locale":"en_US","og_type":"article","og_title":"[:fr]Acheter en ligne: Triphala 60caps Bio - Emblica officinalis, Terminalia chebula, Terminalia belericaTriphala favorise une bonne fonction intestinale. Comme vous le savez une fonction intestinale saine et propre est tr\u00e8s importante. Une bonne fonction intestinale assure l\u0092absorption suffisante de nutriments et augmente ainsi la r\u00e9sistance. Le Triphala est reconnu en Ayurv\u00e9da pour ses propri\u00e9t\u00e9s r\u00e9g\u00e9n\u00e9rantes. Il favorise la perte de poids par l'\u00e9limination des toxines et des graisses. Il augmente la r\u00e9sistance gr\u00e2ce \u00e0 sa teneur en vitamine C~Ayurveda[:nl]Online kopen: Triphala 60caps Bio - Emblica officinalis, Terminalia chebula, Terminalia belericaTriphala bevordert een goede darmfunctie. Want zoals u weet is een gezonde darmfunctie erg belangrijk. Een goede darmfunctie zorgt voor het opnemen van voldoende voedingsstoffen en daardoor verhoogt uw weerstand. Triphala is in de Ayurveda bekend om zijn verjongende eigenschappen. Het stimuleert gewichtsverlies door verwijdering van gif en vet. Het is een bron van vitamine C, waardoor het de weerstand verhoogt.~Ayurveda[:en]Buy online: Triphala 60caps Bio - Emblica officinalis, Terminalia chebula, Terminalia belericaTriphala promotes good bowel function. Because as you know is a healthy bowel function very important. Proper bowel function ensures the inclusion of sufficient nutrients and increases your resistance. Triphala is in Ayurveda known for its rejuvenating properties. It promotes weight loss by removing poison and fat. It is a source of vitamin C, so that it increases the resistance.~Ayurveda[:]","og_description":"[:fr]Acheter en ligne: Triphala 60caps Bio - Emblica officinalis, Terminalia chebula, Terminalia belericaTriphala favorise une bonne fonction intestinale. Comme vous le savez une fonction intestinale saine et propre est tr\u00e8s importante. Une bonne fonction intestinale assure l\u0092absorption suffisante de nutriments et augmente ainsi la r\u00e9sistance. Le Triphala est reconnu en Ayurv\u00e9da pour ses propri\u00e9t\u00e9s r\u00e9g\u00e9n\u00e9rantes. Il favorise la perte de poids par l'\u00e9limination des toxines et des graisses. Il augmente la r\u00e9sistance gr\u00e2ce \u00e0 sa teneur en vitamine C~Ayurveda[:nl]Online kopen: Triphala 60caps Bio - Emblica officinalis, Terminalia chebula, Terminalia belericaTriphala bevordert een goede darmfunctie. Want zoals u weet is een gezonde darmfunctie erg belangrijk. Een goede darmfunctie zorgt voor het opnemen van voldoende voedingsstoffen en daardoor verhoogt uw weerstand. Triphala is in de Ayurveda bekend om zijn verjongende eigenschappen. Het stimuleert gewichtsverlies door verwijdering van gif en vet. Het is een bron van vitamine C, waardoor het de weerstand verhoogt.~Ayurveda[:en]Buy online: Triphala 60caps Bio - Emblica officinalis, Terminalia chebula, Terminalia belericaTriphala promotes good bowel function. Because as you know is a healthy bowel function very important. Proper bowel function ensures the inclusion of sufficient nutrients and increases your resistance. Triphala is in Ayurveda known for its rejuvenating properties. It promotes weight loss by removing poison and fat. It is a source of vitamin C, so that it increases the resistance.~Ayurveda[:]","og_url":"https:\/\/www.desmecht.com\/shop\/ojas-2\/supplements-alimentaires-a-base-de-plantes-ojas-2\/triphala-60caps-bio\/","og_site_name":"DESMECHT Herbalist in Brussels - Natural solutions","article_publisher":"http:\/\/www.facebook.com\/herbodesmecht","article_modified_time":"2025-05-16T16:12:23+00:00","og_image":[{"width":396,"height":403,"url":"https:\/\/www.desmecht.com\/wp-content\/uploads\/2018\/12\/Triphala_Ojas_60caps.jpg","type":"image\/jpeg"}],"twitter_card":"summary_large_image","schema":{"@context":"https:\/\/schema.org","@graph":[{"@type":"WebPage","@id":"https:\/\/www.desmecht.com\/shop\/ojas-2\/supplements-alimentaires-a-base-de-plantes-ojas-2\/triphala-60caps-bio\/","url":"https:\/\/www.desmecht.com\/shop\/ojas-2\/supplements-alimentaires-a-base-de-plantes-ojas-2\/triphala-60caps-bio\/","name":"[:fr]Acheter en ligne: Triphala 60caps Bio - Emblica officinalis, Terminalia chebula, Terminalia belericaTriphala favorise une bonne fonction intestinale. Comme vous le savez une fonction intestinale saine et propre est tr\u00e8s importante. Une bonne fonction intestinale assure l\u0092absorption suffisante de nutriments et augmente ainsi la r\u00e9sistance. Le Triphala est reconnu en Ayurv\u00e9da pour ses propri\u00e9t\u00e9s r\u00e9g\u00e9n\u00e9rantes. Il favorise la perte de poids par l'\u00e9limination des toxines et des graisses. Il augmente la r\u00e9sistance gr\u00e2ce \u00e0 sa teneur en vitamine C~Ayurveda[:nl]Online kopen: Triphala 60caps Bio - Emblica officinalis, Terminalia chebula, Terminalia belericaTriphala bevordert een goede darmfunctie. Want zoals u weet is een gezonde darmfunctie erg belangrijk. Een goede darmfunctie zorgt voor het opnemen van voldoende voedingsstoffen en daardoor verhoogt uw weerstand. Triphala is in de Ayurveda bekend om zijn verjongende eigenschappen. Het stimuleert gewichtsverlies door verwijdering van gif en vet. Het is een bron van vitamine C, waardoor het de weerstand verhoogt.~Ayurveda[:en]Buy online: Triphala 60caps Bio - Emblica officinalis, Terminalia chebula, Terminalia belericaTriphala promotes good bowel function. Because as you know is a healthy bowel function very important. Proper bowel function ensures the inclusion of sufficient nutrients and increases your resistance. Triphala is in Ayurveda known for its rejuvenating properties. It promotes weight loss by removing poison and fat. It is a source of vitamin C, so that it increases the resistance.~Ayurveda[:]","isPartOf":{"@id":"https:\/\/www.desmecht.com\/#website"},"primaryImageOfPage":{"@id":"https:\/\/www.desmecht.com\/shop\/ojas-2\/supplements-alimentaires-a-base-de-plantes-ojas-2\/triphala-60caps-bio\/#primaryimage"},"image":{"@id":"https:\/\/www.desmecht.com\/shop\/ojas-2\/supplements-alimentaires-a-base-de-plantes-ojas-2\/triphala-60caps-bio\/#primaryimage"},"thumbnailUrl":"https:\/\/www.desmecht.com\/wp-content\/uploads\/2018\/12\/Triphala_Ojas_60caps.jpg","datePublished":"2025-05-16T14:12:23+00:00","dateModified":"2025-05-16T16:12:23+00:00","description":"[:fr]Acheter en ligne: Triphala 60caps Bio - Emblica officinalis, Terminalia chebula, Terminalia belericaTriphala favorise une bonne fonction intestinale. Comme vous le savez une fonction intestinale saine et propre est tr\u00e8s importante. Une bonne fonction intestinale assure l\u0092absorption suffisante de nutriments et augmente ainsi la r\u00e9sistance. Le Triphala est reconnu en Ayurv\u00e9da pour ses propri\u00e9t\u00e9s r\u00e9g\u00e9n\u00e9rantes. Il favorise la perte de poids par l'\u00e9limination des toxines et des graisses. Il augmente la r\u00e9sistance gr\u00e2ce \u00e0 sa teneur en vitamine C~Ayurveda[:nl]Online kopen: Triphala 60caps Bio - Emblica officinalis, Terminalia chebula, Terminalia belericaTriphala bevordert een goede darmfunctie. Want zoals u weet is een gezonde darmfunctie erg belangrijk. Een goede darmfunctie zorgt voor het opnemen van voldoende voedingsstoffen en daardoor verhoogt uw weerstand. Triphala is in de Ayurveda bekend om zijn verjongende eigenschappen. Het stimuleert gewichtsverlies door verwijdering van gif en vet. Het is een bron van vitamine C, waardoor het de weerstand verhoogt.~Ayurveda[:en]Buy online: Triphala 60caps Bio - Emblica officinalis, Terminalia chebula, Terminalia belericaTriphala promotes good bowel function. Because as you know is a healthy bowel function very important. Proper bowel function ensures the inclusion of sufficient nutrients and increases your resistance. Triphala is in Ayurveda known for its rejuvenating properties. It promotes weight loss by removing poison and fat. It is a source of vitamin C, so that it increases the resistance.~Ayurveda[:]","breadcrumb":{"@id":"https:\/\/www.desmecht.com\/shop\/ojas-2\/supplements-alimentaires-a-base-de-plantes-ojas-2\/triphala-60caps-bio\/#breadcrumb"},"inLanguage":"en-US","potentialAction":[{"@type":"ReadAction","target":["https:\/\/www.desmecht.com\/shop\/ojas-2\/supplements-alimentaires-a-base-de-plantes-ojas-2\/triphala-60caps-bio\/"]}]},{"@type":"ImageObject","inLanguage":"en-US","@id":"https:\/\/www.desmecht.com\/shop\/ojas-2\/supplements-alimentaires-a-base-de-plantes-ojas-2\/triphala-60caps-bio\/#primaryimage","url":"https:\/\/www.desmecht.com\/wp-content\/uploads\/2018\/12\/Triphala_Ojas_60caps.jpg","contentUrl":"https:\/\/www.desmecht.com\/wp-content\/uploads\/2018\/12\/Triphala_Ojas_60caps.jpg","width":396,"height":403},{"@type":"BreadcrumbList","@id":"https:\/\/www.desmecht.com\/shop\/ojas-2\/supplements-alimentaires-a-base-de-plantes-ojas-2\/triphala-60caps-bio\/#breadcrumb","itemListElement":[{"@type":"ListItem","position":1,"name":"Home","item":"https:\/\/www.desmecht.com\/"},{"@type":"ListItem","position":2,"name":"E-shop","item":"https:\/\/www.desmecht.com\/"},{"@type":"ListItem","position":3,"name":"Triphala 60caps Bio"}]},{"@type":"WebSite","@id":"https:\/\/www.desmecht.com\/#website","url":"https:\/\/www.desmecht.com\/","name":"DESMECHT Herbalist in Brussels - Natural solutions","description":"Natural Solutions","publisher":{"@id":"https:\/\/www.desmecht.com\/#organization"},"potentialAction":[{"@type":"SearchAction","target":{"@type":"EntryPoint","urlTemplate":"https:\/\/www.desmecht.com\/?s={search_term_string}"},"query-input":{"@type":"PropertyValueSpecification","valueRequired":true,"valueName":"search_term_string"}}],"inLanguage":"en-US"},{"@type":"Organization","@id":"https:\/\/www.desmecht.com\/#organization","name":"DESMECHT","url":"https:\/\/www.desmecht.com\/","logo":{"@type":"ImageObject","inLanguage":"en-US","@id":"https:\/\/www.desmecht.com\/#\/schema\/logo\/image\/","url":"https:\/\/www.desmecht.com\/wp-content\/uploads\/2018\/11\/Logo-DESMECHT.png","contentUrl":"https:\/\/www.desmecht.com\/wp-content\/uploads\/2018\/11\/Logo-DESMECHT.png","width":400,"height":254,"caption":"DESMECHT"},"image":{"@id":"https:\/\/www.desmecht.com\/#\/schema\/logo\/image\/"},"sameAs":["http:\/\/www.facebook.com\/herbodesmecht"]}]}},"_links":{"self":[{"href":"https:\/\/www.desmecht.com\/en\/wp-json\/wp\/v2\/product\/16699","targetHints":{"allow":["GET"]}}],"collection":[{"href":"https:\/\/www.desmecht.com\/en\/wp-json\/wp\/v2\/product"}],"about":[{"href":"https:\/\/www.desmecht.com\/en\/wp-json\/wp\/v2\/types\/product"}],"wp:featuredmedia":[{"embeddable":true,"href":"https:\/\/www.desmecht.com\/en\/wp-json\/wp\/v2\/media\/16700"}],"wp:attachment":[{"href":"https:\/\/www.desmecht.com\/en\/wp-json\/wp\/v2\/media?parent=16699"}],"wp:term":[{"taxonomy":"product_brand","embeddable":true,"href":"https:\/\/www.desmecht.com\/en\/wp-json\/wp\/v2\/product_brand?post=16699"},{"taxonomy":"product_cat","embeddable":true,"href":"https:\/\/www.desmecht.com\/en\/wp-json\/wp\/v2\/product_cat?post=16699"},{"taxonomy":"product_tag","embeddable":true,"href":"https:\/\/www.desmecht.com\/en\/wp-json\/wp\/v2\/product_tag?post=16699"}],"curies":[{"name":"wp","href":"https:\/\/api.w.org\/{rel}","templated":true}]}}