{"id":17192,"date":"2019-01-24T10:29:05","date_gmt":"2019-01-24T09:29:05","guid":{"rendered":"https:\/\/www.desmecht.com\/?post_type=product&#038;p=17192"},"modified":"2023-02-01T11:41:40","modified_gmt":"2023-02-01T10:41:40","slug":"tinctuur_nl","status":"publish","type":"product","link":"https:\/\/www.desmecht.com\/en\/shop\/herboristerie\/teintures-meres\/desmecht\/tinctuur_nl\/","title":{"rendered":"Kruidentinctuur NL"},"content":{"rendered":"<p>The tinctures marked with an &#8216;*&#8217; are only for external use.<\/p>","protected":false},"excerpt":{"rendered":"<p>In onze productieruimte produceren wij op uw vraag tincturen van hoogstaande kwaliteit.<br \/>\nWenst u een tinctuur van \u00e9\u00e9n kruid of van meerdere? Geen probleem wij produceren dit speciaal voor u. Wij zorgen tevens voor het juiste alcohol percentage opdat we het grootste percentage bestandelen uit de kruiden halen.<br \/>\n<b> De levertijd hiervoor bedraagt zo&#8217;n 10-tal dagen<\/b><br \/>\nBeschikbaar in 100ml, 200ml, 500ml of 1liter. Kies het volume dat u wenst.<\/p>\n","protected":false},"featured_media":17262,"template":"","meta":[],"product_brand":[],"product_cat":[152,151],"product_tag":[],"class_list":{"0":"post-17192","1":"product","2":"type-product","3":"status-publish","4":"has-post-thumbnail","6":"product_cat-desmecht","7":"product_cat-teintures-meres","8":"tm-has-options","10":"first","11":"instock","12":"taxable","13":"shipping-taxable","14":"purchasable","15":"product-type-variable"},"yoast_head":"<!-- This site is optimized with the Yoast SEO plugin v26.9 - https:\/\/yoast.com\/product\/yoast-seo-wordpress\/ -->\n<title>Kruidentinctuur NL - DESMECHT Herbalist in Brussels - Natural solutions Kruidentinctuur NL - DESMECHT Herbalist in Brussels - Natural solutions Kruidentinctuur NL - DESMECHT Herbalist in Brussels - Natural solutions Kruidentinctuur NL - DESMECHT Herbalist in Brussels - Natural solutions<\/title>\n<meta name=\"description\" content=\"Koop Online: Kruidentincturen op basis van meer dan 300 kruiden (Kies \u00e9\u00e9n kruid of meerdere en maak je eigen recept) - Kwaliteit gegarandeerd door uw Herborist in Brussel (Belgi\u00eb)\" \/>\n<meta name=\"robots\" content=\"index, follow, max-snippet:-1, max-image-preview:large, max-video-preview:-1\" \/>\n<link rel=\"canonical\" href=\"https:\/\/www.desmecht.com\/shop\/herboristerie\/teintures-meres\/desmecht\/tinctuur_nl\/\" \/>\n<meta property=\"og:locale\" content=\"en_US\" \/>\n<meta property=\"og:type\" content=\"article\" \/>\n<meta property=\"og:title\" content=\"[:fr][:fr]Kruidentinctuur NL - DESMECHT Herbalist in Brussels - Natural solutions [:nl][:fr]Kruidentinctuur NL - DESMECHT Herbalist in Brussels - Natural solutions [:nl]Kruidentinctuur NL - DESMECHT Herbalist in Brussels - Natural solutions [:en]Kruidentinctuur NL - DESMECHT Herbalist in Brussels - Natural solutions [:][:en]Kruidentinctuur NL - DESMECHT Herbalist in Brussels - Natural solutions [:][:nl]Kruidentinctuur NL - DESMECHT Herbalist in Brussels - Natural solutions [:en]Kruidentinctuur NL - DESMECHT Herbalist in Brussels - Natural solutions Kruidentinctuur NL - DESMECHT Herbalist in Brussels - Natural solutions[:]\" \/>\n<meta property=\"og:description\" content=\"{:fr}Koop Online: Moedertincturen op basis van meer dan 300 kruiden (Kies \u00e9\u00e9n kruid of meerdere en maak je eigen recept) - Kwaliteit gegarandeerd door uw Herborist in Brussel (Belgi\u00eb){:nl}Koop Online: Kruidentincturen op basis van meer dan 300 kruiden (Kies \u00e9\u00e9n kruid of meerdere en maak je eigen recept) - Kwaliteit gegarandeerd door uw Herborist in Brussel (Belgi\u00eb){:en}Koop Online: Kruidentincturen op basis van meer dan 300 kruiden (Kies \u00e9\u00e9n kruid of meerdere en maak je eigen recept) - Kwaliteit gegarandeerd door uw Herborist in Brussel (Belgi\u00eb){:}\" \/>\n<meta property=\"og:url\" content=\"https:\/\/www.desmecht.com\/shop\/herboristerie\/teintures-meres\/desmecht\/tinctuur_nl\/\" \/>\n<meta property=\"og:site_name\" content=\"DESMECHT Herbalist in Brussels - Natural solutions\" \/>\n<meta property=\"article:publisher\" content=\"http:\/\/www.facebook.com\/herbodesmecht\" \/>\n<meta property=\"article:modified_time\" content=\"2023-02-01T10:41:40+00:00\" \/>\n<meta property=\"og:image\" content=\"https:\/\/www.desmecht.com\/wp-content\/uploads\/2019\/01\/Teintures_Desmecht-1.jpg\" \/>\n\t<meta property=\"og:image:width\" content=\"3113\" \/>\n\t<meta property=\"og:image:height\" content=\"2937\" \/>\n\t<meta property=\"og:image:type\" content=\"image\/jpeg\" \/>\n<meta name=\"twitter:card\" content=\"summary_large_image\" \/>\n<meta name=\"twitter:label1\" content=\"Est. reading time\" \/>\n\t<meta name=\"twitter:data1\" content=\"1 minute\" \/>\n<script type=\"application\/ld+json\" class=\"yoast-schema-graph\">{\"@context\":\"https:\/\/schema.org\",\"@graph\":[{\"@type\":\"WebPage\",\"@id\":\"https:\/\/www.desmecht.com\/shop\/herboristerie\/teintures-meres\/desmecht\/tinctuur_nl\/\",\"url\":\"https:\/\/www.desmecht.com\/shop\/herboristerie\/teintures-meres\/desmecht\/tinctuur_nl\/\",\"name\":\"[:fr][:fr]Kruidentinctuur NL - DESMECHT Herbalist in Brussels - Natural solutions [:nl][:fr]Kruidentinctuur NL - DESMECHT Herbalist in Brussels - Natural solutions [:nl]Kruidentinctuur NL - DESMECHT Herbalist in Brussels - Natural solutions [:en]Kruidentinctuur NL - DESMECHT Herbalist in Brussels - Natural solutions [:][:en]Kruidentinctuur NL - DESMECHT Herbalist in Brussels - Natural solutions [:][:nl]Kruidentinctuur NL - DESMECHT Herbalist in Brussels - Natural solutions [:en]Kruidentinctuur NL - DESMECHT Herbalist in Brussels - Natural solutions Kruidentinctuur NL - DESMECHT Herbalist in Brussels - Natural solutions[:]\",\"isPartOf\":{\"@id\":\"https:\/\/www.desmecht.com\/#website\"},\"primaryImageOfPage\":{\"@id\":\"https:\/\/www.desmecht.com\/shop\/herboristerie\/teintures-meres\/desmecht\/tinctuur_nl\/#primaryimage\"},\"image\":{\"@id\":\"https:\/\/www.desmecht.com\/shop\/herboristerie\/teintures-meres\/desmecht\/tinctuur_nl\/#primaryimage\"},\"thumbnailUrl\":\"https:\/\/www.desmecht.com\/wp-content\/uploads\/2019\/01\/Teintures_Desmecht-1.jpg\",\"datePublished\":\"2019-01-24T09:29:05+00:00\",\"dateModified\":\"2023-02-01T10:41:40+00:00\",\"description\":\"{:fr}Koop Online: Moedertincturen op basis van meer dan 300 kruiden (Kies \u00e9\u00e9n kruid of meerdere en maak je eigen recept) - Kwaliteit gegarandeerd door uw Herborist in Brussel (Belgi\u00eb){:nl}Koop Online: Kruidentincturen op basis van meer dan 300 kruiden (Kies \u00e9\u00e9n kruid of meerdere en maak je eigen recept) - Kwaliteit gegarandeerd door uw Herborist in Brussel (Belgi\u00eb){:en}Koop Online: Kruidentincturen op basis van meer dan 300 kruiden (Kies \u00e9\u00e9n kruid of meerdere en maak je eigen recept) - Kwaliteit gegarandeerd door uw Herborist in Brussel (Belgi\u00eb){:}\",\"breadcrumb\":{\"@id\":\"https:\/\/www.desmecht.com\/shop\/herboristerie\/teintures-meres\/desmecht\/tinctuur_nl\/#breadcrumb\"},\"inLanguage\":\"en-US\",\"potentialAction\":[{\"@type\":\"ReadAction\",\"target\":[\"https:\/\/www.desmecht.com\/shop\/herboristerie\/teintures-meres\/desmecht\/tinctuur_nl\/\"]}]},{\"@type\":\"ImageObject\",\"inLanguage\":\"en-US\",\"@id\":\"https:\/\/www.desmecht.com\/shop\/herboristerie\/teintures-meres\/desmecht\/tinctuur_nl\/#primaryimage\",\"url\":\"https:\/\/www.desmecht.com\/wp-content\/uploads\/2019\/01\/Teintures_Desmecht-1.jpg\",\"contentUrl\":\"https:\/\/www.desmecht.com\/wp-content\/uploads\/2019\/01\/Teintures_Desmecht-1.jpg\",\"width\":3113,\"height\":2937},{\"@type\":\"BreadcrumbList\",\"@id\":\"https:\/\/www.desmecht.com\/shop\/herboristerie\/teintures-meres\/desmecht\/tinctuur_nl\/#breadcrumb\",\"itemListElement\":[{\"@type\":\"ListItem\",\"position\":1,\"name\":\"Home\",\"item\":\"https:\/\/www.desmecht.com\/\"},{\"@type\":\"ListItem\",\"position\":2,\"name\":\"E-shop\",\"item\":\"https:\/\/www.desmecht.com\/\"},{\"@type\":\"ListItem\",\"position\":3,\"name\":\"Kruidentinctuur volgens uw eigen recept\"}]},{\"@type\":\"WebSite\",\"@id\":\"https:\/\/www.desmecht.com\/#website\",\"url\":\"https:\/\/www.desmecht.com\/\",\"name\":\"DESMECHT Herbalist in Brussels - Natural solutions\",\"description\":\"Natural Solutions\",\"publisher\":{\"@id\":\"https:\/\/www.desmecht.com\/#organization\"},\"potentialAction\":[{\"@type\":\"SearchAction\",\"target\":{\"@type\":\"EntryPoint\",\"urlTemplate\":\"https:\/\/www.desmecht.com\/?s={search_term_string}\"},\"query-input\":{\"@type\":\"PropertyValueSpecification\",\"valueRequired\":true,\"valueName\":\"search_term_string\"}}],\"inLanguage\":\"en-US\"},{\"@type\":\"Organization\",\"@id\":\"https:\/\/www.desmecht.com\/#organization\",\"name\":\"DESMECHT\",\"url\":\"https:\/\/www.desmecht.com\/\",\"logo\":{\"@type\":\"ImageObject\",\"inLanguage\":\"en-US\",\"@id\":\"https:\/\/www.desmecht.com\/#\/schema\/logo\/image\/\",\"url\":\"https:\/\/www.desmecht.com\/wp-content\/uploads\/2018\/11\/Logo-DESMECHT.png\",\"contentUrl\":\"https:\/\/www.desmecht.com\/wp-content\/uploads\/2018\/11\/Logo-DESMECHT.png\",\"width\":400,\"height\":254,\"caption\":\"DESMECHT\"},\"image\":{\"@id\":\"https:\/\/www.desmecht.com\/#\/schema\/logo\/image\/\"},\"sameAs\":[\"http:\/\/www.facebook.com\/herbodesmecht\"]}]}<\/script>\n<!-- \/ Yoast SEO plugin. -->","yoast_head_json":{"title":"Kruidentinctuur NL - DESMECHT Herbalist in Brussels - Natural solutions Kruidentinctuur NL - DESMECHT Herbalist in Brussels - Natural solutions Kruidentinctuur NL - DESMECHT Herbalist in Brussels - Natural solutions Kruidentinctuur NL - DESMECHT Herbalist in Brussels - Natural solutions","description":"Koop Online: Kruidentincturen op basis van meer dan 300 kruiden (Kies \u00e9\u00e9n kruid of meerdere en maak je eigen recept) - Kwaliteit gegarandeerd door uw Herborist in Brussel (Belgi\u00eb)","robots":{"index":"index","follow":"follow","max-snippet":"max-snippet:-1","max-image-preview":"max-image-preview:large","max-video-preview":"max-video-preview:-1"},"canonical":"https:\/\/www.desmecht.com\/shop\/herboristerie\/teintures-meres\/desmecht\/tinctuur_nl\/","og_locale":"en_US","og_type":"article","og_title":"[:fr][:fr]Kruidentinctuur NL - DESMECHT Herbalist in Brussels - Natural solutions [:nl][:fr]Kruidentinctuur NL - DESMECHT Herbalist in Brussels - Natural solutions [:nl]Kruidentinctuur NL - DESMECHT Herbalist in Brussels - Natural solutions [:en]Kruidentinctuur NL - DESMECHT Herbalist in Brussels - Natural solutions [:][:en]Kruidentinctuur NL - DESMECHT Herbalist in Brussels - Natural solutions [:][:nl]Kruidentinctuur NL - DESMECHT Herbalist in Brussels - Natural solutions [:en]Kruidentinctuur NL - DESMECHT Herbalist in Brussels - Natural solutions Kruidentinctuur NL - DESMECHT Herbalist in Brussels - Natural solutions[:]","og_description":"{:fr}Koop Online: Moedertincturen op basis van meer dan 300 kruiden (Kies \u00e9\u00e9n kruid of meerdere en maak je eigen recept) - Kwaliteit gegarandeerd door uw Herborist in Brussel (Belgi\u00eb){:nl}Koop Online: Kruidentincturen op basis van meer dan 300 kruiden (Kies \u00e9\u00e9n kruid of meerdere en maak je eigen recept) - Kwaliteit gegarandeerd door uw Herborist in Brussel (Belgi\u00eb){:en}Koop Online: Kruidentincturen op basis van meer dan 300 kruiden (Kies \u00e9\u00e9n kruid of meerdere en maak je eigen recept) - Kwaliteit gegarandeerd door uw Herborist in Brussel (Belgi\u00eb){:}","og_url":"https:\/\/www.desmecht.com\/shop\/herboristerie\/teintures-meres\/desmecht\/tinctuur_nl\/","og_site_name":"DESMECHT Herbalist in Brussels - Natural solutions","article_publisher":"http:\/\/www.facebook.com\/herbodesmecht","article_modified_time":"2023-02-01T10:41:40+00:00","og_image":[{"width":3113,"height":2937,"url":"https:\/\/www.desmecht.com\/wp-content\/uploads\/2019\/01\/Teintures_Desmecht-1.jpg","type":"image\/jpeg"}],"twitter_card":"summary_large_image","twitter_misc":{"Est. reading time":"1 minute"},"schema":{"@context":"https:\/\/schema.org","@graph":[{"@type":"WebPage","@id":"https:\/\/www.desmecht.com\/shop\/herboristerie\/teintures-meres\/desmecht\/tinctuur_nl\/","url":"https:\/\/www.desmecht.com\/shop\/herboristerie\/teintures-meres\/desmecht\/tinctuur_nl\/","name":"[:fr][:fr]Kruidentinctuur NL - DESMECHT Herbalist in Brussels - Natural solutions [:nl][:fr]Kruidentinctuur NL - DESMECHT Herbalist in Brussels - Natural solutions [:nl]Kruidentinctuur NL - DESMECHT Herbalist in Brussels - Natural solutions [:en]Kruidentinctuur NL - DESMECHT Herbalist in Brussels - Natural solutions [:][:en]Kruidentinctuur NL - DESMECHT Herbalist in Brussels - Natural solutions [:][:nl]Kruidentinctuur NL - DESMECHT Herbalist in Brussels - Natural solutions [:en]Kruidentinctuur NL - DESMECHT Herbalist in Brussels - Natural solutions Kruidentinctuur NL - DESMECHT Herbalist in Brussels - Natural solutions[:]","isPartOf":{"@id":"https:\/\/www.desmecht.com\/#website"},"primaryImageOfPage":{"@id":"https:\/\/www.desmecht.com\/shop\/herboristerie\/teintures-meres\/desmecht\/tinctuur_nl\/#primaryimage"},"image":{"@id":"https:\/\/www.desmecht.com\/shop\/herboristerie\/teintures-meres\/desmecht\/tinctuur_nl\/#primaryimage"},"thumbnailUrl":"https:\/\/www.desmecht.com\/wp-content\/uploads\/2019\/01\/Teintures_Desmecht-1.jpg","datePublished":"2019-01-24T09:29:05+00:00","dateModified":"2023-02-01T10:41:40+00:00","description":"{:fr}Koop Online: Moedertincturen op basis van meer dan 300 kruiden (Kies \u00e9\u00e9n kruid of meerdere en maak je eigen recept) - Kwaliteit gegarandeerd door uw Herborist in Brussel (Belgi\u00eb){:nl}Koop Online: Kruidentincturen op basis van meer dan 300 kruiden (Kies \u00e9\u00e9n kruid of meerdere en maak je eigen recept) - Kwaliteit gegarandeerd door uw Herborist in Brussel (Belgi\u00eb){:en}Koop Online: Kruidentincturen op basis van meer dan 300 kruiden (Kies \u00e9\u00e9n kruid of meerdere en maak je eigen recept) - Kwaliteit gegarandeerd door uw Herborist in Brussel (Belgi\u00eb){:}","breadcrumb":{"@id":"https:\/\/www.desmecht.com\/shop\/herboristerie\/teintures-meres\/desmecht\/tinctuur_nl\/#breadcrumb"},"inLanguage":"en-US","potentialAction":[{"@type":"ReadAction","target":["https:\/\/www.desmecht.com\/shop\/herboristerie\/teintures-meres\/desmecht\/tinctuur_nl\/"]}]},{"@type":"ImageObject","inLanguage":"en-US","@id":"https:\/\/www.desmecht.com\/shop\/herboristerie\/teintures-meres\/desmecht\/tinctuur_nl\/#primaryimage","url":"https:\/\/www.desmecht.com\/wp-content\/uploads\/2019\/01\/Teintures_Desmecht-1.jpg","contentUrl":"https:\/\/www.desmecht.com\/wp-content\/uploads\/2019\/01\/Teintures_Desmecht-1.jpg","width":3113,"height":2937},{"@type":"BreadcrumbList","@id":"https:\/\/www.desmecht.com\/shop\/herboristerie\/teintures-meres\/desmecht\/tinctuur_nl\/#breadcrumb","itemListElement":[{"@type":"ListItem","position":1,"name":"Home","item":"https:\/\/www.desmecht.com\/"},{"@type":"ListItem","position":2,"name":"E-shop","item":"https:\/\/www.desmecht.com\/"},{"@type":"ListItem","position":3,"name":"Kruidentinctuur volgens uw eigen recept"}]},{"@type":"WebSite","@id":"https:\/\/www.desmecht.com\/#website","url":"https:\/\/www.desmecht.com\/","name":"DESMECHT Herbalist in Brussels - Natural solutions","description":"Natural Solutions","publisher":{"@id":"https:\/\/www.desmecht.com\/#organization"},"potentialAction":[{"@type":"SearchAction","target":{"@type":"EntryPoint","urlTemplate":"https:\/\/www.desmecht.com\/?s={search_term_string}"},"query-input":{"@type":"PropertyValueSpecification","valueRequired":true,"valueName":"search_term_string"}}],"inLanguage":"en-US"},{"@type":"Organization","@id":"https:\/\/www.desmecht.com\/#organization","name":"DESMECHT","url":"https:\/\/www.desmecht.com\/","logo":{"@type":"ImageObject","inLanguage":"en-US","@id":"https:\/\/www.desmecht.com\/#\/schema\/logo\/image\/","url":"https:\/\/www.desmecht.com\/wp-content\/uploads\/2018\/11\/Logo-DESMECHT.png","contentUrl":"https:\/\/www.desmecht.com\/wp-content\/uploads\/2018\/11\/Logo-DESMECHT.png","width":400,"height":254,"caption":"DESMECHT"},"image":{"@id":"https:\/\/www.desmecht.com\/#\/schema\/logo\/image\/"},"sameAs":["http:\/\/www.facebook.com\/herbodesmecht"]}]}},"_links":{"self":[{"href":"https:\/\/www.desmecht.com\/en\/wp-json\/wp\/v2\/product\/17192","targetHints":{"allow":["GET"]}}],"collection":[{"href":"https:\/\/www.desmecht.com\/en\/wp-json\/wp\/v2\/product"}],"about":[{"href":"https:\/\/www.desmecht.com\/en\/wp-json\/wp\/v2\/types\/product"}],"wp:featuredmedia":[{"embeddable":true,"href":"https:\/\/www.desmecht.com\/en\/wp-json\/wp\/v2\/media\/17262"}],"wp:attachment":[{"href":"https:\/\/www.desmecht.com\/en\/wp-json\/wp\/v2\/media?parent=17192"}],"wp:term":[{"taxonomy":"product_brand","embeddable":true,"href":"https:\/\/www.desmecht.com\/en\/wp-json\/wp\/v2\/product_brand?post=17192"},{"taxonomy":"product_cat","embeddable":true,"href":"https:\/\/www.desmecht.com\/en\/wp-json\/wp\/v2\/product_cat?post=17192"},{"taxonomy":"product_tag","embeddable":true,"href":"https:\/\/www.desmecht.com\/en\/wp-json\/wp\/v2\/product_tag?post=17192"}],"curies":[{"name":"wp","href":"https:\/\/api.w.org\/{rel}","templated":true}]}}