{"id":17239,"date":"2019-01-24T16:10:13","date_gmt":"2019-01-24T15:10:13","guid":{"rendered":"https:\/\/www.desmecht.com\/?post_type=product&#038;p=17239"},"modified":"2023-02-01T12:07:06","modified_gmt":"2023-02-01T11:07:06","slug":"tincture_en","status":"publish","type":"product","link":"https:\/\/www.desmecht.com\/en\/shop\/herboristerie\/teintures-meres\/desmecht\/tincture_en\/","title":{"rendered":"Tincture of herbs according to your recipe"},"content":{"rendered":"<p>&gt; These tinctures are food with the exception of the herbs \/ plants with an *. These are only qualified for external use.<\/p>","protected":false},"excerpt":{"rendered":"<p>In our production area, we produce tinctures of high quality at your request.<br \/>\nDo you want a tincture of one herb or more herbs? No problem, we produce this especially for you. We also ensure the correct alcohol percentage so that we get the largest percentage of components from the plants.<br \/>\n<strong>The delivery time for this is about 10 days.<\/strong><br \/>\nAvailable in 100ml, 200ml, 500ml or 1liter. Choose the volume you want.<\/p>\n","protected":false},"featured_media":17262,"template":"","meta":[],"product_brand":[],"product_cat":[152,151],"product_tag":[],"class_list":{"0":"post-17239","1":"product","2":"type-product","3":"status-publish","4":"has-post-thumbnail","6":"product_cat-desmecht","7":"product_cat-teintures-meres","8":"tm-has-options","10":"first","11":"instock","12":"taxable","13":"shipping-taxable","14":"purchasable","15":"product-type-variable"},"yoast_head":"<!-- This site is optimized with the Yoast SEO plugin v26.9 - https:\/\/yoast.com\/product\/yoast-seo-wordpress\/ -->\n<title>Tincture of herbs according to your recipe - DESMECHT Herbalist in Brussels - Natural solutions<\/title>\n<meta name=\"description\" content=\"Buy Online: Mother tincture of more than 300 herbes (Chose one or more herbs and create your own recipe) - Quality garanteed by your Herbalist in Brussels (Belgium)\" \/>\n<meta name=\"robots\" content=\"index, follow, max-snippet:-1, max-image-preview:large, max-video-preview:-1\" \/>\n<link rel=\"canonical\" href=\"https:\/\/www.desmecht.com\/shop\/herboristerie\/teintures-meres\/desmecht\/tincture_en\/\" \/>\n<meta property=\"og:locale\" content=\"en_US\" \/>\n<meta property=\"og:type\" content=\"article\" \/>\n<meta property=\"og:title\" content=\"Tincture of herbs according to your recipe - DESMECHT Herbalist in Brussels - Natural solutions\" \/>\n<meta property=\"og:description\" content=\"{:fr}Achetez en ligne: Teinture m\u00e8re \u00e0 base de plus de 300 plantes. (Choissisez un herbe ou plusieurs et cr\u00e9ez votre propre recette). Qualit\u00e9 garanti par votre herboriste \u00e0 Bruxelles (Belgique){:en}Buy Online: Mother tincture of more than 300 herbes (Chose one or more herbs and create your own recipe) - Quality garanteed by your Herbalist in Brussels (Belgium){:}\" \/>\n<meta property=\"og:url\" content=\"https:\/\/www.desmecht.com\/shop\/herboristerie\/teintures-meres\/desmecht\/tincture_en\/\" \/>\n<meta property=\"og:site_name\" content=\"DESMECHT Herbalist in Brussels - Natural solutions\" \/>\n<meta property=\"article:publisher\" content=\"http:\/\/www.facebook.com\/herbodesmecht\" \/>\n<meta property=\"article:modified_time\" content=\"2023-02-01T11:07:06+00:00\" \/>\n<meta property=\"og:image\" content=\"https:\/\/www.desmecht.com\/wp-content\/uploads\/2019\/01\/Teintures_Desmecht-1.jpg\" \/>\n\t<meta property=\"og:image:width\" content=\"3113\" \/>\n\t<meta property=\"og:image:height\" content=\"2937\" \/>\n\t<meta property=\"og:image:type\" content=\"image\/jpeg\" \/>\n<meta name=\"twitter:card\" content=\"summary_large_image\" \/>\n<script type=\"application\/ld+json\" class=\"yoast-schema-graph\">{\"@context\":\"https:\/\/schema.org\",\"@graph\":[{\"@type\":\"WebPage\",\"@id\":\"https:\/\/www.desmecht.com\/shop\/herboristerie\/teintures-meres\/desmecht\/tincture_en\/\",\"url\":\"https:\/\/www.desmecht.com\/shop\/herboristerie\/teintures-meres\/desmecht\/tincture_en\/\",\"name\":\"Tincture of herbs according to your recipe - DESMECHT Herbalist in Brussels - Natural solutions\",\"isPartOf\":{\"@id\":\"https:\/\/www.desmecht.com\/#website\"},\"primaryImageOfPage\":{\"@id\":\"https:\/\/www.desmecht.com\/shop\/herboristerie\/teintures-meres\/desmecht\/tincture_en\/#primaryimage\"},\"image\":{\"@id\":\"https:\/\/www.desmecht.com\/shop\/herboristerie\/teintures-meres\/desmecht\/tincture_en\/#primaryimage\"},\"thumbnailUrl\":\"https:\/\/www.desmecht.com\/wp-content\/uploads\/2019\/01\/Teintures_Desmecht-1.jpg\",\"datePublished\":\"2019-01-24T15:10:13+00:00\",\"dateModified\":\"2023-02-01T11:07:06+00:00\",\"description\":\"{:fr}Achetez en ligne: Teinture m\u00e8re \u00e0 base de plus de 300 plantes. (Choissisez un herbe ou plusieurs et cr\u00e9ez votre propre recette). Qualit\u00e9 garanti par votre herboriste \u00e0 Bruxelles (Belgique){:en}Buy Online: Mother tincture of more than 300 herbes (Chose one or more herbs and create your own recipe) - Quality garanteed by your Herbalist in Brussels (Belgium){:}\",\"breadcrumb\":{\"@id\":\"https:\/\/www.desmecht.com\/shop\/herboristerie\/teintures-meres\/desmecht\/tincture_en\/#breadcrumb\"},\"inLanguage\":\"en-US\",\"potentialAction\":[{\"@type\":\"ReadAction\",\"target\":[\"https:\/\/www.desmecht.com\/shop\/herboristerie\/teintures-meres\/desmecht\/tincture_en\/\"]}]},{\"@type\":\"ImageObject\",\"inLanguage\":\"en-US\",\"@id\":\"https:\/\/www.desmecht.com\/shop\/herboristerie\/teintures-meres\/desmecht\/tincture_en\/#primaryimage\",\"url\":\"https:\/\/www.desmecht.com\/wp-content\/uploads\/2019\/01\/Teintures_Desmecht-1.jpg\",\"contentUrl\":\"https:\/\/www.desmecht.com\/wp-content\/uploads\/2019\/01\/Teintures_Desmecht-1.jpg\",\"width\":3113,\"height\":2937},{\"@type\":\"BreadcrumbList\",\"@id\":\"https:\/\/www.desmecht.com\/shop\/herboristerie\/teintures-meres\/desmecht\/tincture_en\/#breadcrumb\",\"itemListElement\":[{\"@type\":\"ListItem\",\"position\":1,\"name\":\"Home\",\"item\":\"https:\/\/www.desmecht.com\/\"},{\"@type\":\"ListItem\",\"position\":2,\"name\":\"E-shop\",\"item\":\"https:\/\/www.desmecht.com\/\"},{\"@type\":\"ListItem\",\"position\":3,\"name\":\"Tincture ENG\"}]},{\"@type\":\"WebSite\",\"@id\":\"https:\/\/www.desmecht.com\/#website\",\"url\":\"https:\/\/www.desmecht.com\/\",\"name\":\"DESMECHT Herbalist in Brussels - Natural solutions\",\"description\":\"Natural Solutions\",\"publisher\":{\"@id\":\"https:\/\/www.desmecht.com\/#organization\"},\"potentialAction\":[{\"@type\":\"SearchAction\",\"target\":{\"@type\":\"EntryPoint\",\"urlTemplate\":\"https:\/\/www.desmecht.com\/?s={search_term_string}\"},\"query-input\":{\"@type\":\"PropertyValueSpecification\",\"valueRequired\":true,\"valueName\":\"search_term_string\"}}],\"inLanguage\":\"en-US\"},{\"@type\":\"Organization\",\"@id\":\"https:\/\/www.desmecht.com\/#organization\",\"name\":\"DESMECHT\",\"url\":\"https:\/\/www.desmecht.com\/\",\"logo\":{\"@type\":\"ImageObject\",\"inLanguage\":\"en-US\",\"@id\":\"https:\/\/www.desmecht.com\/#\/schema\/logo\/image\/\",\"url\":\"https:\/\/www.desmecht.com\/wp-content\/uploads\/2018\/11\/Logo-DESMECHT.png\",\"contentUrl\":\"https:\/\/www.desmecht.com\/wp-content\/uploads\/2018\/11\/Logo-DESMECHT.png\",\"width\":400,\"height\":254,\"caption\":\"DESMECHT\"},\"image\":{\"@id\":\"https:\/\/www.desmecht.com\/#\/schema\/logo\/image\/\"},\"sameAs\":[\"http:\/\/www.facebook.com\/herbodesmecht\"]}]}<\/script>\n<!-- \/ Yoast SEO plugin. -->","yoast_head_json":{"title":"Tincture of herbs according to your recipe - DESMECHT Herbalist in Brussels - Natural solutions","description":"Buy Online: Mother tincture of more than 300 herbes (Chose one or more herbs and create your own recipe) - Quality garanteed by your Herbalist in Brussels (Belgium)","robots":{"index":"index","follow":"follow","max-snippet":"max-snippet:-1","max-image-preview":"max-image-preview:large","max-video-preview":"max-video-preview:-1"},"canonical":"https:\/\/www.desmecht.com\/shop\/herboristerie\/teintures-meres\/desmecht\/tincture_en\/","og_locale":"en_US","og_type":"article","og_title":"Tincture of herbs according to your recipe - DESMECHT Herbalist in Brussels - Natural solutions","og_description":"{:fr}Achetez en ligne: Teinture m\u00e8re \u00e0 base de plus de 300 plantes. (Choissisez un herbe ou plusieurs et cr\u00e9ez votre propre recette). Qualit\u00e9 garanti par votre herboriste \u00e0 Bruxelles (Belgique){:en}Buy Online: Mother tincture of more than 300 herbes (Chose one or more herbs and create your own recipe) - Quality garanteed by your Herbalist in Brussels (Belgium){:}","og_url":"https:\/\/www.desmecht.com\/shop\/herboristerie\/teintures-meres\/desmecht\/tincture_en\/","og_site_name":"DESMECHT Herbalist in Brussels - Natural solutions","article_publisher":"http:\/\/www.facebook.com\/herbodesmecht","article_modified_time":"2023-02-01T11:07:06+00:00","og_image":[{"width":3113,"height":2937,"url":"https:\/\/www.desmecht.com\/wp-content\/uploads\/2019\/01\/Teintures_Desmecht-1.jpg","type":"image\/jpeg"}],"twitter_card":"summary_large_image","schema":{"@context":"https:\/\/schema.org","@graph":[{"@type":"WebPage","@id":"https:\/\/www.desmecht.com\/shop\/herboristerie\/teintures-meres\/desmecht\/tincture_en\/","url":"https:\/\/www.desmecht.com\/shop\/herboristerie\/teintures-meres\/desmecht\/tincture_en\/","name":"Tincture of herbs according to your recipe - DESMECHT Herbalist in Brussels - Natural solutions","isPartOf":{"@id":"https:\/\/www.desmecht.com\/#website"},"primaryImageOfPage":{"@id":"https:\/\/www.desmecht.com\/shop\/herboristerie\/teintures-meres\/desmecht\/tincture_en\/#primaryimage"},"image":{"@id":"https:\/\/www.desmecht.com\/shop\/herboristerie\/teintures-meres\/desmecht\/tincture_en\/#primaryimage"},"thumbnailUrl":"https:\/\/www.desmecht.com\/wp-content\/uploads\/2019\/01\/Teintures_Desmecht-1.jpg","datePublished":"2019-01-24T15:10:13+00:00","dateModified":"2023-02-01T11:07:06+00:00","description":"{:fr}Achetez en ligne: Teinture m\u00e8re \u00e0 base de plus de 300 plantes. (Choissisez un herbe ou plusieurs et cr\u00e9ez votre propre recette). Qualit\u00e9 garanti par votre herboriste \u00e0 Bruxelles (Belgique){:en}Buy Online: Mother tincture of more than 300 herbes (Chose one or more herbs and create your own recipe) - Quality garanteed by your Herbalist in Brussels (Belgium){:}","breadcrumb":{"@id":"https:\/\/www.desmecht.com\/shop\/herboristerie\/teintures-meres\/desmecht\/tincture_en\/#breadcrumb"},"inLanguage":"en-US","potentialAction":[{"@type":"ReadAction","target":["https:\/\/www.desmecht.com\/shop\/herboristerie\/teintures-meres\/desmecht\/tincture_en\/"]}]},{"@type":"ImageObject","inLanguage":"en-US","@id":"https:\/\/www.desmecht.com\/shop\/herboristerie\/teintures-meres\/desmecht\/tincture_en\/#primaryimage","url":"https:\/\/www.desmecht.com\/wp-content\/uploads\/2019\/01\/Teintures_Desmecht-1.jpg","contentUrl":"https:\/\/www.desmecht.com\/wp-content\/uploads\/2019\/01\/Teintures_Desmecht-1.jpg","width":3113,"height":2937},{"@type":"BreadcrumbList","@id":"https:\/\/www.desmecht.com\/shop\/herboristerie\/teintures-meres\/desmecht\/tincture_en\/#breadcrumb","itemListElement":[{"@type":"ListItem","position":1,"name":"Home","item":"https:\/\/www.desmecht.com\/"},{"@type":"ListItem","position":2,"name":"E-shop","item":"https:\/\/www.desmecht.com\/"},{"@type":"ListItem","position":3,"name":"Tincture ENG"}]},{"@type":"WebSite","@id":"https:\/\/www.desmecht.com\/#website","url":"https:\/\/www.desmecht.com\/","name":"DESMECHT Herbalist in Brussels - Natural solutions","description":"Natural Solutions","publisher":{"@id":"https:\/\/www.desmecht.com\/#organization"},"potentialAction":[{"@type":"SearchAction","target":{"@type":"EntryPoint","urlTemplate":"https:\/\/www.desmecht.com\/?s={search_term_string}"},"query-input":{"@type":"PropertyValueSpecification","valueRequired":true,"valueName":"search_term_string"}}],"inLanguage":"en-US"},{"@type":"Organization","@id":"https:\/\/www.desmecht.com\/#organization","name":"DESMECHT","url":"https:\/\/www.desmecht.com\/","logo":{"@type":"ImageObject","inLanguage":"en-US","@id":"https:\/\/www.desmecht.com\/#\/schema\/logo\/image\/","url":"https:\/\/www.desmecht.com\/wp-content\/uploads\/2018\/11\/Logo-DESMECHT.png","contentUrl":"https:\/\/www.desmecht.com\/wp-content\/uploads\/2018\/11\/Logo-DESMECHT.png","width":400,"height":254,"caption":"DESMECHT"},"image":{"@id":"https:\/\/www.desmecht.com\/#\/schema\/logo\/image\/"},"sameAs":["http:\/\/www.facebook.com\/herbodesmecht"]}]}},"_links":{"self":[{"href":"https:\/\/www.desmecht.com\/en\/wp-json\/wp\/v2\/product\/17239","targetHints":{"allow":["GET"]}}],"collection":[{"href":"https:\/\/www.desmecht.com\/en\/wp-json\/wp\/v2\/product"}],"about":[{"href":"https:\/\/www.desmecht.com\/en\/wp-json\/wp\/v2\/types\/product"}],"wp:featuredmedia":[{"embeddable":true,"href":"https:\/\/www.desmecht.com\/en\/wp-json\/wp\/v2\/media\/17262"}],"wp:attachment":[{"href":"https:\/\/www.desmecht.com\/en\/wp-json\/wp\/v2\/media?parent=17239"}],"wp:term":[{"taxonomy":"product_brand","embeddable":true,"href":"https:\/\/www.desmecht.com\/en\/wp-json\/wp\/v2\/product_brand?post=17239"},{"taxonomy":"product_cat","embeddable":true,"href":"https:\/\/www.desmecht.com\/en\/wp-json\/wp\/v2\/product_cat?post=17239"},{"taxonomy":"product_tag","embeddable":true,"href":"https:\/\/www.desmecht.com\/en\/wp-json\/wp\/v2\/product_tag?post=17239"}],"curies":[{"name":"wp","href":"https:\/\/api.w.org\/{rel}","templated":true}]}}