{"id":18487,"date":"2025-05-16T16:10:16","date_gmt":"2025-05-16T14:10:16","guid":{"rendered":"https:\/\/www.desmecht.com\/shop\/niet-gecategoriseerd\/propolis-verte-500mg-bio-120caps\/"},"modified":"2025-05-16T18:10:17","modified_gmt":"2025-05-16T16:10:17","slug":"propolis-verte-bio-120caps","status":"publish","type":"product","link":"https:\/\/www.desmecht.com\/en\/shop\/propos-nature-3\/supplements-alimentaires-a-base-de-plantes-propos-nature-3\/propolis-verte-bio-120caps\/","title":{"rendered":"Green propolis Bio 120caps"},"content":{"rendered":"<p><\/p>","protected":false},"excerpt":{"rendered":"<p class=\"qtranxs-available-languages-message qtranxs-available-languages-message-en\">Sorry, this entry is only available in <a href=\"https:\/\/www.desmecht.com\/fr\/wp-json\/wp\/v2\/product\/18487\" class=\"qtranxs-available-language-link qtranxs-available-language-link-fr\" title=\"Fran\u00e7ais\">Fran\u00e7ais<\/a> and <a href=\"https:\/\/www.desmecht.com\/nl\/wp-json\/wp\/v2\/product\/18487\" class=\"qtranxs-available-language-link qtranxs-available-language-link-nl\" title=\"Nederlands\">Nederlands<\/a>. For the sake of viewer convenience, the content is shown below in this site default language. You may click one of the links to switch the site language to another available language.<\/p>\n<p>Cette Propolis verte bio est issue des r\u00e9gions sud du Br\u00e9sil (Paran\u00e1, Santa Catarina) . Cette r\u00e9gion contient en abondance une plante tr\u00e8s sp\u00e9cifique sur laquelle les abeilles butinent cette vari\u00e9t\u00e9 tr\u00e8s sp\u00e9ciale de Propolis verte: le Baccharis Dracunculifolia.<br \/>La Propolis verte issue du Baccharis n\u0092est pas r\u00e9colt\u00e9e par raclage des cadres, mais par une m\u00e9thode tr\u00e8s ing\u00e9nieuse permettant d\u0092obtenir un produit brut d\u0092une qualit\u00e9 exceptionnelle. <br \/>100mg\/caps (4 caps par jour)<\/p>\n","protected":false},"featured_media":20547,"template":"","meta":[],"product_brand":[],"product_cat":[253,291,215,292,104],"product_tag":[],"class_list":{"0":"post-18487","1":"product","2":"type-product","3":"status-publish","4":"has-post-thumbnail","6":"product_cat-propos-nature","7":"product_cat-propos-nature-3","8":"product_cat-supplements-alimentaires-a-base-de-plantes","9":"product_cat-supplements-alimentaires-a-base-de-plantes-propos-nature-3","10":"product_cat-herboristerie","11":"tm-no-options","13":"first","14":"instock","15":"taxable","16":"shipping-taxable","17":"purchasable","18":"product-type-simple"},"yoast_head":"<!-- This site is optimized with the Yoast SEO plugin v26.9 - https:\/\/yoast.com\/product\/yoast-seo-wordpress\/ -->\n<title>Buy online: Green propolis Bio 120caps<\/title>\n<meta name=\"description\" content=\"Buy online: Green propolis Bio 120caps\" \/>\n<meta name=\"robots\" content=\"index, follow, max-snippet:-1, max-image-preview:large, max-video-preview:-1\" \/>\n<link rel=\"canonical\" href=\"https:\/\/www.desmecht.com\/shop\/propos-nature-3\/supplements-alimentaires-a-base-de-plantes-propos-nature-3\/propolis-verte-bio-120caps\/\" \/>\n<meta property=\"og:locale\" content=\"en_US\" \/>\n<meta property=\"og:type\" content=\"article\" \/>\n<meta property=\"og:title\" content=\"[:fr]Acheter en ligne: Propolis verte Bio 120caps[:nl]Online kopen: Groene propolis Bio 120caps[:en]Buy online: Green propolis Bio 120caps[:]\" \/>\n<meta property=\"og:description\" content=\"[:fr]Acheter en ligne: Propolis verte Bio 120caps[:nl]Online kopen: Groene propolis Bio 120caps[:en]Buy online: Green propolis Bio 120caps[:]\" \/>\n<meta property=\"og:url\" content=\"https:\/\/www.desmecht.com\/shop\/propos-nature-3\/supplements-alimentaires-a-base-de-plantes-propos-nature-3\/propolis-verte-bio-120caps\/\" \/>\n<meta property=\"og:site_name\" content=\"DESMECHT Herbalist in Brussels - Natural solutions\" \/>\n<meta property=\"article:publisher\" content=\"http:\/\/www.facebook.com\/herbodesmecht\" \/>\n<meta property=\"article:modified_time\" content=\"2025-05-16T16:10:17+00:00\" \/>\n<meta property=\"og:image\" content=\"https:\/\/www.desmecht.com\/wp-content\/uploads\/2020\/09\/Propolis_verte-120.jpg\" \/>\n\t<meta property=\"og:image:width\" content=\"426\" \/>\n\t<meta property=\"og:image:height\" content=\"440\" \/>\n\t<meta property=\"og:image:type\" content=\"image\/jpeg\" \/>\n<meta name=\"twitter:card\" content=\"summary_large_image\" \/>\n<script type=\"application\/ld+json\" class=\"yoast-schema-graph\">{\"@context\":\"https:\/\/schema.org\",\"@graph\":[{\"@type\":\"WebPage\",\"@id\":\"https:\/\/www.desmecht.com\/shop\/propos-nature-3\/supplements-alimentaires-a-base-de-plantes-propos-nature-3\/propolis-verte-bio-120caps\/\",\"url\":\"https:\/\/www.desmecht.com\/shop\/propos-nature-3\/supplements-alimentaires-a-base-de-plantes-propos-nature-3\/propolis-verte-bio-120caps\/\",\"name\":\"[:fr]Acheter en ligne: Propolis verte Bio 120caps[:nl]Online kopen: Groene propolis Bio 120caps[:en]Buy online: Green propolis Bio 120caps[:]\",\"isPartOf\":{\"@id\":\"https:\/\/www.desmecht.com\/#website\"},\"primaryImageOfPage\":{\"@id\":\"https:\/\/www.desmecht.com\/shop\/propos-nature-3\/supplements-alimentaires-a-base-de-plantes-propos-nature-3\/propolis-verte-bio-120caps\/#primaryimage\"},\"image\":{\"@id\":\"https:\/\/www.desmecht.com\/shop\/propos-nature-3\/supplements-alimentaires-a-base-de-plantes-propos-nature-3\/propolis-verte-bio-120caps\/#primaryimage\"},\"thumbnailUrl\":\"https:\/\/www.desmecht.com\/wp-content\/uploads\/2020\/09\/Propolis_verte-120.jpg\",\"datePublished\":\"2025-05-16T14:10:16+00:00\",\"dateModified\":\"2025-05-16T16:10:17+00:00\",\"description\":\"[:fr]Acheter en ligne: Propolis verte Bio 120caps[:nl]Online kopen: Groene propolis Bio 120caps[:en]Buy online: Green propolis Bio 120caps[:]\",\"breadcrumb\":{\"@id\":\"https:\/\/www.desmecht.com\/shop\/propos-nature-3\/supplements-alimentaires-a-base-de-plantes-propos-nature-3\/propolis-verte-bio-120caps\/#breadcrumb\"},\"inLanguage\":\"en-US\",\"potentialAction\":[{\"@type\":\"ReadAction\",\"target\":[\"https:\/\/www.desmecht.com\/shop\/propos-nature-3\/supplements-alimentaires-a-base-de-plantes-propos-nature-3\/propolis-verte-bio-120caps\/\"]}]},{\"@type\":\"ImageObject\",\"inLanguage\":\"en-US\",\"@id\":\"https:\/\/www.desmecht.com\/shop\/propos-nature-3\/supplements-alimentaires-a-base-de-plantes-propos-nature-3\/propolis-verte-bio-120caps\/#primaryimage\",\"url\":\"https:\/\/www.desmecht.com\/wp-content\/uploads\/2020\/09\/Propolis_verte-120.jpg\",\"contentUrl\":\"https:\/\/www.desmecht.com\/wp-content\/uploads\/2020\/09\/Propolis_verte-120.jpg\",\"width\":426,\"height\":440},{\"@type\":\"BreadcrumbList\",\"@id\":\"https:\/\/www.desmecht.com\/shop\/propos-nature-3\/supplements-alimentaires-a-base-de-plantes-propos-nature-3\/propolis-verte-bio-120caps\/#breadcrumb\",\"itemListElement\":[{\"@type\":\"ListItem\",\"position\":1,\"name\":\"Home\",\"item\":\"https:\/\/www.desmecht.com\/\"},{\"@type\":\"ListItem\",\"position\":2,\"name\":\"E-shop\",\"item\":\"https:\/\/www.desmecht.com\/\"},{\"@type\":\"ListItem\",\"position\":3,\"name\":\"Groene propolis Bio 120caps\"}]},{\"@type\":\"WebSite\",\"@id\":\"https:\/\/www.desmecht.com\/#website\",\"url\":\"https:\/\/www.desmecht.com\/\",\"name\":\"DESMECHT Herbalist in Brussels - Natural solutions\",\"description\":\"Natural Solutions\",\"publisher\":{\"@id\":\"https:\/\/www.desmecht.com\/#organization\"},\"potentialAction\":[{\"@type\":\"SearchAction\",\"target\":{\"@type\":\"EntryPoint\",\"urlTemplate\":\"https:\/\/www.desmecht.com\/?s={search_term_string}\"},\"query-input\":{\"@type\":\"PropertyValueSpecification\",\"valueRequired\":true,\"valueName\":\"search_term_string\"}}],\"inLanguage\":\"en-US\"},{\"@type\":\"Organization\",\"@id\":\"https:\/\/www.desmecht.com\/#organization\",\"name\":\"DESMECHT\",\"url\":\"https:\/\/www.desmecht.com\/\",\"logo\":{\"@type\":\"ImageObject\",\"inLanguage\":\"en-US\",\"@id\":\"https:\/\/www.desmecht.com\/#\/schema\/logo\/image\/\",\"url\":\"https:\/\/www.desmecht.com\/wp-content\/uploads\/2018\/11\/Logo-DESMECHT.png\",\"contentUrl\":\"https:\/\/www.desmecht.com\/wp-content\/uploads\/2018\/11\/Logo-DESMECHT.png\",\"width\":400,\"height\":254,\"caption\":\"DESMECHT\"},\"image\":{\"@id\":\"https:\/\/www.desmecht.com\/#\/schema\/logo\/image\/\"},\"sameAs\":[\"http:\/\/www.facebook.com\/herbodesmecht\"]}]}<\/script>\n<!-- \/ Yoast SEO plugin. -->","yoast_head_json":{"title":"Buy online: Green propolis Bio 120caps","description":"Buy online: Green propolis Bio 120caps","robots":{"index":"index","follow":"follow","max-snippet":"max-snippet:-1","max-image-preview":"max-image-preview:large","max-video-preview":"max-video-preview:-1"},"canonical":"https:\/\/www.desmecht.com\/shop\/propos-nature-3\/supplements-alimentaires-a-base-de-plantes-propos-nature-3\/propolis-verte-bio-120caps\/","og_locale":"en_US","og_type":"article","og_title":"[:fr]Acheter en ligne: Propolis verte Bio 120caps[:nl]Online kopen: Groene propolis Bio 120caps[:en]Buy online: Green propolis Bio 120caps[:]","og_description":"[:fr]Acheter en ligne: Propolis verte Bio 120caps[:nl]Online kopen: Groene propolis Bio 120caps[:en]Buy online: Green propolis Bio 120caps[:]","og_url":"https:\/\/www.desmecht.com\/shop\/propos-nature-3\/supplements-alimentaires-a-base-de-plantes-propos-nature-3\/propolis-verte-bio-120caps\/","og_site_name":"DESMECHT Herbalist in Brussels - Natural solutions","article_publisher":"http:\/\/www.facebook.com\/herbodesmecht","article_modified_time":"2025-05-16T16:10:17+00:00","og_image":[{"width":426,"height":440,"url":"https:\/\/www.desmecht.com\/wp-content\/uploads\/2020\/09\/Propolis_verte-120.jpg","type":"image\/jpeg"}],"twitter_card":"summary_large_image","schema":{"@context":"https:\/\/schema.org","@graph":[{"@type":"WebPage","@id":"https:\/\/www.desmecht.com\/shop\/propos-nature-3\/supplements-alimentaires-a-base-de-plantes-propos-nature-3\/propolis-verte-bio-120caps\/","url":"https:\/\/www.desmecht.com\/shop\/propos-nature-3\/supplements-alimentaires-a-base-de-plantes-propos-nature-3\/propolis-verte-bio-120caps\/","name":"[:fr]Acheter en ligne: Propolis verte Bio 120caps[:nl]Online kopen: Groene propolis Bio 120caps[:en]Buy online: Green propolis Bio 120caps[:]","isPartOf":{"@id":"https:\/\/www.desmecht.com\/#website"},"primaryImageOfPage":{"@id":"https:\/\/www.desmecht.com\/shop\/propos-nature-3\/supplements-alimentaires-a-base-de-plantes-propos-nature-3\/propolis-verte-bio-120caps\/#primaryimage"},"image":{"@id":"https:\/\/www.desmecht.com\/shop\/propos-nature-3\/supplements-alimentaires-a-base-de-plantes-propos-nature-3\/propolis-verte-bio-120caps\/#primaryimage"},"thumbnailUrl":"https:\/\/www.desmecht.com\/wp-content\/uploads\/2020\/09\/Propolis_verte-120.jpg","datePublished":"2025-05-16T14:10:16+00:00","dateModified":"2025-05-16T16:10:17+00:00","description":"[:fr]Acheter en ligne: Propolis verte Bio 120caps[:nl]Online kopen: Groene propolis Bio 120caps[:en]Buy online: Green propolis Bio 120caps[:]","breadcrumb":{"@id":"https:\/\/www.desmecht.com\/shop\/propos-nature-3\/supplements-alimentaires-a-base-de-plantes-propos-nature-3\/propolis-verte-bio-120caps\/#breadcrumb"},"inLanguage":"en-US","potentialAction":[{"@type":"ReadAction","target":["https:\/\/www.desmecht.com\/shop\/propos-nature-3\/supplements-alimentaires-a-base-de-plantes-propos-nature-3\/propolis-verte-bio-120caps\/"]}]},{"@type":"ImageObject","inLanguage":"en-US","@id":"https:\/\/www.desmecht.com\/shop\/propos-nature-3\/supplements-alimentaires-a-base-de-plantes-propos-nature-3\/propolis-verte-bio-120caps\/#primaryimage","url":"https:\/\/www.desmecht.com\/wp-content\/uploads\/2020\/09\/Propolis_verte-120.jpg","contentUrl":"https:\/\/www.desmecht.com\/wp-content\/uploads\/2020\/09\/Propolis_verte-120.jpg","width":426,"height":440},{"@type":"BreadcrumbList","@id":"https:\/\/www.desmecht.com\/shop\/propos-nature-3\/supplements-alimentaires-a-base-de-plantes-propos-nature-3\/propolis-verte-bio-120caps\/#breadcrumb","itemListElement":[{"@type":"ListItem","position":1,"name":"Home","item":"https:\/\/www.desmecht.com\/"},{"@type":"ListItem","position":2,"name":"E-shop","item":"https:\/\/www.desmecht.com\/"},{"@type":"ListItem","position":3,"name":"Groene propolis Bio 120caps"}]},{"@type":"WebSite","@id":"https:\/\/www.desmecht.com\/#website","url":"https:\/\/www.desmecht.com\/","name":"DESMECHT Herbalist in Brussels - Natural solutions","description":"Natural Solutions","publisher":{"@id":"https:\/\/www.desmecht.com\/#organization"},"potentialAction":[{"@type":"SearchAction","target":{"@type":"EntryPoint","urlTemplate":"https:\/\/www.desmecht.com\/?s={search_term_string}"},"query-input":{"@type":"PropertyValueSpecification","valueRequired":true,"valueName":"search_term_string"}}],"inLanguage":"en-US"},{"@type":"Organization","@id":"https:\/\/www.desmecht.com\/#organization","name":"DESMECHT","url":"https:\/\/www.desmecht.com\/","logo":{"@type":"ImageObject","inLanguage":"en-US","@id":"https:\/\/www.desmecht.com\/#\/schema\/logo\/image\/","url":"https:\/\/www.desmecht.com\/wp-content\/uploads\/2018\/11\/Logo-DESMECHT.png","contentUrl":"https:\/\/www.desmecht.com\/wp-content\/uploads\/2018\/11\/Logo-DESMECHT.png","width":400,"height":254,"caption":"DESMECHT"},"image":{"@id":"https:\/\/www.desmecht.com\/#\/schema\/logo\/image\/"},"sameAs":["http:\/\/www.facebook.com\/herbodesmecht"]}]}},"_links":{"self":[{"href":"https:\/\/www.desmecht.com\/en\/wp-json\/wp\/v2\/product\/18487","targetHints":{"allow":["GET"]}}],"collection":[{"href":"https:\/\/www.desmecht.com\/en\/wp-json\/wp\/v2\/product"}],"about":[{"href":"https:\/\/www.desmecht.com\/en\/wp-json\/wp\/v2\/types\/product"}],"wp:featuredmedia":[{"embeddable":true,"href":"https:\/\/www.desmecht.com\/en\/wp-json\/wp\/v2\/media\/20547"}],"wp:attachment":[{"href":"https:\/\/www.desmecht.com\/en\/wp-json\/wp\/v2\/media?parent=18487"}],"wp:term":[{"taxonomy":"product_brand","embeddable":true,"href":"https:\/\/www.desmecht.com\/en\/wp-json\/wp\/v2\/product_brand?post=18487"},{"taxonomy":"product_cat","embeddable":true,"href":"https:\/\/www.desmecht.com\/en\/wp-json\/wp\/v2\/product_cat?post=18487"},{"taxonomy":"product_tag","embeddable":true,"href":"https:\/\/www.desmecht.com\/en\/wp-json\/wp\/v2\/product_tag?post=18487"}],"curies":[{"name":"wp","href":"https:\/\/api.w.org\/{rel}","templated":true}]}}