{"id":19249,"date":"2025-11-18T13:54:51","date_gmt":"2025-11-18T12:54:51","guid":{"rendered":"https:\/\/www.desmecht.com\/shop\/niet-gecategoriseerd\/bio-defense-11-champignons-pr-les-defenses-60gel\/"},"modified":"2025-11-18T14:54:51","modified_gmt":"2025-11-18T13:54:51","slug":"bio-defense-5-champignons-pr-les-defenses-60gel","status":"publish","type":"product","link":"https:\/\/www.desmecht.com\/en\/shop\/hifas-da-terra-micosalud-2\/mycotherapie-hifas-da-terra-micosalud-2\/bio-defense-5-champignons-pr-les-defenses-60gel\/","title":{"rendered":"Bio-Defense &#8211; 5 mushrooms for imunity 60gel"},"content":{"rendered":"<p><\/p>","protected":false},"excerpt":{"rendered":"<p class=\"qtranxs-available-languages-message qtranxs-available-languages-message-en\">Sorry, this entry is only available in <a href=\"https:\/\/www.desmecht.com\/fr\/wp-json\/wp\/v2\/product\/19249\" class=\"qtranxs-available-language-link qtranxs-available-language-link-fr\" title=\"Fran\u00e7ais\">Fran\u00e7ais<\/a> and <a href=\"https:\/\/www.desmecht.com\/nl\/wp-json\/wp\/v2\/product\/19249\" class=\"qtranxs-available-language-link qtranxs-available-language-link-nl\" title=\"Nederlands\">Nederlands<\/a>. For the sake of viewer convenience, the content is shown below in this site default language. You may click one of the links to switch the site language to another available language.<\/p>\n<p>G\u00e9lules \u00e9labor\u00e9 avec de la poudre de 5 champignons m\u00e9dicinaux qui contiennent des b\u00eata-glucanes et d\u0092autres composants actifs naturels.<\/p>\n","protected":false},"featured_media":27435,"template":"","meta":[],"product_brand":[],"product_cat":[137,268,567,451,104],"product_tag":[],"class_list":{"0":"post-19249","1":"product","2":"type-product","3":"status-publish","4":"has-post-thumbnail","6":"product_cat-epices","7":"product_cat-hifas-da-terra-micosalud-2","8":"product_cat-hifas-da-terra-micosalud","9":"product_cat-mycotherapie-hifas-da-terra-micosalud-2","10":"product_cat-herboristerie","11":"tm-no-options","13":"first","14":"instock","15":"taxable","16":"shipping-taxable","17":"purchasable","18":"product-type-simple"},"yoast_head":"<!-- This site is optimized with the Yoast SEO plugin v26.9 - https:\/\/yoast.com\/product\/yoast-seo-wordpress\/ -->\n<title>Buy online: Bio-Defense - 5 mushrooms for imunity 60gel<\/title>\n<meta name=\"description\" content=\"Buy online: Bio-Defense - 5 mushrooms for imunity 60gel\" \/>\n<meta name=\"robots\" content=\"index, follow, max-snippet:-1, max-image-preview:large, max-video-preview:-1\" \/>\n<link rel=\"canonical\" href=\"https:\/\/www.desmecht.com\/shop\/hifas-da-terra-micosalud-2\/mycotherapie-hifas-da-terra-micosalud-2\/bio-defense-5-champignons-pr-les-defenses-60gel\/\" \/>\n<meta property=\"og:locale\" content=\"en_US\" \/>\n<meta property=\"og:type\" content=\"article\" \/>\n<meta property=\"og:title\" content=\"[:fr]Acheter en ligne: Bio-Defense - 5 champignons pr les d\u00e9fenses 60gel[:nl]Online kopen: Bio-Defense - 5 paddenstoelen vr weerstand 60gel[:en]Buy online: Bio-Defense - 5 mushrooms for imunity 60gel[:]\" \/>\n<meta property=\"og:description\" content=\"[:fr]Acheter en ligne: Bio-Defense - 5 champignons pr les d\u00e9fenses 60gel[:nl]Online kopen: Bio-Defense - 5 paddenstoelen vr weerstand 60gel[:en]Buy online: Bio-Defense - 5 mushrooms for imunity 60gel[:]\" \/>\n<meta property=\"og:url\" content=\"https:\/\/www.desmecht.com\/shop\/hifas-da-terra-micosalud-2\/mycotherapie-hifas-da-terra-micosalud-2\/bio-defense-5-champignons-pr-les-defenses-60gel\/\" \/>\n<meta property=\"og:site_name\" content=\"DESMECHT Herbalist in Brussels - Natural solutions\" \/>\n<meta property=\"article:publisher\" content=\"http:\/\/www.facebook.com\/herbodesmecht\" \/>\n<meta property=\"article:modified_time\" content=\"2025-11-18T13:54:51+00:00\" \/>\n<meta property=\"og:image\" content=\"https:\/\/www.desmecht.com\/wp-content\/uploads\/2023\/11\/Bio-defense_Hifas-da-terra-2.jpg\" \/>\n\t<meta property=\"og:image:width\" content=\"510\" \/>\n\t<meta property=\"og:image:height\" content=\"510\" \/>\n\t<meta property=\"og:image:type\" content=\"image\/webp\" \/>\n<meta name=\"twitter:card\" content=\"summary_large_image\" \/>\n<script type=\"application\/ld+json\" class=\"yoast-schema-graph\">{\"@context\":\"https:\/\/schema.org\",\"@graph\":[{\"@type\":\"WebPage\",\"@id\":\"https:\/\/www.desmecht.com\/shop\/hifas-da-terra-micosalud-2\/mycotherapie-hifas-da-terra-micosalud-2\/bio-defense-5-champignons-pr-les-defenses-60gel\/\",\"url\":\"https:\/\/www.desmecht.com\/shop\/hifas-da-terra-micosalud-2\/mycotherapie-hifas-da-terra-micosalud-2\/bio-defense-5-champignons-pr-les-defenses-60gel\/\",\"name\":\"[:fr]Acheter en ligne: Bio-Defense - 5 champignons pr les d\u00e9fenses 60gel[:nl]Online kopen: Bio-Defense - 5 paddenstoelen vr weerstand 60gel[:en]Buy online: Bio-Defense - 5 mushrooms for imunity 60gel[:]\",\"isPartOf\":{\"@id\":\"https:\/\/www.desmecht.com\/#website\"},\"primaryImageOfPage\":{\"@id\":\"https:\/\/www.desmecht.com\/shop\/hifas-da-terra-micosalud-2\/mycotherapie-hifas-da-terra-micosalud-2\/bio-defense-5-champignons-pr-les-defenses-60gel\/#primaryimage\"},\"image\":{\"@id\":\"https:\/\/www.desmecht.com\/shop\/hifas-da-terra-micosalud-2\/mycotherapie-hifas-da-terra-micosalud-2\/bio-defense-5-champignons-pr-les-defenses-60gel\/#primaryimage\"},\"thumbnailUrl\":\"https:\/\/www.desmecht.com\/wp-content\/uploads\/2023\/11\/Bio-defense_Hifas-da-terra-2.jpg\",\"datePublished\":\"2025-11-18T12:54:51+00:00\",\"dateModified\":\"2025-11-18T13:54:51+00:00\",\"description\":\"[:fr]Acheter en ligne: Bio-Defense - 5 champignons pr les d\u00e9fenses 60gel[:nl]Online kopen: Bio-Defense - 5 paddenstoelen vr weerstand 60gel[:en]Buy online: Bio-Defense - 5 mushrooms for imunity 60gel[:]\",\"breadcrumb\":{\"@id\":\"https:\/\/www.desmecht.com\/shop\/hifas-da-terra-micosalud-2\/mycotherapie-hifas-da-terra-micosalud-2\/bio-defense-5-champignons-pr-les-defenses-60gel\/#breadcrumb\"},\"inLanguage\":\"en-US\",\"potentialAction\":[{\"@type\":\"ReadAction\",\"target\":[\"https:\/\/www.desmecht.com\/shop\/hifas-da-terra-micosalud-2\/mycotherapie-hifas-da-terra-micosalud-2\/bio-defense-5-champignons-pr-les-defenses-60gel\/\"]}]},{\"@type\":\"ImageObject\",\"inLanguage\":\"en-US\",\"@id\":\"https:\/\/www.desmecht.com\/shop\/hifas-da-terra-micosalud-2\/mycotherapie-hifas-da-terra-micosalud-2\/bio-defense-5-champignons-pr-les-defenses-60gel\/#primaryimage\",\"url\":\"https:\/\/www.desmecht.com\/wp-content\/uploads\/2023\/11\/Bio-defense_Hifas-da-terra-2.jpg\",\"contentUrl\":\"https:\/\/www.desmecht.com\/wp-content\/uploads\/2023\/11\/Bio-defense_Hifas-da-terra-2.jpg\",\"width\":510,\"height\":510},{\"@type\":\"BreadcrumbList\",\"@id\":\"https:\/\/www.desmecht.com\/shop\/hifas-da-terra-micosalud-2\/mycotherapie-hifas-da-terra-micosalud-2\/bio-defense-5-champignons-pr-les-defenses-60gel\/#breadcrumb\",\"itemListElement\":[{\"@type\":\"ListItem\",\"position\":1,\"name\":\"Home\",\"item\":\"https:\/\/www.desmecht.com\/\"},{\"@type\":\"ListItem\",\"position\":2,\"name\":\"E-shop\",\"item\":\"https:\/\/www.desmecht.com\/\"},{\"@type\":\"ListItem\",\"position\":3,\"name\":\"Bio-Defense &#8211; 5 paddenstoelen vr weerstand 60gel\"}]},{\"@type\":\"WebSite\",\"@id\":\"https:\/\/www.desmecht.com\/#website\",\"url\":\"https:\/\/www.desmecht.com\/\",\"name\":\"DESMECHT Herbalist in Brussels - Natural solutions\",\"description\":\"Natural Solutions\",\"publisher\":{\"@id\":\"https:\/\/www.desmecht.com\/#organization\"},\"potentialAction\":[{\"@type\":\"SearchAction\",\"target\":{\"@type\":\"EntryPoint\",\"urlTemplate\":\"https:\/\/www.desmecht.com\/?s={search_term_string}\"},\"query-input\":{\"@type\":\"PropertyValueSpecification\",\"valueRequired\":true,\"valueName\":\"search_term_string\"}}],\"inLanguage\":\"en-US\"},{\"@type\":\"Organization\",\"@id\":\"https:\/\/www.desmecht.com\/#organization\",\"name\":\"DESMECHT\",\"url\":\"https:\/\/www.desmecht.com\/\",\"logo\":{\"@type\":\"ImageObject\",\"inLanguage\":\"en-US\",\"@id\":\"https:\/\/www.desmecht.com\/#\/schema\/logo\/image\/\",\"url\":\"https:\/\/www.desmecht.com\/wp-content\/uploads\/2018\/11\/Logo-DESMECHT.png\",\"contentUrl\":\"https:\/\/www.desmecht.com\/wp-content\/uploads\/2018\/11\/Logo-DESMECHT.png\",\"width\":400,\"height\":254,\"caption\":\"DESMECHT\"},\"image\":{\"@id\":\"https:\/\/www.desmecht.com\/#\/schema\/logo\/image\/\"},\"sameAs\":[\"http:\/\/www.facebook.com\/herbodesmecht\"]}]}<\/script>\n<!-- \/ Yoast SEO plugin. -->","yoast_head_json":{"title":"Buy online: Bio-Defense - 5 mushrooms for imunity 60gel","description":"Buy online: Bio-Defense - 5 mushrooms for imunity 60gel","robots":{"index":"index","follow":"follow","max-snippet":"max-snippet:-1","max-image-preview":"max-image-preview:large","max-video-preview":"max-video-preview:-1"},"canonical":"https:\/\/www.desmecht.com\/shop\/hifas-da-terra-micosalud-2\/mycotherapie-hifas-da-terra-micosalud-2\/bio-defense-5-champignons-pr-les-defenses-60gel\/","og_locale":"en_US","og_type":"article","og_title":"[:fr]Acheter en ligne: Bio-Defense - 5 champignons pr les d\u00e9fenses 60gel[:nl]Online kopen: Bio-Defense - 5 paddenstoelen vr weerstand 60gel[:en]Buy online: Bio-Defense - 5 mushrooms for imunity 60gel[:]","og_description":"[:fr]Acheter en ligne: Bio-Defense - 5 champignons pr les d\u00e9fenses 60gel[:nl]Online kopen: Bio-Defense - 5 paddenstoelen vr weerstand 60gel[:en]Buy online: Bio-Defense - 5 mushrooms for imunity 60gel[:]","og_url":"https:\/\/www.desmecht.com\/shop\/hifas-da-terra-micosalud-2\/mycotherapie-hifas-da-terra-micosalud-2\/bio-defense-5-champignons-pr-les-defenses-60gel\/","og_site_name":"DESMECHT Herbalist in Brussels - Natural solutions","article_publisher":"http:\/\/www.facebook.com\/herbodesmecht","article_modified_time":"2025-11-18T13:54:51+00:00","og_image":[{"width":510,"height":510,"url":"https:\/\/www.desmecht.com\/wp-content\/uploads\/2023\/11\/Bio-defense_Hifas-da-terra-2.jpg","type":"image\/webp"}],"twitter_card":"summary_large_image","schema":{"@context":"https:\/\/schema.org","@graph":[{"@type":"WebPage","@id":"https:\/\/www.desmecht.com\/shop\/hifas-da-terra-micosalud-2\/mycotherapie-hifas-da-terra-micosalud-2\/bio-defense-5-champignons-pr-les-defenses-60gel\/","url":"https:\/\/www.desmecht.com\/shop\/hifas-da-terra-micosalud-2\/mycotherapie-hifas-da-terra-micosalud-2\/bio-defense-5-champignons-pr-les-defenses-60gel\/","name":"[:fr]Acheter en ligne: Bio-Defense - 5 champignons pr les d\u00e9fenses 60gel[:nl]Online kopen: Bio-Defense - 5 paddenstoelen vr weerstand 60gel[:en]Buy online: Bio-Defense - 5 mushrooms for imunity 60gel[:]","isPartOf":{"@id":"https:\/\/www.desmecht.com\/#website"},"primaryImageOfPage":{"@id":"https:\/\/www.desmecht.com\/shop\/hifas-da-terra-micosalud-2\/mycotherapie-hifas-da-terra-micosalud-2\/bio-defense-5-champignons-pr-les-defenses-60gel\/#primaryimage"},"image":{"@id":"https:\/\/www.desmecht.com\/shop\/hifas-da-terra-micosalud-2\/mycotherapie-hifas-da-terra-micosalud-2\/bio-defense-5-champignons-pr-les-defenses-60gel\/#primaryimage"},"thumbnailUrl":"https:\/\/www.desmecht.com\/wp-content\/uploads\/2023\/11\/Bio-defense_Hifas-da-terra-2.jpg","datePublished":"2025-11-18T12:54:51+00:00","dateModified":"2025-11-18T13:54:51+00:00","description":"[:fr]Acheter en ligne: Bio-Defense - 5 champignons pr les d\u00e9fenses 60gel[:nl]Online kopen: Bio-Defense - 5 paddenstoelen vr weerstand 60gel[:en]Buy online: Bio-Defense - 5 mushrooms for imunity 60gel[:]","breadcrumb":{"@id":"https:\/\/www.desmecht.com\/shop\/hifas-da-terra-micosalud-2\/mycotherapie-hifas-da-terra-micosalud-2\/bio-defense-5-champignons-pr-les-defenses-60gel\/#breadcrumb"},"inLanguage":"en-US","potentialAction":[{"@type":"ReadAction","target":["https:\/\/www.desmecht.com\/shop\/hifas-da-terra-micosalud-2\/mycotherapie-hifas-da-terra-micosalud-2\/bio-defense-5-champignons-pr-les-defenses-60gel\/"]}]},{"@type":"ImageObject","inLanguage":"en-US","@id":"https:\/\/www.desmecht.com\/shop\/hifas-da-terra-micosalud-2\/mycotherapie-hifas-da-terra-micosalud-2\/bio-defense-5-champignons-pr-les-defenses-60gel\/#primaryimage","url":"https:\/\/www.desmecht.com\/wp-content\/uploads\/2023\/11\/Bio-defense_Hifas-da-terra-2.jpg","contentUrl":"https:\/\/www.desmecht.com\/wp-content\/uploads\/2023\/11\/Bio-defense_Hifas-da-terra-2.jpg","width":510,"height":510},{"@type":"BreadcrumbList","@id":"https:\/\/www.desmecht.com\/shop\/hifas-da-terra-micosalud-2\/mycotherapie-hifas-da-terra-micosalud-2\/bio-defense-5-champignons-pr-les-defenses-60gel\/#breadcrumb","itemListElement":[{"@type":"ListItem","position":1,"name":"Home","item":"https:\/\/www.desmecht.com\/"},{"@type":"ListItem","position":2,"name":"E-shop","item":"https:\/\/www.desmecht.com\/"},{"@type":"ListItem","position":3,"name":"Bio-Defense &#8211; 5 paddenstoelen vr weerstand 60gel"}]},{"@type":"WebSite","@id":"https:\/\/www.desmecht.com\/#website","url":"https:\/\/www.desmecht.com\/","name":"DESMECHT Herbalist in Brussels - Natural solutions","description":"Natural Solutions","publisher":{"@id":"https:\/\/www.desmecht.com\/#organization"},"potentialAction":[{"@type":"SearchAction","target":{"@type":"EntryPoint","urlTemplate":"https:\/\/www.desmecht.com\/?s={search_term_string}"},"query-input":{"@type":"PropertyValueSpecification","valueRequired":true,"valueName":"search_term_string"}}],"inLanguage":"en-US"},{"@type":"Organization","@id":"https:\/\/www.desmecht.com\/#organization","name":"DESMECHT","url":"https:\/\/www.desmecht.com\/","logo":{"@type":"ImageObject","inLanguage":"en-US","@id":"https:\/\/www.desmecht.com\/#\/schema\/logo\/image\/","url":"https:\/\/www.desmecht.com\/wp-content\/uploads\/2018\/11\/Logo-DESMECHT.png","contentUrl":"https:\/\/www.desmecht.com\/wp-content\/uploads\/2018\/11\/Logo-DESMECHT.png","width":400,"height":254,"caption":"DESMECHT"},"image":{"@id":"https:\/\/www.desmecht.com\/#\/schema\/logo\/image\/"},"sameAs":["http:\/\/www.facebook.com\/herbodesmecht"]}]}},"_links":{"self":[{"href":"https:\/\/www.desmecht.com\/en\/wp-json\/wp\/v2\/product\/19249","targetHints":{"allow":["GET"]}}],"collection":[{"href":"https:\/\/www.desmecht.com\/en\/wp-json\/wp\/v2\/product"}],"about":[{"href":"https:\/\/www.desmecht.com\/en\/wp-json\/wp\/v2\/types\/product"}],"wp:featuredmedia":[{"embeddable":true,"href":"https:\/\/www.desmecht.com\/en\/wp-json\/wp\/v2\/media\/27435"}],"wp:attachment":[{"href":"https:\/\/www.desmecht.com\/en\/wp-json\/wp\/v2\/media?parent=19249"}],"wp:term":[{"taxonomy":"product_brand","embeddable":true,"href":"https:\/\/www.desmecht.com\/en\/wp-json\/wp\/v2\/product_brand?post=19249"},{"taxonomy":"product_cat","embeddable":true,"href":"https:\/\/www.desmecht.com\/en\/wp-json\/wp\/v2\/product_cat?post=19249"},{"taxonomy":"product_tag","embeddable":true,"href":"https:\/\/www.desmecht.com\/en\/wp-json\/wp\/v2\/product_tag?post=19249"}],"curies":[{"name":"wp","href":"https:\/\/api.w.org\/{rel}","templated":true}]}}