{"id":19255,"date":"2025-07-26T11:52:27","date_gmt":"2025-07-26T09:52:27","guid":{"rendered":"https:\/\/www.desmecht.com\/shop\/niet-gecategoriseerd\/mico-polypor-81-70caps-polyporus-umbellatus\/"},"modified":"2025-07-26T13:52:27","modified_gmt":"2025-07-26T11:52:27","slug":"mico-polypor-81-70caps-polyporus-umbellatus","status":"publish","type":"product","link":"https:\/\/www.desmecht.com\/en\/shop\/hifas-da-terra-micosalud-2\/mycotherapie-hifas-da-terra-micosalud-2\/mico-polypor-81-70caps-polyporus-umbellatus\/","title":{"rendered":"MICO-POLYPOR 8:1 70CAPS (POLYPORUS UMBELLATUS)"},"content":{"rendered":"<p><\/p>","protected":false},"excerpt":{"rendered":"<p class=\"qtranxs-available-languages-message qtranxs-available-languages-message-en\">Sorry, this entry is only available in <a href=\"https:\/\/www.desmecht.com\/fr\/wp-json\/wp\/v2\/product\/19255\" class=\"qtranxs-available-language-link qtranxs-available-language-link-fr\" title=\"Fran\u00e7ais\">Fran\u00e7ais<\/a> and <a href=\"https:\/\/www.desmecht.com\/nl\/wp-json\/wp\/v2\/product\/19255\" class=\"qtranxs-available-language-link qtranxs-available-language-link-nl\" title=\"Nederlands\">Nederlands<\/a>. For the sake of viewer convenience, the content is shown below in this site default language. You may click one of the links to switch the site language to another available language.<\/p>\n<p>Compl\u00e9ment alimentaire \u00e0 haute concentration (ratio 8 :1) en g\u00e9lules \u00e9labor\u00e9 \u00e0 partir de l\u0092extrait pur de Polypore (Polyporus umbellatus) de production biologique certifi\u00e9e.<br \/>Hifas da Terra &#8211; MicoSalud<\/p>\n","protected":false},"featured_media":19280,"template":"","meta":[],"product_brand":[],"product_cat":[137,268,567,451,104],"product_tag":[],"class_list":{"0":"post-19255","1":"product","2":"type-product","3":"status-publish","4":"has-post-thumbnail","6":"product_cat-epices","7":"product_cat-hifas-da-terra-micosalud-2","8":"product_cat-hifas-da-terra-micosalud","9":"product_cat-mycotherapie-hifas-da-terra-micosalud-2","10":"product_cat-herboristerie","11":"tm-no-options","13":"first","14":"instock","15":"taxable","16":"shipping-taxable","17":"purchasable","18":"product-type-simple"},"yoast_head":"<!-- This site is optimized with the Yoast SEO plugin v26.9 - https:\/\/yoast.com\/product\/yoast-seo-wordpress\/ -->\n<title>Buy online: MICO-POLYPOR 8:1 70CAPS (POLYPORUS UMBELLATUS) -<\/title>\n<meta name=\"description\" content=\"Buy online: MICO-POLYPOR 8:1 70CAPS (POLYPORUS UMBELLATUS) -\" \/>\n<meta name=\"robots\" content=\"index, follow, max-snippet:-1, max-image-preview:large, max-video-preview:-1\" \/>\n<link rel=\"canonical\" href=\"https:\/\/www.desmecht.com\/shop\/hifas-da-terra-micosalud-2\/mycotherapie-hifas-da-terra-micosalud-2\/mico-polypor-81-70caps-polyporus-umbellatus\/\" \/>\n<meta property=\"og:locale\" content=\"en_US\" \/>\n<meta property=\"og:type\" content=\"article\" \/>\n<meta property=\"og:title\" content=\"[:fr]Acheter en ligne: MICO-POLYPOR 8:1 70CAPS (POLYPORUS UMBELLATUS) - Compl\u00e9ment alimentaire \u00e0 haute concentration (ratio 8 :1) en g\u00e9lules \u00e9labor\u00e9 \u00e0 partir de l\u0092extrait pur de Polypore (Polyporus umbellatus) de production biologique certifi\u00e9e.Hifas da Terra - MicoSalud[:nl]Online kopen: MICO-POLYPOR 8:1 70CAPS (POLYPORUS UMBELLATUS) - Voedingssupplement van hoge concentratie (ratio 8 :1) in gelules op basis van het zuivere extract van Schermpjeseikhaas (Polyporus umbellatus) van biologisch gecertifieerde oorsprong.Hifas da Terra - MicoSalud[:en]Buy online: MICO-POLYPOR 8:1 70CAPS (POLYPORUS UMBELLATUS) - [:]\" \/>\n<meta property=\"og:description\" content=\"[:fr]Acheter en ligne: MICO-POLYPOR 8:1 70CAPS (POLYPORUS UMBELLATUS) - Compl\u00e9ment alimentaire \u00e0 haute concentration (ratio 8 :1) en g\u00e9lules \u00e9labor\u00e9 \u00e0 partir de l\u0092extrait pur de Polypore (Polyporus umbellatus) de production biologique certifi\u00e9e.Hifas da Terra - MicoSalud[:nl]Online kopen: MICO-POLYPOR 8:1 70CAPS (POLYPORUS UMBELLATUS) - Voedingssupplement van hoge concentratie (ratio 8 :1) in gelules op basis van het zuivere extract van Schermpjeseikhaas (Polyporus umbellatus) van biologisch gecertifieerde oorsprong.Hifas da Terra - MicoSalud[:en]Buy online: MICO-POLYPOR 8:1 70CAPS (POLYPORUS UMBELLATUS) - [:]\" \/>\n<meta property=\"og:url\" content=\"https:\/\/www.desmecht.com\/shop\/hifas-da-terra-micosalud-2\/mycotherapie-hifas-da-terra-micosalud-2\/mico-polypor-81-70caps-polyporus-umbellatus\/\" \/>\n<meta property=\"og:site_name\" content=\"DESMECHT Herbalist in Brussels - Natural solutions\" \/>\n<meta property=\"article:publisher\" content=\"http:\/\/www.facebook.com\/herbodesmecht\" \/>\n<meta property=\"article:modified_time\" content=\"2025-07-26T11:52:27+00:00\" \/>\n<meta property=\"og:image\" content=\"https:\/\/www.desmecht.com\/wp-content\/uploads\/2020\/01\/Mico-Polypor_Hifas-da-terra.jpg\" \/>\n\t<meta property=\"og:image:width\" content=\"510\" \/>\n\t<meta property=\"og:image:height\" content=\"510\" \/>\n\t<meta property=\"og:image:type\" content=\"image\/jpeg\" \/>\n<meta name=\"twitter:card\" content=\"summary_large_image\" \/>\n<meta name=\"twitter:label1\" content=\"Est. reading time\" \/>\n\t<meta name=\"twitter:data1\" content=\"1 minute\" \/>\n<script type=\"application\/ld+json\" class=\"yoast-schema-graph\">{\"@context\":\"https:\/\/schema.org\",\"@graph\":[{\"@type\":\"WebPage\",\"@id\":\"https:\/\/www.desmecht.com\/shop\/hifas-da-terra-micosalud-2\/mycotherapie-hifas-da-terra-micosalud-2\/mico-polypor-81-70caps-polyporus-umbellatus\/\",\"url\":\"https:\/\/www.desmecht.com\/shop\/hifas-da-terra-micosalud-2\/mycotherapie-hifas-da-terra-micosalud-2\/mico-polypor-81-70caps-polyporus-umbellatus\/\",\"name\":\"[:fr]Acheter en ligne: MICO-POLYPOR 8:1 70CAPS (POLYPORUS UMBELLATUS) - Compl\u00e9ment alimentaire \u00e0 haute concentration (ratio 8 :1) en g\u00e9lules \u00e9labor\u00e9 \u00e0 partir de l\u0092extrait pur de Polypore (Polyporus umbellatus) de production biologique certifi\u00e9e.Hifas da Terra - MicoSalud[:nl]Online kopen: MICO-POLYPOR 8:1 70CAPS (POLYPORUS UMBELLATUS) - Voedingssupplement van hoge concentratie (ratio 8 :1) in gelules op basis van het zuivere extract van Schermpjeseikhaas (Polyporus umbellatus) van biologisch gecertifieerde oorsprong.Hifas da Terra - MicoSalud[:en]Buy online: MICO-POLYPOR 8:1 70CAPS (POLYPORUS UMBELLATUS) - [:]\",\"isPartOf\":{\"@id\":\"https:\/\/www.desmecht.com\/#website\"},\"primaryImageOfPage\":{\"@id\":\"https:\/\/www.desmecht.com\/shop\/hifas-da-terra-micosalud-2\/mycotherapie-hifas-da-terra-micosalud-2\/mico-polypor-81-70caps-polyporus-umbellatus\/#primaryimage\"},\"image\":{\"@id\":\"https:\/\/www.desmecht.com\/shop\/hifas-da-terra-micosalud-2\/mycotherapie-hifas-da-terra-micosalud-2\/mico-polypor-81-70caps-polyporus-umbellatus\/#primaryimage\"},\"thumbnailUrl\":\"https:\/\/www.desmecht.com\/wp-content\/uploads\/2020\/01\/Mico-Polypor_Hifas-da-terra.jpg\",\"datePublished\":\"2025-07-26T09:52:27+00:00\",\"dateModified\":\"2025-07-26T11:52:27+00:00\",\"description\":\"[:fr]Acheter en ligne: MICO-POLYPOR 8:1 70CAPS (POLYPORUS UMBELLATUS) - Compl\u00e9ment alimentaire \u00e0 haute concentration (ratio 8 :1) en g\u00e9lules \u00e9labor\u00e9 \u00e0 partir de l\u0092extrait pur de Polypore (Polyporus umbellatus) de production biologique certifi\u00e9e.Hifas da Terra - MicoSalud[:nl]Online kopen: MICO-POLYPOR 8:1 70CAPS (POLYPORUS UMBELLATUS) - Voedingssupplement van hoge concentratie (ratio 8 :1) in gelules op basis van het zuivere extract van Schermpjeseikhaas (Polyporus umbellatus) van biologisch gecertifieerde oorsprong.Hifas da Terra - MicoSalud[:en]Buy online: MICO-POLYPOR 8:1 70CAPS (POLYPORUS UMBELLATUS) - [:]\",\"breadcrumb\":{\"@id\":\"https:\/\/www.desmecht.com\/shop\/hifas-da-terra-micosalud-2\/mycotherapie-hifas-da-terra-micosalud-2\/mico-polypor-81-70caps-polyporus-umbellatus\/#breadcrumb\"},\"inLanguage\":\"en-US\",\"potentialAction\":[{\"@type\":\"ReadAction\",\"target\":[\"https:\/\/www.desmecht.com\/shop\/hifas-da-terra-micosalud-2\/mycotherapie-hifas-da-terra-micosalud-2\/mico-polypor-81-70caps-polyporus-umbellatus\/\"]}]},{\"@type\":\"ImageObject\",\"inLanguage\":\"en-US\",\"@id\":\"https:\/\/www.desmecht.com\/shop\/hifas-da-terra-micosalud-2\/mycotherapie-hifas-da-terra-micosalud-2\/mico-polypor-81-70caps-polyporus-umbellatus\/#primaryimage\",\"url\":\"https:\/\/www.desmecht.com\/wp-content\/uploads\/2020\/01\/Mico-Polypor_Hifas-da-terra.jpg\",\"contentUrl\":\"https:\/\/www.desmecht.com\/wp-content\/uploads\/2020\/01\/Mico-Polypor_Hifas-da-terra.jpg\",\"width\":510,\"height\":510},{\"@type\":\"BreadcrumbList\",\"@id\":\"https:\/\/www.desmecht.com\/shop\/hifas-da-terra-micosalud-2\/mycotherapie-hifas-da-terra-micosalud-2\/mico-polypor-81-70caps-polyporus-umbellatus\/#breadcrumb\",\"itemListElement\":[{\"@type\":\"ListItem\",\"position\":1,\"name\":\"Home\",\"item\":\"https:\/\/www.desmecht.com\/\"},{\"@type\":\"ListItem\",\"position\":2,\"name\":\"E-shop\",\"item\":\"https:\/\/www.desmecht.com\/\"},{\"@type\":\"ListItem\",\"position\":3,\"name\":\"MICO-POLYPOR 8:1 70CAPS (POLYPORUS UMBELLATUS)\"}]},{\"@type\":\"WebSite\",\"@id\":\"https:\/\/www.desmecht.com\/#website\",\"url\":\"https:\/\/www.desmecht.com\/\",\"name\":\"DESMECHT Herbalist in Brussels - Natural solutions\",\"description\":\"Natural Solutions\",\"publisher\":{\"@id\":\"https:\/\/www.desmecht.com\/#organization\"},\"potentialAction\":[{\"@type\":\"SearchAction\",\"target\":{\"@type\":\"EntryPoint\",\"urlTemplate\":\"https:\/\/www.desmecht.com\/?s={search_term_string}\"},\"query-input\":{\"@type\":\"PropertyValueSpecification\",\"valueRequired\":true,\"valueName\":\"search_term_string\"}}],\"inLanguage\":\"en-US\"},{\"@type\":\"Organization\",\"@id\":\"https:\/\/www.desmecht.com\/#organization\",\"name\":\"DESMECHT\",\"url\":\"https:\/\/www.desmecht.com\/\",\"logo\":{\"@type\":\"ImageObject\",\"inLanguage\":\"en-US\",\"@id\":\"https:\/\/www.desmecht.com\/#\/schema\/logo\/image\/\",\"url\":\"https:\/\/www.desmecht.com\/wp-content\/uploads\/2018\/11\/Logo-DESMECHT.png\",\"contentUrl\":\"https:\/\/www.desmecht.com\/wp-content\/uploads\/2018\/11\/Logo-DESMECHT.png\",\"width\":400,\"height\":254,\"caption\":\"DESMECHT\"},\"image\":{\"@id\":\"https:\/\/www.desmecht.com\/#\/schema\/logo\/image\/\"},\"sameAs\":[\"http:\/\/www.facebook.com\/herbodesmecht\"]}]}<\/script>\n<!-- \/ Yoast SEO plugin. -->","yoast_head_json":{"title":"Buy online: MICO-POLYPOR 8:1 70CAPS (POLYPORUS UMBELLATUS) -","description":"Buy online: MICO-POLYPOR 8:1 70CAPS (POLYPORUS UMBELLATUS) -","robots":{"index":"index","follow":"follow","max-snippet":"max-snippet:-1","max-image-preview":"max-image-preview:large","max-video-preview":"max-video-preview:-1"},"canonical":"https:\/\/www.desmecht.com\/shop\/hifas-da-terra-micosalud-2\/mycotherapie-hifas-da-terra-micosalud-2\/mico-polypor-81-70caps-polyporus-umbellatus\/","og_locale":"en_US","og_type":"article","og_title":"[:fr]Acheter en ligne: MICO-POLYPOR 8:1 70CAPS (POLYPORUS UMBELLATUS) - Compl\u00e9ment alimentaire \u00e0 haute concentration (ratio 8 :1) en g\u00e9lules \u00e9labor\u00e9 \u00e0 partir de l\u0092extrait pur de Polypore (Polyporus umbellatus) de production biologique certifi\u00e9e.Hifas da Terra - MicoSalud[:nl]Online kopen: MICO-POLYPOR 8:1 70CAPS (POLYPORUS UMBELLATUS) - Voedingssupplement van hoge concentratie (ratio 8 :1) in gelules op basis van het zuivere extract van Schermpjeseikhaas (Polyporus umbellatus) van biologisch gecertifieerde oorsprong.Hifas da Terra - MicoSalud[:en]Buy online: MICO-POLYPOR 8:1 70CAPS (POLYPORUS UMBELLATUS) - [:]","og_description":"[:fr]Acheter en ligne: MICO-POLYPOR 8:1 70CAPS (POLYPORUS UMBELLATUS) - Compl\u00e9ment alimentaire \u00e0 haute concentration (ratio 8 :1) en g\u00e9lules \u00e9labor\u00e9 \u00e0 partir de l\u0092extrait pur de Polypore (Polyporus umbellatus) de production biologique certifi\u00e9e.Hifas da Terra - MicoSalud[:nl]Online kopen: MICO-POLYPOR 8:1 70CAPS (POLYPORUS UMBELLATUS) - Voedingssupplement van hoge concentratie (ratio 8 :1) in gelules op basis van het zuivere extract van Schermpjeseikhaas (Polyporus umbellatus) van biologisch gecertifieerde oorsprong.Hifas da Terra - MicoSalud[:en]Buy online: MICO-POLYPOR 8:1 70CAPS (POLYPORUS UMBELLATUS) - [:]","og_url":"https:\/\/www.desmecht.com\/shop\/hifas-da-terra-micosalud-2\/mycotherapie-hifas-da-terra-micosalud-2\/mico-polypor-81-70caps-polyporus-umbellatus\/","og_site_name":"DESMECHT Herbalist in Brussels - Natural solutions","article_publisher":"http:\/\/www.facebook.com\/herbodesmecht","article_modified_time":"2025-07-26T11:52:27+00:00","og_image":[{"width":510,"height":510,"url":"https:\/\/www.desmecht.com\/wp-content\/uploads\/2020\/01\/Mico-Polypor_Hifas-da-terra.jpg","type":"image\/jpeg"}],"twitter_card":"summary_large_image","twitter_misc":{"Est. reading time":"1 minute"},"schema":{"@context":"https:\/\/schema.org","@graph":[{"@type":"WebPage","@id":"https:\/\/www.desmecht.com\/shop\/hifas-da-terra-micosalud-2\/mycotherapie-hifas-da-terra-micosalud-2\/mico-polypor-81-70caps-polyporus-umbellatus\/","url":"https:\/\/www.desmecht.com\/shop\/hifas-da-terra-micosalud-2\/mycotherapie-hifas-da-terra-micosalud-2\/mico-polypor-81-70caps-polyporus-umbellatus\/","name":"[:fr]Acheter en ligne: MICO-POLYPOR 8:1 70CAPS (POLYPORUS UMBELLATUS) - Compl\u00e9ment alimentaire \u00e0 haute concentration (ratio 8 :1) en g\u00e9lules \u00e9labor\u00e9 \u00e0 partir de l\u0092extrait pur de Polypore (Polyporus umbellatus) de production biologique certifi\u00e9e.Hifas da Terra - MicoSalud[:nl]Online kopen: MICO-POLYPOR 8:1 70CAPS (POLYPORUS UMBELLATUS) - Voedingssupplement van hoge concentratie (ratio 8 :1) in gelules op basis van het zuivere extract van Schermpjeseikhaas (Polyporus umbellatus) van biologisch gecertifieerde oorsprong.Hifas da Terra - MicoSalud[:en]Buy online: MICO-POLYPOR 8:1 70CAPS (POLYPORUS UMBELLATUS) - [:]","isPartOf":{"@id":"https:\/\/www.desmecht.com\/#website"},"primaryImageOfPage":{"@id":"https:\/\/www.desmecht.com\/shop\/hifas-da-terra-micosalud-2\/mycotherapie-hifas-da-terra-micosalud-2\/mico-polypor-81-70caps-polyporus-umbellatus\/#primaryimage"},"image":{"@id":"https:\/\/www.desmecht.com\/shop\/hifas-da-terra-micosalud-2\/mycotherapie-hifas-da-terra-micosalud-2\/mico-polypor-81-70caps-polyporus-umbellatus\/#primaryimage"},"thumbnailUrl":"https:\/\/www.desmecht.com\/wp-content\/uploads\/2020\/01\/Mico-Polypor_Hifas-da-terra.jpg","datePublished":"2025-07-26T09:52:27+00:00","dateModified":"2025-07-26T11:52:27+00:00","description":"[:fr]Acheter en ligne: MICO-POLYPOR 8:1 70CAPS (POLYPORUS UMBELLATUS) - Compl\u00e9ment alimentaire \u00e0 haute concentration (ratio 8 :1) en g\u00e9lules \u00e9labor\u00e9 \u00e0 partir de l\u0092extrait pur de Polypore (Polyporus umbellatus) de production biologique certifi\u00e9e.Hifas da Terra - MicoSalud[:nl]Online kopen: MICO-POLYPOR 8:1 70CAPS (POLYPORUS UMBELLATUS) - Voedingssupplement van hoge concentratie (ratio 8 :1) in gelules op basis van het zuivere extract van Schermpjeseikhaas (Polyporus umbellatus) van biologisch gecertifieerde oorsprong.Hifas da Terra - MicoSalud[:en]Buy online: MICO-POLYPOR 8:1 70CAPS (POLYPORUS UMBELLATUS) - [:]","breadcrumb":{"@id":"https:\/\/www.desmecht.com\/shop\/hifas-da-terra-micosalud-2\/mycotherapie-hifas-da-terra-micosalud-2\/mico-polypor-81-70caps-polyporus-umbellatus\/#breadcrumb"},"inLanguage":"en-US","potentialAction":[{"@type":"ReadAction","target":["https:\/\/www.desmecht.com\/shop\/hifas-da-terra-micosalud-2\/mycotherapie-hifas-da-terra-micosalud-2\/mico-polypor-81-70caps-polyporus-umbellatus\/"]}]},{"@type":"ImageObject","inLanguage":"en-US","@id":"https:\/\/www.desmecht.com\/shop\/hifas-da-terra-micosalud-2\/mycotherapie-hifas-da-terra-micosalud-2\/mico-polypor-81-70caps-polyporus-umbellatus\/#primaryimage","url":"https:\/\/www.desmecht.com\/wp-content\/uploads\/2020\/01\/Mico-Polypor_Hifas-da-terra.jpg","contentUrl":"https:\/\/www.desmecht.com\/wp-content\/uploads\/2020\/01\/Mico-Polypor_Hifas-da-terra.jpg","width":510,"height":510},{"@type":"BreadcrumbList","@id":"https:\/\/www.desmecht.com\/shop\/hifas-da-terra-micosalud-2\/mycotherapie-hifas-da-terra-micosalud-2\/mico-polypor-81-70caps-polyporus-umbellatus\/#breadcrumb","itemListElement":[{"@type":"ListItem","position":1,"name":"Home","item":"https:\/\/www.desmecht.com\/"},{"@type":"ListItem","position":2,"name":"E-shop","item":"https:\/\/www.desmecht.com\/"},{"@type":"ListItem","position":3,"name":"MICO-POLYPOR 8:1 70CAPS (POLYPORUS UMBELLATUS)"}]},{"@type":"WebSite","@id":"https:\/\/www.desmecht.com\/#website","url":"https:\/\/www.desmecht.com\/","name":"DESMECHT Herbalist in Brussels - Natural solutions","description":"Natural Solutions","publisher":{"@id":"https:\/\/www.desmecht.com\/#organization"},"potentialAction":[{"@type":"SearchAction","target":{"@type":"EntryPoint","urlTemplate":"https:\/\/www.desmecht.com\/?s={search_term_string}"},"query-input":{"@type":"PropertyValueSpecification","valueRequired":true,"valueName":"search_term_string"}}],"inLanguage":"en-US"},{"@type":"Organization","@id":"https:\/\/www.desmecht.com\/#organization","name":"DESMECHT","url":"https:\/\/www.desmecht.com\/","logo":{"@type":"ImageObject","inLanguage":"en-US","@id":"https:\/\/www.desmecht.com\/#\/schema\/logo\/image\/","url":"https:\/\/www.desmecht.com\/wp-content\/uploads\/2018\/11\/Logo-DESMECHT.png","contentUrl":"https:\/\/www.desmecht.com\/wp-content\/uploads\/2018\/11\/Logo-DESMECHT.png","width":400,"height":254,"caption":"DESMECHT"},"image":{"@id":"https:\/\/www.desmecht.com\/#\/schema\/logo\/image\/"},"sameAs":["http:\/\/www.facebook.com\/herbodesmecht"]}]}},"_links":{"self":[{"href":"https:\/\/www.desmecht.com\/en\/wp-json\/wp\/v2\/product\/19255","targetHints":{"allow":["GET"]}}],"collection":[{"href":"https:\/\/www.desmecht.com\/en\/wp-json\/wp\/v2\/product"}],"about":[{"href":"https:\/\/www.desmecht.com\/en\/wp-json\/wp\/v2\/types\/product"}],"wp:featuredmedia":[{"embeddable":true,"href":"https:\/\/www.desmecht.com\/en\/wp-json\/wp\/v2\/media\/19280"}],"wp:attachment":[{"href":"https:\/\/www.desmecht.com\/en\/wp-json\/wp\/v2\/media?parent=19255"}],"wp:term":[{"taxonomy":"product_brand","embeddable":true,"href":"https:\/\/www.desmecht.com\/en\/wp-json\/wp\/v2\/product_brand?post=19255"},{"taxonomy":"product_cat","embeddable":true,"href":"https:\/\/www.desmecht.com\/en\/wp-json\/wp\/v2\/product_cat?post=19255"},{"taxonomy":"product_tag","embeddable":true,"href":"https:\/\/www.desmecht.com\/en\/wp-json\/wp\/v2\/product_tag?post=19255"}],"curies":[{"name":"wp","href":"https:\/\/api.w.org\/{rel}","templated":true}]}}