{"id":19480,"date":"2025-11-18T13:51:45","date_gmt":"2025-11-18T12:51:45","guid":{"rendered":"https:\/\/www.desmecht.com\/shop\/niet-gecategoriseerd\/echinacea-forte-bio-120caps\/"},"modified":"2026-02-02T14:43:28","modified_gmt":"2026-02-02T13:43:28","slug":"echinacea-forte-bio-120caps","status":"publish","type":"product","link":"https:\/\/www.desmecht.com\/en\/shop\/fytostar-2\/supplements-alimentaires-a-base-de-plantes-fytostar-2\/echinacea-forte-bio-120caps\/","title":{"rendered":"Echinacea forte BIO 120caps"},"content":{"rendered":"<p><\/p>","protected":false},"excerpt":{"rendered":"<p class=\"qtranxs-available-languages-message qtranxs-available-languages-message-en\">Sorry, this entry is only available in <a href=\"https:\/\/www.desmecht.com\/fr\/wp-json\/wp\/v2\/product\/19480\" class=\"qtranxs-available-language-link qtranxs-available-language-link-fr\" title=\"Fran\u00e7ais\">Fran\u00e7ais<\/a> and <a href=\"https:\/\/www.desmecht.com\/nl\/wp-json\/wp\/v2\/product\/19480\" class=\"qtranxs-available-language-link qtranxs-available-language-link-nl\" title=\"Nederlands\">Nederlands<\/a>. For the sake of viewer convenience, the content is shown below in this site default language. You may click one of the links to switch the site language to another available language.<\/p>\n<p>Poudre de Echinacea purpurea (Echinac\u00e9e, feuilles et racine), g\u00e9lule: G\u00e9latine, antiagglom\u00e9rant: Huile de tournesol, Extrait de Echinacea purpurea (Echinac\u00e9e, feuilles et racine), Dioxyde de silicium.<\/p>\n","protected":false},"featured_media":19481,"template":"","meta":[],"product_brand":[],"product_cat":[277,278,215,571,104],"product_tag":[],"class_list":{"0":"post-19480","1":"product","2":"type-product","3":"status-publish","4":"has-post-thumbnail","6":"product_cat-fytostar","7":"product_cat-fytostar-2","8":"product_cat-supplements-alimentaires-a-base-de-plantes","9":"product_cat-supplements-alimentaires-a-base-de-plantes-fytostar-2","10":"product_cat-herboristerie","11":"tm-no-options","13":"first","14":"outofstock","15":"taxable","16":"shipping-taxable","17":"purchasable","18":"product-type-simple"},"yoast_head":"<!-- This site is optimized with the Yoast SEO plugin v26.9 - https:\/\/yoast.com\/product\/yoast-seo-wordpress\/ -->\n<title>Buy online: Echinacea forte BIO 120caps<\/title>\n<meta name=\"description\" content=\"Buy online: Echinacea forte BIO 120caps\" \/>\n<meta name=\"robots\" content=\"index, follow, max-snippet:-1, max-image-preview:large, max-video-preview:-1\" \/>\n<link rel=\"canonical\" href=\"https:\/\/www.desmecht.com\/shop\/fytostar-2\/supplements-alimentaires-a-base-de-plantes-fytostar-2\/echinacea-forte-bio-120caps\/\" \/>\n<meta property=\"og:locale\" content=\"en_US\" \/>\n<meta property=\"og:type\" content=\"article\" \/>\n<meta property=\"og:title\" content=\"[:fr]Acheter en ligne: Echinacea forte BIO 120caps[:nl]Online kopen: Echinacea forte BIO 120caps[:en]Buy online: Echinacea forte BIO 120caps[:]\" \/>\n<meta property=\"og:description\" content=\"[:fr]Acheter en ligne: Echinacea forte BIO 120caps[:nl]Online kopen: Echinacea forte BIO 120caps[:en]Buy online: Echinacea forte BIO 120caps[:]\" \/>\n<meta property=\"og:url\" content=\"https:\/\/www.desmecht.com\/shop\/fytostar-2\/supplements-alimentaires-a-base-de-plantes-fytostar-2\/echinacea-forte-bio-120caps\/\" \/>\n<meta property=\"og:site_name\" content=\"DESMECHT Herbalist in Brussels - Natural solutions\" \/>\n<meta property=\"article:publisher\" content=\"http:\/\/www.facebook.com\/herbodesmecht\" \/>\n<meta property=\"article:modified_time\" content=\"2026-02-02T13:43:28+00:00\" \/>\n<meta property=\"og:image\" content=\"https:\/\/www.desmecht.com\/wp-content\/uploads\/2020\/03\/Fytostar-Echinacea_caps.jpg\" \/>\n\t<meta property=\"og:image:width\" content=\"342\" \/>\n\t<meta property=\"og:image:height\" content=\"360\" \/>\n\t<meta property=\"og:image:type\" content=\"image\/jpeg\" \/>\n<meta name=\"twitter:card\" content=\"summary_large_image\" \/>\n<script type=\"application\/ld+json\" class=\"yoast-schema-graph\">{\"@context\":\"https:\/\/schema.org\",\"@graph\":[{\"@type\":\"WebPage\",\"@id\":\"https:\/\/www.desmecht.com\/shop\/fytostar-2\/supplements-alimentaires-a-base-de-plantes-fytostar-2\/echinacea-forte-bio-120caps\/\",\"url\":\"https:\/\/www.desmecht.com\/shop\/fytostar-2\/supplements-alimentaires-a-base-de-plantes-fytostar-2\/echinacea-forte-bio-120caps\/\",\"name\":\"[:fr]Acheter en ligne: Echinacea forte BIO 120caps[:nl]Online kopen: Echinacea forte BIO 120caps[:en]Buy online: Echinacea forte BIO 120caps[:]\",\"isPartOf\":{\"@id\":\"https:\/\/www.desmecht.com\/#website\"},\"primaryImageOfPage\":{\"@id\":\"https:\/\/www.desmecht.com\/shop\/fytostar-2\/supplements-alimentaires-a-base-de-plantes-fytostar-2\/echinacea-forte-bio-120caps\/#primaryimage\"},\"image\":{\"@id\":\"https:\/\/www.desmecht.com\/shop\/fytostar-2\/supplements-alimentaires-a-base-de-plantes-fytostar-2\/echinacea-forte-bio-120caps\/#primaryimage\"},\"thumbnailUrl\":\"https:\/\/www.desmecht.com\/wp-content\/uploads\/2020\/03\/Fytostar-Echinacea_caps.jpg\",\"datePublished\":\"2025-11-18T12:51:45+00:00\",\"dateModified\":\"2026-02-02T13:43:28+00:00\",\"description\":\"[:fr]Acheter en ligne: Echinacea forte BIO 120caps[:nl]Online kopen: Echinacea forte BIO 120caps[:en]Buy online: Echinacea forte BIO 120caps[:]\",\"breadcrumb\":{\"@id\":\"https:\/\/www.desmecht.com\/shop\/fytostar-2\/supplements-alimentaires-a-base-de-plantes-fytostar-2\/echinacea-forte-bio-120caps\/#breadcrumb\"},\"inLanguage\":\"en-US\",\"potentialAction\":[{\"@type\":\"ReadAction\",\"target\":[\"https:\/\/www.desmecht.com\/shop\/fytostar-2\/supplements-alimentaires-a-base-de-plantes-fytostar-2\/echinacea-forte-bio-120caps\/\"]}]},{\"@type\":\"ImageObject\",\"inLanguage\":\"en-US\",\"@id\":\"https:\/\/www.desmecht.com\/shop\/fytostar-2\/supplements-alimentaires-a-base-de-plantes-fytostar-2\/echinacea-forte-bio-120caps\/#primaryimage\",\"url\":\"https:\/\/www.desmecht.com\/wp-content\/uploads\/2020\/03\/Fytostar-Echinacea_caps.jpg\",\"contentUrl\":\"https:\/\/www.desmecht.com\/wp-content\/uploads\/2020\/03\/Fytostar-Echinacea_caps.jpg\",\"width\":342,\"height\":360},{\"@type\":\"BreadcrumbList\",\"@id\":\"https:\/\/www.desmecht.com\/shop\/fytostar-2\/supplements-alimentaires-a-base-de-plantes-fytostar-2\/echinacea-forte-bio-120caps\/#breadcrumb\",\"itemListElement\":[{\"@type\":\"ListItem\",\"position\":1,\"name\":\"Home\",\"item\":\"https:\/\/www.desmecht.com\/\"},{\"@type\":\"ListItem\",\"position\":2,\"name\":\"E-shop\",\"item\":\"https:\/\/www.desmecht.com\/\"},{\"@type\":\"ListItem\",\"position\":3,\"name\":\"[:fr]Echinacea forte BIO 120caps[:nl]Echinacea forte BIO 120caps[:en]Echinacea forte BIO 120caps\"}]},{\"@type\":\"WebSite\",\"@id\":\"https:\/\/www.desmecht.com\/#website\",\"url\":\"https:\/\/www.desmecht.com\/\",\"name\":\"DESMECHT Herbalist in Brussels - Natural solutions\",\"description\":\"Natural Solutions\",\"publisher\":{\"@id\":\"https:\/\/www.desmecht.com\/#organization\"},\"potentialAction\":[{\"@type\":\"SearchAction\",\"target\":{\"@type\":\"EntryPoint\",\"urlTemplate\":\"https:\/\/www.desmecht.com\/?s={search_term_string}\"},\"query-input\":{\"@type\":\"PropertyValueSpecification\",\"valueRequired\":true,\"valueName\":\"search_term_string\"}}],\"inLanguage\":\"en-US\"},{\"@type\":\"Organization\",\"@id\":\"https:\/\/www.desmecht.com\/#organization\",\"name\":\"DESMECHT\",\"url\":\"https:\/\/www.desmecht.com\/\",\"logo\":{\"@type\":\"ImageObject\",\"inLanguage\":\"en-US\",\"@id\":\"https:\/\/www.desmecht.com\/#\/schema\/logo\/image\/\",\"url\":\"https:\/\/www.desmecht.com\/wp-content\/uploads\/2018\/11\/Logo-DESMECHT.png\",\"contentUrl\":\"https:\/\/www.desmecht.com\/wp-content\/uploads\/2018\/11\/Logo-DESMECHT.png\",\"width\":400,\"height\":254,\"caption\":\"DESMECHT\"},\"image\":{\"@id\":\"https:\/\/www.desmecht.com\/#\/schema\/logo\/image\/\"},\"sameAs\":[\"http:\/\/www.facebook.com\/herbodesmecht\"]}]}<\/script>\n<!-- \/ Yoast SEO plugin. -->","yoast_head_json":{"title":"Buy online: Echinacea forte BIO 120caps","description":"Buy online: Echinacea forte BIO 120caps","robots":{"index":"index","follow":"follow","max-snippet":"max-snippet:-1","max-image-preview":"max-image-preview:large","max-video-preview":"max-video-preview:-1"},"canonical":"https:\/\/www.desmecht.com\/shop\/fytostar-2\/supplements-alimentaires-a-base-de-plantes-fytostar-2\/echinacea-forte-bio-120caps\/","og_locale":"en_US","og_type":"article","og_title":"[:fr]Acheter en ligne: Echinacea forte BIO 120caps[:nl]Online kopen: Echinacea forte BIO 120caps[:en]Buy online: Echinacea forte BIO 120caps[:]","og_description":"[:fr]Acheter en ligne: Echinacea forte BIO 120caps[:nl]Online kopen: Echinacea forte BIO 120caps[:en]Buy online: Echinacea forte BIO 120caps[:]","og_url":"https:\/\/www.desmecht.com\/shop\/fytostar-2\/supplements-alimentaires-a-base-de-plantes-fytostar-2\/echinacea-forte-bio-120caps\/","og_site_name":"DESMECHT Herbalist in Brussels - Natural solutions","article_publisher":"http:\/\/www.facebook.com\/herbodesmecht","article_modified_time":"2026-02-02T13:43:28+00:00","og_image":[{"width":342,"height":360,"url":"https:\/\/www.desmecht.com\/wp-content\/uploads\/2020\/03\/Fytostar-Echinacea_caps.jpg","type":"image\/jpeg"}],"twitter_card":"summary_large_image","schema":{"@context":"https:\/\/schema.org","@graph":[{"@type":"WebPage","@id":"https:\/\/www.desmecht.com\/shop\/fytostar-2\/supplements-alimentaires-a-base-de-plantes-fytostar-2\/echinacea-forte-bio-120caps\/","url":"https:\/\/www.desmecht.com\/shop\/fytostar-2\/supplements-alimentaires-a-base-de-plantes-fytostar-2\/echinacea-forte-bio-120caps\/","name":"[:fr]Acheter en ligne: Echinacea forte BIO 120caps[:nl]Online kopen: Echinacea forte BIO 120caps[:en]Buy online: Echinacea forte BIO 120caps[:]","isPartOf":{"@id":"https:\/\/www.desmecht.com\/#website"},"primaryImageOfPage":{"@id":"https:\/\/www.desmecht.com\/shop\/fytostar-2\/supplements-alimentaires-a-base-de-plantes-fytostar-2\/echinacea-forte-bio-120caps\/#primaryimage"},"image":{"@id":"https:\/\/www.desmecht.com\/shop\/fytostar-2\/supplements-alimentaires-a-base-de-plantes-fytostar-2\/echinacea-forte-bio-120caps\/#primaryimage"},"thumbnailUrl":"https:\/\/www.desmecht.com\/wp-content\/uploads\/2020\/03\/Fytostar-Echinacea_caps.jpg","datePublished":"2025-11-18T12:51:45+00:00","dateModified":"2026-02-02T13:43:28+00:00","description":"[:fr]Acheter en ligne: Echinacea forte BIO 120caps[:nl]Online kopen: Echinacea forte BIO 120caps[:en]Buy online: Echinacea forte BIO 120caps[:]","breadcrumb":{"@id":"https:\/\/www.desmecht.com\/shop\/fytostar-2\/supplements-alimentaires-a-base-de-plantes-fytostar-2\/echinacea-forte-bio-120caps\/#breadcrumb"},"inLanguage":"en-US","potentialAction":[{"@type":"ReadAction","target":["https:\/\/www.desmecht.com\/shop\/fytostar-2\/supplements-alimentaires-a-base-de-plantes-fytostar-2\/echinacea-forte-bio-120caps\/"]}]},{"@type":"ImageObject","inLanguage":"en-US","@id":"https:\/\/www.desmecht.com\/shop\/fytostar-2\/supplements-alimentaires-a-base-de-plantes-fytostar-2\/echinacea-forte-bio-120caps\/#primaryimage","url":"https:\/\/www.desmecht.com\/wp-content\/uploads\/2020\/03\/Fytostar-Echinacea_caps.jpg","contentUrl":"https:\/\/www.desmecht.com\/wp-content\/uploads\/2020\/03\/Fytostar-Echinacea_caps.jpg","width":342,"height":360},{"@type":"BreadcrumbList","@id":"https:\/\/www.desmecht.com\/shop\/fytostar-2\/supplements-alimentaires-a-base-de-plantes-fytostar-2\/echinacea-forte-bio-120caps\/#breadcrumb","itemListElement":[{"@type":"ListItem","position":1,"name":"Home","item":"https:\/\/www.desmecht.com\/"},{"@type":"ListItem","position":2,"name":"E-shop","item":"https:\/\/www.desmecht.com\/"},{"@type":"ListItem","position":3,"name":"[:fr]Echinacea forte BIO 120caps[:nl]Echinacea forte BIO 120caps[:en]Echinacea forte BIO 120caps"}]},{"@type":"WebSite","@id":"https:\/\/www.desmecht.com\/#website","url":"https:\/\/www.desmecht.com\/","name":"DESMECHT Herbalist in Brussels - Natural solutions","description":"Natural Solutions","publisher":{"@id":"https:\/\/www.desmecht.com\/#organization"},"potentialAction":[{"@type":"SearchAction","target":{"@type":"EntryPoint","urlTemplate":"https:\/\/www.desmecht.com\/?s={search_term_string}"},"query-input":{"@type":"PropertyValueSpecification","valueRequired":true,"valueName":"search_term_string"}}],"inLanguage":"en-US"},{"@type":"Organization","@id":"https:\/\/www.desmecht.com\/#organization","name":"DESMECHT","url":"https:\/\/www.desmecht.com\/","logo":{"@type":"ImageObject","inLanguage":"en-US","@id":"https:\/\/www.desmecht.com\/#\/schema\/logo\/image\/","url":"https:\/\/www.desmecht.com\/wp-content\/uploads\/2018\/11\/Logo-DESMECHT.png","contentUrl":"https:\/\/www.desmecht.com\/wp-content\/uploads\/2018\/11\/Logo-DESMECHT.png","width":400,"height":254,"caption":"DESMECHT"},"image":{"@id":"https:\/\/www.desmecht.com\/#\/schema\/logo\/image\/"},"sameAs":["http:\/\/www.facebook.com\/herbodesmecht"]}]}},"_links":{"self":[{"href":"https:\/\/www.desmecht.com\/en\/wp-json\/wp\/v2\/product\/19480","targetHints":{"allow":["GET"]}}],"collection":[{"href":"https:\/\/www.desmecht.com\/en\/wp-json\/wp\/v2\/product"}],"about":[{"href":"https:\/\/www.desmecht.com\/en\/wp-json\/wp\/v2\/types\/product"}],"wp:featuredmedia":[{"embeddable":true,"href":"https:\/\/www.desmecht.com\/en\/wp-json\/wp\/v2\/media\/19481"}],"wp:attachment":[{"href":"https:\/\/www.desmecht.com\/en\/wp-json\/wp\/v2\/media?parent=19480"}],"wp:term":[{"taxonomy":"product_brand","embeddable":true,"href":"https:\/\/www.desmecht.com\/en\/wp-json\/wp\/v2\/product_brand?post=19480"},{"taxonomy":"product_cat","embeddable":true,"href":"https:\/\/www.desmecht.com\/en\/wp-json\/wp\/v2\/product_cat?post=19480"},{"taxonomy":"product_tag","embeddable":true,"href":"https:\/\/www.desmecht.com\/en\/wp-json\/wp\/v2\/product_tag?post=19480"}],"curies":[{"name":"wp","href":"https:\/\/api.w.org\/{rel}","templated":true}]}}