{"id":22892,"date":"2024-12-06T11:52:13","date_gmt":"2024-12-06T10:52:13","guid":{"rendered":"https:\/\/www.desmecht.com\/shop\/niet-gecategoriseerd\/pomme-fruit-coupe\/"},"modified":"2024-12-06T12:53:59","modified_gmt":"2024-12-06T11:53:59","slug":"pomme-fruit-coupe","status":"publish","type":"product","link":"https:\/\/www.desmecht.com\/en\/shop\/herboristerie\/herbes-unitaires\/desmecht-herbes-unitaires\/pomme-fruit-coupe\/","title":{"rendered":"Apple (fruit cut)"},"content":{"rendered":"<p><\/p>","protected":false},"excerpt":{"rendered":"<p><i>Pyrus malus<\/i><\/p>\n<div style=\"color: #cccc00; text-decoration: underline;\">Discount from 500g !<\/div>\n<div style=\"font-size: 11px;\">500g &gt; -10% on the base price of 100g<br \/>1kg &gt; -20% on the base price of 100g<br \/>5kg &gt; -24% on the base price of 100g<br \/>10kg &gt; -28% on the base price of 100g<\/div>\n<div style=\"color: #cccc00; text-decoration: underline;\">ORGANIC Quality (Bio)<\/div>\n<div style=\"font-size: 11px;\">We try to deliver organic qualit\u00e9 if possible. However, this is not always possible and the quality can varie during the year. This due to: insufficient harvest, not sufficient active principals in de organic qualit\u00e9, temporarily not available in organic quality,&#8230;<br \/> Do you wish more information on this, then we need to check our current stock: +32(0)2\/511.29.59<\/div>\n<div style=\"color: #cccc00; text-decoration: underline;\">Herbes vendu en vrac<\/div>\n<div style=\"font-size: 11px;\">Les herbes sont vendues en vrac. Cela signifie que nous avons de stock des herbes en vrac (dans des gros emballages) et que la quantit\u00e9 que vous commandez sera pes\u00e9 et emball\u00e9 dans un sac en papier (en plastique pour les poudres), on y \u00e9crira le nom de la plante.<\/div>\n","protected":false},"featured_media":22947,"template":"","meta":[],"product_brand":[],"product_cat":[153,156,155,282,104],"product_tag":[],"class_list":{"0":"post-22892","1":"product","2":"type-product","3":"status-publish","4":"has-post-thumbnail","6":"product_cat-desmecht-2","7":"product_cat-desmecht-herbes-unitaires","8":"product_cat-herbes-unitaires","9":"product_cat-herbes-unitaires-desmecht-2-2","10":"product_cat-herboristerie","11":"pa_poids-50g","12":"pa_poids-100g","13":"pa_poids-250g","14":"pa_poids-500g","15":"pa_poids-1kg","16":"pa_poids-5kg","17":"pa_poids-10kg","18":"tm-no-options","20":"first","21":"instock","22":"taxable","23":"shipping-taxable","24":"purchasable","25":"product-type-variable"},"yoast_head":"<!-- This site is optimized with the Yoast SEO plugin v26.9 - https:\/\/yoast.com\/product\/yoast-seo-wordpress\/ -->\n<title>Buy online: Apple (fruit cut)<\/title>\n<meta name=\"description\" content=\"Buy online: Apple (fruit cut)\" \/>\n<meta name=\"robots\" content=\"index, follow, max-snippet:-1, max-image-preview:large, max-video-preview:-1\" \/>\n<link rel=\"canonical\" href=\"https:\/\/www.desmecht.com\/shop\/herboristerie\/herbes-unitaires\/desmecht-herbes-unitaires\/pomme-fruit-coupe\/\" \/>\n<meta property=\"og:locale\" content=\"en_US\" \/>\n<meta property=\"og:type\" content=\"article\" \/>\n<meta property=\"og:title\" content=\"[:fr]Acheter en ligne: Pomme (fruit coup\u00e9)[:nl]Online kopen: Appel (versneden fruit)[:en]Buy online: Apple (fruit cut)[:]\" \/>\n<meta property=\"og:description\" content=\"[:fr]Acheter en ligne: Pomme (fruit coup\u00e9)[:nl]Online kopen: Appel (versneden fruit)[:en]Buy online: Apple (fruit cut)[:]\" \/>\n<meta property=\"og:url\" content=\"https:\/\/www.desmecht.com\/shop\/herboristerie\/herbes-unitaires\/desmecht-herbes-unitaires\/pomme-fruit-coupe\/\" \/>\n<meta property=\"og:site_name\" content=\"DESMECHT Herbalist in Brussels - Natural solutions\" \/>\n<meta property=\"article:publisher\" content=\"http:\/\/www.facebook.com\/herbodesmecht\" \/>\n<meta property=\"article:modified_time\" content=\"2024-12-06T11:53:59+00:00\" \/>\n<meta property=\"og:image\" content=\"https:\/\/www.desmecht.com\/wp-content\/uploads\/2021\/07\/pomme.jpg\" \/>\n\t<meta property=\"og:image:width\" content=\"1512\" \/>\n\t<meta property=\"og:image:height\" content=\"1512\" \/>\n\t<meta property=\"og:image:type\" content=\"image\/jpeg\" \/>\n<meta name=\"twitter:card\" content=\"summary_large_image\" \/>\n<script type=\"application\/ld+json\" class=\"yoast-schema-graph\">{\"@context\":\"https:\/\/schema.org\",\"@graph\":[{\"@type\":\"WebPage\",\"@id\":\"https:\/\/www.desmecht.com\/shop\/herboristerie\/herbes-unitaires\/desmecht-herbes-unitaires\/pomme-fruit-coupe\/\",\"url\":\"https:\/\/www.desmecht.com\/shop\/herboristerie\/herbes-unitaires\/desmecht-herbes-unitaires\/pomme-fruit-coupe\/\",\"name\":\"[:fr]Acheter en ligne: Pomme (fruit coup\u00e9)[:nl]Online kopen: Appel (versneden fruit)[:en]Buy online: Apple (fruit cut)[:]\",\"isPartOf\":{\"@id\":\"https:\/\/www.desmecht.com\/#website\"},\"primaryImageOfPage\":{\"@id\":\"https:\/\/www.desmecht.com\/shop\/herboristerie\/herbes-unitaires\/desmecht-herbes-unitaires\/pomme-fruit-coupe\/#primaryimage\"},\"image\":{\"@id\":\"https:\/\/www.desmecht.com\/shop\/herboristerie\/herbes-unitaires\/desmecht-herbes-unitaires\/pomme-fruit-coupe\/#primaryimage\"},\"thumbnailUrl\":\"https:\/\/www.desmecht.com\/wp-content\/uploads\/2021\/07\/pomme.jpg\",\"datePublished\":\"2024-12-06T10:52:13+00:00\",\"dateModified\":\"2024-12-06T11:53:59+00:00\",\"description\":\"[:fr]Acheter en ligne: Pomme (fruit coup\u00e9)[:nl]Online kopen: Appel (versneden fruit)[:en]Buy online: Apple (fruit cut)[:]\",\"breadcrumb\":{\"@id\":\"https:\/\/www.desmecht.com\/shop\/herboristerie\/herbes-unitaires\/desmecht-herbes-unitaires\/pomme-fruit-coupe\/#breadcrumb\"},\"inLanguage\":\"en-US\",\"potentialAction\":[{\"@type\":\"ReadAction\",\"target\":[\"https:\/\/www.desmecht.com\/shop\/herboristerie\/herbes-unitaires\/desmecht-herbes-unitaires\/pomme-fruit-coupe\/\"]}]},{\"@type\":\"ImageObject\",\"inLanguage\":\"en-US\",\"@id\":\"https:\/\/www.desmecht.com\/shop\/herboristerie\/herbes-unitaires\/desmecht-herbes-unitaires\/pomme-fruit-coupe\/#primaryimage\",\"url\":\"https:\/\/www.desmecht.com\/wp-content\/uploads\/2021\/07\/pomme.jpg\",\"contentUrl\":\"https:\/\/www.desmecht.com\/wp-content\/uploads\/2021\/07\/pomme.jpg\",\"width\":1512,\"height\":1512},{\"@type\":\"BreadcrumbList\",\"@id\":\"https:\/\/www.desmecht.com\/shop\/herboristerie\/herbes-unitaires\/desmecht-herbes-unitaires\/pomme-fruit-coupe\/#breadcrumb\",\"itemListElement\":[{\"@type\":\"ListItem\",\"position\":1,\"name\":\"Home\",\"item\":\"https:\/\/www.desmecht.com\/\"},{\"@type\":\"ListItem\",\"position\":2,\"name\":\"E-shop\",\"item\":\"https:\/\/www.desmecht.com\/\"},{\"@type\":\"ListItem\",\"position\":3,\"name\":\"Appel (versneden fruit)\"}]},{\"@type\":\"WebSite\",\"@id\":\"https:\/\/www.desmecht.com\/#website\",\"url\":\"https:\/\/www.desmecht.com\/\",\"name\":\"DESMECHT Herbalist in Brussels - Natural solutions\",\"description\":\"Natural Solutions\",\"publisher\":{\"@id\":\"https:\/\/www.desmecht.com\/#organization\"},\"potentialAction\":[{\"@type\":\"SearchAction\",\"target\":{\"@type\":\"EntryPoint\",\"urlTemplate\":\"https:\/\/www.desmecht.com\/?s={search_term_string}\"},\"query-input\":{\"@type\":\"PropertyValueSpecification\",\"valueRequired\":true,\"valueName\":\"search_term_string\"}}],\"inLanguage\":\"en-US\"},{\"@type\":\"Organization\",\"@id\":\"https:\/\/www.desmecht.com\/#organization\",\"name\":\"DESMECHT\",\"url\":\"https:\/\/www.desmecht.com\/\",\"logo\":{\"@type\":\"ImageObject\",\"inLanguage\":\"en-US\",\"@id\":\"https:\/\/www.desmecht.com\/#\/schema\/logo\/image\/\",\"url\":\"https:\/\/www.desmecht.com\/wp-content\/uploads\/2018\/11\/Logo-DESMECHT.png\",\"contentUrl\":\"https:\/\/www.desmecht.com\/wp-content\/uploads\/2018\/11\/Logo-DESMECHT.png\",\"width\":400,\"height\":254,\"caption\":\"DESMECHT\"},\"image\":{\"@id\":\"https:\/\/www.desmecht.com\/#\/schema\/logo\/image\/\"},\"sameAs\":[\"http:\/\/www.facebook.com\/herbodesmecht\"]}]}<\/script>\n<!-- \/ Yoast SEO plugin. -->","yoast_head_json":{"title":"Buy online: Apple (fruit cut)","description":"Buy online: Apple (fruit cut)","robots":{"index":"index","follow":"follow","max-snippet":"max-snippet:-1","max-image-preview":"max-image-preview:large","max-video-preview":"max-video-preview:-1"},"canonical":"https:\/\/www.desmecht.com\/shop\/herboristerie\/herbes-unitaires\/desmecht-herbes-unitaires\/pomme-fruit-coupe\/","og_locale":"en_US","og_type":"article","og_title":"[:fr]Acheter en ligne: Pomme (fruit coup\u00e9)[:nl]Online kopen: Appel (versneden fruit)[:en]Buy online: Apple (fruit cut)[:]","og_description":"[:fr]Acheter en ligne: Pomme (fruit coup\u00e9)[:nl]Online kopen: Appel (versneden fruit)[:en]Buy online: Apple (fruit cut)[:]","og_url":"https:\/\/www.desmecht.com\/shop\/herboristerie\/herbes-unitaires\/desmecht-herbes-unitaires\/pomme-fruit-coupe\/","og_site_name":"DESMECHT Herbalist in Brussels - Natural solutions","article_publisher":"http:\/\/www.facebook.com\/herbodesmecht","article_modified_time":"2024-12-06T11:53:59+00:00","og_image":[{"width":1512,"height":1512,"url":"https:\/\/www.desmecht.com\/wp-content\/uploads\/2021\/07\/pomme.jpg","type":"image\/jpeg"}],"twitter_card":"summary_large_image","schema":{"@context":"https:\/\/schema.org","@graph":[{"@type":"WebPage","@id":"https:\/\/www.desmecht.com\/shop\/herboristerie\/herbes-unitaires\/desmecht-herbes-unitaires\/pomme-fruit-coupe\/","url":"https:\/\/www.desmecht.com\/shop\/herboristerie\/herbes-unitaires\/desmecht-herbes-unitaires\/pomme-fruit-coupe\/","name":"[:fr]Acheter en ligne: Pomme (fruit coup\u00e9)[:nl]Online kopen: Appel (versneden fruit)[:en]Buy online: Apple (fruit cut)[:]","isPartOf":{"@id":"https:\/\/www.desmecht.com\/#website"},"primaryImageOfPage":{"@id":"https:\/\/www.desmecht.com\/shop\/herboristerie\/herbes-unitaires\/desmecht-herbes-unitaires\/pomme-fruit-coupe\/#primaryimage"},"image":{"@id":"https:\/\/www.desmecht.com\/shop\/herboristerie\/herbes-unitaires\/desmecht-herbes-unitaires\/pomme-fruit-coupe\/#primaryimage"},"thumbnailUrl":"https:\/\/www.desmecht.com\/wp-content\/uploads\/2021\/07\/pomme.jpg","datePublished":"2024-12-06T10:52:13+00:00","dateModified":"2024-12-06T11:53:59+00:00","description":"[:fr]Acheter en ligne: Pomme (fruit coup\u00e9)[:nl]Online kopen: Appel (versneden fruit)[:en]Buy online: Apple (fruit cut)[:]","breadcrumb":{"@id":"https:\/\/www.desmecht.com\/shop\/herboristerie\/herbes-unitaires\/desmecht-herbes-unitaires\/pomme-fruit-coupe\/#breadcrumb"},"inLanguage":"en-US","potentialAction":[{"@type":"ReadAction","target":["https:\/\/www.desmecht.com\/shop\/herboristerie\/herbes-unitaires\/desmecht-herbes-unitaires\/pomme-fruit-coupe\/"]}]},{"@type":"ImageObject","inLanguage":"en-US","@id":"https:\/\/www.desmecht.com\/shop\/herboristerie\/herbes-unitaires\/desmecht-herbes-unitaires\/pomme-fruit-coupe\/#primaryimage","url":"https:\/\/www.desmecht.com\/wp-content\/uploads\/2021\/07\/pomme.jpg","contentUrl":"https:\/\/www.desmecht.com\/wp-content\/uploads\/2021\/07\/pomme.jpg","width":1512,"height":1512},{"@type":"BreadcrumbList","@id":"https:\/\/www.desmecht.com\/shop\/herboristerie\/herbes-unitaires\/desmecht-herbes-unitaires\/pomme-fruit-coupe\/#breadcrumb","itemListElement":[{"@type":"ListItem","position":1,"name":"Home","item":"https:\/\/www.desmecht.com\/"},{"@type":"ListItem","position":2,"name":"E-shop","item":"https:\/\/www.desmecht.com\/"},{"@type":"ListItem","position":3,"name":"Appel (versneden fruit)"}]},{"@type":"WebSite","@id":"https:\/\/www.desmecht.com\/#website","url":"https:\/\/www.desmecht.com\/","name":"DESMECHT Herbalist in Brussels - Natural solutions","description":"Natural Solutions","publisher":{"@id":"https:\/\/www.desmecht.com\/#organization"},"potentialAction":[{"@type":"SearchAction","target":{"@type":"EntryPoint","urlTemplate":"https:\/\/www.desmecht.com\/?s={search_term_string}"},"query-input":{"@type":"PropertyValueSpecification","valueRequired":true,"valueName":"search_term_string"}}],"inLanguage":"en-US"},{"@type":"Organization","@id":"https:\/\/www.desmecht.com\/#organization","name":"DESMECHT","url":"https:\/\/www.desmecht.com\/","logo":{"@type":"ImageObject","inLanguage":"en-US","@id":"https:\/\/www.desmecht.com\/#\/schema\/logo\/image\/","url":"https:\/\/www.desmecht.com\/wp-content\/uploads\/2018\/11\/Logo-DESMECHT.png","contentUrl":"https:\/\/www.desmecht.com\/wp-content\/uploads\/2018\/11\/Logo-DESMECHT.png","width":400,"height":254,"caption":"DESMECHT"},"image":{"@id":"https:\/\/www.desmecht.com\/#\/schema\/logo\/image\/"},"sameAs":["http:\/\/www.facebook.com\/herbodesmecht"]}]}},"_links":{"self":[{"href":"https:\/\/www.desmecht.com\/en\/wp-json\/wp\/v2\/product\/22892","targetHints":{"allow":["GET"]}}],"collection":[{"href":"https:\/\/www.desmecht.com\/en\/wp-json\/wp\/v2\/product"}],"about":[{"href":"https:\/\/www.desmecht.com\/en\/wp-json\/wp\/v2\/types\/product"}],"wp:featuredmedia":[{"embeddable":true,"href":"https:\/\/www.desmecht.com\/en\/wp-json\/wp\/v2\/media\/22947"}],"wp:attachment":[{"href":"https:\/\/www.desmecht.com\/en\/wp-json\/wp\/v2\/media?parent=22892"}],"wp:term":[{"taxonomy":"product_brand","embeddable":true,"href":"https:\/\/www.desmecht.com\/en\/wp-json\/wp\/v2\/product_brand?post=22892"},{"taxonomy":"product_cat","embeddable":true,"href":"https:\/\/www.desmecht.com\/en\/wp-json\/wp\/v2\/product_cat?post=22892"},{"taxonomy":"product_tag","embeddable":true,"href":"https:\/\/www.desmecht.com\/en\/wp-json\/wp\/v2\/product_tag?post=22892"}],"curies":[{"name":"wp","href":"https:\/\/api.w.org\/{rel}","templated":true}]}}