{"id":25057,"date":"2024-07-02T15:27:50","date_gmt":"2024-07-02T13:27:50","guid":{"rendered":"https:\/\/www.desmecht.com\/shop\/niet-gecategoriseerd\/osteoton-forte-60tab\/"},"modified":"2024-07-02T17:27:50","modified_gmt":"2024-07-02T15:27:50","slug":"osteoton-forte-60tab","status":"publish","type":"product","link":"https:\/\/www.desmecht.com\/en\/shop\/mannavital-rood-3\/vitamines-mineraux-et-autres-nutriments-mannavital-rood-3\/osteoton-forte-60tab\/","title":{"rendered":"Osteoton Forte 60tab"},"content":{"rendered":"<p><\/p>","protected":false},"excerpt":{"rendered":"<p class=\"qtranxs-available-languages-message qtranxs-available-languages-message-en\">Sorry, this entry is only available in <a href=\"https:\/\/www.desmecht.com\/fr\/wp-json\/wp\/v2\/product\/25057\" class=\"qtranxs-available-language-link qtranxs-available-language-link-fr\" title=\"Fran\u00e7ais\">Fran\u00e7ais<\/a> and <a href=\"https:\/\/www.desmecht.com\/nl\/wp-json\/wp\/v2\/product\/25057\" class=\"qtranxs-available-language-link qtranxs-available-language-link-nl\" title=\"Nederlands\">Nederlands<\/a>. For the sake of viewer convenience, the content is shown below in this site default language. You may click one of the links to switch the site language to another available language.<\/p>\n<p>Contribue au maintien d\u0092une ossature normale gr\u00e2ce \u00e0 la vitamine D3, la vitamine K2 et le calcium (apport\u00e9 par Lithothamnium calcareum) <br \/> Mannavital<\/p>\n","protected":false},"featured_media":25058,"template":"","meta":[],"product_brand":[],"product_cat":[434,435,212,436,104],"product_tag":[],"class_list":{"0":"post-25057","1":"product","2":"type-product","3":"status-publish","4":"has-post-thumbnail","6":"product_cat-mannavital-rood-vitamines-mineraux-et-autres-nutriments","7":"product_cat-mannavital-rood-3","8":"product_cat-vitamines-mineraux-et-autres-nutriments","9":"product_cat-vitamines-mineraux-et-autres-nutriments-mannavital-rood-3","10":"product_cat-herboristerie","11":"tm-no-options","13":"first","14":"instock","15":"taxable","16":"shipping-taxable","17":"purchasable","18":"product-type-simple"},"yoast_head":"<!-- This site is optimized with the Yoast SEO plugin v26.9 - https:\/\/yoast.com\/product\/yoast-seo-wordpress\/ -->\n<title>Buy online: Osteoton Forte 60tab<\/title>\n<meta name=\"description\" content=\"Buy online: Osteoton Forte 60tab\" \/>\n<meta name=\"robots\" content=\"index, follow, max-snippet:-1, max-image-preview:large, max-video-preview:-1\" \/>\n<link rel=\"canonical\" href=\"https:\/\/www.desmecht.com\/shop\/mannavital-rood-3\/vitamines-mineraux-et-autres-nutriments-mannavital-rood-3\/osteoton-forte-60tab\/\" \/>\n<meta property=\"og:locale\" content=\"en_US\" \/>\n<meta property=\"og:type\" content=\"article\" \/>\n<meta property=\"og:title\" content=\"[:fr]Acheter en ligne: Osteoton Forte 60tab[:nl]Online kopen: Osteoton Forte 60tab[:en]Buy online: Osteoton Forte 60tab[:]\" \/>\n<meta property=\"og:description\" content=\"[:fr]Acheter en ligne: Osteoton Forte 60tab[:nl]Online kopen: Osteoton Forte 60tab[:en]Buy online: Osteoton Forte 60tab[:]\" \/>\n<meta property=\"og:url\" content=\"https:\/\/www.desmecht.com\/shop\/mannavital-rood-3\/vitamines-mineraux-et-autres-nutriments-mannavital-rood-3\/osteoton-forte-60tab\/\" \/>\n<meta property=\"og:site_name\" content=\"DESMECHT Herbalist in Brussels - Natural solutions\" \/>\n<meta property=\"article:publisher\" content=\"http:\/\/www.facebook.com\/herbodesmecht\" \/>\n<meta property=\"article:modified_time\" content=\"2024-07-02T15:27:50+00:00\" \/>\n<meta property=\"og:image\" content=\"https:\/\/www.desmecht.com\/wp-content\/uploads\/2022\/09\/Osteoton.jpg\" \/>\n\t<meta property=\"og:image:width\" content=\"361\" \/>\n\t<meta property=\"og:image:height\" content=\"345\" \/>\n\t<meta property=\"og:image:type\" content=\"image\/jpeg\" \/>\n<meta name=\"twitter:card\" content=\"summary_large_image\" \/>\n<meta name=\"twitter:label1\" content=\"Est. reading time\" \/>\n\t<meta name=\"twitter:data1\" content=\"1 minute\" \/>\n<script type=\"application\/ld+json\" class=\"yoast-schema-graph\">{\"@context\":\"https:\/\/schema.org\",\"@graph\":[{\"@type\":\"WebPage\",\"@id\":\"https:\/\/www.desmecht.com\/shop\/mannavital-rood-3\/vitamines-mineraux-et-autres-nutriments-mannavital-rood-3\/osteoton-forte-60tab\/\",\"url\":\"https:\/\/www.desmecht.com\/shop\/mannavital-rood-3\/vitamines-mineraux-et-autres-nutriments-mannavital-rood-3\/osteoton-forte-60tab\/\",\"name\":\"[:fr]Acheter en ligne: Osteoton Forte 60tab[:nl]Online kopen: Osteoton Forte 60tab[:en]Buy online: Osteoton Forte 60tab[:]\",\"isPartOf\":{\"@id\":\"https:\/\/www.desmecht.com\/#website\"},\"primaryImageOfPage\":{\"@id\":\"https:\/\/www.desmecht.com\/shop\/mannavital-rood-3\/vitamines-mineraux-et-autres-nutriments-mannavital-rood-3\/osteoton-forte-60tab\/#primaryimage\"},\"image\":{\"@id\":\"https:\/\/www.desmecht.com\/shop\/mannavital-rood-3\/vitamines-mineraux-et-autres-nutriments-mannavital-rood-3\/osteoton-forte-60tab\/#primaryimage\"},\"thumbnailUrl\":\"https:\/\/www.desmecht.com\/wp-content\/uploads\/2022\/09\/Osteoton.jpg\",\"datePublished\":\"2024-07-02T13:27:50+00:00\",\"dateModified\":\"2024-07-02T15:27:50+00:00\",\"description\":\"[:fr]Acheter en ligne: Osteoton Forte 60tab[:nl]Online kopen: Osteoton Forte 60tab[:en]Buy online: Osteoton Forte 60tab[:]\",\"breadcrumb\":{\"@id\":\"https:\/\/www.desmecht.com\/shop\/mannavital-rood-3\/vitamines-mineraux-et-autres-nutriments-mannavital-rood-3\/osteoton-forte-60tab\/#breadcrumb\"},\"inLanguage\":\"en-US\",\"potentialAction\":[{\"@type\":\"ReadAction\",\"target\":[\"https:\/\/www.desmecht.com\/shop\/mannavital-rood-3\/vitamines-mineraux-et-autres-nutriments-mannavital-rood-3\/osteoton-forte-60tab\/\"]}]},{\"@type\":\"ImageObject\",\"inLanguage\":\"en-US\",\"@id\":\"https:\/\/www.desmecht.com\/shop\/mannavital-rood-3\/vitamines-mineraux-et-autres-nutriments-mannavital-rood-3\/osteoton-forte-60tab\/#primaryimage\",\"url\":\"https:\/\/www.desmecht.com\/wp-content\/uploads\/2022\/09\/Osteoton.jpg\",\"contentUrl\":\"https:\/\/www.desmecht.com\/wp-content\/uploads\/2022\/09\/Osteoton.jpg\",\"width\":361,\"height\":345},{\"@type\":\"BreadcrumbList\",\"@id\":\"https:\/\/www.desmecht.com\/shop\/mannavital-rood-3\/vitamines-mineraux-et-autres-nutriments-mannavital-rood-3\/osteoton-forte-60tab\/#breadcrumb\",\"itemListElement\":[{\"@type\":\"ListItem\",\"position\":1,\"name\":\"Home\",\"item\":\"https:\/\/www.desmecht.com\/\"},{\"@type\":\"ListItem\",\"position\":2,\"name\":\"E-shop\",\"item\":\"https:\/\/www.desmecht.com\/\"},{\"@type\":\"ListItem\",\"position\":3,\"name\":\"Osteoton Forte 60tab\"}]},{\"@type\":\"WebSite\",\"@id\":\"https:\/\/www.desmecht.com\/#website\",\"url\":\"https:\/\/www.desmecht.com\/\",\"name\":\"DESMECHT Herbalist in Brussels - Natural solutions\",\"description\":\"Natural Solutions\",\"publisher\":{\"@id\":\"https:\/\/www.desmecht.com\/#organization\"},\"potentialAction\":[{\"@type\":\"SearchAction\",\"target\":{\"@type\":\"EntryPoint\",\"urlTemplate\":\"https:\/\/www.desmecht.com\/?s={search_term_string}\"},\"query-input\":{\"@type\":\"PropertyValueSpecification\",\"valueRequired\":true,\"valueName\":\"search_term_string\"}}],\"inLanguage\":\"en-US\"},{\"@type\":\"Organization\",\"@id\":\"https:\/\/www.desmecht.com\/#organization\",\"name\":\"DESMECHT\",\"url\":\"https:\/\/www.desmecht.com\/\",\"logo\":{\"@type\":\"ImageObject\",\"inLanguage\":\"en-US\",\"@id\":\"https:\/\/www.desmecht.com\/#\/schema\/logo\/image\/\",\"url\":\"https:\/\/www.desmecht.com\/wp-content\/uploads\/2018\/11\/Logo-DESMECHT.png\",\"contentUrl\":\"https:\/\/www.desmecht.com\/wp-content\/uploads\/2018\/11\/Logo-DESMECHT.png\",\"width\":400,\"height\":254,\"caption\":\"DESMECHT\"},\"image\":{\"@id\":\"https:\/\/www.desmecht.com\/#\/schema\/logo\/image\/\"},\"sameAs\":[\"http:\/\/www.facebook.com\/herbodesmecht\"]}]}<\/script>\n<!-- \/ Yoast SEO plugin. -->","yoast_head_json":{"title":"Buy online: Osteoton Forte 60tab","description":"Buy online: Osteoton Forte 60tab","robots":{"index":"index","follow":"follow","max-snippet":"max-snippet:-1","max-image-preview":"max-image-preview:large","max-video-preview":"max-video-preview:-1"},"canonical":"https:\/\/www.desmecht.com\/shop\/mannavital-rood-3\/vitamines-mineraux-et-autres-nutriments-mannavital-rood-3\/osteoton-forte-60tab\/","og_locale":"en_US","og_type":"article","og_title":"[:fr]Acheter en ligne: Osteoton Forte 60tab[:nl]Online kopen: Osteoton Forte 60tab[:en]Buy online: Osteoton Forte 60tab[:]","og_description":"[:fr]Acheter en ligne: Osteoton Forte 60tab[:nl]Online kopen: Osteoton Forte 60tab[:en]Buy online: Osteoton Forte 60tab[:]","og_url":"https:\/\/www.desmecht.com\/shop\/mannavital-rood-3\/vitamines-mineraux-et-autres-nutriments-mannavital-rood-3\/osteoton-forte-60tab\/","og_site_name":"DESMECHT Herbalist in Brussels - Natural solutions","article_publisher":"http:\/\/www.facebook.com\/herbodesmecht","article_modified_time":"2024-07-02T15:27:50+00:00","og_image":[{"width":361,"height":345,"url":"https:\/\/www.desmecht.com\/wp-content\/uploads\/2022\/09\/Osteoton.jpg","type":"image\/jpeg"}],"twitter_card":"summary_large_image","twitter_misc":{"Est. reading time":"1 minute"},"schema":{"@context":"https:\/\/schema.org","@graph":[{"@type":"WebPage","@id":"https:\/\/www.desmecht.com\/shop\/mannavital-rood-3\/vitamines-mineraux-et-autres-nutriments-mannavital-rood-3\/osteoton-forte-60tab\/","url":"https:\/\/www.desmecht.com\/shop\/mannavital-rood-3\/vitamines-mineraux-et-autres-nutriments-mannavital-rood-3\/osteoton-forte-60tab\/","name":"[:fr]Acheter en ligne: Osteoton Forte 60tab[:nl]Online kopen: Osteoton Forte 60tab[:en]Buy online: Osteoton Forte 60tab[:]","isPartOf":{"@id":"https:\/\/www.desmecht.com\/#website"},"primaryImageOfPage":{"@id":"https:\/\/www.desmecht.com\/shop\/mannavital-rood-3\/vitamines-mineraux-et-autres-nutriments-mannavital-rood-3\/osteoton-forte-60tab\/#primaryimage"},"image":{"@id":"https:\/\/www.desmecht.com\/shop\/mannavital-rood-3\/vitamines-mineraux-et-autres-nutriments-mannavital-rood-3\/osteoton-forte-60tab\/#primaryimage"},"thumbnailUrl":"https:\/\/www.desmecht.com\/wp-content\/uploads\/2022\/09\/Osteoton.jpg","datePublished":"2024-07-02T13:27:50+00:00","dateModified":"2024-07-02T15:27:50+00:00","description":"[:fr]Acheter en ligne: Osteoton Forte 60tab[:nl]Online kopen: Osteoton Forte 60tab[:en]Buy online: Osteoton Forte 60tab[:]","breadcrumb":{"@id":"https:\/\/www.desmecht.com\/shop\/mannavital-rood-3\/vitamines-mineraux-et-autres-nutriments-mannavital-rood-3\/osteoton-forte-60tab\/#breadcrumb"},"inLanguage":"en-US","potentialAction":[{"@type":"ReadAction","target":["https:\/\/www.desmecht.com\/shop\/mannavital-rood-3\/vitamines-mineraux-et-autres-nutriments-mannavital-rood-3\/osteoton-forte-60tab\/"]}]},{"@type":"ImageObject","inLanguage":"en-US","@id":"https:\/\/www.desmecht.com\/shop\/mannavital-rood-3\/vitamines-mineraux-et-autres-nutriments-mannavital-rood-3\/osteoton-forte-60tab\/#primaryimage","url":"https:\/\/www.desmecht.com\/wp-content\/uploads\/2022\/09\/Osteoton.jpg","contentUrl":"https:\/\/www.desmecht.com\/wp-content\/uploads\/2022\/09\/Osteoton.jpg","width":361,"height":345},{"@type":"BreadcrumbList","@id":"https:\/\/www.desmecht.com\/shop\/mannavital-rood-3\/vitamines-mineraux-et-autres-nutriments-mannavital-rood-3\/osteoton-forte-60tab\/#breadcrumb","itemListElement":[{"@type":"ListItem","position":1,"name":"Home","item":"https:\/\/www.desmecht.com\/"},{"@type":"ListItem","position":2,"name":"E-shop","item":"https:\/\/www.desmecht.com\/"},{"@type":"ListItem","position":3,"name":"Osteoton Forte 60tab"}]},{"@type":"WebSite","@id":"https:\/\/www.desmecht.com\/#website","url":"https:\/\/www.desmecht.com\/","name":"DESMECHT Herbalist in Brussels - Natural solutions","description":"Natural Solutions","publisher":{"@id":"https:\/\/www.desmecht.com\/#organization"},"potentialAction":[{"@type":"SearchAction","target":{"@type":"EntryPoint","urlTemplate":"https:\/\/www.desmecht.com\/?s={search_term_string}"},"query-input":{"@type":"PropertyValueSpecification","valueRequired":true,"valueName":"search_term_string"}}],"inLanguage":"en-US"},{"@type":"Organization","@id":"https:\/\/www.desmecht.com\/#organization","name":"DESMECHT","url":"https:\/\/www.desmecht.com\/","logo":{"@type":"ImageObject","inLanguage":"en-US","@id":"https:\/\/www.desmecht.com\/#\/schema\/logo\/image\/","url":"https:\/\/www.desmecht.com\/wp-content\/uploads\/2018\/11\/Logo-DESMECHT.png","contentUrl":"https:\/\/www.desmecht.com\/wp-content\/uploads\/2018\/11\/Logo-DESMECHT.png","width":400,"height":254,"caption":"DESMECHT"},"image":{"@id":"https:\/\/www.desmecht.com\/#\/schema\/logo\/image\/"},"sameAs":["http:\/\/www.facebook.com\/herbodesmecht"]}]}},"_links":{"self":[{"href":"https:\/\/www.desmecht.com\/en\/wp-json\/wp\/v2\/product\/25057","targetHints":{"allow":["GET"]}}],"collection":[{"href":"https:\/\/www.desmecht.com\/en\/wp-json\/wp\/v2\/product"}],"about":[{"href":"https:\/\/www.desmecht.com\/en\/wp-json\/wp\/v2\/types\/product"}],"wp:featuredmedia":[{"embeddable":true,"href":"https:\/\/www.desmecht.com\/en\/wp-json\/wp\/v2\/media\/25058"}],"wp:attachment":[{"href":"https:\/\/www.desmecht.com\/en\/wp-json\/wp\/v2\/media?parent=25057"}],"wp:term":[{"taxonomy":"product_brand","embeddable":true,"href":"https:\/\/www.desmecht.com\/en\/wp-json\/wp\/v2\/product_brand?post=25057"},{"taxonomy":"product_cat","embeddable":true,"href":"https:\/\/www.desmecht.com\/en\/wp-json\/wp\/v2\/product_cat?post=25057"},{"taxonomy":"product_tag","embeddable":true,"href":"https:\/\/www.desmecht.com\/en\/wp-json\/wp\/v2\/product_tag?post=25057"}],"curies":[{"name":"wp","href":"https:\/\/api.w.org\/{rel}","templated":true}]}}