{"id":25111,"date":"2024-07-03T09:32:24","date_gmt":"2024-07-03T07:32:24","guid":{"rendered":"https:\/\/www.desmecht.com\/shop\/niet-gecategoriseerd\/ashwagandha-platinum-60caps\/"},"modified":"2024-07-03T11:32:24","modified_gmt":"2024-07-03T09:32:24","slug":"ashwagandha-platinum-60caps","status":"publish","type":"product","link":"https:\/\/www.desmecht.com\/en\/shop\/mannavital-groen-3\/supplements-alimentaires-a-base-de-plantes-mannavital-groen-3\/ashwagandha-platinum-60caps\/","title":{"rendered":"Ashwagandha Platinum 60caps"},"content":{"rendered":"<p><\/p>","protected":false},"excerpt":{"rendered":"<p class=\"qtranxs-available-languages-message qtranxs-available-languages-message-en\">Sorry, this entry is only available in <a href=\"https:\/\/www.desmecht.com\/fr\/wp-json\/wp\/v2\/product\/25111\" class=\"qtranxs-available-language-link qtranxs-available-language-link-fr\" title=\"Fran\u00e7ais\">Fran\u00e7ais<\/a> and <a href=\"https:\/\/www.desmecht.com\/nl\/wp-json\/wp\/v2\/product\/25111\" class=\"qtranxs-available-language-link qtranxs-available-language-link-nl\" title=\"Nederlands\">Nederlands<\/a>. For the sake of viewer convenience, the content is shown below in this site default language. You may click one of the links to switch the site language to another available language.<\/p>\n<p>D\u00e9tend et augmente la r\u00e9sistance au stress &#8211; augmente le niveau d&#8217;\u00e9nergie et les performances &#8211; am\u00e9liore la m\u00e9moire et la concentration &#8211; contribue \u00e0 un \u00e9quilibre \u00e9motionnel optimal &#8211; aide \u00e0 maintenir un physique jeune et frais &#8211; virilise l&#8217;homme et f\u00e9minise la femme.<br \/>Mannavital<\/p>\n","protected":false},"featured_media":25112,"template":"","meta":[],"product_brand":[],"product_cat":[237,385,215,386,104],"product_tag":[],"class_list":{"0":"post-25111","1":"product","2":"type-product","3":"status-publish","4":"has-post-thumbnail","6":"product_cat-mannavital-groen-supplements-alimentaires-a-base-de-plantes","7":"product_cat-mannavital-groen-3","8":"product_cat-supplements-alimentaires-a-base-de-plantes","9":"product_cat-supplements-alimentaires-a-base-de-plantes-mannavital-groen-3","10":"product_cat-herboristerie","11":"tm-no-options","13":"first","14":"instock","15":"taxable","16":"shipping-taxable","17":"purchasable","18":"product-type-simple"},"yoast_head":"<!-- This site is optimized with the Yoast SEO plugin v26.9 - https:\/\/yoast.com\/product\/yoast-seo-wordpress\/ -->\n<title>Buy online: Ashwagandha Platinum 60caps<\/title>\n<meta name=\"description\" content=\"Buy online: Ashwagandha Platinum 60caps\" \/>\n<meta name=\"robots\" content=\"index, follow, max-snippet:-1, max-image-preview:large, max-video-preview:-1\" \/>\n<link rel=\"canonical\" href=\"https:\/\/www.desmecht.com\/shop\/mannavital-groen-3\/supplements-alimentaires-a-base-de-plantes-mannavital-groen-3\/ashwagandha-platinum-60caps\/\" \/>\n<meta property=\"og:locale\" content=\"en_US\" \/>\n<meta property=\"og:type\" content=\"article\" \/>\n<meta property=\"og:title\" content=\"[:fr]Acheter en ligne: Ashwagandha Platinum 60caps[:nl]Online kopen: Ashwagandha Platinum 60caps[:en]Buy online: Ashwagandha Platinum 60caps[:]\" \/>\n<meta property=\"og:description\" content=\"[:fr]Acheter en ligne: Ashwagandha Platinum 60caps[:nl]Online kopen: Ashwagandha Platinum 60caps[:en]Buy online: Ashwagandha Platinum 60caps[:]\" \/>\n<meta property=\"og:url\" content=\"https:\/\/www.desmecht.com\/shop\/mannavital-groen-3\/supplements-alimentaires-a-base-de-plantes-mannavital-groen-3\/ashwagandha-platinum-60caps\/\" \/>\n<meta property=\"og:site_name\" content=\"DESMECHT Herbalist in Brussels - Natural solutions\" \/>\n<meta property=\"article:publisher\" content=\"http:\/\/www.facebook.com\/herbodesmecht\" \/>\n<meta property=\"article:modified_time\" content=\"2024-07-03T09:32:24+00:00\" \/>\n<meta property=\"og:image\" content=\"https:\/\/www.desmecht.com\/wp-content\/uploads\/2022\/09\/Mannavital_Ashwagandha.jpg\" \/>\n\t<meta property=\"og:image:width\" content=\"362\" \/>\n\t<meta property=\"og:image:height\" content=\"370\" \/>\n\t<meta property=\"og:image:type\" content=\"image\/jpeg\" \/>\n<meta name=\"twitter:card\" content=\"summary_large_image\" \/>\n<meta name=\"twitter:label1\" content=\"Est. reading time\" \/>\n\t<meta name=\"twitter:data1\" content=\"1 minute\" \/>\n<script type=\"application\/ld+json\" class=\"yoast-schema-graph\">{\"@context\":\"https:\/\/schema.org\",\"@graph\":[{\"@type\":\"WebPage\",\"@id\":\"https:\/\/www.desmecht.com\/shop\/mannavital-groen-3\/supplements-alimentaires-a-base-de-plantes-mannavital-groen-3\/ashwagandha-platinum-60caps\/\",\"url\":\"https:\/\/www.desmecht.com\/shop\/mannavital-groen-3\/supplements-alimentaires-a-base-de-plantes-mannavital-groen-3\/ashwagandha-platinum-60caps\/\",\"name\":\"[:fr]Acheter en ligne: Ashwagandha Platinum 60caps[:nl]Online kopen: Ashwagandha Platinum 60caps[:en]Buy online: Ashwagandha Platinum 60caps[:]\",\"isPartOf\":{\"@id\":\"https:\/\/www.desmecht.com\/#website\"},\"primaryImageOfPage\":{\"@id\":\"https:\/\/www.desmecht.com\/shop\/mannavital-groen-3\/supplements-alimentaires-a-base-de-plantes-mannavital-groen-3\/ashwagandha-platinum-60caps\/#primaryimage\"},\"image\":{\"@id\":\"https:\/\/www.desmecht.com\/shop\/mannavital-groen-3\/supplements-alimentaires-a-base-de-plantes-mannavital-groen-3\/ashwagandha-platinum-60caps\/#primaryimage\"},\"thumbnailUrl\":\"https:\/\/www.desmecht.com\/wp-content\/uploads\/2022\/09\/Mannavital_Ashwagandha.jpg\",\"datePublished\":\"2024-07-03T07:32:24+00:00\",\"dateModified\":\"2024-07-03T09:32:24+00:00\",\"description\":\"[:fr]Acheter en ligne: Ashwagandha Platinum 60caps[:nl]Online kopen: Ashwagandha Platinum 60caps[:en]Buy online: Ashwagandha Platinum 60caps[:]\",\"breadcrumb\":{\"@id\":\"https:\/\/www.desmecht.com\/shop\/mannavital-groen-3\/supplements-alimentaires-a-base-de-plantes-mannavital-groen-3\/ashwagandha-platinum-60caps\/#breadcrumb\"},\"inLanguage\":\"en-US\",\"potentialAction\":[{\"@type\":\"ReadAction\",\"target\":[\"https:\/\/www.desmecht.com\/shop\/mannavital-groen-3\/supplements-alimentaires-a-base-de-plantes-mannavital-groen-3\/ashwagandha-platinum-60caps\/\"]}]},{\"@type\":\"ImageObject\",\"inLanguage\":\"en-US\",\"@id\":\"https:\/\/www.desmecht.com\/shop\/mannavital-groen-3\/supplements-alimentaires-a-base-de-plantes-mannavital-groen-3\/ashwagandha-platinum-60caps\/#primaryimage\",\"url\":\"https:\/\/www.desmecht.com\/wp-content\/uploads\/2022\/09\/Mannavital_Ashwagandha.jpg\",\"contentUrl\":\"https:\/\/www.desmecht.com\/wp-content\/uploads\/2022\/09\/Mannavital_Ashwagandha.jpg\",\"width\":362,\"height\":370},{\"@type\":\"BreadcrumbList\",\"@id\":\"https:\/\/www.desmecht.com\/shop\/mannavital-groen-3\/supplements-alimentaires-a-base-de-plantes-mannavital-groen-3\/ashwagandha-platinum-60caps\/#breadcrumb\",\"itemListElement\":[{\"@type\":\"ListItem\",\"position\":1,\"name\":\"Home\",\"item\":\"https:\/\/www.desmecht.com\/\"},{\"@type\":\"ListItem\",\"position\":2,\"name\":\"E-shop\",\"item\":\"https:\/\/www.desmecht.com\/\"},{\"@type\":\"ListItem\",\"position\":3,\"name\":\"Ashwagandha Platinum 60caps\"}]},{\"@type\":\"WebSite\",\"@id\":\"https:\/\/www.desmecht.com\/#website\",\"url\":\"https:\/\/www.desmecht.com\/\",\"name\":\"DESMECHT Herbalist in Brussels - Natural solutions\",\"description\":\"Natural Solutions\",\"publisher\":{\"@id\":\"https:\/\/www.desmecht.com\/#organization\"},\"potentialAction\":[{\"@type\":\"SearchAction\",\"target\":{\"@type\":\"EntryPoint\",\"urlTemplate\":\"https:\/\/www.desmecht.com\/?s={search_term_string}\"},\"query-input\":{\"@type\":\"PropertyValueSpecification\",\"valueRequired\":true,\"valueName\":\"search_term_string\"}}],\"inLanguage\":\"en-US\"},{\"@type\":\"Organization\",\"@id\":\"https:\/\/www.desmecht.com\/#organization\",\"name\":\"DESMECHT\",\"url\":\"https:\/\/www.desmecht.com\/\",\"logo\":{\"@type\":\"ImageObject\",\"inLanguage\":\"en-US\",\"@id\":\"https:\/\/www.desmecht.com\/#\/schema\/logo\/image\/\",\"url\":\"https:\/\/www.desmecht.com\/wp-content\/uploads\/2018\/11\/Logo-DESMECHT.png\",\"contentUrl\":\"https:\/\/www.desmecht.com\/wp-content\/uploads\/2018\/11\/Logo-DESMECHT.png\",\"width\":400,\"height\":254,\"caption\":\"DESMECHT\"},\"image\":{\"@id\":\"https:\/\/www.desmecht.com\/#\/schema\/logo\/image\/\"},\"sameAs\":[\"http:\/\/www.facebook.com\/herbodesmecht\"]}]}<\/script>\n<!-- \/ Yoast SEO plugin. -->","yoast_head_json":{"title":"Buy online: Ashwagandha Platinum 60caps","description":"Buy online: Ashwagandha Platinum 60caps","robots":{"index":"index","follow":"follow","max-snippet":"max-snippet:-1","max-image-preview":"max-image-preview:large","max-video-preview":"max-video-preview:-1"},"canonical":"https:\/\/www.desmecht.com\/shop\/mannavital-groen-3\/supplements-alimentaires-a-base-de-plantes-mannavital-groen-3\/ashwagandha-platinum-60caps\/","og_locale":"en_US","og_type":"article","og_title":"[:fr]Acheter en ligne: Ashwagandha Platinum 60caps[:nl]Online kopen: Ashwagandha Platinum 60caps[:en]Buy online: Ashwagandha Platinum 60caps[:]","og_description":"[:fr]Acheter en ligne: Ashwagandha Platinum 60caps[:nl]Online kopen: Ashwagandha Platinum 60caps[:en]Buy online: Ashwagandha Platinum 60caps[:]","og_url":"https:\/\/www.desmecht.com\/shop\/mannavital-groen-3\/supplements-alimentaires-a-base-de-plantes-mannavital-groen-3\/ashwagandha-platinum-60caps\/","og_site_name":"DESMECHT Herbalist in Brussels - Natural solutions","article_publisher":"http:\/\/www.facebook.com\/herbodesmecht","article_modified_time":"2024-07-03T09:32:24+00:00","og_image":[{"width":362,"height":370,"url":"https:\/\/www.desmecht.com\/wp-content\/uploads\/2022\/09\/Mannavital_Ashwagandha.jpg","type":"image\/jpeg"}],"twitter_card":"summary_large_image","twitter_misc":{"Est. reading time":"1 minute"},"schema":{"@context":"https:\/\/schema.org","@graph":[{"@type":"WebPage","@id":"https:\/\/www.desmecht.com\/shop\/mannavital-groen-3\/supplements-alimentaires-a-base-de-plantes-mannavital-groen-3\/ashwagandha-platinum-60caps\/","url":"https:\/\/www.desmecht.com\/shop\/mannavital-groen-3\/supplements-alimentaires-a-base-de-plantes-mannavital-groen-3\/ashwagandha-platinum-60caps\/","name":"[:fr]Acheter en ligne: Ashwagandha Platinum 60caps[:nl]Online kopen: Ashwagandha Platinum 60caps[:en]Buy online: Ashwagandha Platinum 60caps[:]","isPartOf":{"@id":"https:\/\/www.desmecht.com\/#website"},"primaryImageOfPage":{"@id":"https:\/\/www.desmecht.com\/shop\/mannavital-groen-3\/supplements-alimentaires-a-base-de-plantes-mannavital-groen-3\/ashwagandha-platinum-60caps\/#primaryimage"},"image":{"@id":"https:\/\/www.desmecht.com\/shop\/mannavital-groen-3\/supplements-alimentaires-a-base-de-plantes-mannavital-groen-3\/ashwagandha-platinum-60caps\/#primaryimage"},"thumbnailUrl":"https:\/\/www.desmecht.com\/wp-content\/uploads\/2022\/09\/Mannavital_Ashwagandha.jpg","datePublished":"2024-07-03T07:32:24+00:00","dateModified":"2024-07-03T09:32:24+00:00","description":"[:fr]Acheter en ligne: Ashwagandha Platinum 60caps[:nl]Online kopen: Ashwagandha Platinum 60caps[:en]Buy online: Ashwagandha Platinum 60caps[:]","breadcrumb":{"@id":"https:\/\/www.desmecht.com\/shop\/mannavital-groen-3\/supplements-alimentaires-a-base-de-plantes-mannavital-groen-3\/ashwagandha-platinum-60caps\/#breadcrumb"},"inLanguage":"en-US","potentialAction":[{"@type":"ReadAction","target":["https:\/\/www.desmecht.com\/shop\/mannavital-groen-3\/supplements-alimentaires-a-base-de-plantes-mannavital-groen-3\/ashwagandha-platinum-60caps\/"]}]},{"@type":"ImageObject","inLanguage":"en-US","@id":"https:\/\/www.desmecht.com\/shop\/mannavital-groen-3\/supplements-alimentaires-a-base-de-plantes-mannavital-groen-3\/ashwagandha-platinum-60caps\/#primaryimage","url":"https:\/\/www.desmecht.com\/wp-content\/uploads\/2022\/09\/Mannavital_Ashwagandha.jpg","contentUrl":"https:\/\/www.desmecht.com\/wp-content\/uploads\/2022\/09\/Mannavital_Ashwagandha.jpg","width":362,"height":370},{"@type":"BreadcrumbList","@id":"https:\/\/www.desmecht.com\/shop\/mannavital-groen-3\/supplements-alimentaires-a-base-de-plantes-mannavital-groen-3\/ashwagandha-platinum-60caps\/#breadcrumb","itemListElement":[{"@type":"ListItem","position":1,"name":"Home","item":"https:\/\/www.desmecht.com\/"},{"@type":"ListItem","position":2,"name":"E-shop","item":"https:\/\/www.desmecht.com\/"},{"@type":"ListItem","position":3,"name":"Ashwagandha Platinum 60caps"}]},{"@type":"WebSite","@id":"https:\/\/www.desmecht.com\/#website","url":"https:\/\/www.desmecht.com\/","name":"DESMECHT Herbalist in Brussels - Natural solutions","description":"Natural Solutions","publisher":{"@id":"https:\/\/www.desmecht.com\/#organization"},"potentialAction":[{"@type":"SearchAction","target":{"@type":"EntryPoint","urlTemplate":"https:\/\/www.desmecht.com\/?s={search_term_string}"},"query-input":{"@type":"PropertyValueSpecification","valueRequired":true,"valueName":"search_term_string"}}],"inLanguage":"en-US"},{"@type":"Organization","@id":"https:\/\/www.desmecht.com\/#organization","name":"DESMECHT","url":"https:\/\/www.desmecht.com\/","logo":{"@type":"ImageObject","inLanguage":"en-US","@id":"https:\/\/www.desmecht.com\/#\/schema\/logo\/image\/","url":"https:\/\/www.desmecht.com\/wp-content\/uploads\/2018\/11\/Logo-DESMECHT.png","contentUrl":"https:\/\/www.desmecht.com\/wp-content\/uploads\/2018\/11\/Logo-DESMECHT.png","width":400,"height":254,"caption":"DESMECHT"},"image":{"@id":"https:\/\/www.desmecht.com\/#\/schema\/logo\/image\/"},"sameAs":["http:\/\/www.facebook.com\/herbodesmecht"]}]}},"_links":{"self":[{"href":"https:\/\/www.desmecht.com\/en\/wp-json\/wp\/v2\/product\/25111","targetHints":{"allow":["GET"]}}],"collection":[{"href":"https:\/\/www.desmecht.com\/en\/wp-json\/wp\/v2\/product"}],"about":[{"href":"https:\/\/www.desmecht.com\/en\/wp-json\/wp\/v2\/types\/product"}],"wp:featuredmedia":[{"embeddable":true,"href":"https:\/\/www.desmecht.com\/en\/wp-json\/wp\/v2\/media\/25112"}],"wp:attachment":[{"href":"https:\/\/www.desmecht.com\/en\/wp-json\/wp\/v2\/media?parent=25111"}],"wp:term":[{"taxonomy":"product_brand","embeddable":true,"href":"https:\/\/www.desmecht.com\/en\/wp-json\/wp\/v2\/product_brand?post=25111"},{"taxonomy":"product_cat","embeddable":true,"href":"https:\/\/www.desmecht.com\/en\/wp-json\/wp\/v2\/product_cat?post=25111"},{"taxonomy":"product_tag","embeddable":true,"href":"https:\/\/www.desmecht.com\/en\/wp-json\/wp\/v2\/product_tag?post=25111"}],"curies":[{"name":"wp","href":"https:\/\/api.w.org\/{rel}","templated":true}]}}