{"id":26140,"date":"2023-03-10T10:22:54","date_gmt":"2023-03-10T09:22:54","guid":{"rendered":"https:\/\/www.desmecht.com\/shop\/niet-gecategoriseerd\/cassis-30ml\/"},"modified":"2023-03-10T11:22:54","modified_gmt":"2023-03-10T10:22:54","slug":"cassis-30ml-herbalgem","status":"publish","type":"product","link":"https:\/\/www.desmecht.com\/en\/shop\/herbalgem-unitaires-2\/524\/cassis-30ml-herbalgem\/","title":{"rendered":"Blackcurrant 30ML &#8211; Herbalgem"},"content":{"rendered":"<p><\/p>","protected":false},"excerpt":{"rendered":"<p class=\"qtranxs-available-languages-message qtranxs-available-languages-message-en\">Sorry, this entry is only available in <a href=\"https:\/\/www.desmecht.com\/fr\/wp-json\/wp\/v2\/product\/26140\" class=\"qtranxs-available-language-link qtranxs-available-language-link-fr\" title=\"Fran\u00e7ais\">Fran\u00e7ais<\/a> and <a href=\"https:\/\/www.desmecht.com\/nl\/wp-json\/wp\/v2\/product\/26140\" class=\"qtranxs-available-language-link qtranxs-available-language-link-nl\" title=\"Nederlands\">Nederlands<\/a>. For the sake of viewer convenience, the content is shown below in this site default language. You may click one of the links to switch the site language to another available language.<\/p>\n<p>La gemmoth\u00e9rapie consiste \u00e0 utiliser propri\u00e9t\u00e9s des tissus embryonnaires v\u00e9g\u00e9taux en croissance : les bourgeons et les jeunes pousses d\u0092arbres et d\u0092arbustes. On peut la d\u00e9finir comme un v\u00e9ritable moyen de nous transmettre toute l\u0092\u00e9nergie cellulaire globale et les substances vitales pour pr\u00e9server nos organismes et nous maintenir en bonne sant\u00e9.<\/p>\n<p>Les mac\u00e9rats-m\u00e8res concentr\u00e9s de bourgeons<\/p>\n<p>Les bourgeons sont r\u00e9colt\u00e9s au printemps, \u00e0 un moment cl\u00e9 de leur cycle de d\u00e9veloppement naturel. Ils sont mis en mac\u00e9ration frais pendant plusieurs semaines dans un m\u00e9lange d\u0092eau-alcool-glyc\u00e9rine. L\u0092extrait obtenu porte le nom de mac\u00e9rat concentr\u00e9 car il ne subit aucune dilution. Cette technique permet en gemmoth\u00e9rapie d\u0092extraire toutes les vertus et l\u0092\u00e9nergie vitale des bourgeons. Chaque \u00e9l\u00e9ment du m\u00e9lange de mac\u00e9ration joue un r\u00f4le sp\u00e9cifique :<\/p>\n<p>L\u0092eau extrait les sels min\u00e9raux, les vitamines, les flavono\u00efdes<br \/>\nL\u0092alcool extrait les alcalo\u00efdes, les h\u00e9t\u00e9rosides<br \/>\nLa glyc\u00e9rine v\u00e9g\u00e9tale extrait les flavono\u00efdes, ph\u00e9nols\u0085<\/p>\n","protected":false},"featured_media":26141,"template":"","meta":[],"product_brand":[],"product_cat":[524,137,522,523,104],"product_tag":[],"class_list":{"0":"post-26140","1":"product","2":"type-product","3":"status-publish","4":"has-post-thumbnail","6":"product_cat-524","7":"product_cat-epices","8":"product_cat-herbalgem-unitaires","9":"product_cat-herbalgem-unitaires-2","10":"product_cat-herboristerie","11":"tm-no-options","13":"first","14":"instock","15":"taxable","16":"shipping-taxable","17":"purchasable","18":"product-type-simple"},"yoast_head":"<!-- This site is optimized with the Yoast SEO plugin v26.9 - https:\/\/yoast.com\/product\/yoast-seo-wordpress\/ -->\n<title>Buy online: Blackcurrant 30ML - Herbalgem<\/title>\n<meta name=\"description\" content=\"Buy online: Blackcurrant 30ML - Herbalgem\" \/>\n<meta name=\"robots\" content=\"index, follow, max-snippet:-1, max-image-preview:large, max-video-preview:-1\" \/>\n<link rel=\"canonical\" href=\"https:\/\/www.desmecht.com\/shop\/herbalgem-unitaires-2\/524\/cassis-30ml-herbalgem\/\" \/>\n<meta property=\"og:locale\" content=\"en_US\" \/>\n<meta property=\"og:type\" content=\"article\" \/>\n<meta property=\"og:title\" content=\"[:fr]Acheter en ligne: Cassis 30ML - Herbalgem[:nl]Online kopen: Zwarte bes 30ML - Herbalgem[:en]Buy online: Blackcurrant 30ML - Herbalgem[:]\" \/>\n<meta property=\"og:description\" content=\"[:fr]Acheter en ligne: Cassis 30ML - Herbalgem[:nl]Online kopen: Zwarte bes 30ML - Herbalgem[:en]Buy online: Blackcurrant 30ML - Herbalgem[:]\" \/>\n<meta property=\"og:url\" content=\"https:\/\/www.desmecht.com\/shop\/herbalgem-unitaires-2\/524\/cassis-30ml-herbalgem\/\" \/>\n<meta property=\"og:site_name\" content=\"DESMECHT Herbalist in Brussels - Natural solutions\" \/>\n<meta property=\"article:publisher\" content=\"http:\/\/www.facebook.com\/herbodesmecht\" \/>\n<meta property=\"article:modified_time\" content=\"2023-03-10T10:22:54+00:00\" \/>\n<meta property=\"og:image\" content=\"https:\/\/www.desmecht.com\/wp-content\/uploads\/2023\/03\/cassis-30ml.jpg\" \/>\n\t<meta property=\"og:image:width\" content=\"277\" \/>\n\t<meta property=\"og:image:height\" content=\"277\" \/>\n\t<meta property=\"og:image:type\" content=\"image\/jpeg\" \/>\n<meta name=\"twitter:card\" content=\"summary_large_image\" \/>\n<script type=\"application\/ld+json\" class=\"yoast-schema-graph\">{\"@context\":\"https:\/\/schema.org\",\"@graph\":[{\"@type\":\"WebPage\",\"@id\":\"https:\/\/www.desmecht.com\/shop\/herbalgem-unitaires-2\/524\/cassis-30ml-herbalgem\/\",\"url\":\"https:\/\/www.desmecht.com\/shop\/herbalgem-unitaires-2\/524\/cassis-30ml-herbalgem\/\",\"name\":\"[:fr]Acheter en ligne: Cassis 30ML - Herbalgem[:nl]Online kopen: Zwarte bes 30ML - Herbalgem[:en]Buy online: Blackcurrant 30ML - Herbalgem[:]\",\"isPartOf\":{\"@id\":\"https:\/\/www.desmecht.com\/#website\"},\"primaryImageOfPage\":{\"@id\":\"https:\/\/www.desmecht.com\/shop\/herbalgem-unitaires-2\/524\/cassis-30ml-herbalgem\/#primaryimage\"},\"image\":{\"@id\":\"https:\/\/www.desmecht.com\/shop\/herbalgem-unitaires-2\/524\/cassis-30ml-herbalgem\/#primaryimage\"},\"thumbnailUrl\":\"https:\/\/www.desmecht.com\/wp-content\/uploads\/2023\/03\/cassis-30ml.jpg\",\"datePublished\":\"2023-03-10T09:22:54+00:00\",\"dateModified\":\"2023-03-10T10:22:54+00:00\",\"description\":\"[:fr]Acheter en ligne: Cassis 30ML - Herbalgem[:nl]Online kopen: Zwarte bes 30ML - Herbalgem[:en]Buy online: Blackcurrant 30ML - Herbalgem[:]\",\"breadcrumb\":{\"@id\":\"https:\/\/www.desmecht.com\/shop\/herbalgem-unitaires-2\/524\/cassis-30ml-herbalgem\/#breadcrumb\"},\"inLanguage\":\"en-US\",\"potentialAction\":[{\"@type\":\"ReadAction\",\"target\":[\"https:\/\/www.desmecht.com\/shop\/herbalgem-unitaires-2\/524\/cassis-30ml-herbalgem\/\"]}]},{\"@type\":\"ImageObject\",\"inLanguage\":\"en-US\",\"@id\":\"https:\/\/www.desmecht.com\/shop\/herbalgem-unitaires-2\/524\/cassis-30ml-herbalgem\/#primaryimage\",\"url\":\"https:\/\/www.desmecht.com\/wp-content\/uploads\/2023\/03\/cassis-30ml.jpg\",\"contentUrl\":\"https:\/\/www.desmecht.com\/wp-content\/uploads\/2023\/03\/cassis-30ml.jpg\",\"width\":277,\"height\":277},{\"@type\":\"BreadcrumbList\",\"@id\":\"https:\/\/www.desmecht.com\/shop\/herbalgem-unitaires-2\/524\/cassis-30ml-herbalgem\/#breadcrumb\",\"itemListElement\":[{\"@type\":\"ListItem\",\"position\":1,\"name\":\"Home\",\"item\":\"https:\/\/www.desmecht.com\/\"},{\"@type\":\"ListItem\",\"position\":2,\"name\":\"E-shop\",\"item\":\"https:\/\/www.desmecht.com\/\"},{\"@type\":\"ListItem\",\"position\":3,\"name\":\"Zwarte bes 30ML &#8211; Herbalgem\"}]},{\"@type\":\"WebSite\",\"@id\":\"https:\/\/www.desmecht.com\/#website\",\"url\":\"https:\/\/www.desmecht.com\/\",\"name\":\"DESMECHT Herbalist in Brussels - Natural solutions\",\"description\":\"Natural Solutions\",\"publisher\":{\"@id\":\"https:\/\/www.desmecht.com\/#organization\"},\"potentialAction\":[{\"@type\":\"SearchAction\",\"target\":{\"@type\":\"EntryPoint\",\"urlTemplate\":\"https:\/\/www.desmecht.com\/?s={search_term_string}\"},\"query-input\":{\"@type\":\"PropertyValueSpecification\",\"valueRequired\":true,\"valueName\":\"search_term_string\"}}],\"inLanguage\":\"en-US\"},{\"@type\":\"Organization\",\"@id\":\"https:\/\/www.desmecht.com\/#organization\",\"name\":\"DESMECHT\",\"url\":\"https:\/\/www.desmecht.com\/\",\"logo\":{\"@type\":\"ImageObject\",\"inLanguage\":\"en-US\",\"@id\":\"https:\/\/www.desmecht.com\/#\/schema\/logo\/image\/\",\"url\":\"https:\/\/www.desmecht.com\/wp-content\/uploads\/2018\/11\/Logo-DESMECHT.png\",\"contentUrl\":\"https:\/\/www.desmecht.com\/wp-content\/uploads\/2018\/11\/Logo-DESMECHT.png\",\"width\":400,\"height\":254,\"caption\":\"DESMECHT\"},\"image\":{\"@id\":\"https:\/\/www.desmecht.com\/#\/schema\/logo\/image\/\"},\"sameAs\":[\"http:\/\/www.facebook.com\/herbodesmecht\"]}]}<\/script>\n<!-- \/ Yoast SEO plugin. -->","yoast_head_json":{"title":"Buy online: Blackcurrant 30ML - Herbalgem","description":"Buy online: Blackcurrant 30ML - Herbalgem","robots":{"index":"index","follow":"follow","max-snippet":"max-snippet:-1","max-image-preview":"max-image-preview:large","max-video-preview":"max-video-preview:-1"},"canonical":"https:\/\/www.desmecht.com\/shop\/herbalgem-unitaires-2\/524\/cassis-30ml-herbalgem\/","og_locale":"en_US","og_type":"article","og_title":"[:fr]Acheter en ligne: Cassis 30ML - Herbalgem[:nl]Online kopen: Zwarte bes 30ML - Herbalgem[:en]Buy online: Blackcurrant 30ML - Herbalgem[:]","og_description":"[:fr]Acheter en ligne: Cassis 30ML - Herbalgem[:nl]Online kopen: Zwarte bes 30ML - Herbalgem[:en]Buy online: Blackcurrant 30ML - Herbalgem[:]","og_url":"https:\/\/www.desmecht.com\/shop\/herbalgem-unitaires-2\/524\/cassis-30ml-herbalgem\/","og_site_name":"DESMECHT Herbalist in Brussels - Natural solutions","article_publisher":"http:\/\/www.facebook.com\/herbodesmecht","article_modified_time":"2023-03-10T10:22:54+00:00","og_image":[{"width":277,"height":277,"url":"https:\/\/www.desmecht.com\/wp-content\/uploads\/2023\/03\/cassis-30ml.jpg","type":"image\/jpeg"}],"twitter_card":"summary_large_image","schema":{"@context":"https:\/\/schema.org","@graph":[{"@type":"WebPage","@id":"https:\/\/www.desmecht.com\/shop\/herbalgem-unitaires-2\/524\/cassis-30ml-herbalgem\/","url":"https:\/\/www.desmecht.com\/shop\/herbalgem-unitaires-2\/524\/cassis-30ml-herbalgem\/","name":"[:fr]Acheter en ligne: Cassis 30ML - Herbalgem[:nl]Online kopen: Zwarte bes 30ML - Herbalgem[:en]Buy online: Blackcurrant 30ML - Herbalgem[:]","isPartOf":{"@id":"https:\/\/www.desmecht.com\/#website"},"primaryImageOfPage":{"@id":"https:\/\/www.desmecht.com\/shop\/herbalgem-unitaires-2\/524\/cassis-30ml-herbalgem\/#primaryimage"},"image":{"@id":"https:\/\/www.desmecht.com\/shop\/herbalgem-unitaires-2\/524\/cassis-30ml-herbalgem\/#primaryimage"},"thumbnailUrl":"https:\/\/www.desmecht.com\/wp-content\/uploads\/2023\/03\/cassis-30ml.jpg","datePublished":"2023-03-10T09:22:54+00:00","dateModified":"2023-03-10T10:22:54+00:00","description":"[:fr]Acheter en ligne: Cassis 30ML - Herbalgem[:nl]Online kopen: Zwarte bes 30ML - Herbalgem[:en]Buy online: Blackcurrant 30ML - Herbalgem[:]","breadcrumb":{"@id":"https:\/\/www.desmecht.com\/shop\/herbalgem-unitaires-2\/524\/cassis-30ml-herbalgem\/#breadcrumb"},"inLanguage":"en-US","potentialAction":[{"@type":"ReadAction","target":["https:\/\/www.desmecht.com\/shop\/herbalgem-unitaires-2\/524\/cassis-30ml-herbalgem\/"]}]},{"@type":"ImageObject","inLanguage":"en-US","@id":"https:\/\/www.desmecht.com\/shop\/herbalgem-unitaires-2\/524\/cassis-30ml-herbalgem\/#primaryimage","url":"https:\/\/www.desmecht.com\/wp-content\/uploads\/2023\/03\/cassis-30ml.jpg","contentUrl":"https:\/\/www.desmecht.com\/wp-content\/uploads\/2023\/03\/cassis-30ml.jpg","width":277,"height":277},{"@type":"BreadcrumbList","@id":"https:\/\/www.desmecht.com\/shop\/herbalgem-unitaires-2\/524\/cassis-30ml-herbalgem\/#breadcrumb","itemListElement":[{"@type":"ListItem","position":1,"name":"Home","item":"https:\/\/www.desmecht.com\/"},{"@type":"ListItem","position":2,"name":"E-shop","item":"https:\/\/www.desmecht.com\/"},{"@type":"ListItem","position":3,"name":"Zwarte bes 30ML &#8211; Herbalgem"}]},{"@type":"WebSite","@id":"https:\/\/www.desmecht.com\/#website","url":"https:\/\/www.desmecht.com\/","name":"DESMECHT Herbalist in Brussels - Natural solutions","description":"Natural Solutions","publisher":{"@id":"https:\/\/www.desmecht.com\/#organization"},"potentialAction":[{"@type":"SearchAction","target":{"@type":"EntryPoint","urlTemplate":"https:\/\/www.desmecht.com\/?s={search_term_string}"},"query-input":{"@type":"PropertyValueSpecification","valueRequired":true,"valueName":"search_term_string"}}],"inLanguage":"en-US"},{"@type":"Organization","@id":"https:\/\/www.desmecht.com\/#organization","name":"DESMECHT","url":"https:\/\/www.desmecht.com\/","logo":{"@type":"ImageObject","inLanguage":"en-US","@id":"https:\/\/www.desmecht.com\/#\/schema\/logo\/image\/","url":"https:\/\/www.desmecht.com\/wp-content\/uploads\/2018\/11\/Logo-DESMECHT.png","contentUrl":"https:\/\/www.desmecht.com\/wp-content\/uploads\/2018\/11\/Logo-DESMECHT.png","width":400,"height":254,"caption":"DESMECHT"},"image":{"@id":"https:\/\/www.desmecht.com\/#\/schema\/logo\/image\/"},"sameAs":["http:\/\/www.facebook.com\/herbodesmecht"]}]}},"_links":{"self":[{"href":"https:\/\/www.desmecht.com\/en\/wp-json\/wp\/v2\/product\/26140","targetHints":{"allow":["GET"]}}],"collection":[{"href":"https:\/\/www.desmecht.com\/en\/wp-json\/wp\/v2\/product"}],"about":[{"href":"https:\/\/www.desmecht.com\/en\/wp-json\/wp\/v2\/types\/product"}],"wp:featuredmedia":[{"embeddable":true,"href":"https:\/\/www.desmecht.com\/en\/wp-json\/wp\/v2\/media\/26141"}],"wp:attachment":[{"href":"https:\/\/www.desmecht.com\/en\/wp-json\/wp\/v2\/media?parent=26140"}],"wp:term":[{"taxonomy":"product_brand","embeddable":true,"href":"https:\/\/www.desmecht.com\/en\/wp-json\/wp\/v2\/product_brand?post=26140"},{"taxonomy":"product_cat","embeddable":true,"href":"https:\/\/www.desmecht.com\/en\/wp-json\/wp\/v2\/product_cat?post=26140"},{"taxonomy":"product_tag","embeddable":true,"href":"https:\/\/www.desmecht.com\/en\/wp-json\/wp\/v2\/product_tag?post=26140"}],"curies":[{"name":"wp","href":"https:\/\/api.w.org\/{rel}","templated":true}]}}