{"id":26426,"date":"2023-04-15T12:07:46","date_gmt":"2023-04-15T10:07:46","guid":{"rendered":"https:\/\/www.desmecht.com\/shop\/non class\u00e9\/shampooing-melisse-250ml\/"},"modified":"2023-04-15T14:07:46","modified_gmt":"2023-04-15T12:07:46","slug":"shampooing-melisse-250ml","status":"publish","type":"product","link":"https:\/\/www.desmecht.com\/en\/shop\/logona-shamp-2\/soins-capillaires-logona-shamp-2\/shampooing-melisse-250ml\/","title":{"rendered":"Shampoo Lemon balm 250ml"},"content":{"rendered":"<p><\/p>","protected":false},"excerpt":{"rendered":"<p class=\"qtranxs-available-languages-message qtranxs-available-languages-message-en\">Sorry, this entry is only available in <a href=\"https:\/\/www.desmecht.com\/fr\/wp-json\/wp\/v2\/product\/26426\" class=\"qtranxs-available-language-link qtranxs-available-language-link-fr\" title=\"Fran\u00e7ais\">Fran\u00e7ais<\/a> and <a href=\"https:\/\/www.desmecht.com\/nl\/wp-json\/wp\/v2\/product\/26426\" class=\"qtranxs-available-language-link qtranxs-available-language-link-nl\" title=\"Nederlands\">Nederlands<\/a>. For the sake of viewer convenience, the content is shown below in this site default language. You may click one of the links to switch the site language to another available language.<\/p>\n<p>Shampooin purifiant. R\u00e9gule l&#8217;exc\u00e8s de s\u00e9bum dans les cheveux.<\/p>\n","protected":false},"featured_media":26427,"template":"","meta":[],"product_brand":[],"product_cat":[209,525,526,311,527],"product_tag":[],"class_list":{"0":"post-26426","1":"product","2":"type-product","3":"status-publish","4":"has-post-thumbnail","6":"product_cat-cosmetiques","7":"product_cat-logona-shamp","8":"product_cat-logona-shamp-2","9":"product_cat-soins-capillaires","10":"product_cat-soins-capillaires-logona-shamp-2","11":"tm-no-options","13":"first","14":"instock","15":"taxable","16":"shipping-taxable","17":"purchasable","18":"product-type-simple"},"yoast_head":"<!-- This site is optimized with the Yoast SEO plugin v26.9 - https:\/\/yoast.com\/product\/yoast-seo-wordpress\/ -->\n<title>Buy online: Shampoo Lemon balm 250ml<\/title>\n<meta name=\"description\" content=\"Buy online: Shampoo Lemon balm 250ml\" \/>\n<meta name=\"robots\" content=\"index, follow, max-snippet:-1, max-image-preview:large, max-video-preview:-1\" \/>\n<link rel=\"canonical\" href=\"https:\/\/www.desmecht.com\/shop\/non%20class\u00e9\/shampooing-melisse-250ml\/\" \/>\n<meta property=\"og:locale\" content=\"en_US\" \/>\n<meta property=\"og:type\" content=\"article\" \/>\n<meta property=\"og:title\" content=\"[:fr]Acheter en ligne: Shampooing Melisse 250ml[:nl]Online kopen: Shampoo Citroenmelisse 250ml[:en]Buy online: Shampoo Lemon balm 250ml[:]\" \/>\n<meta property=\"og:description\" content=\"[:fr]Acheter en ligne: Shampooing Melisse 250ml[:nl]Online kopen: Shampoo Citroenmelisse 250ml[:en]Buy online: Shampoo Lemon balm 250ml[:]\" \/>\n<meta property=\"og:url\" content=\"https:\/\/www.desmecht.com\/shop\/non class\u00e9\/shampooing-melisse-250ml\/\" \/>\n<meta property=\"og:site_name\" content=\"DESMECHT Herbalist in Brussels - Natural solutions\" \/>\n<meta property=\"article:publisher\" content=\"http:\/\/www.facebook.com\/herbodesmecht\" \/>\n<meta property=\"article:modified_time\" content=\"2023-04-15T12:07:46+00:00\" \/>\n<meta property=\"og:image\" content=\"https:\/\/www.desmecht.com\/wp-content\/uploads\/2023\/04\/Logona-Shampoo-Melisse.jpg\" \/>\n\t<meta property=\"og:image:width\" content=\"600\" \/>\n\t<meta property=\"og:image:height\" content=\"600\" \/>\n\t<meta property=\"og:image:type\" content=\"image\/png\" \/>\n<meta name=\"twitter:card\" content=\"summary_large_image\" \/>\n<script type=\"application\/ld+json\" class=\"yoast-schema-graph\">{\"@context\":\"https:\/\/schema.org\",\"@graph\":[{\"@type\":\"WebPage\",\"@id\":\"https:\/\/www.desmecht.com\/shop\/non class\u00e9\/shampooing-melisse-250ml\/\",\"url\":\"https:\/\/www.desmecht.com\/shop\/non class\u00e9\/shampooing-melisse-250ml\/\",\"name\":\"[:fr]Acheter en ligne: Shampooing Melisse 250ml[:nl]Online kopen: Shampoo Citroenmelisse 250ml[:en]Buy online: Shampoo Lemon balm 250ml[:]\",\"isPartOf\":{\"@id\":\"https:\/\/www.desmecht.com\/#website\"},\"primaryImageOfPage\":{\"@id\":\"https:\/\/www.desmecht.com\/shop\/non class\u00e9\/shampooing-melisse-250ml\/#primaryimage\"},\"image\":{\"@id\":\"https:\/\/www.desmecht.com\/shop\/non class\u00e9\/shampooing-melisse-250ml\/#primaryimage\"},\"thumbnailUrl\":\"https:\/\/www.desmecht.com\/wp-content\/uploads\/2023\/04\/Logona-Shampoo-Melisse.jpg\",\"datePublished\":\"2023-04-15T10:07:46+00:00\",\"dateModified\":\"2023-04-15T12:07:46+00:00\",\"description\":\"[:fr]Acheter en ligne: Shampooing Melisse 250ml[:nl]Online kopen: Shampoo Citroenmelisse 250ml[:en]Buy online: Shampoo Lemon balm 250ml[:]\",\"breadcrumb\":{\"@id\":\"https:\/\/www.desmecht.com\/shop\/non class\u00e9\/shampooing-melisse-250ml\/#breadcrumb\"},\"inLanguage\":\"en-US\",\"potentialAction\":[{\"@type\":\"ReadAction\",\"target\":[\"https:\/\/www.desmecht.com\/shop\/non class\u00e9\/shampooing-melisse-250ml\/\"]}]},{\"@type\":\"ImageObject\",\"inLanguage\":\"en-US\",\"@id\":\"https:\/\/www.desmecht.com\/shop\/non class\u00e9\/shampooing-melisse-250ml\/#primaryimage\",\"url\":\"https:\/\/www.desmecht.com\/wp-content\/uploads\/2023\/04\/Logona-Shampoo-Melisse.jpg\",\"contentUrl\":\"https:\/\/www.desmecht.com\/wp-content\/uploads\/2023\/04\/Logona-Shampoo-Melisse.jpg\",\"width\":600,\"height\":600},{\"@type\":\"BreadcrumbList\",\"@id\":\"https:\/\/www.desmecht.com\/shop\/non class\u00e9\/shampooing-melisse-250ml\/#breadcrumb\",\"itemListElement\":[{\"@type\":\"ListItem\",\"position\":1,\"name\":\"Home\",\"item\":\"https:\/\/www.desmecht.com\/\"},{\"@type\":\"ListItem\",\"position\":2,\"name\":\"E-shop\",\"item\":\"https:\/\/www.desmecht.com\/\"},{\"@type\":\"ListItem\",\"position\":3,\"name\":\"Shampooing Melisse 250ml\"}]},{\"@type\":\"WebSite\",\"@id\":\"https:\/\/www.desmecht.com\/#website\",\"url\":\"https:\/\/www.desmecht.com\/\",\"name\":\"DESMECHT Herbalist in Brussels - Natural solutions\",\"description\":\"Natural Solutions\",\"publisher\":{\"@id\":\"https:\/\/www.desmecht.com\/#organization\"},\"potentialAction\":[{\"@type\":\"SearchAction\",\"target\":{\"@type\":\"EntryPoint\",\"urlTemplate\":\"https:\/\/www.desmecht.com\/?s={search_term_string}\"},\"query-input\":{\"@type\":\"PropertyValueSpecification\",\"valueRequired\":true,\"valueName\":\"search_term_string\"}}],\"inLanguage\":\"en-US\"},{\"@type\":\"Organization\",\"@id\":\"https:\/\/www.desmecht.com\/#organization\",\"name\":\"DESMECHT\",\"url\":\"https:\/\/www.desmecht.com\/\",\"logo\":{\"@type\":\"ImageObject\",\"inLanguage\":\"en-US\",\"@id\":\"https:\/\/www.desmecht.com\/#\/schema\/logo\/image\/\",\"url\":\"https:\/\/www.desmecht.com\/wp-content\/uploads\/2018\/11\/Logo-DESMECHT.png\",\"contentUrl\":\"https:\/\/www.desmecht.com\/wp-content\/uploads\/2018\/11\/Logo-DESMECHT.png\",\"width\":400,\"height\":254,\"caption\":\"DESMECHT\"},\"image\":{\"@id\":\"https:\/\/www.desmecht.com\/#\/schema\/logo\/image\/\"},\"sameAs\":[\"http:\/\/www.facebook.com\/herbodesmecht\"]}]}<\/script>\n<!-- \/ Yoast SEO plugin. -->","yoast_head_json":{"title":"Buy online: Shampoo Lemon balm 250ml","description":"Buy online: Shampoo Lemon balm 250ml","robots":{"index":"index","follow":"follow","max-snippet":"max-snippet:-1","max-image-preview":"max-image-preview:large","max-video-preview":"max-video-preview:-1"},"canonical":"https:\/\/www.desmecht.com\/shop\/non class\u00e9\/shampooing-melisse-250ml\/","og_locale":"en_US","og_type":"article","og_title":"[:fr]Acheter en ligne: Shampooing Melisse 250ml[:nl]Online kopen: Shampoo Citroenmelisse 250ml[:en]Buy online: Shampoo Lemon balm 250ml[:]","og_description":"[:fr]Acheter en ligne: Shampooing Melisse 250ml[:nl]Online kopen: Shampoo Citroenmelisse 250ml[:en]Buy online: Shampoo Lemon balm 250ml[:]","og_url":"https:\/\/www.desmecht.com\/shop\/non class\u00e9\/shampooing-melisse-250ml\/","og_site_name":"DESMECHT Herbalist in Brussels - Natural solutions","article_publisher":"http:\/\/www.facebook.com\/herbodesmecht","article_modified_time":"2023-04-15T12:07:46+00:00","og_image":[{"width":600,"height":600,"url":"https:\/\/www.desmecht.com\/wp-content\/uploads\/2023\/04\/Logona-Shampoo-Melisse.jpg","type":"image\/png"}],"twitter_card":"summary_large_image","schema":{"@context":"https:\/\/schema.org","@graph":[{"@type":"WebPage","@id":"https:\/\/www.desmecht.com\/shop\/non class\u00e9\/shampooing-melisse-250ml\/","url":"https:\/\/www.desmecht.com\/shop\/non class\u00e9\/shampooing-melisse-250ml\/","name":"[:fr]Acheter en ligne: Shampooing Melisse 250ml[:nl]Online kopen: Shampoo Citroenmelisse 250ml[:en]Buy online: Shampoo Lemon balm 250ml[:]","isPartOf":{"@id":"https:\/\/www.desmecht.com\/#website"},"primaryImageOfPage":{"@id":"https:\/\/www.desmecht.com\/shop\/non class\u00e9\/shampooing-melisse-250ml\/#primaryimage"},"image":{"@id":"https:\/\/www.desmecht.com\/shop\/non class\u00e9\/shampooing-melisse-250ml\/#primaryimage"},"thumbnailUrl":"https:\/\/www.desmecht.com\/wp-content\/uploads\/2023\/04\/Logona-Shampoo-Melisse.jpg","datePublished":"2023-04-15T10:07:46+00:00","dateModified":"2023-04-15T12:07:46+00:00","description":"[:fr]Acheter en ligne: Shampooing Melisse 250ml[:nl]Online kopen: Shampoo Citroenmelisse 250ml[:en]Buy online: Shampoo Lemon balm 250ml[:]","breadcrumb":{"@id":"https:\/\/www.desmecht.com\/shop\/non class\u00e9\/shampooing-melisse-250ml\/#breadcrumb"},"inLanguage":"en-US","potentialAction":[{"@type":"ReadAction","target":["https:\/\/www.desmecht.com\/shop\/non class\u00e9\/shampooing-melisse-250ml\/"]}]},{"@type":"ImageObject","inLanguage":"en-US","@id":"https:\/\/www.desmecht.com\/shop\/non class\u00e9\/shampooing-melisse-250ml\/#primaryimage","url":"https:\/\/www.desmecht.com\/wp-content\/uploads\/2023\/04\/Logona-Shampoo-Melisse.jpg","contentUrl":"https:\/\/www.desmecht.com\/wp-content\/uploads\/2023\/04\/Logona-Shampoo-Melisse.jpg","width":600,"height":600},{"@type":"BreadcrumbList","@id":"https:\/\/www.desmecht.com\/shop\/non class\u00e9\/shampooing-melisse-250ml\/#breadcrumb","itemListElement":[{"@type":"ListItem","position":1,"name":"Home","item":"https:\/\/www.desmecht.com\/"},{"@type":"ListItem","position":2,"name":"E-shop","item":"https:\/\/www.desmecht.com\/"},{"@type":"ListItem","position":3,"name":"Shampooing Melisse 250ml"}]},{"@type":"WebSite","@id":"https:\/\/www.desmecht.com\/#website","url":"https:\/\/www.desmecht.com\/","name":"DESMECHT Herbalist in Brussels - Natural solutions","description":"Natural Solutions","publisher":{"@id":"https:\/\/www.desmecht.com\/#organization"},"potentialAction":[{"@type":"SearchAction","target":{"@type":"EntryPoint","urlTemplate":"https:\/\/www.desmecht.com\/?s={search_term_string}"},"query-input":{"@type":"PropertyValueSpecification","valueRequired":true,"valueName":"search_term_string"}}],"inLanguage":"en-US"},{"@type":"Organization","@id":"https:\/\/www.desmecht.com\/#organization","name":"DESMECHT","url":"https:\/\/www.desmecht.com\/","logo":{"@type":"ImageObject","inLanguage":"en-US","@id":"https:\/\/www.desmecht.com\/#\/schema\/logo\/image\/","url":"https:\/\/www.desmecht.com\/wp-content\/uploads\/2018\/11\/Logo-DESMECHT.png","contentUrl":"https:\/\/www.desmecht.com\/wp-content\/uploads\/2018\/11\/Logo-DESMECHT.png","width":400,"height":254,"caption":"DESMECHT"},"image":{"@id":"https:\/\/www.desmecht.com\/#\/schema\/logo\/image\/"},"sameAs":["http:\/\/www.facebook.com\/herbodesmecht"]}]}},"_links":{"self":[{"href":"https:\/\/www.desmecht.com\/en\/wp-json\/wp\/v2\/product\/26426","targetHints":{"allow":["GET"]}}],"collection":[{"href":"https:\/\/www.desmecht.com\/en\/wp-json\/wp\/v2\/product"}],"about":[{"href":"https:\/\/www.desmecht.com\/en\/wp-json\/wp\/v2\/types\/product"}],"wp:featuredmedia":[{"embeddable":true,"href":"https:\/\/www.desmecht.com\/en\/wp-json\/wp\/v2\/media\/26427"}],"wp:attachment":[{"href":"https:\/\/www.desmecht.com\/en\/wp-json\/wp\/v2\/media?parent=26426"}],"wp:term":[{"taxonomy":"product_brand","embeddable":true,"href":"https:\/\/www.desmecht.com\/en\/wp-json\/wp\/v2\/product_brand?post=26426"},{"taxonomy":"product_cat","embeddable":true,"href":"https:\/\/www.desmecht.com\/en\/wp-json\/wp\/v2\/product_cat?post=26426"},{"taxonomy":"product_tag","embeddable":true,"href":"https:\/\/www.desmecht.com\/en\/wp-json\/wp\/v2\/product_tag?post=26426"}],"curies":[{"name":"wp","href":"https:\/\/api.w.org\/{rel}","templated":true}]}}