{"id":28321,"date":"2024-07-02T15:25:13","date_gmt":"2024-07-02T13:25:13","guid":{"rendered":"https:\/\/www.desmecht.com\/shop\/niet-gecategoriseerd\/rosier-sauvage-50ml\/"},"modified":"2024-07-02T17:25:14","modified_gmt":"2024-07-02T15:25:14","slug":"rosier-sauvage-50ml","status":"publish","type":"product","link":"https:\/\/www.desmecht.com\/en\/shop\/herbalgem-2\/564\/rosier-sauvage-50ml\/","title":{"rendered":"Eglantine 50ml"},"content":{"rendered":"<p><\/p>","protected":false},"excerpt":{"rendered":"<p class=\"qtranxs-available-languages-message qtranxs-available-languages-message-en\">Sorry, this entry is only available in <a href=\"https:\/\/www.desmecht.com\/fr\/wp-json\/wp\/v2\/product\/28321\" class=\"qtranxs-available-language-link qtranxs-available-language-link-fr\" title=\"Fran\u00e7ais\">Fran\u00e7ais<\/a> and <a href=\"https:\/\/www.desmecht.com\/nl\/wp-json\/wp\/v2\/product\/28321\" class=\"qtranxs-available-language-link qtranxs-available-language-link-nl\" title=\"Nederlands\">Nederlands<\/a>. For the sake of viewer convenience, the content is shown below in this site default language. You may click one of the links to switch the site language to another available language.<\/p>\n<p><i>Mac\u00e9rat glyc\u00e9rin\u00e9 de bourgeons (jeune pousses) de &#8211;<\/i><\/p>\n<div style=\"color: #cccc00; text-decoration: underline;\">Mode d&#8217;emploi:<\/div>\n<div style=\"font-size: 11px;\">5 \u00e0 15 gouttes par jour.<\/div>\n","protected":false},"featured_media":15744,"template":"","meta":[],"product_brand":[],"product_cat":[564,137,562,563,104],"product_tag":[],"class_list":{"0":"post-28321","1":"product","2":"type-product","3":"status-publish","4":"has-post-thumbnail","6":"product_cat-564","7":"product_cat-epices","8":"product_cat-herbalgem","9":"product_cat-herbalgem-2","10":"product_cat-herboristerie","11":"tm-no-options","13":"first","14":"instock","15":"taxable","16":"shipping-taxable","17":"purchasable","18":"product-type-simple"},"yoast_head":"<!-- This site is optimized with the Yoast SEO plugin v26.9 - https:\/\/yoast.com\/product\/yoast-seo-wordpress\/ -->\n<title>Buy online: Eglantine 50ml -<\/title>\n<meta name=\"description\" content=\"Buy online: Eglantine 50ml -\" \/>\n<meta name=\"robots\" content=\"index, follow, max-snippet:-1, max-image-preview:large, max-video-preview:-1\" \/>\n<link rel=\"canonical\" href=\"https:\/\/www.desmecht.com\/shop\/niet-gecategoriseerd\/rosier-sauvage-50ml\/\" \/>\n<meta property=\"og:locale\" content=\"en_US\" \/>\n<meta property=\"og:type\" content=\"article\" \/>\n<meta property=\"og:title\" content=\"[:fr]Acheter en ligne: Rosier sauvage 50ml - Mac\u00e9rat glyc\u00e9rin\u00e9 de bourgeons (jeune pousses) de -Mode d&#039;emploi:5 \u00e0 15 gouttes par jour.[:nl]Online kopen: Hondsroos 50ml - Glycerine maceraat van de knoppen (jonge scheuten) van -Gebruiksaanwijzing:5 tot 15 druppels per dag.[:en]Buy online: Eglantine 50ml - [:]\" \/>\n<meta property=\"og:description\" content=\"[:fr]Acheter en ligne: Rosier sauvage 50ml - Mac\u00e9rat glyc\u00e9rin\u00e9 de bourgeons (jeune pousses) de -Mode d&#039;emploi:5 \u00e0 15 gouttes par jour.[:nl]Online kopen: Hondsroos 50ml - Glycerine maceraat van de knoppen (jonge scheuten) van -Gebruiksaanwijzing:5 tot 15 druppels per dag.[:en]Buy online: Eglantine 50ml - [:]\" \/>\n<meta property=\"og:url\" content=\"https:\/\/www.desmecht.com\/shop\/niet-gecategoriseerd\/rosier-sauvage-50ml\/\" \/>\n<meta property=\"og:site_name\" content=\"DESMECHT Herbalist in Brussels - Natural solutions\" \/>\n<meta property=\"article:publisher\" content=\"http:\/\/www.facebook.com\/herbodesmecht\" \/>\n<meta property=\"article:modified_time\" content=\"2024-07-02T15:25:14+00:00\" \/>\n<meta property=\"og:image\" content=\"https:\/\/www.desmecht.com\/wp-content\/uploads\/2018\/11\/Rosier_15ml.jpg\" \/>\n\t<meta property=\"og:image:width\" content=\"109\" \/>\n\t<meta property=\"og:image:height\" content=\"263\" \/>\n\t<meta property=\"og:image:type\" content=\"image\/jpeg\" \/>\n<meta name=\"twitter:card\" content=\"summary_large_image\" \/>\n<script type=\"application\/ld+json\" class=\"yoast-schema-graph\">{\"@context\":\"https:\/\/schema.org\",\"@graph\":[{\"@type\":\"WebPage\",\"@id\":\"https:\/\/www.desmecht.com\/shop\/niet-gecategoriseerd\/rosier-sauvage-50ml\/\",\"url\":\"https:\/\/www.desmecht.com\/shop\/niet-gecategoriseerd\/rosier-sauvage-50ml\/\",\"name\":\"[:fr]Acheter en ligne: Rosier sauvage 50ml - Mac\u00e9rat glyc\u00e9rin\u00e9 de bourgeons (jeune pousses) de -Mode d'emploi:5 \u00e0 15 gouttes par jour.[:nl]Online kopen: Hondsroos 50ml - Glycerine maceraat van de knoppen (jonge scheuten) van -Gebruiksaanwijzing:5 tot 15 druppels per dag.[:en]Buy online: Eglantine 50ml - [:]\",\"isPartOf\":{\"@id\":\"https:\/\/www.desmecht.com\/#website\"},\"primaryImageOfPage\":{\"@id\":\"https:\/\/www.desmecht.com\/shop\/niet-gecategoriseerd\/rosier-sauvage-50ml\/#primaryimage\"},\"image\":{\"@id\":\"https:\/\/www.desmecht.com\/shop\/niet-gecategoriseerd\/rosier-sauvage-50ml\/#primaryimage\"},\"thumbnailUrl\":\"https:\/\/www.desmecht.com\/wp-content\/uploads\/2018\/11\/Rosier_15ml.jpg\",\"datePublished\":\"2024-07-02T13:25:13+00:00\",\"dateModified\":\"2024-07-02T15:25:14+00:00\",\"description\":\"[:fr]Acheter en ligne: Rosier sauvage 50ml - Mac\u00e9rat glyc\u00e9rin\u00e9 de bourgeons (jeune pousses) de -Mode d'emploi:5 \u00e0 15 gouttes par jour.[:nl]Online kopen: Hondsroos 50ml - Glycerine maceraat van de knoppen (jonge scheuten) van -Gebruiksaanwijzing:5 tot 15 druppels per dag.[:en]Buy online: Eglantine 50ml - [:]\",\"breadcrumb\":{\"@id\":\"https:\/\/www.desmecht.com\/shop\/niet-gecategoriseerd\/rosier-sauvage-50ml\/#breadcrumb\"},\"inLanguage\":\"en-US\",\"potentialAction\":[{\"@type\":\"ReadAction\",\"target\":[\"https:\/\/www.desmecht.com\/shop\/niet-gecategoriseerd\/rosier-sauvage-50ml\/\"]}]},{\"@type\":\"ImageObject\",\"inLanguage\":\"en-US\",\"@id\":\"https:\/\/www.desmecht.com\/shop\/niet-gecategoriseerd\/rosier-sauvage-50ml\/#primaryimage\",\"url\":\"https:\/\/www.desmecht.com\/wp-content\/uploads\/2018\/11\/Rosier_15ml.jpg\",\"contentUrl\":\"https:\/\/www.desmecht.com\/wp-content\/uploads\/2018\/11\/Rosier_15ml.jpg\",\"width\":109,\"height\":263},{\"@type\":\"BreadcrumbList\",\"@id\":\"https:\/\/www.desmecht.com\/shop\/niet-gecategoriseerd\/rosier-sauvage-50ml\/#breadcrumb\",\"itemListElement\":[{\"@type\":\"ListItem\",\"position\":1,\"name\":\"Home\",\"item\":\"https:\/\/www.desmecht.com\/\"},{\"@type\":\"ListItem\",\"position\":2,\"name\":\"E-shop\",\"item\":\"https:\/\/www.desmecht.com\/\"},{\"@type\":\"ListItem\",\"position\":3,\"name\":\"Hondsroos 50ml\"}]},{\"@type\":\"WebSite\",\"@id\":\"https:\/\/www.desmecht.com\/#website\",\"url\":\"https:\/\/www.desmecht.com\/\",\"name\":\"DESMECHT Herbalist in Brussels - Natural solutions\",\"description\":\"Natural Solutions\",\"publisher\":{\"@id\":\"https:\/\/www.desmecht.com\/#organization\"},\"potentialAction\":[{\"@type\":\"SearchAction\",\"target\":{\"@type\":\"EntryPoint\",\"urlTemplate\":\"https:\/\/www.desmecht.com\/?s={search_term_string}\"},\"query-input\":{\"@type\":\"PropertyValueSpecification\",\"valueRequired\":true,\"valueName\":\"search_term_string\"}}],\"inLanguage\":\"en-US\"},{\"@type\":\"Organization\",\"@id\":\"https:\/\/www.desmecht.com\/#organization\",\"name\":\"DESMECHT\",\"url\":\"https:\/\/www.desmecht.com\/\",\"logo\":{\"@type\":\"ImageObject\",\"inLanguage\":\"en-US\",\"@id\":\"https:\/\/www.desmecht.com\/#\/schema\/logo\/image\/\",\"url\":\"https:\/\/www.desmecht.com\/wp-content\/uploads\/2018\/11\/Logo-DESMECHT.png\",\"contentUrl\":\"https:\/\/www.desmecht.com\/wp-content\/uploads\/2018\/11\/Logo-DESMECHT.png\",\"width\":400,\"height\":254,\"caption\":\"DESMECHT\"},\"image\":{\"@id\":\"https:\/\/www.desmecht.com\/#\/schema\/logo\/image\/\"},\"sameAs\":[\"http:\/\/www.facebook.com\/herbodesmecht\"]}]}<\/script>\n<!-- \/ Yoast SEO plugin. -->","yoast_head_json":{"title":"Buy online: Eglantine 50ml -","description":"Buy online: Eglantine 50ml -","robots":{"index":"index","follow":"follow","max-snippet":"max-snippet:-1","max-image-preview":"max-image-preview:large","max-video-preview":"max-video-preview:-1"},"canonical":"https:\/\/www.desmecht.com\/shop\/niet-gecategoriseerd\/rosier-sauvage-50ml\/","og_locale":"en_US","og_type":"article","og_title":"[:fr]Acheter en ligne: Rosier sauvage 50ml - Mac\u00e9rat glyc\u00e9rin\u00e9 de bourgeons (jeune pousses) de -Mode d'emploi:5 \u00e0 15 gouttes par jour.[:nl]Online kopen: Hondsroos 50ml - Glycerine maceraat van de knoppen (jonge scheuten) van -Gebruiksaanwijzing:5 tot 15 druppels per dag.[:en]Buy online: Eglantine 50ml - [:]","og_description":"[:fr]Acheter en ligne: Rosier sauvage 50ml - Mac\u00e9rat glyc\u00e9rin\u00e9 de bourgeons (jeune pousses) de -Mode d'emploi:5 \u00e0 15 gouttes par jour.[:nl]Online kopen: Hondsroos 50ml - Glycerine maceraat van de knoppen (jonge scheuten) van -Gebruiksaanwijzing:5 tot 15 druppels per dag.[:en]Buy online: Eglantine 50ml - [:]","og_url":"https:\/\/www.desmecht.com\/shop\/niet-gecategoriseerd\/rosier-sauvage-50ml\/","og_site_name":"DESMECHT Herbalist in Brussels - Natural solutions","article_publisher":"http:\/\/www.facebook.com\/herbodesmecht","article_modified_time":"2024-07-02T15:25:14+00:00","og_image":[{"width":109,"height":263,"url":"https:\/\/www.desmecht.com\/wp-content\/uploads\/2018\/11\/Rosier_15ml.jpg","type":"image\/jpeg"}],"twitter_card":"summary_large_image","schema":{"@context":"https:\/\/schema.org","@graph":[{"@type":"WebPage","@id":"https:\/\/www.desmecht.com\/shop\/niet-gecategoriseerd\/rosier-sauvage-50ml\/","url":"https:\/\/www.desmecht.com\/shop\/niet-gecategoriseerd\/rosier-sauvage-50ml\/","name":"[:fr]Acheter en ligne: Rosier sauvage 50ml - Mac\u00e9rat glyc\u00e9rin\u00e9 de bourgeons (jeune pousses) de -Mode d'emploi:5 \u00e0 15 gouttes par jour.[:nl]Online kopen: Hondsroos 50ml - Glycerine maceraat van de knoppen (jonge scheuten) van -Gebruiksaanwijzing:5 tot 15 druppels per dag.[:en]Buy online: Eglantine 50ml - [:]","isPartOf":{"@id":"https:\/\/www.desmecht.com\/#website"},"primaryImageOfPage":{"@id":"https:\/\/www.desmecht.com\/shop\/niet-gecategoriseerd\/rosier-sauvage-50ml\/#primaryimage"},"image":{"@id":"https:\/\/www.desmecht.com\/shop\/niet-gecategoriseerd\/rosier-sauvage-50ml\/#primaryimage"},"thumbnailUrl":"https:\/\/www.desmecht.com\/wp-content\/uploads\/2018\/11\/Rosier_15ml.jpg","datePublished":"2024-07-02T13:25:13+00:00","dateModified":"2024-07-02T15:25:14+00:00","description":"[:fr]Acheter en ligne: Rosier sauvage 50ml - Mac\u00e9rat glyc\u00e9rin\u00e9 de bourgeons (jeune pousses) de -Mode d'emploi:5 \u00e0 15 gouttes par jour.[:nl]Online kopen: Hondsroos 50ml - Glycerine maceraat van de knoppen (jonge scheuten) van -Gebruiksaanwijzing:5 tot 15 druppels per dag.[:en]Buy online: Eglantine 50ml - [:]","breadcrumb":{"@id":"https:\/\/www.desmecht.com\/shop\/niet-gecategoriseerd\/rosier-sauvage-50ml\/#breadcrumb"},"inLanguage":"en-US","potentialAction":[{"@type":"ReadAction","target":["https:\/\/www.desmecht.com\/shop\/niet-gecategoriseerd\/rosier-sauvage-50ml\/"]}]},{"@type":"ImageObject","inLanguage":"en-US","@id":"https:\/\/www.desmecht.com\/shop\/niet-gecategoriseerd\/rosier-sauvage-50ml\/#primaryimage","url":"https:\/\/www.desmecht.com\/wp-content\/uploads\/2018\/11\/Rosier_15ml.jpg","contentUrl":"https:\/\/www.desmecht.com\/wp-content\/uploads\/2018\/11\/Rosier_15ml.jpg","width":109,"height":263},{"@type":"BreadcrumbList","@id":"https:\/\/www.desmecht.com\/shop\/niet-gecategoriseerd\/rosier-sauvage-50ml\/#breadcrumb","itemListElement":[{"@type":"ListItem","position":1,"name":"Home","item":"https:\/\/www.desmecht.com\/"},{"@type":"ListItem","position":2,"name":"E-shop","item":"https:\/\/www.desmecht.com\/"},{"@type":"ListItem","position":3,"name":"Hondsroos 50ml"}]},{"@type":"WebSite","@id":"https:\/\/www.desmecht.com\/#website","url":"https:\/\/www.desmecht.com\/","name":"DESMECHT Herbalist in Brussels - Natural solutions","description":"Natural Solutions","publisher":{"@id":"https:\/\/www.desmecht.com\/#organization"},"potentialAction":[{"@type":"SearchAction","target":{"@type":"EntryPoint","urlTemplate":"https:\/\/www.desmecht.com\/?s={search_term_string}"},"query-input":{"@type":"PropertyValueSpecification","valueRequired":true,"valueName":"search_term_string"}}],"inLanguage":"en-US"},{"@type":"Organization","@id":"https:\/\/www.desmecht.com\/#organization","name":"DESMECHT","url":"https:\/\/www.desmecht.com\/","logo":{"@type":"ImageObject","inLanguage":"en-US","@id":"https:\/\/www.desmecht.com\/#\/schema\/logo\/image\/","url":"https:\/\/www.desmecht.com\/wp-content\/uploads\/2018\/11\/Logo-DESMECHT.png","contentUrl":"https:\/\/www.desmecht.com\/wp-content\/uploads\/2018\/11\/Logo-DESMECHT.png","width":400,"height":254,"caption":"DESMECHT"},"image":{"@id":"https:\/\/www.desmecht.com\/#\/schema\/logo\/image\/"},"sameAs":["http:\/\/www.facebook.com\/herbodesmecht"]}]}},"_links":{"self":[{"href":"https:\/\/www.desmecht.com\/en\/wp-json\/wp\/v2\/product\/28321","targetHints":{"allow":["GET"]}}],"collection":[{"href":"https:\/\/www.desmecht.com\/en\/wp-json\/wp\/v2\/product"}],"about":[{"href":"https:\/\/www.desmecht.com\/en\/wp-json\/wp\/v2\/types\/product"}],"wp:featuredmedia":[{"embeddable":true,"href":"https:\/\/www.desmecht.com\/en\/wp-json\/wp\/v2\/media\/15744"}],"wp:attachment":[{"href":"https:\/\/www.desmecht.com\/en\/wp-json\/wp\/v2\/media?parent=28321"}],"wp:term":[{"taxonomy":"product_brand","embeddable":true,"href":"https:\/\/www.desmecht.com\/en\/wp-json\/wp\/v2\/product_brand?post=28321"},{"taxonomy":"product_cat","embeddable":true,"href":"https:\/\/www.desmecht.com\/en\/wp-json\/wp\/v2\/product_cat?post=28321"},{"taxonomy":"product_tag","embeddable":true,"href":"https:\/\/www.desmecht.com\/en\/wp-json\/wp\/v2\/product_tag?post=28321"}],"curies":[{"name":"wp","href":"https:\/\/api.w.org\/{rel}","templated":true}]}}