{"id":28322,"date":"2024-10-08T16:24:42","date_gmt":"2024-10-08T14:24:42","guid":{"rendered":"https:\/\/www.desmecht.com\/shop\/niet-gecategoriseerd\/aloe-arborescens-gel-200ml\/"},"modified":"2024-10-08T18:24:42","modified_gmt":"2024-10-08T16:24:42","slug":"aloe-arborescens-gel-200ml","status":"publish","type":"product","link":"https:\/\/www.desmecht.com\/en\/shop\/aloe-arborescens-2\/720\/aloe-arborescens-gel-200ml\/","title":{"rendered":"Aloe arborescens gel 200ml"},"content":{"rendered":"<p><\/p>","protected":false},"excerpt":{"rendered":"<p>Pure gel (98.5%) of Aloe arborescens, without preservatives, made from whole leaves of plants grown in Italy without the use of herbicides, pesticides, insecticides and artificial fertilizers.<\/p>\n","protected":false},"featured_media":16123,"template":"","meta":[],"product_brand":[],"product_cat":[210,720,718,719,209],"product_tag":[],"class_list":{"0":"post-28322","1":"product","2":"type-product","3":"status-publish","4":"has-post-thumbnail","6":"product_cat-210","7":"product_cat-720","8":"product_cat-aloe-arborescens","9":"product_cat-aloe-arborescens-2","10":"product_cat-cosmetiques","11":"tm-no-options","13":"first","14":"instock","15":"taxable","16":"shipping-taxable","17":"purchasable","18":"product-type-simple"},"yoast_head":"<!-- This site is optimized with the Yoast SEO plugin v26.9 - https:\/\/yoast.com\/product\/yoast-seo-wordpress\/ -->\n<title>Buy online: Aloe arborescens gel 200ml - Pure gel (98.5%) of Aloe arborescens, without preservatives, made from whole leaves of plants grown in Italy without the use of herbicides, pesticides, insecticides and artificial fertilizers.<\/title>\n<meta name=\"description\" content=\"Buy online: Aloe arborescens gel 200ml - Pure gel (98.5%) of Aloe arborescens, without preservatives, made from whole leaves of plants grown in Italy without the use of herbicides, pesticides, insecticides and artificial fertilizers.\" \/>\n<meta name=\"robots\" content=\"index, follow, max-snippet:-1, max-image-preview:large, max-video-preview:-1\" \/>\n<link rel=\"canonical\" href=\"https:\/\/www.desmecht.com\/shop\/aloe-arborescens-2\/720\/aloe-arborescens-gel-200ml\/\" \/>\n<meta property=\"og:locale\" content=\"en_US\" \/>\n<meta property=\"og:type\" content=\"article\" \/>\n<meta property=\"og:title\" content=\"[:fr]Acheter en ligne: Aloe arborescens gel 200ml - Gel pur (98.5%) d\u0092Aloe arborescens, sans conservateurs, r\u00e9alis\u00e9 \u00e0 partir de feuilles enti\u00e8res de plantes cultiv\u00e9es en Italie sans l\u0092utilisation d\u0092herbicides, pesticides, insecticides et fertilisants artificiels.[:nl]Online kopen: Aloe arborescens gel 200ml - Pure gel (98.5%) van Aloe arborescens, zonder conserveermiddelen. Geperst uit het volledige blad van de Aloe arborescens die in Itali\u00eb werd gekweekt zonder gebruik zonder het gebruik van herbiciden, pesticiden, insecticiden en kunstmatige meststoffen.[:en]Buy online: Aloe arborescens gel 200ml - Pure gel (98.5%) of Aloe arborescens, without preservatives, made from whole leaves of plants grown in Italy without the use of herbicides, pesticides, insecticides and artificial fertilizers.[:]\" \/>\n<meta property=\"og:description\" content=\"[:fr]Acheter en ligne: Aloe arborescens gel 200ml - Gel pur (98.5%) d\u0092Aloe arborescens, sans conservateurs, r\u00e9alis\u00e9 \u00e0 partir de feuilles enti\u00e8res de plantes cultiv\u00e9es en Italie sans l\u0092utilisation d\u0092herbicides, pesticides, insecticides et fertilisants artificiels.[:nl]Online kopen: Aloe arborescens gel 200ml - Pure gel (98.5%) van Aloe arborescens, zonder conserveermiddelen. Geperst uit het volledige blad van de Aloe arborescens die in Itali\u00eb werd gekweekt zonder gebruik zonder het gebruik van herbiciden, pesticiden, insecticiden en kunstmatige meststoffen.[:en]Buy online: Aloe arborescens gel 200ml - Pure gel (98.5%) of Aloe arborescens, without preservatives, made from whole leaves of plants grown in Italy without the use of herbicides, pesticides, insecticides and artificial fertilizers.[:]\" \/>\n<meta property=\"og:url\" content=\"https:\/\/www.desmecht.com\/shop\/aloe-arborescens-2\/720\/aloe-arborescens-gel-200ml\/\" \/>\n<meta property=\"og:site_name\" content=\"DESMECHT Herbalist in Brussels - Natural solutions\" \/>\n<meta property=\"article:publisher\" content=\"http:\/\/www.facebook.com\/herbodesmecht\" \/>\n<meta property=\"article:modified_time\" content=\"2024-10-08T16:24:42+00:00\" \/>\n<meta property=\"og:image\" content=\"https:\/\/www.desmecht.com\/wp-content\/uploads\/2018\/12\/Aloe_arborescens_gel.jpg\" \/>\n\t<meta property=\"og:image:width\" content=\"289\" \/>\n\t<meta property=\"og:image:height\" content=\"300\" \/>\n\t<meta property=\"og:image:type\" content=\"image\/jpeg\" \/>\n<meta name=\"twitter:card\" content=\"summary_large_image\" \/>\n<script type=\"application\/ld+json\" class=\"yoast-schema-graph\">{\"@context\":\"https:\/\/schema.org\",\"@graph\":[{\"@type\":\"WebPage\",\"@id\":\"https:\/\/www.desmecht.com\/shop\/aloe-arborescens-2\/720\/aloe-arborescens-gel-200ml\/\",\"url\":\"https:\/\/www.desmecht.com\/shop\/aloe-arborescens-2\/720\/aloe-arborescens-gel-200ml\/\",\"name\":\"[:fr]Acheter en ligne: Aloe arborescens gel 200ml - Gel pur (98.5%) d\u0092Aloe arborescens, sans conservateurs, r\u00e9alis\u00e9 \u00e0 partir de feuilles enti\u00e8res de plantes cultiv\u00e9es en Italie sans l\u0092utilisation d\u0092herbicides, pesticides, insecticides et fertilisants artificiels.[:nl]Online kopen: Aloe arborescens gel 200ml - Pure gel (98.5%) van Aloe arborescens, zonder conserveermiddelen. Geperst uit het volledige blad van de Aloe arborescens die in Itali\u00eb werd gekweekt zonder gebruik zonder het gebruik van herbiciden, pesticiden, insecticiden en kunstmatige meststoffen.[:en]Buy online: Aloe arborescens gel 200ml - Pure gel (98.5%) of Aloe arborescens, without preservatives, made from whole leaves of plants grown in Italy without the use of herbicides, pesticides, insecticides and artificial fertilizers.[:]\",\"isPartOf\":{\"@id\":\"https:\/\/www.desmecht.com\/#website\"},\"primaryImageOfPage\":{\"@id\":\"https:\/\/www.desmecht.com\/shop\/aloe-arborescens-2\/720\/aloe-arborescens-gel-200ml\/#primaryimage\"},\"image\":{\"@id\":\"https:\/\/www.desmecht.com\/shop\/aloe-arborescens-2\/720\/aloe-arborescens-gel-200ml\/#primaryimage\"},\"thumbnailUrl\":\"https:\/\/www.desmecht.com\/wp-content\/uploads\/2018\/12\/Aloe_arborescens_gel.jpg\",\"datePublished\":\"2024-10-08T14:24:42+00:00\",\"dateModified\":\"2024-10-08T16:24:42+00:00\",\"description\":\"[:fr]Acheter en ligne: Aloe arborescens gel 200ml - Gel pur (98.5%) d\u0092Aloe arborescens, sans conservateurs, r\u00e9alis\u00e9 \u00e0 partir de feuilles enti\u00e8res de plantes cultiv\u00e9es en Italie sans l\u0092utilisation d\u0092herbicides, pesticides, insecticides et fertilisants artificiels.[:nl]Online kopen: Aloe arborescens gel 200ml - Pure gel (98.5%) van Aloe arborescens, zonder conserveermiddelen. Geperst uit het volledige blad van de Aloe arborescens die in Itali\u00eb werd gekweekt zonder gebruik zonder het gebruik van herbiciden, pesticiden, insecticiden en kunstmatige meststoffen.[:en]Buy online: Aloe arborescens gel 200ml - Pure gel (98.5%) of Aloe arborescens, without preservatives, made from whole leaves of plants grown in Italy without the use of herbicides, pesticides, insecticides and artificial fertilizers.[:]\",\"breadcrumb\":{\"@id\":\"https:\/\/www.desmecht.com\/shop\/aloe-arborescens-2\/720\/aloe-arborescens-gel-200ml\/#breadcrumb\"},\"inLanguage\":\"en-US\",\"potentialAction\":[{\"@type\":\"ReadAction\",\"target\":[\"https:\/\/www.desmecht.com\/shop\/aloe-arborescens-2\/720\/aloe-arborescens-gel-200ml\/\"]}]},{\"@type\":\"ImageObject\",\"inLanguage\":\"en-US\",\"@id\":\"https:\/\/www.desmecht.com\/shop\/aloe-arborescens-2\/720\/aloe-arborescens-gel-200ml\/#primaryimage\",\"url\":\"https:\/\/www.desmecht.com\/wp-content\/uploads\/2018\/12\/Aloe_arborescens_gel.jpg\",\"contentUrl\":\"https:\/\/www.desmecht.com\/wp-content\/uploads\/2018\/12\/Aloe_arborescens_gel.jpg\",\"width\":289,\"height\":300},{\"@type\":\"BreadcrumbList\",\"@id\":\"https:\/\/www.desmecht.com\/shop\/aloe-arborescens-2\/720\/aloe-arborescens-gel-200ml\/#breadcrumb\",\"itemListElement\":[{\"@type\":\"ListItem\",\"position\":1,\"name\":\"Home\",\"item\":\"https:\/\/www.desmecht.com\/\"},{\"@type\":\"ListItem\",\"position\":2,\"name\":\"E-shop\",\"item\":\"https:\/\/www.desmecht.com\/\"},{\"@type\":\"ListItem\",\"position\":3,\"name\":\"Aloe arborescens gel 200ml\"}]},{\"@type\":\"WebSite\",\"@id\":\"https:\/\/www.desmecht.com\/#website\",\"url\":\"https:\/\/www.desmecht.com\/\",\"name\":\"DESMECHT Herbalist in Brussels - Natural solutions\",\"description\":\"Natural Solutions\",\"publisher\":{\"@id\":\"https:\/\/www.desmecht.com\/#organization\"},\"potentialAction\":[{\"@type\":\"SearchAction\",\"target\":{\"@type\":\"EntryPoint\",\"urlTemplate\":\"https:\/\/www.desmecht.com\/?s={search_term_string}\"},\"query-input\":{\"@type\":\"PropertyValueSpecification\",\"valueRequired\":true,\"valueName\":\"search_term_string\"}}],\"inLanguage\":\"en-US\"},{\"@type\":\"Organization\",\"@id\":\"https:\/\/www.desmecht.com\/#organization\",\"name\":\"DESMECHT\",\"url\":\"https:\/\/www.desmecht.com\/\",\"logo\":{\"@type\":\"ImageObject\",\"inLanguage\":\"en-US\",\"@id\":\"https:\/\/www.desmecht.com\/#\/schema\/logo\/image\/\",\"url\":\"https:\/\/www.desmecht.com\/wp-content\/uploads\/2018\/11\/Logo-DESMECHT.png\",\"contentUrl\":\"https:\/\/www.desmecht.com\/wp-content\/uploads\/2018\/11\/Logo-DESMECHT.png\",\"width\":400,\"height\":254,\"caption\":\"DESMECHT\"},\"image\":{\"@id\":\"https:\/\/www.desmecht.com\/#\/schema\/logo\/image\/\"},\"sameAs\":[\"http:\/\/www.facebook.com\/herbodesmecht\"]}]}<\/script>\n<!-- \/ Yoast SEO plugin. -->","yoast_head_json":{"title":"Buy online: Aloe arborescens gel 200ml - Pure gel (98.5%) of Aloe arborescens, without preservatives, made from whole leaves of plants grown in Italy without the use of herbicides, pesticides, insecticides and artificial fertilizers.","description":"Buy online: Aloe arborescens gel 200ml - Pure gel (98.5%) of Aloe arborescens, without preservatives, made from whole leaves of plants grown in Italy without the use of herbicides, pesticides, insecticides and artificial fertilizers.","robots":{"index":"index","follow":"follow","max-snippet":"max-snippet:-1","max-image-preview":"max-image-preview:large","max-video-preview":"max-video-preview:-1"},"canonical":"https:\/\/www.desmecht.com\/shop\/aloe-arborescens-2\/720\/aloe-arborescens-gel-200ml\/","og_locale":"en_US","og_type":"article","og_title":"[:fr]Acheter en ligne: Aloe arborescens gel 200ml - Gel pur (98.5%) d\u0092Aloe arborescens, sans conservateurs, r\u00e9alis\u00e9 \u00e0 partir de feuilles enti\u00e8res de plantes cultiv\u00e9es en Italie sans l\u0092utilisation d\u0092herbicides, pesticides, insecticides et fertilisants artificiels.[:nl]Online kopen: Aloe arborescens gel 200ml - Pure gel (98.5%) van Aloe arborescens, zonder conserveermiddelen. Geperst uit het volledige blad van de Aloe arborescens die in Itali\u00eb werd gekweekt zonder gebruik zonder het gebruik van herbiciden, pesticiden, insecticiden en kunstmatige meststoffen.[:en]Buy online: Aloe arborescens gel 200ml - Pure gel (98.5%) of Aloe arborescens, without preservatives, made from whole leaves of plants grown in Italy without the use of herbicides, pesticides, insecticides and artificial fertilizers.[:]","og_description":"[:fr]Acheter en ligne: Aloe arborescens gel 200ml - Gel pur (98.5%) d\u0092Aloe arborescens, sans conservateurs, r\u00e9alis\u00e9 \u00e0 partir de feuilles enti\u00e8res de plantes cultiv\u00e9es en Italie sans l\u0092utilisation d\u0092herbicides, pesticides, insecticides et fertilisants artificiels.[:nl]Online kopen: Aloe arborescens gel 200ml - Pure gel (98.5%) van Aloe arborescens, zonder conserveermiddelen. Geperst uit het volledige blad van de Aloe arborescens die in Itali\u00eb werd gekweekt zonder gebruik zonder het gebruik van herbiciden, pesticiden, insecticiden en kunstmatige meststoffen.[:en]Buy online: Aloe arborescens gel 200ml - Pure gel (98.5%) of Aloe arborescens, without preservatives, made from whole leaves of plants grown in Italy without the use of herbicides, pesticides, insecticides and artificial fertilizers.[:]","og_url":"https:\/\/www.desmecht.com\/shop\/aloe-arborescens-2\/720\/aloe-arborescens-gel-200ml\/","og_site_name":"DESMECHT Herbalist in Brussels - Natural solutions","article_publisher":"http:\/\/www.facebook.com\/herbodesmecht","article_modified_time":"2024-10-08T16:24:42+00:00","og_image":[{"width":289,"height":300,"url":"https:\/\/www.desmecht.com\/wp-content\/uploads\/2018\/12\/Aloe_arborescens_gel.jpg","type":"image\/jpeg"}],"twitter_card":"summary_large_image","schema":{"@context":"https:\/\/schema.org","@graph":[{"@type":"WebPage","@id":"https:\/\/www.desmecht.com\/shop\/aloe-arborescens-2\/720\/aloe-arborescens-gel-200ml\/","url":"https:\/\/www.desmecht.com\/shop\/aloe-arborescens-2\/720\/aloe-arborescens-gel-200ml\/","name":"[:fr]Acheter en ligne: Aloe arborescens gel 200ml - Gel pur (98.5%) d\u0092Aloe arborescens, sans conservateurs, r\u00e9alis\u00e9 \u00e0 partir de feuilles enti\u00e8res de plantes cultiv\u00e9es en Italie sans l\u0092utilisation d\u0092herbicides, pesticides, insecticides et fertilisants artificiels.[:nl]Online kopen: Aloe arborescens gel 200ml - Pure gel (98.5%) van Aloe arborescens, zonder conserveermiddelen. Geperst uit het volledige blad van de Aloe arborescens die in Itali\u00eb werd gekweekt zonder gebruik zonder het gebruik van herbiciden, pesticiden, insecticiden en kunstmatige meststoffen.[:en]Buy online: Aloe arborescens gel 200ml - Pure gel (98.5%) of Aloe arborescens, without preservatives, made from whole leaves of plants grown in Italy without the use of herbicides, pesticides, insecticides and artificial fertilizers.[:]","isPartOf":{"@id":"https:\/\/www.desmecht.com\/#website"},"primaryImageOfPage":{"@id":"https:\/\/www.desmecht.com\/shop\/aloe-arborescens-2\/720\/aloe-arborescens-gel-200ml\/#primaryimage"},"image":{"@id":"https:\/\/www.desmecht.com\/shop\/aloe-arborescens-2\/720\/aloe-arborescens-gel-200ml\/#primaryimage"},"thumbnailUrl":"https:\/\/www.desmecht.com\/wp-content\/uploads\/2018\/12\/Aloe_arborescens_gel.jpg","datePublished":"2024-10-08T14:24:42+00:00","dateModified":"2024-10-08T16:24:42+00:00","description":"[:fr]Acheter en ligne: Aloe arborescens gel 200ml - Gel pur (98.5%) d\u0092Aloe arborescens, sans conservateurs, r\u00e9alis\u00e9 \u00e0 partir de feuilles enti\u00e8res de plantes cultiv\u00e9es en Italie sans l\u0092utilisation d\u0092herbicides, pesticides, insecticides et fertilisants artificiels.[:nl]Online kopen: Aloe arborescens gel 200ml - Pure gel (98.5%) van Aloe arborescens, zonder conserveermiddelen. Geperst uit het volledige blad van de Aloe arborescens die in Itali\u00eb werd gekweekt zonder gebruik zonder het gebruik van herbiciden, pesticiden, insecticiden en kunstmatige meststoffen.[:en]Buy online: Aloe arborescens gel 200ml - Pure gel (98.5%) of Aloe arborescens, without preservatives, made from whole leaves of plants grown in Italy without the use of herbicides, pesticides, insecticides and artificial fertilizers.[:]","breadcrumb":{"@id":"https:\/\/www.desmecht.com\/shop\/aloe-arborescens-2\/720\/aloe-arborescens-gel-200ml\/#breadcrumb"},"inLanguage":"en-US","potentialAction":[{"@type":"ReadAction","target":["https:\/\/www.desmecht.com\/shop\/aloe-arborescens-2\/720\/aloe-arborescens-gel-200ml\/"]}]},{"@type":"ImageObject","inLanguage":"en-US","@id":"https:\/\/www.desmecht.com\/shop\/aloe-arborescens-2\/720\/aloe-arborescens-gel-200ml\/#primaryimage","url":"https:\/\/www.desmecht.com\/wp-content\/uploads\/2018\/12\/Aloe_arborescens_gel.jpg","contentUrl":"https:\/\/www.desmecht.com\/wp-content\/uploads\/2018\/12\/Aloe_arborescens_gel.jpg","width":289,"height":300},{"@type":"BreadcrumbList","@id":"https:\/\/www.desmecht.com\/shop\/aloe-arborescens-2\/720\/aloe-arborescens-gel-200ml\/#breadcrumb","itemListElement":[{"@type":"ListItem","position":1,"name":"Home","item":"https:\/\/www.desmecht.com\/"},{"@type":"ListItem","position":2,"name":"E-shop","item":"https:\/\/www.desmecht.com\/"},{"@type":"ListItem","position":3,"name":"Aloe arborescens gel 200ml"}]},{"@type":"WebSite","@id":"https:\/\/www.desmecht.com\/#website","url":"https:\/\/www.desmecht.com\/","name":"DESMECHT Herbalist in Brussels - Natural solutions","description":"Natural Solutions","publisher":{"@id":"https:\/\/www.desmecht.com\/#organization"},"potentialAction":[{"@type":"SearchAction","target":{"@type":"EntryPoint","urlTemplate":"https:\/\/www.desmecht.com\/?s={search_term_string}"},"query-input":{"@type":"PropertyValueSpecification","valueRequired":true,"valueName":"search_term_string"}}],"inLanguage":"en-US"},{"@type":"Organization","@id":"https:\/\/www.desmecht.com\/#organization","name":"DESMECHT","url":"https:\/\/www.desmecht.com\/","logo":{"@type":"ImageObject","inLanguage":"en-US","@id":"https:\/\/www.desmecht.com\/#\/schema\/logo\/image\/","url":"https:\/\/www.desmecht.com\/wp-content\/uploads\/2018\/11\/Logo-DESMECHT.png","contentUrl":"https:\/\/www.desmecht.com\/wp-content\/uploads\/2018\/11\/Logo-DESMECHT.png","width":400,"height":254,"caption":"DESMECHT"},"image":{"@id":"https:\/\/www.desmecht.com\/#\/schema\/logo\/image\/"},"sameAs":["http:\/\/www.facebook.com\/herbodesmecht"]}]}},"_links":{"self":[{"href":"https:\/\/www.desmecht.com\/en\/wp-json\/wp\/v2\/product\/28322","targetHints":{"allow":["GET"]}}],"collection":[{"href":"https:\/\/www.desmecht.com\/en\/wp-json\/wp\/v2\/product"}],"about":[{"href":"https:\/\/www.desmecht.com\/en\/wp-json\/wp\/v2\/types\/product"}],"wp:featuredmedia":[{"embeddable":true,"href":"https:\/\/www.desmecht.com\/en\/wp-json\/wp\/v2\/media\/16123"}],"wp:attachment":[{"href":"https:\/\/www.desmecht.com\/en\/wp-json\/wp\/v2\/media?parent=28322"}],"wp:term":[{"taxonomy":"product_brand","embeddable":true,"href":"https:\/\/www.desmecht.com\/en\/wp-json\/wp\/v2\/product_brand?post=28322"},{"taxonomy":"product_cat","embeddable":true,"href":"https:\/\/www.desmecht.com\/en\/wp-json\/wp\/v2\/product_cat?post=28322"},{"taxonomy":"product_tag","embeddable":true,"href":"https:\/\/www.desmecht.com\/en\/wp-json\/wp\/v2\/product_tag?post=28322"}],"curies":[{"name":"wp","href":"https:\/\/api.w.org\/{rel}","templated":true}]}}