{"id":538,"date":"2017-05-17T17:04:38","date_gmt":"2017-05-17T15:04:38","guid":{"rendered":"http:\/\/www.desmecht.com\/shop\/?page_id=538"},"modified":"2018-10-04T16:06:25","modified_gmt":"2018-10-04T14:06:25","slug":"phytotherapie","status":"publish","type":"page","link":"https:\/\/www.desmecht.com\/nl\/produits\/phytotherapie\/","title":{"rendered":"Fytotherapie"},"content":{"rendered":"<p>Klik op de groene kaders voor meer informatie&#8230;<br \/>\n<div class=\"column-group columns-4\"><br \/>\n<div class=\"column column-number-1 column-span-1\"><p><a href=\"http:\/\/www.desmecht.com\/produits\/phytotherapie\/tisanes\/\"><img loading=\"lazy\" decoding=\"async\" title=\"Produits Maison\" src=\"http:\/\/www.desmecht.com\/shop\/wp-content\/uploads\/2017\/05\/DesmechtPhytoNL.png\" alt=\"Desmecht Phytoth\u00e9rapie Produits maison Tisanes Teinture m\u00e8res \u00e9lixir elixir\" width=\"216\" height=\"173\" \/><\/a><\/p>\n<\/div><br \/>\n<div class=\"column column-number-2 column-span-1\"><p><a href=\"http:\/\/www.desmecht.com\/elixirsuedois\/\"> <img loading=\"lazy\" decoding=\"async\" src=\"http:\/\/www.desmecht.com\/shop\/wp-content\/uploads\/2017\/05\/ElixirNL.png\" alt=\"Elixir Su\u00e9dois\" width=\"216\" height=\"173\" \/><\/a><\/p>\n<\/div><br \/>\n<div class=\"column column-number-3 column-span-1\"><p><a href=\"http:\/\/www.solgar.nl\" target=\"_blank\" rel=\"noopener noreferrer\"> <img loading=\"lazy\" decoding=\"async\" src=\"http:\/\/www.desmecht.com\/shop\/wp-content\/uploads\/2017\/05\/Solgar.png\" alt=\"Solgar\" width=\"216\" height=\"173\" \/><\/a><\/p>\n<\/div><br \/>\n<div class=\"column column-number-4 last column-span-1\"><p><a href=\"http:\/\/www.desmecht.com\/underconstruction\" target=\"_blank\" rel=\"noopener noreferrer\"> <img loading=\"lazy\" decoding=\"async\" src=\"http:\/\/www.desmecht.com\/shop\/wp-content\/uploads\/2017\/05\/Purasana.png\" alt=\"Purasana\" width=\"216\" height=\"173\" \/><\/a><\/p>\n<\/div><br \/>\n<\/div><\/p>\n<p><div class=\"column-group columns-4\"><br \/>\n<div class=\"column column-number-1 column-span-1\"><p><a href=\"http:\/\/www.salus-haus.com\/\" target=\"_blank\" rel=\"noopener noreferrer\"> <img loading=\"lazy\" decoding=\"async\" src=\"http:\/\/www.desmecht.com\/shop\/wp-content\/uploads\/2017\/05\/Salus.png\" alt=\"Salus\" width=\"216\" height=\"173\" \/><\/a><\/p>\n<\/div><br \/>\n<div class=\"column column-number-2 column-span-1\"><p><a href=\"http:\/\/www.drome-provencale.com\/\" target=\"_blank\" rel=\"noopener noreferrer\"><img loading=\"lazy\" decoding=\"async\" src=\"http:\/\/www.desmecht.com\/shop\/wp-content\/uploads\/2017\/05\/Ladr\u00f4me.png\" alt=\"La Dr\u00f4me\" width=\"216\" height=\"173\" \/><\/a><\/p>\n<\/div><br \/>\n<div class=\"column column-number-3 column-span-1\"><p><a title=\"Under Construction\" href=\"http:\/\/www.desmecht.com\/underconstruction\/\" target=\"_blank\" rel=\"noopener noreferrer\"><img loading=\"lazy\" decoding=\"async\" src=\"http:\/\/www.desmecht.com\/shop\/wp-content\/uploads\/2017\/05\/MedecineMondeNL.png\" alt=\"M\u00e9decine du monde Ayurveda Chinoise Am\u00e9rique Latine\" width=\"216\" height=\"173\" \/><\/a><\/p>\n<\/div><br \/>\n<div class=\"column column-number-4 last column-span-1\"><p><a href=\"http:\/\/www.fitoform.com\/\" target=\"_blank\" rel=\"noopener noreferrer\"><img loading=\"lazy\" decoding=\"async\" src=\"http:\/\/www.desmecht.com\/shop\/wp-content\/uploads\/2017\/05\/Fitoform.png\" alt=\"livres\" width=\"216\" height=\"173\" \/><\/a><\/p>\n<\/div><br \/>\n<\/div><br \/>\n<div class=\"column-group columns-4\"><br \/>\n<div class=\"column column-number-1 column-span-1\"><p><a href=\"http:\/\/www.ortis.com\" target=\"_blank\" rel=\"noopener noreferrer\"><img loading=\"lazy\" decoding=\"async\" src=\"http:\/\/www.desmecht.com\/shop\/wp-content\/uploads\/2017\/05\/Ortis.png\" alt=\"Ortis\" width=\"216\" height=\"173\" \/><\/a><\/p>\n<\/div><br \/>\n<div class=\"column column-number-2 column-span-1\"><p><a href=\"http:\/\/www.superdiet.fr\" target=\"_blank\" rel=\"noopener noreferrer\"> <img loading=\"lazy\" decoding=\"async\" src=\"http:\/\/www.desmecht.com\/shop\/wp-content\/uploads\/2017\/05\/Superdiet.png\" alt=\"Superdiet\" width=\"216\" height=\"173\" \/><\/a><\/p>\n<\/div><br \/>\n<div class=\"column column-number-3 column-span-1\"><p><a href=\"http:\/\/www.desmecht.com\/extrait\/\"> <img loading=\"lazy\" decoding=\"async\" src=\"http:\/\/www.desmecht.com\/shop\/wp-content\/uploads\/2017\/05\/ExtraitNL.png\" alt=\"Qu'est-ce un extrait standardis\u00e9\" width=\"216\" height=\"173\" \/><\/a><\/p>\n<\/div><br \/>\n<div class=\"column column-number-4 last column-span-1\"><p><img loading=\"lazy\" decoding=\"async\" src=\"http:\/\/www.desmecht.com\/shop\/wp-content\/uploads\/2017\/05\/Etc-NL.png\" alt=\"Et Cetera\" width=\"216\" height=\"173\" \/><\/p>\n<\/div><br \/>\n<\/div><\/p>","protected":false},"excerpt":{"rendered":"<p>Klik op de groene kaders voor meer informatie&#8230;<\/p>\n","protected":false},"author":1,"featured_media":0,"parent":488,"menu_order":0,"comment_status":"closed","ping_status":"closed","template":"","meta":{"footnotes":""},"class_list":["post-538","page","type-page","status-publish","hentry"],"yoast_head":"<!-- This site is optimized with the Yoast SEO plugin v26.9 - https:\/\/yoast.com\/product\/yoast-seo-wordpress\/ -->\n<title>Fytotherapie - DESMECHT Herboristerij in Brussel - Natuurlijke oplossingen<\/title>\n<meta name=\"robots\" content=\"index, follow, max-snippet:-1, max-image-preview:large, max-video-preview:-1\" \/>\n<link rel=\"canonical\" href=\"https:\/\/www.desmecht.com\/nl\/produits\/phytotherapie\/\" \/>\n<meta property=\"og:locale\" content=\"nl_NL\" \/>\n<meta property=\"og:type\" content=\"article\" \/>\n<meta property=\"og:title\" content=\"Fytotherapie - DESMECHT Herboristerij in Brussel - Natuurlijke oplossingen\" \/>\n<meta property=\"og:description\" content=\"Klik op de groene kaders voor meer informatie&#8230;\" \/>\n<meta property=\"og:url\" content=\"https:\/\/www.desmecht.com\/nl\/produits\/phytotherapie\/\" \/>\n<meta property=\"og:site_name\" content=\"DESMECHT Herboristerij in Brussel - Natuurlijke oplossingen\" \/>\n<meta property=\"article:publisher\" content=\"http:\/\/www.facebook.com\/herbodesmecht\" \/>\n<meta property=\"article:modified_time\" content=\"2018-10-04T14:06:25+00:00\" \/>\n<meta property=\"og:image\" content=\"http:\/\/www.desmecht.com\/shop\/wp-content\/uploads\/2017\/05\/DesmechtPhytoFR.png\" \/>\n<meta name=\"twitter:card\" content=\"summary_large_image\" \/>\n<meta name=\"twitter:label1\" content=\"Geschatte leestijd\" \/>\n\t<meta name=\"twitter:data1\" content=\"1 minuut\" \/>\n<script type=\"application\/ld+json\" class=\"yoast-schema-graph\">{\"@context\":\"https:\/\/schema.org\",\"@graph\":[{\"@type\":\"WebPage\",\"@id\":\"https:\/\/www.desmecht.com\/nl\/produits\/phytotherapie\/\",\"url\":\"https:\/\/www.desmecht.com\/nl\/produits\/phytotherapie\/\",\"name\":\"Fytotherapie - DESMECHT Herboristerij in Brussel - Natuurlijke oplossingen\",\"isPartOf\":{\"@id\":\"https:\/\/www.desmecht.com\/#website\"},\"primaryImageOfPage\":{\"@id\":\"https:\/\/www.desmecht.com\/nl\/produits\/phytotherapie\/#primaryimage\"},\"image\":{\"@id\":\"https:\/\/www.desmecht.com\/nl\/produits\/phytotherapie\/#primaryimage\"},\"thumbnailUrl\":\"http:\/\/www.desmecht.com\/shop\/wp-content\/uploads\/2017\/05\/DesmechtPhytoFR.png\",\"datePublished\":\"2017-05-17T15:04:38+00:00\",\"dateModified\":\"2018-10-04T14:06:25+00:00\",\"breadcrumb\":{\"@id\":\"https:\/\/www.desmecht.com\/nl\/produits\/phytotherapie\/#breadcrumb\"},\"inLanguage\":\"nl-NL\",\"potentialAction\":[{\"@type\":\"ReadAction\",\"target\":[\"https:\/\/www.desmecht.com\/nl\/produits\/phytotherapie\/\"]}]},{\"@type\":\"ImageObject\",\"inLanguage\":\"nl-NL\",\"@id\":\"https:\/\/www.desmecht.com\/nl\/produits\/phytotherapie\/#primaryimage\",\"url\":\"http:\/\/www.desmecht.com\/shop\/wp-content\/uploads\/2017\/05\/DesmechtPhytoFR.png\",\"contentUrl\":\"http:\/\/www.desmecht.com\/shop\/wp-content\/uploads\/2017\/05\/DesmechtPhytoFR.png\"},{\"@type\":\"BreadcrumbList\",\"@id\":\"https:\/\/www.desmecht.com\/nl\/produits\/phytotherapie\/#breadcrumb\",\"itemListElement\":[{\"@type\":\"ListItem\",\"position\":1,\"name\":\"Home\",\"item\":\"https:\/\/www.desmecht.com\/\"},{\"@type\":\"ListItem\",\"position\":2,\"name\":\"Producten\",\"item\":\"https:\/\/www.desmecht.com\/nl\/produits\/\"},{\"@type\":\"ListItem\",\"position\":3,\"name\":\"Fytotherapie\"}]},{\"@type\":\"WebSite\",\"@id\":\"https:\/\/www.desmecht.com\/#website\",\"url\":\"https:\/\/www.desmecht.com\/\",\"name\":\"DESMECHT Herboristerij in Brussel - Natuurlijke oplossingen\",\"description\":\"Natuurlijke oplossingen\",\"publisher\":{\"@id\":\"https:\/\/www.desmecht.com\/#organization\"},\"potentialAction\":[{\"@type\":\"SearchAction\",\"target\":{\"@type\":\"EntryPoint\",\"urlTemplate\":\"https:\/\/www.desmecht.com\/?s={search_term_string}\"},\"query-input\":{\"@type\":\"PropertyValueSpecification\",\"valueRequired\":true,\"valueName\":\"search_term_string\"}}],\"inLanguage\":\"nl-NL\"},{\"@type\":\"Organization\",\"@id\":\"https:\/\/www.desmecht.com\/#organization\",\"name\":\"DESMECHT\",\"url\":\"https:\/\/www.desmecht.com\/\",\"logo\":{\"@type\":\"ImageObject\",\"inLanguage\":\"nl-NL\",\"@id\":\"https:\/\/www.desmecht.com\/#\/schema\/logo\/image\/\",\"url\":\"https:\/\/www.desmecht.com\/wp-content\/uploads\/2018\/11\/Logo-DESMECHT.png\",\"contentUrl\":\"https:\/\/www.desmecht.com\/wp-content\/uploads\/2018\/11\/Logo-DESMECHT.png\",\"width\":400,\"height\":254,\"caption\":\"DESMECHT\"},\"image\":{\"@id\":\"https:\/\/www.desmecht.com\/#\/schema\/logo\/image\/\"},\"sameAs\":[\"http:\/\/www.facebook.com\/herbodesmecht\"]}]}<\/script>\n<!-- \/ Yoast SEO plugin. -->","yoast_head_json":{"title":"Fytotherapie - DESMECHT Herboristerij in Brussel - Natuurlijke oplossingen","robots":{"index":"index","follow":"follow","max-snippet":"max-snippet:-1","max-image-preview":"max-image-preview:large","max-video-preview":"max-video-preview:-1"},"canonical":"https:\/\/www.desmecht.com\/nl\/produits\/phytotherapie\/","og_locale":"nl_NL","og_type":"article","og_title":"Fytotherapie - DESMECHT Herboristerij in Brussel - Natuurlijke oplossingen","og_description":"Klik op de groene kaders voor meer informatie&#8230;","og_url":"https:\/\/www.desmecht.com\/nl\/produits\/phytotherapie\/","og_site_name":"DESMECHT Herboristerij in Brussel - Natuurlijke oplossingen","article_publisher":"http:\/\/www.facebook.com\/herbodesmecht","article_modified_time":"2018-10-04T14:06:25+00:00","og_image":[{"url":"http:\/\/www.desmecht.com\/shop\/wp-content\/uploads\/2017\/05\/DesmechtPhytoFR.png","type":"","width":"","height":""}],"twitter_card":"summary_large_image","twitter_misc":{"Geschatte leestijd":"1 minuut"},"schema":{"@context":"https:\/\/schema.org","@graph":[{"@type":"WebPage","@id":"https:\/\/www.desmecht.com\/nl\/produits\/phytotherapie\/","url":"https:\/\/www.desmecht.com\/nl\/produits\/phytotherapie\/","name":"Fytotherapie - DESMECHT Herboristerij in Brussel - Natuurlijke oplossingen","isPartOf":{"@id":"https:\/\/www.desmecht.com\/#website"},"primaryImageOfPage":{"@id":"https:\/\/www.desmecht.com\/nl\/produits\/phytotherapie\/#primaryimage"},"image":{"@id":"https:\/\/www.desmecht.com\/nl\/produits\/phytotherapie\/#primaryimage"},"thumbnailUrl":"http:\/\/www.desmecht.com\/shop\/wp-content\/uploads\/2017\/05\/DesmechtPhytoFR.png","datePublished":"2017-05-17T15:04:38+00:00","dateModified":"2018-10-04T14:06:25+00:00","breadcrumb":{"@id":"https:\/\/www.desmecht.com\/nl\/produits\/phytotherapie\/#breadcrumb"},"inLanguage":"nl-NL","potentialAction":[{"@type":"ReadAction","target":["https:\/\/www.desmecht.com\/nl\/produits\/phytotherapie\/"]}]},{"@type":"ImageObject","inLanguage":"nl-NL","@id":"https:\/\/www.desmecht.com\/nl\/produits\/phytotherapie\/#primaryimage","url":"http:\/\/www.desmecht.com\/shop\/wp-content\/uploads\/2017\/05\/DesmechtPhytoFR.png","contentUrl":"http:\/\/www.desmecht.com\/shop\/wp-content\/uploads\/2017\/05\/DesmechtPhytoFR.png"},{"@type":"BreadcrumbList","@id":"https:\/\/www.desmecht.com\/nl\/produits\/phytotherapie\/#breadcrumb","itemListElement":[{"@type":"ListItem","position":1,"name":"Home","item":"https:\/\/www.desmecht.com\/"},{"@type":"ListItem","position":2,"name":"Producten","item":"https:\/\/www.desmecht.com\/nl\/produits\/"},{"@type":"ListItem","position":3,"name":"Fytotherapie"}]},{"@type":"WebSite","@id":"https:\/\/www.desmecht.com\/#website","url":"https:\/\/www.desmecht.com\/","name":"DESMECHT Herboristerij in Brussel - Natuurlijke oplossingen","description":"Natuurlijke oplossingen","publisher":{"@id":"https:\/\/www.desmecht.com\/#organization"},"potentialAction":[{"@type":"SearchAction","target":{"@type":"EntryPoint","urlTemplate":"https:\/\/www.desmecht.com\/?s={search_term_string}"},"query-input":{"@type":"PropertyValueSpecification","valueRequired":true,"valueName":"search_term_string"}}],"inLanguage":"nl-NL"},{"@type":"Organization","@id":"https:\/\/www.desmecht.com\/#organization","name":"DESMECHT","url":"https:\/\/www.desmecht.com\/","logo":{"@type":"ImageObject","inLanguage":"nl-NL","@id":"https:\/\/www.desmecht.com\/#\/schema\/logo\/image\/","url":"https:\/\/www.desmecht.com\/wp-content\/uploads\/2018\/11\/Logo-DESMECHT.png","contentUrl":"https:\/\/www.desmecht.com\/wp-content\/uploads\/2018\/11\/Logo-DESMECHT.png","width":400,"height":254,"caption":"DESMECHT"},"image":{"@id":"https:\/\/www.desmecht.com\/#\/schema\/logo\/image\/"},"sameAs":["http:\/\/www.facebook.com\/herbodesmecht"]}]}},"_links":{"self":[{"href":"https:\/\/www.desmecht.com\/nl\/wp-json\/wp\/v2\/pages\/538","targetHints":{"allow":["GET"]}}],"collection":[{"href":"https:\/\/www.desmecht.com\/nl\/wp-json\/wp\/v2\/pages"}],"about":[{"href":"https:\/\/www.desmecht.com\/nl\/wp-json\/wp\/v2\/types\/page"}],"author":[{"embeddable":true,"href":"https:\/\/www.desmecht.com\/nl\/wp-json\/wp\/v2\/users\/1"}],"replies":[{"embeddable":true,"href":"https:\/\/www.desmecht.com\/nl\/wp-json\/wp\/v2\/comments?post=538"}],"version-history":[{"count":0,"href":"https:\/\/www.desmecht.com\/nl\/wp-json\/wp\/v2\/pages\/538\/revisions"}],"up":[{"embeddable":true,"href":"https:\/\/www.desmecht.com\/nl\/wp-json\/wp\/v2\/pages\/488"}],"wp:attachment":[{"href":"https:\/\/www.desmecht.com\/nl\/wp-json\/wp\/v2\/media?parent=538"}],"curies":[{"name":"wp","href":"https:\/\/api.w.org\/{rel}","templated":true}]}}