{"id":785,"date":"2017-06-28T11:00:43","date_gmt":"2017-06-28T09:00:43","guid":{"rendered":"http:\/\/www.desmecht.com\/?page_id=785"},"modified":"2018-10-04T16:06:12","modified_gmt":"2018-10-04T14:06:12","slug":"gemmo","status":"publish","type":"page","link":"https:\/\/www.desmecht.com\/nl\/produits\/gemmo\/","title":{"rendered":"Gemmotherapie"},"content":{"rendered":"<p><strong>Gemmotherapie<\/strong><br \/>\n<img loading=\"lazy\" decoding=\"async\" class=\"size-full wp-image-788 alignleft\" src=\"http:\/\/www.desmecht.com\/wp-content\/uploads\/2017\/06\/bourgeons.jpg\" alt=\"\" width=\"259\" height=\"194\" \/>Gemmotherapie, ook phytembryotherapie genoemd, is de behandeling met <strong>extracten op basis van de knoppen van planten<\/strong>.<br \/>\nHet is de Belgische dokter Pol Henry (1918-1988) die deze methode in 1959 ontwikkelde en hij publiceerde de principes en clinische resultaten ervan in 1970 in zijn boek \u00ab\u00a0Phytembryoth\u00e9rapie\u00a0, th\u00e9rapeutique par les extraits embryonnaires v\u00e9g\u00e9taux\u00a0\u00bb.<\/p>\n<p><strong>De knoppen zijn voor de plant wat de stamcellen zijn voor het menselijk lichaam. Ze omvatten alle informatie van alle delen van de plant (wortel, blad, bloem, vrucht\u2026) en zo ook hun therapeutisch potentieel.<\/strong><\/p>\n<p>De knoppen bevatten ook veel oligo-elementen, mineralen, vitamines, enzymes\u2026<\/p>\n<p>De gebruikte delen zijn voornamelijk de knoppen, maar voor sommige planten worden de jonge scheutjes of kleine worteltjes gebruikt. De oorsprong van de naam gemmotherapie komt van het woord \u00ab gemmae \u00bb, \u00ab knop\u00bb in het latijn.<\/p>\n<p><img loading=\"lazy\" decoding=\"async\" class=\"size-medium wp-image-787 alignright\" src=\"http:\/\/www.desmecht.com\/wp-content\/uploads\/2017\/06\/bourgeons2-300x205.jpg\" alt=\"\" width=\"300\" height=\"205\" srcset=\"https:\/\/www.desmecht.com\/wp-content\/uploads\/2017\/06\/bourgeons2-300x205.jpg 300w, https:\/\/www.desmecht.com\/wp-content\/uploads\/2017\/06\/bourgeons2.jpg 333w\" sizes=\"auto, (max-width: 300px) 100vw, 300px\" \/><u>Zachte en respectvolle bereiding<\/u>\u00a0: De verse knoppen of verse scheuten van de bomen of struiken worden gemacereerd in een vloeistof (solvent) op basis van water, alcohol en glycerine om op die manier een maximum aan actieve bestanddelen, hun \u00ab kwintessens \u00bb<br \/>\neraan te onttrekken. Deze methode geeft de naam <strong>\u00ab\u00a0glycerine maceraat\u00a0\u00bb<\/strong> aan het eindproduct.<\/p>\n<p>De knoppen worden niet verwarmd, niet diepgevroren noch vermalen.<\/p>\n<p>Verschil tussen een geconcentreerd glycerine maceraat (beschikbaar in uw Herboristerij DESMECHT) en een D1 Glycerine maceraat (beschikbaar in de apotheek):<\/p>\n<table>\n<tbody>\n<tr>\n<td width=\"20%\"><\/td>\n<td width=\"40%\"><strong>Geconcentreerd glycerine maceraat<\/strong><\/td>\n<td width=\"40%\"><strong>D1 Glycerine maceraat<\/strong><\/td>\n<\/tr>\n<tr>\n<td width=\"20%\">Solvent<\/td>\n<td width=\"40%\">Water + alcohol + glycerine<\/td>\n<td width=\"40%\">Alcohol + glycerine en verdunning met water (1\/10) na de maceratie<\/td>\n<\/tr>\n<tr>\n<td width=\"20%\">Alcohol%<\/td>\n<td width=\"40%\">Minder dan 30\u00b0<\/td>\n<td width=\"40%\">Gelijk aan of meer dan 35\u00b0<\/td>\n<\/tr>\n<tr>\n<td width=\"20%\">Gebruikelijke dosering<\/td>\n<td width=\"40%\">5 tot 15 druppeltjes\/dag<\/td>\n<td width=\"40%\">50 tot 150 druppeltjes\/dag<\/td>\n<\/tr>\n<\/tbody>\n<\/table>\n<p><u>Gebruik<br \/>\n<\/u>Glycerine maceraten worden als voedingssupplement gebruikt of volgens de richtlijnen van een therapeut.<u><br \/>\n<\/u><\/p>","protected":false},"excerpt":{"rendered":"<p>Gemmotherapie Gemmotherapie, ook phytembryotherapie genoemd, is de behandeling met extracten op basis van de knoppen van planten. Het is de Belgische dokter Pol Henry (1918-1988) die deze methode in 1959 ontwikkelde en hij publiceerde de principes en clinische resultaten ervan in 1970 in zijn boek \u00ab\u00a0Phytembryoth\u00e9rapie\u00a0, th\u00e9rapeutique par les extraits embryonnaires v\u00e9g\u00e9taux\u00a0\u00bb. De knoppen zijn [&hellip;]<\/p>\n","protected":false},"author":1,"featured_media":0,"parent":488,"menu_order":0,"comment_status":"closed","ping_status":"closed","template":"","meta":{"footnotes":""},"class_list":["post-785","page","type-page","status-publish","hentry"],"yoast_head":"<!-- This site is optimized with the Yoast SEO plugin v26.9 - https:\/\/yoast.com\/product\/yoast-seo-wordpress\/ -->\n<title>Gemmotherapie - DESMECHT Herboristerij in Brussel - Natuurlijke oplossingen<\/title>\n<meta name=\"robots\" content=\"index, follow, max-snippet:-1, max-image-preview:large, max-video-preview:-1\" \/>\n<link rel=\"canonical\" href=\"https:\/\/www.desmecht.com\/nl\/produits\/gemmo\/\" \/>\n<meta property=\"og:locale\" content=\"nl_NL\" \/>\n<meta property=\"og:type\" content=\"article\" \/>\n<meta property=\"og:title\" content=\"Gemmotherapie - DESMECHT Herboristerij in Brussel - Natuurlijke oplossingen\" \/>\n<meta property=\"og:description\" content=\"Gemmotherapie Gemmotherapie, ook phytembryotherapie genoemd, is de behandeling met extracten op basis van de knoppen van planten. Het is de Belgische dokter Pol Henry (1918-1988) die deze methode in 1959 ontwikkelde en hij publiceerde de principes en clinische resultaten ervan in 1970 in zijn boek \u00ab\u00a0Phytembryoth\u00e9rapie\u00a0, th\u00e9rapeutique par les extraits embryonnaires v\u00e9g\u00e9taux\u00a0\u00bb. De knoppen zijn [&hellip;]\" \/>\n<meta property=\"og:url\" content=\"https:\/\/www.desmecht.com\/nl\/produits\/gemmo\/\" \/>\n<meta property=\"og:site_name\" content=\"DESMECHT Herboristerij in Brussel - Natuurlijke oplossingen\" \/>\n<meta property=\"article:publisher\" content=\"http:\/\/www.facebook.com\/herbodesmecht\" \/>\n<meta property=\"article:modified_time\" content=\"2018-10-04T14:06:12+00:00\" \/>\n<meta property=\"og:image\" content=\"http:\/\/www.desmecht.com\/wp-content\/uploads\/2017\/06\/bourgeons.jpg\" \/>\n<meta name=\"twitter:card\" content=\"summary_large_image\" \/>\n<meta name=\"twitter:label1\" content=\"Geschatte leestijd\" \/>\n\t<meta name=\"twitter:data1\" content=\"4 minuten\" \/>\n<script type=\"application\/ld+json\" class=\"yoast-schema-graph\">{\"@context\":\"https:\/\/schema.org\",\"@graph\":[{\"@type\":\"WebPage\",\"@id\":\"https:\/\/www.desmecht.com\/nl\/produits\/gemmo\/\",\"url\":\"https:\/\/www.desmecht.com\/nl\/produits\/gemmo\/\",\"name\":\"Gemmotherapie - DESMECHT Herboristerij in Brussel - Natuurlijke oplossingen\",\"isPartOf\":{\"@id\":\"https:\/\/www.desmecht.com\/#website\"},\"primaryImageOfPage\":{\"@id\":\"https:\/\/www.desmecht.com\/nl\/produits\/gemmo\/#primaryimage\"},\"image\":{\"@id\":\"https:\/\/www.desmecht.com\/nl\/produits\/gemmo\/#primaryimage\"},\"thumbnailUrl\":\"http:\/\/www.desmecht.com\/wp-content\/uploads\/2017\/06\/bourgeons.jpg\",\"datePublished\":\"2017-06-28T09:00:43+00:00\",\"dateModified\":\"2018-10-04T14:06:12+00:00\",\"breadcrumb\":{\"@id\":\"https:\/\/www.desmecht.com\/nl\/produits\/gemmo\/#breadcrumb\"},\"inLanguage\":\"nl-NL\",\"potentialAction\":[{\"@type\":\"ReadAction\",\"target\":[\"https:\/\/www.desmecht.com\/nl\/produits\/gemmo\/\"]}]},{\"@type\":\"ImageObject\",\"inLanguage\":\"nl-NL\",\"@id\":\"https:\/\/www.desmecht.com\/nl\/produits\/gemmo\/#primaryimage\",\"url\":\"http:\/\/www.desmecht.com\/wp-content\/uploads\/2017\/06\/bourgeons.jpg\",\"contentUrl\":\"http:\/\/www.desmecht.com\/wp-content\/uploads\/2017\/06\/bourgeons.jpg\"},{\"@type\":\"BreadcrumbList\",\"@id\":\"https:\/\/www.desmecht.com\/nl\/produits\/gemmo\/#breadcrumb\",\"itemListElement\":[{\"@type\":\"ListItem\",\"position\":1,\"name\":\"Home\",\"item\":\"https:\/\/www.desmecht.com\/\"},{\"@type\":\"ListItem\",\"position\":2,\"name\":\"Producten\",\"item\":\"https:\/\/www.desmecht.com\/nl\/produits\/\"},{\"@type\":\"ListItem\",\"position\":3,\"name\":\"Gemmotherapie\"}]},{\"@type\":\"WebSite\",\"@id\":\"https:\/\/www.desmecht.com\/#website\",\"url\":\"https:\/\/www.desmecht.com\/\",\"name\":\"DESMECHT Herboristerij in Brussel - Natuurlijke oplossingen\",\"description\":\"Natuurlijke oplossingen\",\"publisher\":{\"@id\":\"https:\/\/www.desmecht.com\/#organization\"},\"potentialAction\":[{\"@type\":\"SearchAction\",\"target\":{\"@type\":\"EntryPoint\",\"urlTemplate\":\"https:\/\/www.desmecht.com\/?s={search_term_string}\"},\"query-input\":{\"@type\":\"PropertyValueSpecification\",\"valueRequired\":true,\"valueName\":\"search_term_string\"}}],\"inLanguage\":\"nl-NL\"},{\"@type\":\"Organization\",\"@id\":\"https:\/\/www.desmecht.com\/#organization\",\"name\":\"DESMECHT\",\"url\":\"https:\/\/www.desmecht.com\/\",\"logo\":{\"@type\":\"ImageObject\",\"inLanguage\":\"nl-NL\",\"@id\":\"https:\/\/www.desmecht.com\/#\/schema\/logo\/image\/\",\"url\":\"https:\/\/www.desmecht.com\/wp-content\/uploads\/2018\/11\/Logo-DESMECHT.png\",\"contentUrl\":\"https:\/\/www.desmecht.com\/wp-content\/uploads\/2018\/11\/Logo-DESMECHT.png\",\"width\":400,\"height\":254,\"caption\":\"DESMECHT\"},\"image\":{\"@id\":\"https:\/\/www.desmecht.com\/#\/schema\/logo\/image\/\"},\"sameAs\":[\"http:\/\/www.facebook.com\/herbodesmecht\"]}]}<\/script>\n<!-- \/ Yoast SEO plugin. -->","yoast_head_json":{"title":"Gemmotherapie - DESMECHT Herboristerij in Brussel - Natuurlijke oplossingen","robots":{"index":"index","follow":"follow","max-snippet":"max-snippet:-1","max-image-preview":"max-image-preview:large","max-video-preview":"max-video-preview:-1"},"canonical":"https:\/\/www.desmecht.com\/nl\/produits\/gemmo\/","og_locale":"nl_NL","og_type":"article","og_title":"Gemmotherapie - DESMECHT Herboristerij in Brussel - Natuurlijke oplossingen","og_description":"Gemmotherapie Gemmotherapie, ook phytembryotherapie genoemd, is de behandeling met extracten op basis van de knoppen van planten. Het is de Belgische dokter Pol Henry (1918-1988) die deze methode in 1959 ontwikkelde en hij publiceerde de principes en clinische resultaten ervan in 1970 in zijn boek \u00ab\u00a0Phytembryoth\u00e9rapie\u00a0, th\u00e9rapeutique par les extraits embryonnaires v\u00e9g\u00e9taux\u00a0\u00bb. De knoppen zijn [&hellip;]","og_url":"https:\/\/www.desmecht.com\/nl\/produits\/gemmo\/","og_site_name":"DESMECHT Herboristerij in Brussel - Natuurlijke oplossingen","article_publisher":"http:\/\/www.facebook.com\/herbodesmecht","article_modified_time":"2018-10-04T14:06:12+00:00","og_image":[{"url":"http:\/\/www.desmecht.com\/wp-content\/uploads\/2017\/06\/bourgeons.jpg","type":"","width":"","height":""}],"twitter_card":"summary_large_image","twitter_misc":{"Geschatte leestijd":"4 minuten"},"schema":{"@context":"https:\/\/schema.org","@graph":[{"@type":"WebPage","@id":"https:\/\/www.desmecht.com\/nl\/produits\/gemmo\/","url":"https:\/\/www.desmecht.com\/nl\/produits\/gemmo\/","name":"Gemmotherapie - DESMECHT Herboristerij in Brussel - Natuurlijke oplossingen","isPartOf":{"@id":"https:\/\/www.desmecht.com\/#website"},"primaryImageOfPage":{"@id":"https:\/\/www.desmecht.com\/nl\/produits\/gemmo\/#primaryimage"},"image":{"@id":"https:\/\/www.desmecht.com\/nl\/produits\/gemmo\/#primaryimage"},"thumbnailUrl":"http:\/\/www.desmecht.com\/wp-content\/uploads\/2017\/06\/bourgeons.jpg","datePublished":"2017-06-28T09:00:43+00:00","dateModified":"2018-10-04T14:06:12+00:00","breadcrumb":{"@id":"https:\/\/www.desmecht.com\/nl\/produits\/gemmo\/#breadcrumb"},"inLanguage":"nl-NL","potentialAction":[{"@type":"ReadAction","target":["https:\/\/www.desmecht.com\/nl\/produits\/gemmo\/"]}]},{"@type":"ImageObject","inLanguage":"nl-NL","@id":"https:\/\/www.desmecht.com\/nl\/produits\/gemmo\/#primaryimage","url":"http:\/\/www.desmecht.com\/wp-content\/uploads\/2017\/06\/bourgeons.jpg","contentUrl":"http:\/\/www.desmecht.com\/wp-content\/uploads\/2017\/06\/bourgeons.jpg"},{"@type":"BreadcrumbList","@id":"https:\/\/www.desmecht.com\/nl\/produits\/gemmo\/#breadcrumb","itemListElement":[{"@type":"ListItem","position":1,"name":"Home","item":"https:\/\/www.desmecht.com\/"},{"@type":"ListItem","position":2,"name":"Producten","item":"https:\/\/www.desmecht.com\/nl\/produits\/"},{"@type":"ListItem","position":3,"name":"Gemmotherapie"}]},{"@type":"WebSite","@id":"https:\/\/www.desmecht.com\/#website","url":"https:\/\/www.desmecht.com\/","name":"DESMECHT Herboristerij in Brussel - Natuurlijke oplossingen","description":"Natuurlijke oplossingen","publisher":{"@id":"https:\/\/www.desmecht.com\/#organization"},"potentialAction":[{"@type":"SearchAction","target":{"@type":"EntryPoint","urlTemplate":"https:\/\/www.desmecht.com\/?s={search_term_string}"},"query-input":{"@type":"PropertyValueSpecification","valueRequired":true,"valueName":"search_term_string"}}],"inLanguage":"nl-NL"},{"@type":"Organization","@id":"https:\/\/www.desmecht.com\/#organization","name":"DESMECHT","url":"https:\/\/www.desmecht.com\/","logo":{"@type":"ImageObject","inLanguage":"nl-NL","@id":"https:\/\/www.desmecht.com\/#\/schema\/logo\/image\/","url":"https:\/\/www.desmecht.com\/wp-content\/uploads\/2018\/11\/Logo-DESMECHT.png","contentUrl":"https:\/\/www.desmecht.com\/wp-content\/uploads\/2018\/11\/Logo-DESMECHT.png","width":400,"height":254,"caption":"DESMECHT"},"image":{"@id":"https:\/\/www.desmecht.com\/#\/schema\/logo\/image\/"},"sameAs":["http:\/\/www.facebook.com\/herbodesmecht"]}]}},"_links":{"self":[{"href":"https:\/\/www.desmecht.com\/nl\/wp-json\/wp\/v2\/pages\/785","targetHints":{"allow":["GET"]}}],"collection":[{"href":"https:\/\/www.desmecht.com\/nl\/wp-json\/wp\/v2\/pages"}],"about":[{"href":"https:\/\/www.desmecht.com\/nl\/wp-json\/wp\/v2\/types\/page"}],"author":[{"embeddable":true,"href":"https:\/\/www.desmecht.com\/nl\/wp-json\/wp\/v2\/users\/1"}],"replies":[{"embeddable":true,"href":"https:\/\/www.desmecht.com\/nl\/wp-json\/wp\/v2\/comments?post=785"}],"version-history":[{"count":0,"href":"https:\/\/www.desmecht.com\/nl\/wp-json\/wp\/v2\/pages\/785\/revisions"}],"up":[{"embeddable":true,"href":"https:\/\/www.desmecht.com\/nl\/wp-json\/wp\/v2\/pages\/488"}],"wp:attachment":[{"href":"https:\/\/www.desmecht.com\/nl\/wp-json\/wp\/v2\/media?parent=785"}],"curies":[{"name":"wp","href":"https:\/\/api.w.org\/{rel}","templated":true}]}}