{"id":12364,"date":"2026-02-10T08:51:38","date_gmt":"2026-02-10T07:51:38","guid":{"rendered":"https:\/\/www.desmecht.com\/product\/elixir-suedois-500ml-recette-sans-camphre\/"},"modified":"2026-02-10T09:51:38","modified_gmt":"2026-02-10T08:51:38","slug":"elixir-suedois-500ml-recette-sans-camphre","status":"publish","type":"product","link":"https:\/\/www.desmecht.com\/nl\/shop\/desmecht-2\/teintures-meres-desmecht-2-2\/elixir-suedois-500ml-recette-sans-camphre\/","title":{"rendered":"Zweeds kruidenbitter 500ml (recept ZONDER kamfer)"},"content":{"rendered":"<p class=\"qtranxs-available-languages-message qtranxs-available-languages-message-nl\">Onze verontschuldigingen, dit bericht is alleen beschikbaar in <a href=\"https:\/\/www.desmecht.com\/en\/wp-json\/wp\/v2\/product\/12364\" class=\"qtranxs-available-language-link qtranxs-available-language-link-en\" title=\"English\">English<\/a>. Voor het gemak van de kijker, is de inhoud hieronder weergegeven in de alternatieve taal. Je kunt klikken op de link om naar de actieve taal over te schakelen.<\/p><p><\/p>","protected":false},"excerpt":{"rendered":"<div style=\"color: #cccc00; text-decoration: underline;\">Het traditioneel recept MET kamfer is eveneens beschikbaar (Het gebruik van kamfer wordt afgeraden met een simultaan gebruik van homeopathische producten)<\/div>\n<p>Ook beschikbaar in 200ml en 1liter (de prijs vermindert met de hoeveelheid)<\/p>\n","protected":false},"featured_media":12365,"template":"","meta":[],"product_brand":[],"product_cat":[152,153,151,414,104],"product_tag":[],"class_list":{"0":"post-12364","1":"product","2":"type-product","3":"status-publish","4":"has-post-thumbnail","6":"product_cat-desmecht","7":"product_cat-desmecht-2","8":"product_cat-teintures-meres","9":"product_cat-teintures-meres-desmecht-2-2","10":"product_cat-herboristerie","11":"tm-no-options","13":"first","14":"instock","15":"taxable","16":"shipping-taxable","17":"purchasable","18":"product-type-simple"},"yoast_head":"<!-- This site is optimized with the Yoast SEO plugin v26.9 - https:\/\/yoast.com\/product\/yoast-seo-wordpress\/ -->\n<title>Online kopen: Zweeds kruidenbitter 500ml (recept ZONDER kamfer) - Het traditioneel recept MET kamfer is eveneens beschikbaar (Het gebruik van kamfer wordt afgeraden met een simultaan gebruik van homeopathische producten)Ook beschikbaar in 200ml en 1liter (de prijs vermindert met de hoeveelheid)<\/title>\n<meta name=\"description\" content=\"Online kopen: Zweeds kruidenbitter 500ml (recept ZONDER kamfer) - Het traditioneel recept MET kamfer is eveneens beschikbaar (Het gebruik van kamfer wordt afgeraden met een simultaan gebruik van homeopathische producten)Ook beschikbaar in 200ml en 1liter (de prijs vermindert met de hoeveelheid)\" \/>\n<meta name=\"robots\" content=\"index, follow, max-snippet:-1, max-image-preview:large, max-video-preview:-1\" \/>\n<link rel=\"canonical\" href=\"https:\/\/www.desmecht.com\/shop\/desmecht-2\/teintures-meres-desmecht-2-2\/elixir-suedois-500ml-recette-sans-camphre\/\" \/>\n<meta property=\"og:locale\" content=\"nl_NL\" \/>\n<meta property=\"og:type\" content=\"article\" \/>\n<meta property=\"og:title\" content=\"[:fr]Acheter en ligne: Elixir Su\u00e9dois 500ml (recette SANS camphre) - La recette traditionnelle AVEC camphre est \u00e9galement disponible (la prise de camphre est contre-indiqu\u00e9 avec la prise simultan\u00e9e de produits hom\u00e9opatiques) Aussi disponible en 200ml et 1litre (le prix diminue avec la quantit\u00e9)[:nl]Online kopen: Zweeds kruidenbitter 500ml (recept ZONDER kamfer) - Het traditioneel recept MET kamfer is eveneens beschikbaar (Het gebruik van kamfer wordt afgeraden met een simultaan gebruik van homeopathische producten)Ook beschikbaar in 200ml en 1liter (de prijs vermindert met de hoeveelheid)[:en]Buy online: Swedisch bitter 500ml (recipe WITHOUT camphor) - The traditional recipy WITH camphor is also available (You should avoid taking camphor at the same time as homeopathic remedies)Also available in 200ml and 500ml (the price gets better with the quantity)[:]\" \/>\n<meta property=\"og:description\" content=\"[:fr]Acheter en ligne: Elixir Su\u00e9dois 500ml (recette SANS camphre) - La recette traditionnelle AVEC camphre est \u00e9galement disponible (la prise de camphre est contre-indiqu\u00e9 avec la prise simultan\u00e9e de produits hom\u00e9opatiques) Aussi disponible en 200ml et 1litre (le prix diminue avec la quantit\u00e9)[:nl]Online kopen: Zweeds kruidenbitter 500ml (recept ZONDER kamfer) - Het traditioneel recept MET kamfer is eveneens beschikbaar (Het gebruik van kamfer wordt afgeraden met een simultaan gebruik van homeopathische producten)Ook beschikbaar in 200ml en 1liter (de prijs vermindert met de hoeveelheid)[:en]Buy online: Swedisch bitter 500ml (recipe WITHOUT camphor) - The traditional recipy WITH camphor is also available (You should avoid taking camphor at the same time as homeopathic remedies)Also available in 200ml and 500ml (the price gets better with the quantity)[:]\" \/>\n<meta property=\"og:url\" content=\"https:\/\/www.desmecht.com\/shop\/desmecht-2\/teintures-meres-desmecht-2-2\/elixir-suedois-500ml-recette-sans-camphre\/\" \/>\n<meta property=\"og:site_name\" content=\"DESMECHT Herboristerij in Brussel - Natuurlijke oplossingen\" \/>\n<meta property=\"article:publisher\" content=\"http:\/\/www.facebook.com\/herbodesmecht\" \/>\n<meta property=\"article:modified_time\" content=\"2026-02-10T08:51:38+00:00\" \/>\n<meta property=\"og:image\" content=\"https:\/\/www.desmecht.com\/wp-content\/uploads\/2018\/10\/ELIXIRSC500ML.jpg\" \/>\n\t<meta property=\"og:image:width\" content=\"1200\" \/>\n\t<meta property=\"og:image:height\" content=\"1148\" \/>\n\t<meta property=\"og:image:type\" content=\"image\/jpeg\" \/>\n<meta name=\"twitter:card\" content=\"summary_large_image\" \/>\n<script type=\"application\/ld+json\" class=\"yoast-schema-graph\">{\"@context\":\"https:\/\/schema.org\",\"@graph\":[{\"@type\":\"WebPage\",\"@id\":\"https:\/\/www.desmecht.com\/shop\/desmecht-2\/teintures-meres-desmecht-2-2\/elixir-suedois-500ml-recette-sans-camphre\/\",\"url\":\"https:\/\/www.desmecht.com\/shop\/desmecht-2\/teintures-meres-desmecht-2-2\/elixir-suedois-500ml-recette-sans-camphre\/\",\"name\":\"[:fr]Acheter en ligne: Elixir Su\u00e9dois 500ml (recette SANS camphre) - La recette traditionnelle AVEC camphre est \u00e9galement disponible (la prise de camphre est contre-indiqu\u00e9 avec la prise simultan\u00e9e de produits hom\u00e9opatiques) Aussi disponible en 200ml et 1litre (le prix diminue avec la quantit\u00e9)[:nl]Online kopen: Zweeds kruidenbitter 500ml (recept ZONDER kamfer) - Het traditioneel recept MET kamfer is eveneens beschikbaar (Het gebruik van kamfer wordt afgeraden met een simultaan gebruik van homeopathische producten)Ook beschikbaar in 200ml en 1liter (de prijs vermindert met de hoeveelheid)[:en]Buy online: Swedisch bitter 500ml (recipe WITHOUT camphor) - The traditional recipy WITH camphor is also available (You should avoid taking camphor at the same time as homeopathic remedies)Also available in 200ml and 500ml (the price gets better with the quantity)[:]\",\"isPartOf\":{\"@id\":\"https:\/\/www.desmecht.com\/#website\"},\"primaryImageOfPage\":{\"@id\":\"https:\/\/www.desmecht.com\/shop\/desmecht-2\/teintures-meres-desmecht-2-2\/elixir-suedois-500ml-recette-sans-camphre\/#primaryimage\"},\"image\":{\"@id\":\"https:\/\/www.desmecht.com\/shop\/desmecht-2\/teintures-meres-desmecht-2-2\/elixir-suedois-500ml-recette-sans-camphre\/#primaryimage\"},\"thumbnailUrl\":\"https:\/\/www.desmecht.com\/wp-content\/uploads\/2018\/10\/ELIXIRSC500ML.jpg\",\"datePublished\":\"2026-02-10T07:51:38+00:00\",\"dateModified\":\"2026-02-10T08:51:38+00:00\",\"description\":\"[:fr]Acheter en ligne: Elixir Su\u00e9dois 500ml (recette SANS camphre) - La recette traditionnelle AVEC camphre est \u00e9galement disponible (la prise de camphre est contre-indiqu\u00e9 avec la prise simultan\u00e9e de produits hom\u00e9opatiques) Aussi disponible en 200ml et 1litre (le prix diminue avec la quantit\u00e9)[:nl]Online kopen: Zweeds kruidenbitter 500ml (recept ZONDER kamfer) - Het traditioneel recept MET kamfer is eveneens beschikbaar (Het gebruik van kamfer wordt afgeraden met een simultaan gebruik van homeopathische producten)Ook beschikbaar in 200ml en 1liter (de prijs vermindert met de hoeveelheid)[:en]Buy online: Swedisch bitter 500ml (recipe WITHOUT camphor) - The traditional recipy WITH camphor is also available (You should avoid taking camphor at the same time as homeopathic remedies)Also available in 200ml and 500ml (the price gets better with the quantity)[:]\",\"breadcrumb\":{\"@id\":\"https:\/\/www.desmecht.com\/shop\/desmecht-2\/teintures-meres-desmecht-2-2\/elixir-suedois-500ml-recette-sans-camphre\/#breadcrumb\"},\"inLanguage\":\"nl-NL\",\"potentialAction\":[{\"@type\":\"ReadAction\",\"target\":[\"https:\/\/www.desmecht.com\/shop\/desmecht-2\/teintures-meres-desmecht-2-2\/elixir-suedois-500ml-recette-sans-camphre\/\"]}]},{\"@type\":\"ImageObject\",\"inLanguage\":\"nl-NL\",\"@id\":\"https:\/\/www.desmecht.com\/shop\/desmecht-2\/teintures-meres-desmecht-2-2\/elixir-suedois-500ml-recette-sans-camphre\/#primaryimage\",\"url\":\"https:\/\/www.desmecht.com\/wp-content\/uploads\/2018\/10\/ELIXIRSC500ML.jpg\",\"contentUrl\":\"https:\/\/www.desmecht.com\/wp-content\/uploads\/2018\/10\/ELIXIRSC500ML.jpg\",\"width\":1200,\"height\":1148},{\"@type\":\"BreadcrumbList\",\"@id\":\"https:\/\/www.desmecht.com\/shop\/desmecht-2\/teintures-meres-desmecht-2-2\/elixir-suedois-500ml-recette-sans-camphre\/#breadcrumb\",\"itemListElement\":[{\"@type\":\"ListItem\",\"position\":1,\"name\":\"Home\",\"item\":\"https:\/\/www.desmecht.com\/\"},{\"@type\":\"ListItem\",\"position\":2,\"name\":\"E-shop\",\"item\":\"https:\/\/www.desmecht.com\/\"},{\"@type\":\"ListItem\",\"position\":3,\"name\":\"Zweeds kruidenbitter 500ml (recept ZONDER kamfer)\"}]},{\"@type\":\"WebSite\",\"@id\":\"https:\/\/www.desmecht.com\/#website\",\"url\":\"https:\/\/www.desmecht.com\/\",\"name\":\"DESMECHT Herboristerij in Brussel - Natuurlijke oplossingen\",\"description\":\"Natuurlijke oplossingen\",\"publisher\":{\"@id\":\"https:\/\/www.desmecht.com\/#organization\"},\"potentialAction\":[{\"@type\":\"SearchAction\",\"target\":{\"@type\":\"EntryPoint\",\"urlTemplate\":\"https:\/\/www.desmecht.com\/?s={search_term_string}\"},\"query-input\":{\"@type\":\"PropertyValueSpecification\",\"valueRequired\":true,\"valueName\":\"search_term_string\"}}],\"inLanguage\":\"nl-NL\"},{\"@type\":\"Organization\",\"@id\":\"https:\/\/www.desmecht.com\/#organization\",\"name\":\"DESMECHT\",\"url\":\"https:\/\/www.desmecht.com\/\",\"logo\":{\"@type\":\"ImageObject\",\"inLanguage\":\"nl-NL\",\"@id\":\"https:\/\/www.desmecht.com\/#\/schema\/logo\/image\/\",\"url\":\"https:\/\/www.desmecht.com\/wp-content\/uploads\/2018\/11\/Logo-DESMECHT.png\",\"contentUrl\":\"https:\/\/www.desmecht.com\/wp-content\/uploads\/2018\/11\/Logo-DESMECHT.png\",\"width\":400,\"height\":254,\"caption\":\"DESMECHT\"},\"image\":{\"@id\":\"https:\/\/www.desmecht.com\/#\/schema\/logo\/image\/\"},\"sameAs\":[\"http:\/\/www.facebook.com\/herbodesmecht\"]}]}<\/script>\n<!-- \/ Yoast SEO plugin. -->","yoast_head_json":{"title":"Online kopen: Zweeds kruidenbitter 500ml (recept ZONDER kamfer) - Het traditioneel recept MET kamfer is eveneens beschikbaar (Het gebruik van kamfer wordt afgeraden met een simultaan gebruik van homeopathische producten)Ook beschikbaar in 200ml en 1liter (de prijs vermindert met de hoeveelheid)","description":"Online kopen: Zweeds kruidenbitter 500ml (recept ZONDER kamfer) - Het traditioneel recept MET kamfer is eveneens beschikbaar (Het gebruik van kamfer wordt afgeraden met een simultaan gebruik van homeopathische producten)Ook beschikbaar in 200ml en 1liter (de prijs vermindert met de hoeveelheid)","robots":{"index":"index","follow":"follow","max-snippet":"max-snippet:-1","max-image-preview":"max-image-preview:large","max-video-preview":"max-video-preview:-1"},"canonical":"https:\/\/www.desmecht.com\/shop\/desmecht-2\/teintures-meres-desmecht-2-2\/elixir-suedois-500ml-recette-sans-camphre\/","og_locale":"nl_NL","og_type":"article","og_title":"[:fr]Acheter en ligne: Elixir Su\u00e9dois 500ml (recette SANS camphre) - La recette traditionnelle AVEC camphre est \u00e9galement disponible (la prise de camphre est contre-indiqu\u00e9 avec la prise simultan\u00e9e de produits hom\u00e9opatiques) Aussi disponible en 200ml et 1litre (le prix diminue avec la quantit\u00e9)[:nl]Online kopen: Zweeds kruidenbitter 500ml (recept ZONDER kamfer) - Het traditioneel recept MET kamfer is eveneens beschikbaar (Het gebruik van kamfer wordt afgeraden met een simultaan gebruik van homeopathische producten)Ook beschikbaar in 200ml en 1liter (de prijs vermindert met de hoeveelheid)[:en]Buy online: Swedisch bitter 500ml (recipe WITHOUT camphor) - The traditional recipy WITH camphor is also available (You should avoid taking camphor at the same time as homeopathic remedies)Also available in 200ml and 500ml (the price gets better with the quantity)[:]","og_description":"[:fr]Acheter en ligne: Elixir Su\u00e9dois 500ml (recette SANS camphre) - La recette traditionnelle AVEC camphre est \u00e9galement disponible (la prise de camphre est contre-indiqu\u00e9 avec la prise simultan\u00e9e de produits hom\u00e9opatiques) Aussi disponible en 200ml et 1litre (le prix diminue avec la quantit\u00e9)[:nl]Online kopen: Zweeds kruidenbitter 500ml (recept ZONDER kamfer) - Het traditioneel recept MET kamfer is eveneens beschikbaar (Het gebruik van kamfer wordt afgeraden met een simultaan gebruik van homeopathische producten)Ook beschikbaar in 200ml en 1liter (de prijs vermindert met de hoeveelheid)[:en]Buy online: Swedisch bitter 500ml (recipe WITHOUT camphor) - The traditional recipy WITH camphor is also available (You should avoid taking camphor at the same time as homeopathic remedies)Also available in 200ml and 500ml (the price gets better with the quantity)[:]","og_url":"https:\/\/www.desmecht.com\/shop\/desmecht-2\/teintures-meres-desmecht-2-2\/elixir-suedois-500ml-recette-sans-camphre\/","og_site_name":"DESMECHT Herboristerij in Brussel - Natuurlijke oplossingen","article_publisher":"http:\/\/www.facebook.com\/herbodesmecht","article_modified_time":"2026-02-10T08:51:38+00:00","og_image":[{"width":1200,"height":1148,"url":"https:\/\/www.desmecht.com\/wp-content\/uploads\/2018\/10\/ELIXIRSC500ML.jpg","type":"image\/jpeg"}],"twitter_card":"summary_large_image","schema":{"@context":"https:\/\/schema.org","@graph":[{"@type":"WebPage","@id":"https:\/\/www.desmecht.com\/shop\/desmecht-2\/teintures-meres-desmecht-2-2\/elixir-suedois-500ml-recette-sans-camphre\/","url":"https:\/\/www.desmecht.com\/shop\/desmecht-2\/teintures-meres-desmecht-2-2\/elixir-suedois-500ml-recette-sans-camphre\/","name":"[:fr]Acheter en ligne: Elixir Su\u00e9dois 500ml (recette SANS camphre) - La recette traditionnelle AVEC camphre est \u00e9galement disponible (la prise de camphre est contre-indiqu\u00e9 avec la prise simultan\u00e9e de produits hom\u00e9opatiques) Aussi disponible en 200ml et 1litre (le prix diminue avec la quantit\u00e9)[:nl]Online kopen: Zweeds kruidenbitter 500ml (recept ZONDER kamfer) - Het traditioneel recept MET kamfer is eveneens beschikbaar (Het gebruik van kamfer wordt afgeraden met een simultaan gebruik van homeopathische producten)Ook beschikbaar in 200ml en 1liter (de prijs vermindert met de hoeveelheid)[:en]Buy online: Swedisch bitter 500ml (recipe WITHOUT camphor) - The traditional recipy WITH camphor is also available (You should avoid taking camphor at the same time as homeopathic remedies)Also available in 200ml and 500ml (the price gets better with the quantity)[:]","isPartOf":{"@id":"https:\/\/www.desmecht.com\/#website"},"primaryImageOfPage":{"@id":"https:\/\/www.desmecht.com\/shop\/desmecht-2\/teintures-meres-desmecht-2-2\/elixir-suedois-500ml-recette-sans-camphre\/#primaryimage"},"image":{"@id":"https:\/\/www.desmecht.com\/shop\/desmecht-2\/teintures-meres-desmecht-2-2\/elixir-suedois-500ml-recette-sans-camphre\/#primaryimage"},"thumbnailUrl":"https:\/\/www.desmecht.com\/wp-content\/uploads\/2018\/10\/ELIXIRSC500ML.jpg","datePublished":"2026-02-10T07:51:38+00:00","dateModified":"2026-02-10T08:51:38+00:00","description":"[:fr]Acheter en ligne: Elixir Su\u00e9dois 500ml (recette SANS camphre) - La recette traditionnelle AVEC camphre est \u00e9galement disponible (la prise de camphre est contre-indiqu\u00e9 avec la prise simultan\u00e9e de produits hom\u00e9opatiques) Aussi disponible en 200ml et 1litre (le prix diminue avec la quantit\u00e9)[:nl]Online kopen: Zweeds kruidenbitter 500ml (recept ZONDER kamfer) - Het traditioneel recept MET kamfer is eveneens beschikbaar (Het gebruik van kamfer wordt afgeraden met een simultaan gebruik van homeopathische producten)Ook beschikbaar in 200ml en 1liter (de prijs vermindert met de hoeveelheid)[:en]Buy online: Swedisch bitter 500ml (recipe WITHOUT camphor) - The traditional recipy WITH camphor is also available (You should avoid taking camphor at the same time as homeopathic remedies)Also available in 200ml and 500ml (the price gets better with the quantity)[:]","breadcrumb":{"@id":"https:\/\/www.desmecht.com\/shop\/desmecht-2\/teintures-meres-desmecht-2-2\/elixir-suedois-500ml-recette-sans-camphre\/#breadcrumb"},"inLanguage":"nl-NL","potentialAction":[{"@type":"ReadAction","target":["https:\/\/www.desmecht.com\/shop\/desmecht-2\/teintures-meres-desmecht-2-2\/elixir-suedois-500ml-recette-sans-camphre\/"]}]},{"@type":"ImageObject","inLanguage":"nl-NL","@id":"https:\/\/www.desmecht.com\/shop\/desmecht-2\/teintures-meres-desmecht-2-2\/elixir-suedois-500ml-recette-sans-camphre\/#primaryimage","url":"https:\/\/www.desmecht.com\/wp-content\/uploads\/2018\/10\/ELIXIRSC500ML.jpg","contentUrl":"https:\/\/www.desmecht.com\/wp-content\/uploads\/2018\/10\/ELIXIRSC500ML.jpg","width":1200,"height":1148},{"@type":"BreadcrumbList","@id":"https:\/\/www.desmecht.com\/shop\/desmecht-2\/teintures-meres-desmecht-2-2\/elixir-suedois-500ml-recette-sans-camphre\/#breadcrumb","itemListElement":[{"@type":"ListItem","position":1,"name":"Home","item":"https:\/\/www.desmecht.com\/"},{"@type":"ListItem","position":2,"name":"E-shop","item":"https:\/\/www.desmecht.com\/"},{"@type":"ListItem","position":3,"name":"Zweeds kruidenbitter 500ml (recept ZONDER kamfer)"}]},{"@type":"WebSite","@id":"https:\/\/www.desmecht.com\/#website","url":"https:\/\/www.desmecht.com\/","name":"DESMECHT Herboristerij in Brussel - Natuurlijke oplossingen","description":"Natuurlijke oplossingen","publisher":{"@id":"https:\/\/www.desmecht.com\/#organization"},"potentialAction":[{"@type":"SearchAction","target":{"@type":"EntryPoint","urlTemplate":"https:\/\/www.desmecht.com\/?s={search_term_string}"},"query-input":{"@type":"PropertyValueSpecification","valueRequired":true,"valueName":"search_term_string"}}],"inLanguage":"nl-NL"},{"@type":"Organization","@id":"https:\/\/www.desmecht.com\/#organization","name":"DESMECHT","url":"https:\/\/www.desmecht.com\/","logo":{"@type":"ImageObject","inLanguage":"nl-NL","@id":"https:\/\/www.desmecht.com\/#\/schema\/logo\/image\/","url":"https:\/\/www.desmecht.com\/wp-content\/uploads\/2018\/11\/Logo-DESMECHT.png","contentUrl":"https:\/\/www.desmecht.com\/wp-content\/uploads\/2018\/11\/Logo-DESMECHT.png","width":400,"height":254,"caption":"DESMECHT"},"image":{"@id":"https:\/\/www.desmecht.com\/#\/schema\/logo\/image\/"},"sameAs":["http:\/\/www.facebook.com\/herbodesmecht"]}]}},"_links":{"self":[{"href":"https:\/\/www.desmecht.com\/nl\/wp-json\/wp\/v2\/product\/12364","targetHints":{"allow":["GET"]}}],"collection":[{"href":"https:\/\/www.desmecht.com\/nl\/wp-json\/wp\/v2\/product"}],"about":[{"href":"https:\/\/www.desmecht.com\/nl\/wp-json\/wp\/v2\/types\/product"}],"wp:featuredmedia":[{"embeddable":true,"href":"https:\/\/www.desmecht.com\/nl\/wp-json\/wp\/v2\/media\/12365"}],"wp:attachment":[{"href":"https:\/\/www.desmecht.com\/nl\/wp-json\/wp\/v2\/media?parent=12364"}],"wp:term":[{"taxonomy":"product_brand","embeddable":true,"href":"https:\/\/www.desmecht.com\/nl\/wp-json\/wp\/v2\/product_brand?post=12364"},{"taxonomy":"product_cat","embeddable":true,"href":"https:\/\/www.desmecht.com\/nl\/wp-json\/wp\/v2\/product_cat?post=12364"},{"taxonomy":"product_tag","embeddable":true,"href":"https:\/\/www.desmecht.com\/nl\/wp-json\/wp\/v2\/product_tag?post=12364"}],"curies":[{"name":"wp","href":"https:\/\/api.w.org\/{rel}","templated":true}]}}