{"id":13752,"date":"2021-07-16T15:49:24","date_gmt":"2021-07-16T13:49:24","guid":{"rendered":"https:\/\/www.desmecht.com\/product\/herniaire-herbe\/"},"modified":"2023-03-09T18:49:41","modified_gmt":"2023-03-09T17:49:41","slug":"herniaire-herbe","status":"publish","type":"product","link":"https:\/\/www.desmecht.com\/nl\/shop\/herboristerie\/herbes-unitaires\/desmecht-herbes-unitaires\/herniaire-herbe\/","title":{"rendered":"Breukkruid (kruid)"},"content":{"rendered":"<p class=\"qtranxs-available-languages-message qtranxs-available-languages-message-nl\">Onze verontschuldigingen, dit bericht is alleen beschikbaar in <a href=\"https:\/\/www.desmecht.com\/en\/wp-json\/wp\/v2\/product\/13752\" class=\"qtranxs-available-language-link qtranxs-available-language-link-en\" title=\"English\">English<\/a>. Voor het gemak van de kijker, is de inhoud hieronder weergegeven in de alternatieve taal. Je kunt klikken op de link om naar de actieve taal over te schakelen.<\/p><p><\/p>","protected":false},"excerpt":{"rendered":"<p><i>Herniara glabra<\/i><\/p>\n<div style=\"color: #cccc00; text-decoration: underline;\">Korting vanaf 500g !<\/div>\n<div style=\"font-size: 11px;\">500g &gt; -10% op de basis prijs van 100g<br \/>1kg &gt; -20% op de basisprijs van 100g<br \/>5kg &gt; -24% op de basisprijs van 100g<br \/>10kg &gt; -28% op de basisprijs van 100g<\/div>\n<div style=\"color: #cccc00; text-decoration: underline;\">Bio-kwaliteit<\/div>\n<div style=\"font-size: 11px;\">Wij trachten zo veel mogelijk Bio-kwaliteit te leveren. Doch is dit niet altijd mogelijk en kan de kwaliteit gedurende het jaar wisselen. Dit omwille van: onvoldoende oogst, onvoldoende actieve bestanddelen in de bio-kwaliteit, tijdelijke niet in bio-kwaliteit verkrijgbaar,&#8230;<br \/> Wenst u hieromtrent meer specifieke informatie, dan moeten wij onze huidige voorraad voor u checken: +32(0)2\/511.29.59<\/div>\n<div style=\"color: #cccc00; text-decoration: underline;\">Losse kruiden in bulk verkocht<\/div>\n<div style=\"font-size: 11px;\">De kruiden worden in bulk verkocht. Dit wil zeggen dat wij losse kruiden (in grote verpakkingen) op voorraad hebben en dat de door u gevraagde hoeveelheid wordt afgewogen en verpakt in een papieren zak (poeders worden in een plastieken zak verpakt), waarop vervolgens de naam van het kruid wordt genoteerd.<\/div>\n","protected":false},"featured_media":22957,"template":"","meta":[],"product_brand":[],"product_cat":[153,156,155,282,104],"product_tag":[],"class_list":{"0":"post-13752","1":"product","2":"type-product","3":"status-publish","4":"has-post-thumbnail","6":"product_cat-desmecht-2","7":"product_cat-desmecht-herbes-unitaires","8":"product_cat-herbes-unitaires","9":"product_cat-herbes-unitaires-desmecht-2-2","10":"product_cat-herboristerie","11":"pa_poids-50g","12":"pa_poids-100g","13":"pa_poids-250g","14":"pa_poids-500g","15":"pa_poids-1kg","16":"pa_poids-5kg","17":"pa_poids-10kg","18":"tm-no-options","20":"first","21":"instock","22":"taxable","23":"shipping-taxable","24":"purchasable","25":"product-type-variable"},"yoast_head":"<!-- This site is optimized with the Yoast SEO plugin v26.9 - https:\/\/yoast.com\/product\/yoast-seo-wordpress\/ -->\n<title>Acheter en ligne: Herniaire (herbe) - Herniara glabraRistourne \u00e0 partir de 500g !500g &gt; -10% sur le prix de base de 100g1kg &gt; -20% sur le prix de base de 100g5kg &gt; -24% sur le prix de base de 100g10kg &gt; -28% sur le prix de base de 100gQualit\u00e9 BIONous essayons de vous d\u00e9livrer le plus possible la qualit\u00e9 BIO. N\u00e9anmoins cela n&#039;est pas toujours possible et la qualit\u00e9 peut varier au long de l&#039;ann\u00e9e. Et cela par cause de: r\u00e9coltes insuffisantes, pas suffisament de principes actifs dans la qualit\u00e9 bio, temporairement pas disponible en qualit\u00e9 bio,... Voulez-vous plus d&#039;informations sp\u00e9cifiques concernant ceci, alors nous devons controler notre stock actuel: +32(0)2\/511.29.59Herbes vendu en vracLes herbes sont vendues en vrac. Cela signifie que nous avons de stock des herbes en vrac (dans des gros emballages) et que la quantit\u00e9 que vous commandez sera pes\u00e9 et emball\u00e9 dans un sac en papier (en plastique pour les poudres), on y \u00e9crira le nom de la plante.<\/title>\n<meta name=\"description\" content=\"Acheter en ligne: Herniaire (herbe) - Herniara glabraRistourne \u00e0 partir de 500g !500g &gt; -10% sur le prix de base de 100g1kg &gt; -20% sur le prix de base de 100g5kg &gt; -24% sur le prix de base de 100g10kg &gt; -28% sur le prix de base de 100gQualit\u00e9 BIONous essayons de vous d\u00e9livrer le plus possible la qualit\u00e9 BIO. N\u00e9anmoins cela n&#039;est pas toujours possible et la qualit\u00e9 peut varier au long de l&#039;ann\u00e9e. Et cela par cause de: r\u00e9coltes insuffisantes, pas suffisament de principes actifs dans la qualit\u00e9 bio, temporairement pas disponible en qualit\u00e9 bio,... Voulez-vous plus d&#039;informations sp\u00e9cifiques concernant ceci, alors nous devons controler notre stock actuel: +32(0)2\/511.29.59Herbes vendu en vracLes herbes sont vendues en vrac. Cela signifie que nous avons de stock des herbes en vrac (dans des gros emballages) et que la quantit\u00e9 que vous commandez sera pes\u00e9 et emball\u00e9 dans un sac en papier (en plastique pour les poudres), on y \u00e9crira le nom de la plante.\" \/>\n<meta name=\"robots\" content=\"index, follow, max-snippet:-1, max-image-preview:large, max-video-preview:-1\" \/>\n<link rel=\"canonical\" href=\"https:\/\/www.desmecht.com\/en\/shop\/herboristerie\/herbes-unitaires\/desmecht-herbes-unitaires\/herniaire-herbe\/\" \/>\n<meta property=\"og:locale\" content=\"nl_NL\" \/>\n<meta property=\"og:type\" content=\"article\" \/>\n<meta property=\"og:title\" content=\"Acheter en ligne: Herniaire (herbe) - Herniara glabraRistourne \u00e0 partir de 500g !500g &gt; -10% sur le prix de base de 100g1kg &gt; -20% sur le prix de base de 100g5kg &gt; -24% sur le prix de base de 100g10kg &gt; -28% sur le prix de base de 100gQualit\u00e9 BIONous essayons de vous d\u00e9livrer le plus possible la qualit\u00e9 BIO. N\u00e9anmoins cela n&#039;est pas toujours possible et la qualit\u00e9 peut varier au long de l&#039;ann\u00e9e. Et cela par cause de: r\u00e9coltes insuffisantes, pas suffisament de principes actifs dans la qualit\u00e9 bio, temporairement pas disponible en qualit\u00e9 bio,... Voulez-vous plus d&#039;informations sp\u00e9cifiques concernant ceci, alors nous devons controler notre stock actuel: +32(0)2\/511.29.59Herbes vendu en vracLes herbes sont vendues en vrac. Cela signifie que nous avons de stock des herbes en vrac (dans des gros emballages) et que la quantit\u00e9 que vous commandez sera pes\u00e9 et emball\u00e9 dans un sac en papier (en plastique pour les poudres), on y \u00e9crira le nom de la plante.\" \/>\n<meta property=\"og:description\" content=\"Acheter en ligne: Herniaire (herbe) - Herniara glabraRistourne \u00e0 partir de 500g !500g &gt; -10% sur le prix de base de 100g1kg &gt; -20% sur le prix de base de 100g5kg &gt; -24% sur le prix de base de 100g10kg &gt; -28% sur le prix de base de 100gQualit\u00e9 BIONous essayons de vous d\u00e9livrer le plus possible la qualit\u00e9 BIO. N\u00e9anmoins cela n&#039;est pas toujours possible et la qualit\u00e9 peut varier au long de l&#039;ann\u00e9e. Et cela par cause de: r\u00e9coltes insuffisantes, pas suffisament de principes actifs dans la qualit\u00e9 bio, temporairement pas disponible en qualit\u00e9 bio,... Voulez-vous plus d&#039;informations sp\u00e9cifiques concernant ceci, alors nous devons controler notre stock actuel: +32(0)2\/511.29.59Herbes vendu en vracLes herbes sont vendues en vrac. Cela signifie que nous avons de stock des herbes en vrac (dans des gros emballages) et que la quantit\u00e9 que vous commandez sera pes\u00e9 et emball\u00e9 dans un sac en papier (en plastique pour les poudres), on y \u00e9crira le nom de la plante.\" \/>\n<meta property=\"og:url\" content=\"https:\/\/www.desmecht.com\/en\/shop\/herboristerie\/herbes-unitaires\/desmecht-herbes-unitaires\/herniaire-herbe\/\" \/>\n<meta property=\"og:site_name\" content=\"DESMECHT Herboristerij in Brussel - Natuurlijke oplossingen\" \/>\n<meta property=\"article:publisher\" content=\"http:\/\/www.facebook.com\/herbodesmecht\" \/>\n<meta property=\"article:modified_time\" content=\"2023-03-09T17:49:41+00:00\" \/>\n<meta property=\"og:image\" content=\"https:\/\/www.desmecht.com\/wp-content\/uploads\/2021\/07\/herniaire.jpg\" \/>\n\t<meta property=\"og:image:width\" content=\"1512\" \/>\n\t<meta property=\"og:image:height\" content=\"1512\" \/>\n\t<meta property=\"og:image:type\" content=\"image\/jpeg\" \/>\n<meta name=\"twitter:card\" content=\"summary_large_image\" \/>\n<script type=\"application\/ld+json\" class=\"yoast-schema-graph\">{\"@context\":\"https:\/\/schema.org\",\"@graph\":[{\"@type\":\"WebPage\",\"@id\":\"https:\/\/www.desmecht.com\/en\/shop\/herboristerie\/herbes-unitaires\/desmecht-herbes-unitaires\/herniaire-herbe\/\",\"url\":\"https:\/\/www.desmecht.com\/en\/shop\/herboristerie\/herbes-unitaires\/desmecht-herbes-unitaires\/herniaire-herbe\/\",\"name\":\"Acheter en ligne: Herniaire (herbe) - Herniara glabraRistourne \u00e0 partir de 500g !500g &gt; -10% sur le prix de base de 100g1kg &gt; -20% sur le prix de base de 100g5kg &gt; -24% sur le prix de base de 100g10kg &gt; -28% sur le prix de base de 100gQualit\u00e9 BIONous essayons de vous d\u00e9livrer le plus possible la qualit\u00e9 BIO. N\u00e9anmoins cela n'est pas toujours possible et la qualit\u00e9 peut varier au long de l'ann\u00e9e. Et cela par cause de: r\u00e9coltes insuffisantes, pas suffisament de principes actifs dans la qualit\u00e9 bio, temporairement pas disponible en qualit\u00e9 bio,... Voulez-vous plus d'informations sp\u00e9cifiques concernant ceci, alors nous devons controler notre stock actuel: +32(0)2\/511.29.59Herbes vendu en vracLes herbes sont vendues en vrac. Cela signifie que nous avons de stock des herbes en vrac (dans des gros emballages) et que la quantit\u00e9 que vous commandez sera pes\u00e9 et emball\u00e9 dans un sac en papier (en plastique pour les poudres), on y \u00e9crira le nom de la plante.\",\"isPartOf\":{\"@id\":\"https:\/\/www.desmecht.com\/#website\"},\"primaryImageOfPage\":{\"@id\":\"https:\/\/www.desmecht.com\/en\/shop\/herboristerie\/herbes-unitaires\/desmecht-herbes-unitaires\/herniaire-herbe\/#primaryimage\"},\"image\":{\"@id\":\"https:\/\/www.desmecht.com\/en\/shop\/herboristerie\/herbes-unitaires\/desmecht-herbes-unitaires\/herniaire-herbe\/#primaryimage\"},\"thumbnailUrl\":\"https:\/\/www.desmecht.com\/wp-content\/uploads\/2021\/07\/herniaire.jpg\",\"datePublished\":\"2021-07-16T13:49:24+00:00\",\"dateModified\":\"2023-03-09T17:49:41+00:00\",\"description\":\"Acheter en ligne: Herniaire (herbe) - Herniara glabraRistourne \u00e0 partir de 500g !500g &gt; -10% sur le prix de base de 100g1kg &gt; -20% sur le prix de base de 100g5kg &gt; -24% sur le prix de base de 100g10kg &gt; -28% sur le prix de base de 100gQualit\u00e9 BIONous essayons de vous d\u00e9livrer le plus possible la qualit\u00e9 BIO. N\u00e9anmoins cela n'est pas toujours possible et la qualit\u00e9 peut varier au long de l'ann\u00e9e. Et cela par cause de: r\u00e9coltes insuffisantes, pas suffisament de principes actifs dans la qualit\u00e9 bio, temporairement pas disponible en qualit\u00e9 bio,... Voulez-vous plus d'informations sp\u00e9cifiques concernant ceci, alors nous devons controler notre stock actuel: +32(0)2\/511.29.59Herbes vendu en vracLes herbes sont vendues en vrac. Cela signifie que nous avons de stock des herbes en vrac (dans des gros emballages) et que la quantit\u00e9 que vous commandez sera pes\u00e9 et emball\u00e9 dans un sac en papier (en plastique pour les poudres), on y \u00e9crira le nom de la plante.\",\"breadcrumb\":{\"@id\":\"https:\/\/www.desmecht.com\/en\/shop\/herboristerie\/herbes-unitaires\/desmecht-herbes-unitaires\/herniaire-herbe\/#breadcrumb\"},\"inLanguage\":\"nl-NL\",\"potentialAction\":[{\"@type\":\"ReadAction\",\"target\":[\"https:\/\/www.desmecht.com\/en\/shop\/herboristerie\/herbes-unitaires\/desmecht-herbes-unitaires\/herniaire-herbe\/\"]}]},{\"@type\":\"ImageObject\",\"inLanguage\":\"nl-NL\",\"@id\":\"https:\/\/www.desmecht.com\/en\/shop\/herboristerie\/herbes-unitaires\/desmecht-herbes-unitaires\/herniaire-herbe\/#primaryimage\",\"url\":\"https:\/\/www.desmecht.com\/wp-content\/uploads\/2021\/07\/herniaire.jpg\",\"contentUrl\":\"https:\/\/www.desmecht.com\/wp-content\/uploads\/2021\/07\/herniaire.jpg\",\"width\":1512,\"height\":1512},{\"@type\":\"BreadcrumbList\",\"@id\":\"https:\/\/www.desmecht.com\/en\/shop\/herboristerie\/herbes-unitaires\/desmecht-herbes-unitaires\/herniaire-herbe\/#breadcrumb\",\"itemListElement\":[{\"@type\":\"ListItem\",\"position\":1,\"name\":\"Home\",\"item\":\"https:\/\/www.desmecht.com\/\"},{\"@type\":\"ListItem\",\"position\":2,\"name\":\"E-shop\",\"item\":\"https:\/\/www.desmecht.com\/\"},{\"@type\":\"ListItem\",\"position\":3,\"name\":\"Herniaire (herbe)\"}]},{\"@type\":\"WebSite\",\"@id\":\"https:\/\/www.desmecht.com\/#website\",\"url\":\"https:\/\/www.desmecht.com\/\",\"name\":\"DESMECHT Herboristerij in Brussel - Natuurlijke oplossingen\",\"description\":\"Natuurlijke oplossingen\",\"publisher\":{\"@id\":\"https:\/\/www.desmecht.com\/#organization\"},\"potentialAction\":[{\"@type\":\"SearchAction\",\"target\":{\"@type\":\"EntryPoint\",\"urlTemplate\":\"https:\/\/www.desmecht.com\/?s={search_term_string}\"},\"query-input\":{\"@type\":\"PropertyValueSpecification\",\"valueRequired\":true,\"valueName\":\"search_term_string\"}}],\"inLanguage\":\"nl-NL\"},{\"@type\":\"Organization\",\"@id\":\"https:\/\/www.desmecht.com\/#organization\",\"name\":\"DESMECHT\",\"url\":\"https:\/\/www.desmecht.com\/\",\"logo\":{\"@type\":\"ImageObject\",\"inLanguage\":\"nl-NL\",\"@id\":\"https:\/\/www.desmecht.com\/#\/schema\/logo\/image\/\",\"url\":\"https:\/\/www.desmecht.com\/wp-content\/uploads\/2018\/11\/Logo-DESMECHT.png\",\"contentUrl\":\"https:\/\/www.desmecht.com\/wp-content\/uploads\/2018\/11\/Logo-DESMECHT.png\",\"width\":400,\"height\":254,\"caption\":\"DESMECHT\"},\"image\":{\"@id\":\"https:\/\/www.desmecht.com\/#\/schema\/logo\/image\/\"},\"sameAs\":[\"http:\/\/www.facebook.com\/herbodesmecht\"]}]}<\/script>\n<!-- \/ Yoast SEO plugin. -->","yoast_head_json":{"title":"Acheter en ligne: Herniaire (herbe) - Herniara glabraRistourne \u00e0 partir de 500g !500g &gt; -10% sur le prix de base de 100g1kg &gt; -20% sur le prix de base de 100g5kg &gt; -24% sur le prix de base de 100g10kg &gt; -28% sur le prix de base de 100gQualit\u00e9 BIONous essayons de vous d\u00e9livrer le plus possible la qualit\u00e9 BIO. N\u00e9anmoins cela n'est pas toujours possible et la qualit\u00e9 peut varier au long de l'ann\u00e9e. Et cela par cause de: r\u00e9coltes insuffisantes, pas suffisament de principes actifs dans la qualit\u00e9 bio, temporairement pas disponible en qualit\u00e9 bio,... Voulez-vous plus d'informations sp\u00e9cifiques concernant ceci, alors nous devons controler notre stock actuel: +32(0)2\/511.29.59Herbes vendu en vracLes herbes sont vendues en vrac. Cela signifie que nous avons de stock des herbes en vrac (dans des gros emballages) et que la quantit\u00e9 que vous commandez sera pes\u00e9 et emball\u00e9 dans un sac en papier (en plastique pour les poudres), on y \u00e9crira le nom de la plante.","description":"Acheter en ligne: Herniaire (herbe) - Herniara glabraRistourne \u00e0 partir de 500g !500g &gt; -10% sur le prix de base de 100g1kg &gt; -20% sur le prix de base de 100g5kg &gt; -24% sur le prix de base de 100g10kg &gt; -28% sur le prix de base de 100gQualit\u00e9 BIONous essayons de vous d\u00e9livrer le plus possible la qualit\u00e9 BIO. N\u00e9anmoins cela n'est pas toujours possible et la qualit\u00e9 peut varier au long de l'ann\u00e9e. Et cela par cause de: r\u00e9coltes insuffisantes, pas suffisament de principes actifs dans la qualit\u00e9 bio, temporairement pas disponible en qualit\u00e9 bio,... Voulez-vous plus d'informations sp\u00e9cifiques concernant ceci, alors nous devons controler notre stock actuel: +32(0)2\/511.29.59Herbes vendu en vracLes herbes sont vendues en vrac. Cela signifie que nous avons de stock des herbes en vrac (dans des gros emballages) et que la quantit\u00e9 que vous commandez sera pes\u00e9 et emball\u00e9 dans un sac en papier (en plastique pour les poudres), on y \u00e9crira le nom de la plante.","robots":{"index":"index","follow":"follow","max-snippet":"max-snippet:-1","max-image-preview":"max-image-preview:large","max-video-preview":"max-video-preview:-1"},"canonical":"https:\/\/www.desmecht.com\/en\/shop\/herboristerie\/herbes-unitaires\/desmecht-herbes-unitaires\/herniaire-herbe\/","og_locale":"nl_NL","og_type":"article","og_title":"Acheter en ligne: Herniaire (herbe) - Herniara glabraRistourne \u00e0 partir de 500g !500g &gt; -10% sur le prix de base de 100g1kg &gt; -20% sur le prix de base de 100g5kg &gt; -24% sur le prix de base de 100g10kg &gt; -28% sur le prix de base de 100gQualit\u00e9 BIONous essayons de vous d\u00e9livrer le plus possible la qualit\u00e9 BIO. N\u00e9anmoins cela n'est pas toujours possible et la qualit\u00e9 peut varier au long de l'ann\u00e9e. Et cela par cause de: r\u00e9coltes insuffisantes, pas suffisament de principes actifs dans la qualit\u00e9 bio, temporairement pas disponible en qualit\u00e9 bio,... Voulez-vous plus d'informations sp\u00e9cifiques concernant ceci, alors nous devons controler notre stock actuel: +32(0)2\/511.29.59Herbes vendu en vracLes herbes sont vendues en vrac. Cela signifie que nous avons de stock des herbes en vrac (dans des gros emballages) et que la quantit\u00e9 que vous commandez sera pes\u00e9 et emball\u00e9 dans un sac en papier (en plastique pour les poudres), on y \u00e9crira le nom de la plante.","og_description":"Acheter en ligne: Herniaire (herbe) - Herniara glabraRistourne \u00e0 partir de 500g !500g &gt; -10% sur le prix de base de 100g1kg &gt; -20% sur le prix de base de 100g5kg &gt; -24% sur le prix de base de 100g10kg &gt; -28% sur le prix de base de 100gQualit\u00e9 BIONous essayons de vous d\u00e9livrer le plus possible la qualit\u00e9 BIO. N\u00e9anmoins cela n'est pas toujours possible et la qualit\u00e9 peut varier au long de l'ann\u00e9e. Et cela par cause de: r\u00e9coltes insuffisantes, pas suffisament de principes actifs dans la qualit\u00e9 bio, temporairement pas disponible en qualit\u00e9 bio,... Voulez-vous plus d'informations sp\u00e9cifiques concernant ceci, alors nous devons controler notre stock actuel: +32(0)2\/511.29.59Herbes vendu en vracLes herbes sont vendues en vrac. Cela signifie que nous avons de stock des herbes en vrac (dans des gros emballages) et que la quantit\u00e9 que vous commandez sera pes\u00e9 et emball\u00e9 dans un sac en papier (en plastique pour les poudres), on y \u00e9crira le nom de la plante.","og_url":"https:\/\/www.desmecht.com\/en\/shop\/herboristerie\/herbes-unitaires\/desmecht-herbes-unitaires\/herniaire-herbe\/","og_site_name":"DESMECHT Herboristerij in Brussel - Natuurlijke oplossingen","article_publisher":"http:\/\/www.facebook.com\/herbodesmecht","article_modified_time":"2023-03-09T17:49:41+00:00","og_image":[{"width":1512,"height":1512,"url":"https:\/\/www.desmecht.com\/wp-content\/uploads\/2021\/07\/herniaire.jpg","type":"image\/jpeg"}],"twitter_card":"summary_large_image","schema":{"@context":"https:\/\/schema.org","@graph":[{"@type":"WebPage","@id":"https:\/\/www.desmecht.com\/en\/shop\/herboristerie\/herbes-unitaires\/desmecht-herbes-unitaires\/herniaire-herbe\/","url":"https:\/\/www.desmecht.com\/en\/shop\/herboristerie\/herbes-unitaires\/desmecht-herbes-unitaires\/herniaire-herbe\/","name":"Acheter en ligne: Herniaire (herbe) - Herniara glabraRistourne \u00e0 partir de 500g !500g &gt; -10% sur le prix de base de 100g1kg &gt; -20% sur le prix de base de 100g5kg &gt; -24% sur le prix de base de 100g10kg &gt; -28% sur le prix de base de 100gQualit\u00e9 BIONous essayons de vous d\u00e9livrer le plus possible la qualit\u00e9 BIO. N\u00e9anmoins cela n'est pas toujours possible et la qualit\u00e9 peut varier au long de l'ann\u00e9e. Et cela par cause de: r\u00e9coltes insuffisantes, pas suffisament de principes actifs dans la qualit\u00e9 bio, temporairement pas disponible en qualit\u00e9 bio,... Voulez-vous plus d'informations sp\u00e9cifiques concernant ceci, alors nous devons controler notre stock actuel: +32(0)2\/511.29.59Herbes vendu en vracLes herbes sont vendues en vrac. Cela signifie que nous avons de stock des herbes en vrac (dans des gros emballages) et que la quantit\u00e9 que vous commandez sera pes\u00e9 et emball\u00e9 dans un sac en papier (en plastique pour les poudres), on y \u00e9crira le nom de la plante.","isPartOf":{"@id":"https:\/\/www.desmecht.com\/#website"},"primaryImageOfPage":{"@id":"https:\/\/www.desmecht.com\/en\/shop\/herboristerie\/herbes-unitaires\/desmecht-herbes-unitaires\/herniaire-herbe\/#primaryimage"},"image":{"@id":"https:\/\/www.desmecht.com\/en\/shop\/herboristerie\/herbes-unitaires\/desmecht-herbes-unitaires\/herniaire-herbe\/#primaryimage"},"thumbnailUrl":"https:\/\/www.desmecht.com\/wp-content\/uploads\/2021\/07\/herniaire.jpg","datePublished":"2021-07-16T13:49:24+00:00","dateModified":"2023-03-09T17:49:41+00:00","description":"Acheter en ligne: Herniaire (herbe) - Herniara glabraRistourne \u00e0 partir de 500g !500g &gt; -10% sur le prix de base de 100g1kg &gt; -20% sur le prix de base de 100g5kg &gt; -24% sur le prix de base de 100g10kg &gt; -28% sur le prix de base de 100gQualit\u00e9 BIONous essayons de vous d\u00e9livrer le plus possible la qualit\u00e9 BIO. N\u00e9anmoins cela n'est pas toujours possible et la qualit\u00e9 peut varier au long de l'ann\u00e9e. Et cela par cause de: r\u00e9coltes insuffisantes, pas suffisament de principes actifs dans la qualit\u00e9 bio, temporairement pas disponible en qualit\u00e9 bio,... Voulez-vous plus d'informations sp\u00e9cifiques concernant ceci, alors nous devons controler notre stock actuel: +32(0)2\/511.29.59Herbes vendu en vracLes herbes sont vendues en vrac. Cela signifie que nous avons de stock des herbes en vrac (dans des gros emballages) et que la quantit\u00e9 que vous commandez sera pes\u00e9 et emball\u00e9 dans un sac en papier (en plastique pour les poudres), on y \u00e9crira le nom de la plante.","breadcrumb":{"@id":"https:\/\/www.desmecht.com\/en\/shop\/herboristerie\/herbes-unitaires\/desmecht-herbes-unitaires\/herniaire-herbe\/#breadcrumb"},"inLanguage":"nl-NL","potentialAction":[{"@type":"ReadAction","target":["https:\/\/www.desmecht.com\/en\/shop\/herboristerie\/herbes-unitaires\/desmecht-herbes-unitaires\/herniaire-herbe\/"]}]},{"@type":"ImageObject","inLanguage":"nl-NL","@id":"https:\/\/www.desmecht.com\/en\/shop\/herboristerie\/herbes-unitaires\/desmecht-herbes-unitaires\/herniaire-herbe\/#primaryimage","url":"https:\/\/www.desmecht.com\/wp-content\/uploads\/2021\/07\/herniaire.jpg","contentUrl":"https:\/\/www.desmecht.com\/wp-content\/uploads\/2021\/07\/herniaire.jpg","width":1512,"height":1512},{"@type":"BreadcrumbList","@id":"https:\/\/www.desmecht.com\/en\/shop\/herboristerie\/herbes-unitaires\/desmecht-herbes-unitaires\/herniaire-herbe\/#breadcrumb","itemListElement":[{"@type":"ListItem","position":1,"name":"Home","item":"https:\/\/www.desmecht.com\/"},{"@type":"ListItem","position":2,"name":"E-shop","item":"https:\/\/www.desmecht.com\/"},{"@type":"ListItem","position":3,"name":"Herniaire (herbe)"}]},{"@type":"WebSite","@id":"https:\/\/www.desmecht.com\/#website","url":"https:\/\/www.desmecht.com\/","name":"DESMECHT Herboristerij in Brussel - Natuurlijke oplossingen","description":"Natuurlijke oplossingen","publisher":{"@id":"https:\/\/www.desmecht.com\/#organization"},"potentialAction":[{"@type":"SearchAction","target":{"@type":"EntryPoint","urlTemplate":"https:\/\/www.desmecht.com\/?s={search_term_string}"},"query-input":{"@type":"PropertyValueSpecification","valueRequired":true,"valueName":"search_term_string"}}],"inLanguage":"nl-NL"},{"@type":"Organization","@id":"https:\/\/www.desmecht.com\/#organization","name":"DESMECHT","url":"https:\/\/www.desmecht.com\/","logo":{"@type":"ImageObject","inLanguage":"nl-NL","@id":"https:\/\/www.desmecht.com\/#\/schema\/logo\/image\/","url":"https:\/\/www.desmecht.com\/wp-content\/uploads\/2018\/11\/Logo-DESMECHT.png","contentUrl":"https:\/\/www.desmecht.com\/wp-content\/uploads\/2018\/11\/Logo-DESMECHT.png","width":400,"height":254,"caption":"DESMECHT"},"image":{"@id":"https:\/\/www.desmecht.com\/#\/schema\/logo\/image\/"},"sameAs":["http:\/\/www.facebook.com\/herbodesmecht"]}]}},"_links":{"self":[{"href":"https:\/\/www.desmecht.com\/nl\/wp-json\/wp\/v2\/product\/13752","targetHints":{"allow":["GET"]}}],"collection":[{"href":"https:\/\/www.desmecht.com\/nl\/wp-json\/wp\/v2\/product"}],"about":[{"href":"https:\/\/www.desmecht.com\/nl\/wp-json\/wp\/v2\/types\/product"}],"wp:featuredmedia":[{"embeddable":true,"href":"https:\/\/www.desmecht.com\/nl\/wp-json\/wp\/v2\/media\/22957"}],"wp:attachment":[{"href":"https:\/\/www.desmecht.com\/nl\/wp-json\/wp\/v2\/media?parent=13752"}],"wp:term":[{"taxonomy":"product_brand","embeddable":true,"href":"https:\/\/www.desmecht.com\/nl\/wp-json\/wp\/v2\/product_brand?post=13752"},{"taxonomy":"product_cat","embeddable":true,"href":"https:\/\/www.desmecht.com\/nl\/wp-json\/wp\/v2\/product_cat?post=13752"},{"taxonomy":"product_tag","embeddable":true,"href":"https:\/\/www.desmecht.com\/nl\/wp-json\/wp\/v2\/product_tag?post=13752"}],"curies":[{"name":"wp","href":"https:\/\/api.w.org\/{rel}","templated":true}]}}