{"id":16287,"date":"2025-11-18T13:51:43","date_gmt":"2025-11-18T12:51:43","guid":{"rendered":"https:\/\/www.desmecht.com\/shop\/niet-gecategoriseerd\/man-multiple-60tabs-multi-vitamine-homme\/"},"modified":"2025-11-18T14:51:43","modified_gmt":"2025-11-18T13:51:43","slug":"man-multiple-60tabs-multi-vitamine-homme","status":"publish","type":"product","link":"https:\/\/www.desmecht.com\/nl\/shop\/herboristerie\/vitamines-mineraux-et-autres-nutriments\/solgar-vitamines-mineraux-et-autres-nutriments\/man-multiple-60tabs-multi-vitamine-homme\/","title":{"rendered":"Man Multiple 60tabs (Multi-vitamine Man)"},"content":{"rendered":"<p><\/p>\n<h2 itemprop=\"name\">Man Multiple <\/h2>\n<\/p>\n<div class=\"masonry-block name\">\n<div class=\"content\">\n<h2>Toepassing<\/h2>\n<p itemprop=\"description\">Solgar Man Multiple is een breed samengesteld multi-vitaminen\/mineralenpreparaat; speciaal voor mannen.<\/p>\n<\/p>\n<div class=\"masonry-block ingredients\">\n<div class=\"content\">\n<h2>Ingredi\u00ebnten per tablet<\/h2>\n<div class=\"tx-nkproducts-pi1-ingr-table\">\n<table>\n<tr valign=\"top\">\n<td class=\"labels\"><a class=\"ingredientenverklaring\" title=\"Calcium - Een mineraal dat onder meer zorgt voor sterke botten en tanden.\">Calcium<\/a> (carbonaat, citraat, bisglycinaat*)<\/td>\n<td class=\"value\">(17 % RI) 133 mg<\/td>\n<\/tr>\n<tr valign=\"top\">\n<td width=\"100%\" colspan=\"2\">Vulstoffen (<a class=\"ingredientenverklaring\" title=\"microkristallijne cellulose - Een vorm van plantaardig cellulose. Wordt als vulstof gebruikt.\">microkristallijne cellulose<\/a>, dicalcium fosfaat, <a class=\"ingredientenverklaring\" title=\"mannitol - Natuurlijke plantaardige zoetstof.\">mannitol<\/a>, <a class=\"ingredientenverklaring\" title=\"maltodextrine - Een koolhydratencomplex dat als vulstof wordt gebruikt.\">maltodextrine<\/a>)<\/td>\n<\/tr>\n<tr valign=\"top\">\n<td class=\"labels\"><a class=\"ingredientenverklaring\" title=\"Magnesium - Een mineraal dat belangrijk is in veel enzymsystemen, met name degenen die betrokken zijn bij de energieproductie. Het is essentieel voor een goede hartslag en de prikkeloverdracht in zenuwen. Het is tevens een bestanddeel van botten en tanden.\">Magnesium<\/a> (oxide, citraat, bisglycinaat*)<\/td>\n<td class=\"value\">(35 % RI) 133 mg<\/td>\n<\/tr>\n<tr valign=\"top\">\n<td class=\"labels\"><a class=\"ingredientenverklaring\" title=\"Vitamine C - Ondersteunt het immuunsysteem, de normale vorming van bindweefsel, bijvoorbeeld bij de bloedvaten en het tandvlees.\">Vitamine C<\/a> (l-ascorbinezuur)<\/td>\n<td class=\"value\">(166 % RI) 133 mg<\/td>\n<\/tr>\n<tr valign=\"top\">\n<td class=\"labels\"><a class=\"ingredientenverklaring\" title=\"Choline - Wordt in het lichaam aangemaakt. Het is een onderdeel van lecithine. Choline speelt een rol bij de vetstofwisseling en heeft een positieve werking op de lever.\">Choline<\/a> (bitartraat)<\/td>\n<td class=\"value\">33 mg<\/td>\n<\/tr>\n<tr valign=\"top\">\n<td width=\"100%\" colspan=\"2\">Glansmiddelen (<a class=\"ingredientenverklaring\" title=\"hydroxypropylmethyl cellulose - Een vorm van plantaardig cellulose (gezuiverde dennenhoutpulp) die als vulstof wordt gebruikt bij de productie van plantaardige capsules.\">hydroxypropylmethyl cellulose<\/a>, <a class=\"ingredientenverklaring\" title=\"plantaardig glycerine - Een hulpstof (anti-klontermiddel) bij het maken van tabletten of capsules.\">plantaardig glycerine<\/a>)<\/td>\n<\/tr>\n<tr valign=\"top\">\n<td width=\"100%\" colspan=\"2\">Anti-klontermiddelen (plantaardig stearinezuur, <a class=\"ingredientenverklaring\" title=\"silicium dioxide - Een hulpstof (anti-klontermiddel) voor het maken van tabletten.\">silicium dioxide<\/a>, plantaardig magnesiumstearaat)<\/td>\n<\/tr>\n<tr valign=\"top\">\n<td width=\"100%\" colspan=\"2\"><a class=\"ingredientenverklaring\" title=\"Cellulose gom - Plantaardige gom die als hulpstof wordt gebruikt.\">Cellulose gom<\/a><\/td>\n<\/tr>\n<tr valign=\"top\">\n<td class=\"labels\"><a class=\"ingredientenverklaring\" title=\"Inositol - Een vitamine B-achtige stof, die een rol speelt bij de werking van de gal, in het zenuwstelsel (geheugen en concentratie), de verbranding van (lichaams)vet en de cholesterol huishouding.\">Inositol<\/a><\/td>\n<td class=\"value\">33 mg<\/td>\n<\/tr>\n<tr valign=\"top\">\n<td class=\"labels\"><a class=\"ingredientenverklaring\" title=\"Vitamine B-5 - Pantotheenzuur. Is een essentieel bestanddeel van co-enzym A. Noodzakelijk voor normaal functioneren van de bijnieren.\">Vitamine B-5<\/a> (D-pantothenaat, <a class=\"ingredientenverklaring\" title=\"calcium - Een mineraal dat onder meer zorgt voor sterke botten en tanden.\">calcium<\/a>)<\/td>\n<td class=\"value\">(445 % RI) 26.7 mg<\/td>\n<\/tr>\n<tr valign=\"top\">\n<td class=\"labels\"><a class=\"ingredientenverklaring\" title=\"Vitamine E - Een anti-oxidant, die cellen tegen oxidatieve schade hlept beschermen. Natuurlijke vitamine E is 2-3 maal effectiever dan de synthetische vorm. Natuurlijk vitamine E is herkenbaar aan de omschrijving d-alfa tocoferol (dl-alfa tocoferol is synthetisch).\">Vitamine E<\/a> (natuurlijk, d-alfa tocoferyl succinaat)<\/td>\n<td class=\"value\">(45 IE) (250 % RI) 30 mg<\/td>\n<\/tr>\n<tr valign=\"top\">\n<td class=\"labels\"><a class=\"ingredientenverklaring\" title=\"Vitamine B-2 - Riboflavine. Is noodzakelijk voor een gezonde huid en ogen. Het helpt energie uit voedsel te halen. Vitamine B-2 kan een (onschuldige) gele verkleuring van de urine veroorzaken.\">Vitamine B-2<\/a> (riboflavine, <a class=\"ingredientenverklaring\" title=\"riboflavine-5-fosfaat - De co-enzymatische vorm (actieve vorm) van vitamine B-2.\">riboflavine-5-fosfaat<\/a>)<\/td>\n<td class=\"value\">(1429 % RI) 20 mg<\/td>\n<\/tr>\n<tr valign=\"top\">\n<td class=\"labels\"><a class=\"ingredientenverklaring\" title=\"Vitamine B-1 - Thiamine. Haalt energie uit koolhydraten. Het is nodig voor een normale eetlust en het functioneren van het zenuwstelsel.\">Vitamine B-1<\/a> (thiamine mononitraat)<\/td>\n<td class=\"value\">(1518 % RI) 16.7 mg<\/td>\n<\/tr>\n<tr valign=\"top\">\n<td class=\"labels\"><a class=\"ingredientenverklaring\" title=\"Vitamine B-3 - Nicotinezuur\/nicotinezuuramide. Ondersteunt huid, zenuwstelsel en geestelijk functioneren. Nodig voor vrijmaken van energie uit voedsel. Nicotinezuur kan (in hoge doses) een zogenaamde \u0091flush\u0092 veroorzaken.\">Vitamine B-3<\/a> (nicotinezuur amide)<\/td>\n<td class=\"value\">(133 % RI) 20 mg<\/td>\n<\/tr>\n<tr valign=\"top\">\n<td width=\"100%\" colspan=\"2\">Kleurstoffen (natrium koper chlorofylline, <a class=\"ingredientenverklaring\" title=\"titaandioxide - Een natuurlijke delfstof die als coating wordt gebruikt.\">titaandioxide<\/a>)<\/td>\n<\/tr>\n<tr valign=\"top\">\n<td class=\"labels\"><a class=\"ingredientenverklaring\" title=\"Vitamine B-6 - Pyridoxine. Is betrokken bij het vrijmaken van energie uit koolhydraten. Het speelt een grote rol in de eiwit- en vetstofwisseling. Het is essentieel voor de synthese van hemoglobine.\">Vitamine B-6<\/a> (pyridoxine HCl)<\/td>\n<td class=\"value\">(357 % RI) 5 mg<\/td>\n<\/tr>\n<tr valign=\"top\">\n<td class=\"labels\"><a class=\"ingredientenverklaring\" title=\"Zink - Een mineraal dat betrokken is bij het behoud van zeer veel biologische processen in het lichaam. Zink ondersteunt het herstellend vermogen van de huid, draagt bij aan de bescherming van cellen tegen oxidatieve schade en aan de normale vruchtbaarheid van man en vrouw.\">Zink<\/a> (bisglycinaat*)<\/td>\n<td class=\"value\">(50 % RI) 5 mg<\/td>\n<\/tr>\n<tr valign=\"top\">\n<td class=\"labels\">Citrus bioflavono\u00efden complex<\/td>\n<td class=\"value\">8.3 mg<\/td>\n<\/tr>\n<tr valign=\"top\">\n<td class=\"labels\"><a class=\"ingredientenverklaring\" title=\"Natuurlijk b\u00e8tacaroteen - E\u00e9n van de caroteno\u00efden en een voorloper van vitamine A (retinol). Het wordt daarom ook wel provitamine A genoemd. Het komt onder andere voor in groenten en gele of oranje vruchten, waar het (deels) voor de kleur verantwoordelijk is.\">Natuurlijk b\u00e8tacaroteen<\/a><\/td>\n<td class=\"value\">1.8 mg<\/td>\n<\/tr>\n<tr valign=\"top\">\n<td class=\"labels\"><a class=\"ingredientenverklaring\" title=\"Mangaan - Een mineraal dat betrokken is bij de botopbouw, de energieproductie en de vorming van bindweefsel.\">Mangaan<\/a> (bisglycinaat*)<\/td>\n<td class=\"value\">(35 % RI) 0.7 mg<\/td>\n<\/tr>\n<tr valign=\"top\">\n<td class=\"labels\"><a class=\"ingredientenverklaring\" title=\"Chroom - Een mineraal dat bijdraagt aan het behoud van een normale bloedsuikerspiegel.\">Chroom<\/a> (picolinaat) <\/td>\n<td class=\"value\">(167 % RI) 66.7 \u00b5g<\/td>\n<\/tr>\n<tr valign=\"top\">\n<td class=\"labels\"><a class=\"ingredientenverklaring\" title=\"Koper - Een mineraal dat nodig is voor de vorming van rode bloedlichaampjes en de aanmaak van hemoglobine, de vorming van bindweefsel, het immuunsysteem en de vorming van pigment.\">Koper<\/a> (bisglycinaat*)<\/td>\n<td class=\"value\">(50 % RI) 500 \u00b5g<\/td>\n<\/tr>\n<tr valign=\"top\">\n<td class=\"labels\"><a class=\"ingredientenverklaring\" title=\"Vitamine B-12 - Cyanocobalamine\/methylcobalamine. Is nodig voor een gezond zenuwstelsel en de bloedopbouw. \">Vitamine B-12<\/a> (<a class=\"ingredientenverklaring\" title=\"cyanocobalamine - Vorm van vitamine B-12.\">cyanocobalamine<\/a>)<\/td>\n<td class=\"value\">(6668 % RI) 166.7 \u00b5g<\/td>\n<\/tr>\n<tr valign=\"top\">\n<td class=\"labels\"><a class=\"ingredientenverklaring\" title=\"Selenium - Het mineraal selenium draagt onder meer bij aan de bescherming van cellen tegen oxidatieve schade.\">Selenium<\/a> (selenomethionine)<\/td>\n<td class=\"value\">(121 % RI) 66.7 \u00b5g<\/td>\n<\/tr>\n<tr valign=\"top\">\n<td class=\"labels\">Caroteno\u00efden mix<\/td>\n<td class=\"value\">5 \u00b5g<\/td>\n<\/tr>\n<tr valign=\"top\">\n<td class=\"labels\"><a class=\"ingredientenverklaring\" title=\"Foliumzuur - B-vitamine die noodzakelijk is voor het aanmaken van rode bloedlichaampjes. Foliumzuur verlaagt het homocyste\u00efne gehalte. Suppletie is noodzakelijk voor en tijdens de zwangerschap omdat het beschermt tegen neuraalbuisdefecten zoals een open ruggetje.\">Foliumzuur<\/a> (pteroylmonoglutaminezuur)<\/td>\n<td class=\"value\">(67 % RI) 133 \u00b5g<\/td>\n<\/tr>\n<tr valign=\"top\">\n<td class=\"labels\"><a class=\"ingredientenverklaring\" title=\"D-biotine - B-vitamine, wordt ook wel vitamine H genoemd.\">D-biotine<\/a><\/td>\n<td class=\"value\">(200 % RI) 100 \u00b5g<\/td>\n<\/tr>\n<tr valign=\"top\">\n<td class=\"labels\"><a class=\"ingredientenverklaring\" title=\"Jodium - Een mineraal dat nodig is voor het normaal functioneren van de schildklier.\">Jodium<\/a> (kalium jodide)<\/td>\n<td class=\"value\">(33 % RI) 50 \u00b5g<\/td>\n<\/tr>\n<tr valign=\"top\">\n<td class=\"labels\"><a class=\"ingredientenverklaring\" title=\"Borium - Een mineraal dat van nature in de voeding voor komt.\">Borium<\/a> (boorzuur)<\/td>\n<td class=\"value\">0.005 mg<\/td>\n<\/tr>\n<tr valign=\"top\">\n<td class=\"labels\"><a class=\"ingredientenverklaring\" title=\"Vitamine D - Helpt met de opname en stofwisseling van calcium, magnesium en fosfor, voor sterkere botten en tanden. Vitamine D speelt een belangrijke rol in het immuunsysteem. D-2 (ergocalciferol) is geheel plantaardig. D-3 (cholecalciferol) is niet geschikt voor veganisten.\">Vitamine D<\/a> (D-2, <a class=\"ingredientenverklaring\" title=\"ergocalciferol - Plantaardige vorm van vitamine D (D-2).\">ergocalciferol<\/a>)<\/td>\n<td class=\"value\">(132 IE) (66 % RI) 3.3 \u00b5g<\/td>\n<\/tr>\n<\/table>\n<div class=\"disclaimer-container\">RI = Referentie Inname<br \/>*&nbsp;Albion aminozuur chelaten process patent #5,516,925 en #6,716,814 Chelazomes.<\/p>\n<\/p>\n<\/p>\n<div class=\"masonry-block quality\">\n<div class=\"content\">\n<h2>Solgar kwaliteitsgarantie<\/h2>\n<ul class=\"kwaliteitsgarantie\">\n<li> Een algemene dagelijkse aanvulling voor mannen<\/li>\n<li> Bevat een hoge dosering vitaminen<\/li>\n<li> Bevat zink voor de prostaat<\/li>\n<li> Rijk aan anti-oxidanten<\/li>\n<li> Met extra calcium en magnesium<\/li>\n<li> Goed opneembare mineraalverbindingen (met Albion chelaten)<\/li>\n<li> Vrij van ijzer<\/li>\n<li> De donkere glazen verpakking biedt de meest optimale bescherming tegen invloed van zuurstof, vocht en licht<\/li>\n<li> Aqua coating<\/li>\n<\/ul>\n<\/p>\n<div class=\"masonry-block dosage\">\n<div class=\"content\">\n<h2>Aanbevolen dosering<\/h2>\n<p>Als voedingssupplement voor volwassenen \u00e9\u00e9n tot drie tabletten dagelijks bij voorkeur bij een maaltijd innemen, tenzij anders geadviseerd. Aanbevolen dosering niet overschrijden.<\/p>\n<\/p>\n<div class=\"masonry-block allergens\">\n<div class=\"content\">\n<h2>Dit product bevat<\/h2>\n<table class=\"tx-nkproducts-pi1-bevat-table\">\n<tr>\n<td>Gist<\/td>\n<td>Nee<\/td>\n<\/tr>\n<tr>\n<td>Gluten<\/td>\n<td>Nee<\/td>\n<\/tr>\n<tr>\n<td>Melk of melkbestanden<\/td>\n<td>Nee<\/td>\n<\/tr>\n<tr>\n<td>Soja<\/td>\n<td>Nee<\/td>\n<\/tr>\n<tr>\n<td>Sucrose<\/td>\n<td>Nee<\/td>\n<\/tr>\n<tr>\n<td>Conserveringsmiddelen<\/td>\n<td>Nee<\/td>\n<\/tr>\n<tr>\n<td>Zout toegevoegd<\/td>\n<td>Nee<\/td>\n<\/tr>\n<tr>\n<td>Geschikt voor vegetari\u00ebrs<\/td>\n<td>Ja<\/td>\n<\/tr>\n<tr>\n<td>Geschikt voor veganisten<\/td>\n<td>Ja<\/td>\n<\/tr>\n<tr>\n<td>Kosher keurmerk<\/td>\n<td>Ja<\/td>\n<\/tr>\n<\/table>\n<\/p>\n<div class=\"masonry-block packing\">\n<div class=\"content\">\n<p>Notificatienummer NUT_AS 701\/249<\/p>\n<\/p>\n<div class=\"masonry-block advise\">\n<div class=\"content\">\n<h2>Advies voor gebruik<\/h2>\n<p>Raadpleeg v\u00f3\u00f3r gebruik een deskundige in geval van zwangerschap, borstvoeding, ziekte of medicijngebruik.<\/p>\n<p>","protected":false},"excerpt":{"rendered":"","protected":false},"featured_media":16288,"template":"","meta":[],"product_brand":[],"product_cat":[201,213,212,286,104],"product_tag":[],"class_list":{"0":"post-16287","1":"product","2":"type-product","3":"status-publish","4":"has-post-thumbnail","6":"product_cat-solgar-2","7":"product_cat-solgar-vitamines-mineraux-et-autres-nutriments","8":"product_cat-vitamines-mineraux-et-autres-nutriments","9":"product_cat-vitamines-mineraux-et-autres-nutriments-solgar-2","10":"product_cat-herboristerie","11":"tm-no-options","13":"first","14":"instock","15":"taxable","16":"shipping-taxable","17":"purchasable","18":"product-type-simple"},"yoast_head":"<!-- This site is optimized with the Yoast SEO plugin v26.9 - https:\/\/yoast.com\/product\/yoast-seo-wordpress\/ -->\n<title>Online kopen: Man Multiple 60tabs (Multi-vitamine Man) -<\/title>\n<meta name=\"description\" content=\"Online kopen: Man Multiple 60tabs (Multi-vitamine Man) -\" \/>\n<meta name=\"robots\" content=\"index, follow, max-snippet:-1, max-image-preview:large, max-video-preview:-1\" \/>\n<link rel=\"canonical\" href=\"https:\/\/www.desmecht.com\/shop\/herboristerie\/vitamines-mineraux-et-autres-nutriments\/solgar-vitamines-mineraux-et-autres-nutriments\/man-multiple-60tabs-multi-vitamine-homme\/\" \/>\n<meta property=\"og:locale\" content=\"nl_NL\" \/>\n<meta property=\"og:type\" content=\"article\" \/>\n<meta property=\"og:title\" content=\"[:fr]Acheter en ligne: Man Multiple 60tabs (Multi-vitamine Homme) - [:nl]Online kopen: Man Multiple 60tabs (Multi-vitamine Man) - [:en]Buy online: Man Multiple 60tabs - [:]\" \/>\n<meta property=\"og:description\" content=\"[:fr]Acheter en ligne: Man Multiple 60tabs (Multi-vitamine Homme) - [:nl]Online kopen: Man Multiple 60tabs (Multi-vitamine Man) - [:en]Buy online: Man Multiple 60tabs - [:]\" \/>\n<meta property=\"og:url\" content=\"https:\/\/www.desmecht.com\/shop\/herboristerie\/vitamines-mineraux-et-autres-nutriments\/solgar-vitamines-mineraux-et-autres-nutriments\/man-multiple-60tabs-multi-vitamine-homme\/\" \/>\n<meta property=\"og:site_name\" content=\"DESMECHT Herboristerij in Brussel - Natuurlijke oplossingen\" \/>\n<meta property=\"article:publisher\" content=\"http:\/\/www.facebook.com\/herbodesmecht\" \/>\n<meta property=\"article:modified_time\" content=\"2025-11-18T13:51:43+00:00\" \/>\n<meta property=\"og:image\" content=\"https:\/\/www.desmecht.com\/wp-content\/uploads\/2018\/12\/Man_multiple_solgar.jpg\" \/>\n\t<meta property=\"og:image:width\" content=\"285\" \/>\n\t<meta property=\"og:image:height\" content=\"298\" \/>\n\t<meta property=\"og:image:type\" content=\"image\/jpeg\" \/>\n<meta name=\"twitter:card\" content=\"summary_large_image\" \/>\n<meta name=\"twitter:label1\" content=\"Geschatte leestijd\" \/>\n\t<meta name=\"twitter:data1\" content=\"3 minuten\" \/>\n<script type=\"application\/ld+json\" class=\"yoast-schema-graph\">{\"@context\":\"https:\/\/schema.org\",\"@graph\":[{\"@type\":\"WebPage\",\"@id\":\"https:\/\/www.desmecht.com\/shop\/herboristerie\/vitamines-mineraux-et-autres-nutriments\/solgar-vitamines-mineraux-et-autres-nutriments\/man-multiple-60tabs-multi-vitamine-homme\/\",\"url\":\"https:\/\/www.desmecht.com\/shop\/herboristerie\/vitamines-mineraux-et-autres-nutriments\/solgar-vitamines-mineraux-et-autres-nutriments\/man-multiple-60tabs-multi-vitamine-homme\/\",\"name\":\"[:fr]Acheter en ligne: Man Multiple 60tabs (Multi-vitamine Homme) - [:nl]Online kopen: Man Multiple 60tabs (Multi-vitamine Man) - [:en]Buy online: Man Multiple 60tabs - [:]\",\"isPartOf\":{\"@id\":\"https:\/\/www.desmecht.com\/#website\"},\"primaryImageOfPage\":{\"@id\":\"https:\/\/www.desmecht.com\/shop\/herboristerie\/vitamines-mineraux-et-autres-nutriments\/solgar-vitamines-mineraux-et-autres-nutriments\/man-multiple-60tabs-multi-vitamine-homme\/#primaryimage\"},\"image\":{\"@id\":\"https:\/\/www.desmecht.com\/shop\/herboristerie\/vitamines-mineraux-et-autres-nutriments\/solgar-vitamines-mineraux-et-autres-nutriments\/man-multiple-60tabs-multi-vitamine-homme\/#primaryimage\"},\"thumbnailUrl\":\"https:\/\/www.desmecht.com\/wp-content\/uploads\/2018\/12\/Man_multiple_solgar.jpg\",\"datePublished\":\"2025-11-18T12:51:43+00:00\",\"dateModified\":\"2025-11-18T13:51:43+00:00\",\"description\":\"[:fr]Acheter en ligne: Man Multiple 60tabs (Multi-vitamine Homme) - [:nl]Online kopen: Man Multiple 60tabs (Multi-vitamine Man) - [:en]Buy online: Man Multiple 60tabs - [:]\",\"breadcrumb\":{\"@id\":\"https:\/\/www.desmecht.com\/shop\/herboristerie\/vitamines-mineraux-et-autres-nutriments\/solgar-vitamines-mineraux-et-autres-nutriments\/man-multiple-60tabs-multi-vitamine-homme\/#breadcrumb\"},\"inLanguage\":\"nl-NL\",\"potentialAction\":[{\"@type\":\"ReadAction\",\"target\":[\"https:\/\/www.desmecht.com\/shop\/herboristerie\/vitamines-mineraux-et-autres-nutriments\/solgar-vitamines-mineraux-et-autres-nutriments\/man-multiple-60tabs-multi-vitamine-homme\/\"]}]},{\"@type\":\"ImageObject\",\"inLanguage\":\"nl-NL\",\"@id\":\"https:\/\/www.desmecht.com\/shop\/herboristerie\/vitamines-mineraux-et-autres-nutriments\/solgar-vitamines-mineraux-et-autres-nutriments\/man-multiple-60tabs-multi-vitamine-homme\/#primaryimage\",\"url\":\"https:\/\/www.desmecht.com\/wp-content\/uploads\/2018\/12\/Man_multiple_solgar.jpg\",\"contentUrl\":\"https:\/\/www.desmecht.com\/wp-content\/uploads\/2018\/12\/Man_multiple_solgar.jpg\",\"width\":285,\"height\":298},{\"@type\":\"BreadcrumbList\",\"@id\":\"https:\/\/www.desmecht.com\/shop\/herboristerie\/vitamines-mineraux-et-autres-nutriments\/solgar-vitamines-mineraux-et-autres-nutriments\/man-multiple-60tabs-multi-vitamine-homme\/#breadcrumb\",\"itemListElement\":[{\"@type\":\"ListItem\",\"position\":1,\"name\":\"Home\",\"item\":\"https:\/\/www.desmecht.com\/\"},{\"@type\":\"ListItem\",\"position\":2,\"name\":\"E-shop\",\"item\":\"https:\/\/www.desmecht.com\/\"},{\"@type\":\"ListItem\",\"position\":3,\"name\":\"Man Multiple 60tabs (Multi-vitamine Man)\"}]},{\"@type\":\"WebSite\",\"@id\":\"https:\/\/www.desmecht.com\/#website\",\"url\":\"https:\/\/www.desmecht.com\/\",\"name\":\"DESMECHT Herboristerij in Brussel - Natuurlijke oplossingen\",\"description\":\"Natuurlijke oplossingen\",\"publisher\":{\"@id\":\"https:\/\/www.desmecht.com\/#organization\"},\"potentialAction\":[{\"@type\":\"SearchAction\",\"target\":{\"@type\":\"EntryPoint\",\"urlTemplate\":\"https:\/\/www.desmecht.com\/?s={search_term_string}\"},\"query-input\":{\"@type\":\"PropertyValueSpecification\",\"valueRequired\":true,\"valueName\":\"search_term_string\"}}],\"inLanguage\":\"nl-NL\"},{\"@type\":\"Organization\",\"@id\":\"https:\/\/www.desmecht.com\/#organization\",\"name\":\"DESMECHT\",\"url\":\"https:\/\/www.desmecht.com\/\",\"logo\":{\"@type\":\"ImageObject\",\"inLanguage\":\"nl-NL\",\"@id\":\"https:\/\/www.desmecht.com\/#\/schema\/logo\/image\/\",\"url\":\"https:\/\/www.desmecht.com\/wp-content\/uploads\/2018\/11\/Logo-DESMECHT.png\",\"contentUrl\":\"https:\/\/www.desmecht.com\/wp-content\/uploads\/2018\/11\/Logo-DESMECHT.png\",\"width\":400,\"height\":254,\"caption\":\"DESMECHT\"},\"image\":{\"@id\":\"https:\/\/www.desmecht.com\/#\/schema\/logo\/image\/\"},\"sameAs\":[\"http:\/\/www.facebook.com\/herbodesmecht\"]}]}<\/script>\n<!-- \/ Yoast SEO plugin. -->","yoast_head_json":{"title":"Online kopen: Man Multiple 60tabs (Multi-vitamine Man) -","description":"Online kopen: Man Multiple 60tabs (Multi-vitamine Man) -","robots":{"index":"index","follow":"follow","max-snippet":"max-snippet:-1","max-image-preview":"max-image-preview:large","max-video-preview":"max-video-preview:-1"},"canonical":"https:\/\/www.desmecht.com\/shop\/herboristerie\/vitamines-mineraux-et-autres-nutriments\/solgar-vitamines-mineraux-et-autres-nutriments\/man-multiple-60tabs-multi-vitamine-homme\/","og_locale":"nl_NL","og_type":"article","og_title":"[:fr]Acheter en ligne: Man Multiple 60tabs (Multi-vitamine Homme) - [:nl]Online kopen: Man Multiple 60tabs (Multi-vitamine Man) - [:en]Buy online: Man Multiple 60tabs - [:]","og_description":"[:fr]Acheter en ligne: Man Multiple 60tabs (Multi-vitamine Homme) - [:nl]Online kopen: Man Multiple 60tabs (Multi-vitamine Man) - [:en]Buy online: Man Multiple 60tabs - [:]","og_url":"https:\/\/www.desmecht.com\/shop\/herboristerie\/vitamines-mineraux-et-autres-nutriments\/solgar-vitamines-mineraux-et-autres-nutriments\/man-multiple-60tabs-multi-vitamine-homme\/","og_site_name":"DESMECHT Herboristerij in Brussel - Natuurlijke oplossingen","article_publisher":"http:\/\/www.facebook.com\/herbodesmecht","article_modified_time":"2025-11-18T13:51:43+00:00","og_image":[{"width":285,"height":298,"url":"https:\/\/www.desmecht.com\/wp-content\/uploads\/2018\/12\/Man_multiple_solgar.jpg","type":"image\/jpeg"}],"twitter_card":"summary_large_image","twitter_misc":{"Geschatte leestijd":"3 minuten"},"schema":{"@context":"https:\/\/schema.org","@graph":[{"@type":"WebPage","@id":"https:\/\/www.desmecht.com\/shop\/herboristerie\/vitamines-mineraux-et-autres-nutriments\/solgar-vitamines-mineraux-et-autres-nutriments\/man-multiple-60tabs-multi-vitamine-homme\/","url":"https:\/\/www.desmecht.com\/shop\/herboristerie\/vitamines-mineraux-et-autres-nutriments\/solgar-vitamines-mineraux-et-autres-nutriments\/man-multiple-60tabs-multi-vitamine-homme\/","name":"[:fr]Acheter en ligne: Man Multiple 60tabs (Multi-vitamine Homme) - [:nl]Online kopen: Man Multiple 60tabs (Multi-vitamine Man) - [:en]Buy online: Man Multiple 60tabs - [:]","isPartOf":{"@id":"https:\/\/www.desmecht.com\/#website"},"primaryImageOfPage":{"@id":"https:\/\/www.desmecht.com\/shop\/herboristerie\/vitamines-mineraux-et-autres-nutriments\/solgar-vitamines-mineraux-et-autres-nutriments\/man-multiple-60tabs-multi-vitamine-homme\/#primaryimage"},"image":{"@id":"https:\/\/www.desmecht.com\/shop\/herboristerie\/vitamines-mineraux-et-autres-nutriments\/solgar-vitamines-mineraux-et-autres-nutriments\/man-multiple-60tabs-multi-vitamine-homme\/#primaryimage"},"thumbnailUrl":"https:\/\/www.desmecht.com\/wp-content\/uploads\/2018\/12\/Man_multiple_solgar.jpg","datePublished":"2025-11-18T12:51:43+00:00","dateModified":"2025-11-18T13:51:43+00:00","description":"[:fr]Acheter en ligne: Man Multiple 60tabs (Multi-vitamine Homme) - [:nl]Online kopen: Man Multiple 60tabs (Multi-vitamine Man) - [:en]Buy online: Man Multiple 60tabs - [:]","breadcrumb":{"@id":"https:\/\/www.desmecht.com\/shop\/herboristerie\/vitamines-mineraux-et-autres-nutriments\/solgar-vitamines-mineraux-et-autres-nutriments\/man-multiple-60tabs-multi-vitamine-homme\/#breadcrumb"},"inLanguage":"nl-NL","potentialAction":[{"@type":"ReadAction","target":["https:\/\/www.desmecht.com\/shop\/herboristerie\/vitamines-mineraux-et-autres-nutriments\/solgar-vitamines-mineraux-et-autres-nutriments\/man-multiple-60tabs-multi-vitamine-homme\/"]}]},{"@type":"ImageObject","inLanguage":"nl-NL","@id":"https:\/\/www.desmecht.com\/shop\/herboristerie\/vitamines-mineraux-et-autres-nutriments\/solgar-vitamines-mineraux-et-autres-nutriments\/man-multiple-60tabs-multi-vitamine-homme\/#primaryimage","url":"https:\/\/www.desmecht.com\/wp-content\/uploads\/2018\/12\/Man_multiple_solgar.jpg","contentUrl":"https:\/\/www.desmecht.com\/wp-content\/uploads\/2018\/12\/Man_multiple_solgar.jpg","width":285,"height":298},{"@type":"BreadcrumbList","@id":"https:\/\/www.desmecht.com\/shop\/herboristerie\/vitamines-mineraux-et-autres-nutriments\/solgar-vitamines-mineraux-et-autres-nutriments\/man-multiple-60tabs-multi-vitamine-homme\/#breadcrumb","itemListElement":[{"@type":"ListItem","position":1,"name":"Home","item":"https:\/\/www.desmecht.com\/"},{"@type":"ListItem","position":2,"name":"E-shop","item":"https:\/\/www.desmecht.com\/"},{"@type":"ListItem","position":3,"name":"Man Multiple 60tabs (Multi-vitamine Man)"}]},{"@type":"WebSite","@id":"https:\/\/www.desmecht.com\/#website","url":"https:\/\/www.desmecht.com\/","name":"DESMECHT Herboristerij in Brussel - Natuurlijke oplossingen","description":"Natuurlijke oplossingen","publisher":{"@id":"https:\/\/www.desmecht.com\/#organization"},"potentialAction":[{"@type":"SearchAction","target":{"@type":"EntryPoint","urlTemplate":"https:\/\/www.desmecht.com\/?s={search_term_string}"},"query-input":{"@type":"PropertyValueSpecification","valueRequired":true,"valueName":"search_term_string"}}],"inLanguage":"nl-NL"},{"@type":"Organization","@id":"https:\/\/www.desmecht.com\/#organization","name":"DESMECHT","url":"https:\/\/www.desmecht.com\/","logo":{"@type":"ImageObject","inLanguage":"nl-NL","@id":"https:\/\/www.desmecht.com\/#\/schema\/logo\/image\/","url":"https:\/\/www.desmecht.com\/wp-content\/uploads\/2018\/11\/Logo-DESMECHT.png","contentUrl":"https:\/\/www.desmecht.com\/wp-content\/uploads\/2018\/11\/Logo-DESMECHT.png","width":400,"height":254,"caption":"DESMECHT"},"image":{"@id":"https:\/\/www.desmecht.com\/#\/schema\/logo\/image\/"},"sameAs":["http:\/\/www.facebook.com\/herbodesmecht"]}]}},"_links":{"self":[{"href":"https:\/\/www.desmecht.com\/nl\/wp-json\/wp\/v2\/product\/16287","targetHints":{"allow":["GET"]}}],"collection":[{"href":"https:\/\/www.desmecht.com\/nl\/wp-json\/wp\/v2\/product"}],"about":[{"href":"https:\/\/www.desmecht.com\/nl\/wp-json\/wp\/v2\/types\/product"}],"wp:featuredmedia":[{"embeddable":true,"href":"https:\/\/www.desmecht.com\/nl\/wp-json\/wp\/v2\/media\/16288"}],"wp:attachment":[{"href":"https:\/\/www.desmecht.com\/nl\/wp-json\/wp\/v2\/media?parent=16287"}],"wp:term":[{"taxonomy":"product_brand","embeddable":true,"href":"https:\/\/www.desmecht.com\/nl\/wp-json\/wp\/v2\/product_brand?post=16287"},{"taxonomy":"product_cat","embeddable":true,"href":"https:\/\/www.desmecht.com\/nl\/wp-json\/wp\/v2\/product_cat?post=16287"},{"taxonomy":"product_tag","embeddable":true,"href":"https:\/\/www.desmecht.com\/nl\/wp-json\/wp\/v2\/product_tag?post=16287"}],"curies":[{"name":"wp","href":"https:\/\/api.w.org\/{rel}","templated":true}]}}