{"id":17202,"date":"2019-01-24T11:42:57","date_gmt":"2019-01-24T10:42:57","guid":{"rendered":"https:\/\/www.desmecht.com\/?post_type=product&#038;p=17202"},"modified":"2023-02-01T12:05:53","modified_gmt":"2023-02-01T11:05:53","slug":"teinture_fr","status":"publish","type":"product","link":"https:\/\/www.desmecht.com\/nl\/shop\/herboristerie\/teintures-meres\/desmecht\/teinture_fr\/","title":{"rendered":"Teinture FR"},"content":{"rendered":"<p class=\"qtranxs-available-languages-message qtranxs-available-languages-message-nl\">Onze verontschuldigingen, dit bericht is alleen beschikbaar in <a href=\"https:\/\/www.desmecht.com\/fr\/wp-json\/wp\/v2\/product\/17202\" class=\"qtranxs-available-language-link qtranxs-available-language-link-fr\" title=\"Fran\u00e7ais\">Fran\u00e7ais<\/a> en <a href=\"https:\/\/www.desmecht.com\/en\/wp-json\/wp\/v2\/product\/17202\" class=\"qtranxs-available-language-link qtranxs-available-language-link-en\" title=\"English\">English<\/a>. Voor het gemak van de kijker, is de inhoud hieronder weergegeven in de standaard taal van deze site. Je kunt op een van de koppelingen klikken om de taal van de site naar een andere beschikbare taal te veranderen.<\/p><p>&gt; Ces teinture sont des aliments \u00e0 l&#8217;exception des herbes\/plantes avec un &#8216;*&#8217; qui ne sont seulement qualifi\u00e9 pour un usage externe.<\/p>","protected":false},"excerpt":{"rendered":"<p class=\"qtranxs-available-languages-message qtranxs-available-languages-message-nl\">Onze verontschuldigingen, dit bericht is alleen beschikbaar in <a href=\"https:\/\/www.desmecht.com\/fr\/wp-json\/wp\/v2\/product\/17202\" class=\"qtranxs-available-language-link qtranxs-available-language-link-fr\" title=\"Fran\u00e7ais\">Fran\u00e7ais<\/a> en <a href=\"https:\/\/www.desmecht.com\/en\/wp-json\/wp\/v2\/product\/17202\" class=\"qtranxs-available-language-link qtranxs-available-language-link-en\" title=\"English\">English<\/a>. Voor het gemak van de kijker, is de inhoud hieronder weergegeven in de standaard taal van deze site. Je kunt op een van de koppelingen klikken om de taal van de site naar een andere beschikbare taal te veranderen.<\/p>\n<p>Dans notre atelier de production nous produisons des teintures de haute qualit\u00e9.<br \/>\nVoulez-vous une teinture d&#8217;une plante o\u00f9 de plusieurs? Aucun probl\u00e8me, nous le produisons sp\u00e9cialement pour vous. Nous choisissons \u00e9galement le bon degr\u00e9 d&#8217;alcool afin d&#8217;obtenir le plus grand pourcentage de composants.<br \/>\n<b> Le temps de livraison pour cela est de +\/- 10 jours.<\/b><br \/>\nDisponible en 100ml, 200ml, 500ml ou 1litre. Choissisez le volume que vous voulez.<\/p>\n","protected":false},"featured_media":17262,"template":"","meta":[],"product_brand":[],"product_cat":[152,151],"product_tag":[],"class_list":{"0":"post-17202","1":"product","2":"type-product","3":"status-publish","4":"has-post-thumbnail","6":"product_cat-desmecht","7":"product_cat-teintures-meres","8":"tm-has-options","10":"first","11":"instock","12":"taxable","13":"shipping-taxable","14":"purchasable","15":"product-type-variable"},"yoast_head":"<!-- This site is optimized with the Yoast SEO plugin v26.9 - https:\/\/yoast.com\/product\/yoast-seo-wordpress\/ -->\n<title>Teinture FR - DESMECHT Herboristerij in Brussel - Natuurlijke oplossingen<\/title>\n<meta name=\"description\" content=\"(Fran\u00e7ais) Achetez en ligne: Teinture m\u00e8re \u00e0 base de plus de 300 plantes. (Choissisez un herbe ou plusieurs et cr\u00e9ez votre propre recette). Qualit\u00e9 garanti par votre herboriste \u00e0 Bruxelles (Belgique)\" \/>\n<meta name=\"robots\" content=\"index, follow, max-snippet:-1, max-image-preview:large, max-video-preview:-1\" \/>\n<link rel=\"canonical\" href=\"https:\/\/www.desmecht.com\/shop\/herboristerie\/teintures-meres\/desmecht\/teinture_fr\/\" \/>\n<meta property=\"og:locale\" content=\"nl_NL\" \/>\n<meta property=\"og:type\" content=\"article\" \/>\n<meta property=\"og:title\" content=\"Teinture FR - DESMECHT Herboristerij in Brussel - Natuurlijke oplossingen\" \/>\n<meta property=\"og:description\" content=\"{:fr}Achetez en ligne: Teinture m\u00e8re \u00e0 base de plus de 300 plantes. (Choissisez un herbe ou plusieurs et cr\u00e9ez votre propre recette). Qualit\u00e9 garanti par votre herboriste \u00e0 Bruxelles (Belgique){:en}Achetez en ligne: Teinture m\u00e8re \u00e0 base de plus de 300 plantes. (Choissisez un herbe ou plusieurs et cr\u00e9ez votre propre recette). Qualit\u00e9 garanti par votre herboriste \u00e0 Bruxelles (Belgique){:}\" \/>\n<meta property=\"og:url\" content=\"https:\/\/www.desmecht.com\/shop\/herboristerie\/teintures-meres\/desmecht\/teinture_fr\/\" \/>\n<meta property=\"og:site_name\" content=\"DESMECHT Herboristerij in Brussel - Natuurlijke oplossingen\" \/>\n<meta property=\"article:publisher\" content=\"http:\/\/www.facebook.com\/herbodesmecht\" \/>\n<meta property=\"article:modified_time\" content=\"2023-02-01T11:05:53+00:00\" \/>\n<meta property=\"og:image\" content=\"https:\/\/www.desmecht.com\/wp-content\/uploads\/2019\/01\/Teintures_Desmecht-1.jpg\" \/>\n\t<meta property=\"og:image:width\" content=\"3113\" \/>\n\t<meta property=\"og:image:height\" content=\"2937\" \/>\n\t<meta property=\"og:image:type\" content=\"image\/jpeg\" \/>\n<meta name=\"twitter:card\" content=\"summary_large_image\" \/>\n<script type=\"application\/ld+json\" class=\"yoast-schema-graph\">{\"@context\":\"https:\/\/schema.org\",\"@graph\":[{\"@type\":\"WebPage\",\"@id\":\"https:\/\/www.desmecht.com\/shop\/herboristerie\/teintures-meres\/desmecht\/teinture_fr\/\",\"url\":\"https:\/\/www.desmecht.com\/shop\/herboristerie\/teintures-meres\/desmecht\/teinture_fr\/\",\"name\":\"Teinture FR - DESMECHT Herboristerij in Brussel - Natuurlijke oplossingen\",\"isPartOf\":{\"@id\":\"https:\/\/www.desmecht.com\/#website\"},\"primaryImageOfPage\":{\"@id\":\"https:\/\/www.desmecht.com\/shop\/herboristerie\/teintures-meres\/desmecht\/teinture_fr\/#primaryimage\"},\"image\":{\"@id\":\"https:\/\/www.desmecht.com\/shop\/herboristerie\/teintures-meres\/desmecht\/teinture_fr\/#primaryimage\"},\"thumbnailUrl\":\"https:\/\/www.desmecht.com\/wp-content\/uploads\/2019\/01\/Teintures_Desmecht-1.jpg\",\"datePublished\":\"2019-01-24T10:42:57+00:00\",\"dateModified\":\"2023-02-01T11:05:53+00:00\",\"description\":\"{:fr}Achetez en ligne: Teinture m\u00e8re \u00e0 base de plus de 300 plantes. (Choissisez un herbe ou plusieurs et cr\u00e9ez votre propre recette). Qualit\u00e9 garanti par votre herboriste \u00e0 Bruxelles (Belgique){:en}Achetez en ligne: Teinture m\u00e8re \u00e0 base de plus de 300 plantes. (Choissisez un herbe ou plusieurs et cr\u00e9ez votre propre recette). Qualit\u00e9 garanti par votre herboriste \u00e0 Bruxelles (Belgique){:}\",\"breadcrumb\":{\"@id\":\"https:\/\/www.desmecht.com\/shop\/herboristerie\/teintures-meres\/desmecht\/teinture_fr\/#breadcrumb\"},\"inLanguage\":\"nl-NL\",\"potentialAction\":[{\"@type\":\"ReadAction\",\"target\":[\"https:\/\/www.desmecht.com\/shop\/herboristerie\/teintures-meres\/desmecht\/teinture_fr\/\"]}]},{\"@type\":\"ImageObject\",\"inLanguage\":\"nl-NL\",\"@id\":\"https:\/\/www.desmecht.com\/shop\/herboristerie\/teintures-meres\/desmecht\/teinture_fr\/#primaryimage\",\"url\":\"https:\/\/www.desmecht.com\/wp-content\/uploads\/2019\/01\/Teintures_Desmecht-1.jpg\",\"contentUrl\":\"https:\/\/www.desmecht.com\/wp-content\/uploads\/2019\/01\/Teintures_Desmecht-1.jpg\",\"width\":3113,\"height\":2937},{\"@type\":\"BreadcrumbList\",\"@id\":\"https:\/\/www.desmecht.com\/shop\/herboristerie\/teintures-meres\/desmecht\/teinture_fr\/#breadcrumb\",\"itemListElement\":[{\"@type\":\"ListItem\",\"position\":1,\"name\":\"Home\",\"item\":\"https:\/\/www.desmecht.com\/\"},{\"@type\":\"ListItem\",\"position\":2,\"name\":\"E-shop\",\"item\":\"https:\/\/www.desmecht.com\/\"},{\"@type\":\"ListItem\",\"position\":3,\"name\":\"Teinture FR\"}]},{\"@type\":\"WebSite\",\"@id\":\"https:\/\/www.desmecht.com\/#website\",\"url\":\"https:\/\/www.desmecht.com\/\",\"name\":\"DESMECHT Herboristerij in Brussel - Natuurlijke oplossingen\",\"description\":\"Natuurlijke oplossingen\",\"publisher\":{\"@id\":\"https:\/\/www.desmecht.com\/#organization\"},\"potentialAction\":[{\"@type\":\"SearchAction\",\"target\":{\"@type\":\"EntryPoint\",\"urlTemplate\":\"https:\/\/www.desmecht.com\/?s={search_term_string}\"},\"query-input\":{\"@type\":\"PropertyValueSpecification\",\"valueRequired\":true,\"valueName\":\"search_term_string\"}}],\"inLanguage\":\"nl-NL\"},{\"@type\":\"Organization\",\"@id\":\"https:\/\/www.desmecht.com\/#organization\",\"name\":\"DESMECHT\",\"url\":\"https:\/\/www.desmecht.com\/\",\"logo\":{\"@type\":\"ImageObject\",\"inLanguage\":\"nl-NL\",\"@id\":\"https:\/\/www.desmecht.com\/#\/schema\/logo\/image\/\",\"url\":\"https:\/\/www.desmecht.com\/wp-content\/uploads\/2018\/11\/Logo-DESMECHT.png\",\"contentUrl\":\"https:\/\/www.desmecht.com\/wp-content\/uploads\/2018\/11\/Logo-DESMECHT.png\",\"width\":400,\"height\":254,\"caption\":\"DESMECHT\"},\"image\":{\"@id\":\"https:\/\/www.desmecht.com\/#\/schema\/logo\/image\/\"},\"sameAs\":[\"http:\/\/www.facebook.com\/herbodesmecht\"]}]}<\/script>\n<!-- \/ Yoast SEO plugin. -->","yoast_head_json":{"title":"Teinture FR - DESMECHT Herboristerij in Brussel - Natuurlijke oplossingen","description":"(Fran\u00e7ais) Achetez en ligne: Teinture m\u00e8re \u00e0 base de plus de 300 plantes. (Choissisez un herbe ou plusieurs et cr\u00e9ez votre propre recette). Qualit\u00e9 garanti par votre herboriste \u00e0 Bruxelles (Belgique)","robots":{"index":"index","follow":"follow","max-snippet":"max-snippet:-1","max-image-preview":"max-image-preview:large","max-video-preview":"max-video-preview:-1"},"canonical":"https:\/\/www.desmecht.com\/shop\/herboristerie\/teintures-meres\/desmecht\/teinture_fr\/","og_locale":"nl_NL","og_type":"article","og_title":"Teinture FR - DESMECHT Herboristerij in Brussel - Natuurlijke oplossingen","og_description":"{:fr}Achetez en ligne: Teinture m\u00e8re \u00e0 base de plus de 300 plantes. (Choissisez un herbe ou plusieurs et cr\u00e9ez votre propre recette). Qualit\u00e9 garanti par votre herboriste \u00e0 Bruxelles (Belgique){:en}Achetez en ligne: Teinture m\u00e8re \u00e0 base de plus de 300 plantes. (Choissisez un herbe ou plusieurs et cr\u00e9ez votre propre recette). Qualit\u00e9 garanti par votre herboriste \u00e0 Bruxelles (Belgique){:}","og_url":"https:\/\/www.desmecht.com\/shop\/herboristerie\/teintures-meres\/desmecht\/teinture_fr\/","og_site_name":"DESMECHT Herboristerij in Brussel - Natuurlijke oplossingen","article_publisher":"http:\/\/www.facebook.com\/herbodesmecht","article_modified_time":"2023-02-01T11:05:53+00:00","og_image":[{"width":3113,"height":2937,"url":"https:\/\/www.desmecht.com\/wp-content\/uploads\/2019\/01\/Teintures_Desmecht-1.jpg","type":"image\/jpeg"}],"twitter_card":"summary_large_image","schema":{"@context":"https:\/\/schema.org","@graph":[{"@type":"WebPage","@id":"https:\/\/www.desmecht.com\/shop\/herboristerie\/teintures-meres\/desmecht\/teinture_fr\/","url":"https:\/\/www.desmecht.com\/shop\/herboristerie\/teintures-meres\/desmecht\/teinture_fr\/","name":"Teinture FR - DESMECHT Herboristerij in Brussel - Natuurlijke oplossingen","isPartOf":{"@id":"https:\/\/www.desmecht.com\/#website"},"primaryImageOfPage":{"@id":"https:\/\/www.desmecht.com\/shop\/herboristerie\/teintures-meres\/desmecht\/teinture_fr\/#primaryimage"},"image":{"@id":"https:\/\/www.desmecht.com\/shop\/herboristerie\/teintures-meres\/desmecht\/teinture_fr\/#primaryimage"},"thumbnailUrl":"https:\/\/www.desmecht.com\/wp-content\/uploads\/2019\/01\/Teintures_Desmecht-1.jpg","datePublished":"2019-01-24T10:42:57+00:00","dateModified":"2023-02-01T11:05:53+00:00","description":"{:fr}Achetez en ligne: Teinture m\u00e8re \u00e0 base de plus de 300 plantes. (Choissisez un herbe ou plusieurs et cr\u00e9ez votre propre recette). Qualit\u00e9 garanti par votre herboriste \u00e0 Bruxelles (Belgique){:en}Achetez en ligne: Teinture m\u00e8re \u00e0 base de plus de 300 plantes. (Choissisez un herbe ou plusieurs et cr\u00e9ez votre propre recette). Qualit\u00e9 garanti par votre herboriste \u00e0 Bruxelles (Belgique){:}","breadcrumb":{"@id":"https:\/\/www.desmecht.com\/shop\/herboristerie\/teintures-meres\/desmecht\/teinture_fr\/#breadcrumb"},"inLanguage":"nl-NL","potentialAction":[{"@type":"ReadAction","target":["https:\/\/www.desmecht.com\/shop\/herboristerie\/teintures-meres\/desmecht\/teinture_fr\/"]}]},{"@type":"ImageObject","inLanguage":"nl-NL","@id":"https:\/\/www.desmecht.com\/shop\/herboristerie\/teintures-meres\/desmecht\/teinture_fr\/#primaryimage","url":"https:\/\/www.desmecht.com\/wp-content\/uploads\/2019\/01\/Teintures_Desmecht-1.jpg","contentUrl":"https:\/\/www.desmecht.com\/wp-content\/uploads\/2019\/01\/Teintures_Desmecht-1.jpg","width":3113,"height":2937},{"@type":"BreadcrumbList","@id":"https:\/\/www.desmecht.com\/shop\/herboristerie\/teintures-meres\/desmecht\/teinture_fr\/#breadcrumb","itemListElement":[{"@type":"ListItem","position":1,"name":"Home","item":"https:\/\/www.desmecht.com\/"},{"@type":"ListItem","position":2,"name":"E-shop","item":"https:\/\/www.desmecht.com\/"},{"@type":"ListItem","position":3,"name":"Teinture FR"}]},{"@type":"WebSite","@id":"https:\/\/www.desmecht.com\/#website","url":"https:\/\/www.desmecht.com\/","name":"DESMECHT Herboristerij in Brussel - Natuurlijke oplossingen","description":"Natuurlijke oplossingen","publisher":{"@id":"https:\/\/www.desmecht.com\/#organization"},"potentialAction":[{"@type":"SearchAction","target":{"@type":"EntryPoint","urlTemplate":"https:\/\/www.desmecht.com\/?s={search_term_string}"},"query-input":{"@type":"PropertyValueSpecification","valueRequired":true,"valueName":"search_term_string"}}],"inLanguage":"nl-NL"},{"@type":"Organization","@id":"https:\/\/www.desmecht.com\/#organization","name":"DESMECHT","url":"https:\/\/www.desmecht.com\/","logo":{"@type":"ImageObject","inLanguage":"nl-NL","@id":"https:\/\/www.desmecht.com\/#\/schema\/logo\/image\/","url":"https:\/\/www.desmecht.com\/wp-content\/uploads\/2018\/11\/Logo-DESMECHT.png","contentUrl":"https:\/\/www.desmecht.com\/wp-content\/uploads\/2018\/11\/Logo-DESMECHT.png","width":400,"height":254,"caption":"DESMECHT"},"image":{"@id":"https:\/\/www.desmecht.com\/#\/schema\/logo\/image\/"},"sameAs":["http:\/\/www.facebook.com\/herbodesmecht"]}]}},"_links":{"self":[{"href":"https:\/\/www.desmecht.com\/nl\/wp-json\/wp\/v2\/product\/17202","targetHints":{"allow":["GET"]}}],"collection":[{"href":"https:\/\/www.desmecht.com\/nl\/wp-json\/wp\/v2\/product"}],"about":[{"href":"https:\/\/www.desmecht.com\/nl\/wp-json\/wp\/v2\/types\/product"}],"wp:featuredmedia":[{"embeddable":true,"href":"https:\/\/www.desmecht.com\/nl\/wp-json\/wp\/v2\/media\/17262"}],"wp:attachment":[{"href":"https:\/\/www.desmecht.com\/nl\/wp-json\/wp\/v2\/media?parent=17202"}],"wp:term":[{"taxonomy":"product_brand","embeddable":true,"href":"https:\/\/www.desmecht.com\/nl\/wp-json\/wp\/v2\/product_brand?post=17202"},{"taxonomy":"product_cat","embeddable":true,"href":"https:\/\/www.desmecht.com\/nl\/wp-json\/wp\/v2\/product_cat?post=17202"},{"taxonomy":"product_tag","embeddable":true,"href":"https:\/\/www.desmecht.com\/nl\/wp-json\/wp\/v2\/product_tag?post=17202"}],"curies":[{"name":"wp","href":"https:\/\/api.w.org\/{rel}","templated":true}]}}