{"id":19258,"date":"2025-07-26T11:52:29","date_gmt":"2025-07-26T09:52:29","guid":{"rendered":"https:\/\/www.desmecht.com\/shop\/niet-gecategoriseerd\/mico-leo-61-70caps-hericium-erinaceus\/"},"modified":"2025-07-26T13:52:29","modified_gmt":"2025-07-26T11:52:29","slug":"mico-leo-61-70caps-hericium-erinaceus","status":"publish","type":"product","link":"https:\/\/www.desmecht.com\/nl\/shop\/hifas-da-terra-micosalud-2\/mycotherapie-hifas-da-terra-micosalud-2\/mico-leo-61-70caps-hericium-erinaceus\/","title":{"rendered":"MICO-LEO 6:1 70CAPS (HERICIUM ERINACEUS)"},"content":{"rendered":"<p>Formaat: 70 gelules van 495mg.<br \/>\nGelules 100 % plantaardig  verzegeld door een band die beschermt tegen oxydatie. Elke gelule is afzonderlijk verzegeld voor een optimale bewaring van de inhoud gedurende lange termijn.<br \/>Aangeraden dagelijkse hoeveelheid: \u00e9\u00e9n of twee gelules \u0096of volgens voorschrift\u0096 &#8217;s morgends, voorafgegaan door \u00e9\u00e9n of twee tabletten Askorbato K-HdT (rijk aan vitamine C) om de absorptie van de \u00df-glucanes te verbeteren.<br \/>Hifas da Terra &#8211; MicoSalud","protected":false},"excerpt":{"rendered":"<p>Mico-Sol is een voedingssupplement van hoge concentratie (ratio 6 :1) in gelules op basis van het zuivere extract van Pruikzwam (Hericium erinaceus) van biologisch gecertifieerde oorsprong.<br \/>Hifas da Terra &#8211; MicoSalud<\/p>\n","protected":false},"featured_media":19283,"template":"","meta":[],"product_brand":[],"product_cat":[137,268,567,451,104],"product_tag":[],"class_list":{"0":"post-19258","1":"product","2":"type-product","3":"status-publish","4":"has-post-thumbnail","6":"product_cat-epices","7":"product_cat-hifas-da-terra-micosalud-2","8":"product_cat-hifas-da-terra-micosalud","9":"product_cat-mycotherapie-hifas-da-terra-micosalud-2","10":"product_cat-herboristerie","11":"tm-no-options","13":"first","14":"instock","15":"taxable","16":"shipping-taxable","17":"purchasable","18":"product-type-simple"},"yoast_head":"<!-- This site is optimized with the Yoast SEO plugin v26.9 - https:\/\/yoast.com\/product\/yoast-seo-wordpress\/ -->\n<title>Online kopen: MICO-LEO 6:1 70CAPS (HERICIUM ERINACEUS) - Mico-Sol is een voedingssupplement van hoge concentratie (ratio 6 :1) in gelules op basis van het zuivere extract van Pruikzwam (Hericium erinaceus) van biologisch gecertifieerde oorsprong.Hifas da Terra - MicoSalud<\/title>\n<meta name=\"description\" content=\"Online kopen: MICO-LEO 6:1 70CAPS (HERICIUM ERINACEUS) - Mico-Sol is een voedingssupplement van hoge concentratie (ratio 6 :1) in gelules op basis van het zuivere extract van Pruikzwam (Hericium erinaceus) van biologisch gecertifieerde oorsprong.Hifas da Terra - MicoSalud\" \/>\n<meta name=\"robots\" content=\"index, follow, max-snippet:-1, max-image-preview:large, max-video-preview:-1\" \/>\n<link rel=\"canonical\" href=\"https:\/\/www.desmecht.com\/shop\/hifas-da-terra-micosalud-2\/mycotherapie-hifas-da-terra-micosalud-2\/mico-leo-61-70caps-hericium-erinaceus\/\" \/>\n<meta property=\"og:locale\" content=\"nl_NL\" \/>\n<meta property=\"og:type\" content=\"article\" \/>\n<meta property=\"og:title\" content=\"[:fr]Acheter en ligne: MICO-LEO 6:1 70CAPS (HERICIUM ERINACEUS) - Compl\u00e9ment alimentaire \u00e0 haute concentration (ratio 6 :1) en g\u00e9lules \u00e9labor\u00e9 \u00e0 partir de l\u0092extrait pur de Crini\u00e8re de Lion (Hericium erinaceaus) de production biologique certifi\u00e9e.Hifas da Terra - MicoSalud[:nl]Online kopen: MICO-LEO 6:1 70CAPS (HERICIUM ERINACEUS) - Mico-Sol is een voedingssupplement van hoge concentratie (ratio 6 :1) in gelules op basis van het zuivere extract van Pruikzwam (Hericium erinaceus) van biologisch gecertifieerde oorsprong.Hifas da Terra - MicoSalud[:en]Buy online: MICO-LEO 6:1 70CAPS (HERICIUM ERINACEUS) - [:]\" \/>\n<meta property=\"og:description\" content=\"[:fr]Acheter en ligne: MICO-LEO 6:1 70CAPS (HERICIUM ERINACEUS) - Compl\u00e9ment alimentaire \u00e0 haute concentration (ratio 6 :1) en g\u00e9lules \u00e9labor\u00e9 \u00e0 partir de l\u0092extrait pur de Crini\u00e8re de Lion (Hericium erinaceaus) de production biologique certifi\u00e9e.Hifas da Terra - MicoSalud[:nl]Online kopen: MICO-LEO 6:1 70CAPS (HERICIUM ERINACEUS) - Mico-Sol is een voedingssupplement van hoge concentratie (ratio 6 :1) in gelules op basis van het zuivere extract van Pruikzwam (Hericium erinaceus) van biologisch gecertifieerde oorsprong.Hifas da Terra - MicoSalud[:en]Buy online: MICO-LEO 6:1 70CAPS (HERICIUM ERINACEUS) - [:]\" \/>\n<meta property=\"og:url\" content=\"https:\/\/www.desmecht.com\/shop\/hifas-da-terra-micosalud-2\/mycotherapie-hifas-da-terra-micosalud-2\/mico-leo-61-70caps-hericium-erinaceus\/\" \/>\n<meta property=\"og:site_name\" content=\"DESMECHT Herboristerij in Brussel - Natuurlijke oplossingen\" \/>\n<meta property=\"article:publisher\" content=\"http:\/\/www.facebook.com\/herbodesmecht\" \/>\n<meta property=\"article:modified_time\" content=\"2025-07-26T11:52:29+00:00\" \/>\n<meta property=\"og:image\" content=\"https:\/\/www.desmecht.com\/wp-content\/uploads\/2020\/01\/Mico-Leo_Hifas-da-terra.jpg\" \/>\n\t<meta property=\"og:image:width\" content=\"510\" \/>\n\t<meta property=\"og:image:height\" content=\"510\" \/>\n\t<meta property=\"og:image:type\" content=\"image\/jpeg\" \/>\n<meta name=\"twitter:card\" content=\"summary_large_image\" \/>\n<meta name=\"twitter:label1\" content=\"Geschatte leestijd\" \/>\n\t<meta name=\"twitter:data1\" content=\"1 minuut\" \/>\n<script type=\"application\/ld+json\" class=\"yoast-schema-graph\">{\"@context\":\"https:\/\/schema.org\",\"@graph\":[{\"@type\":\"WebPage\",\"@id\":\"https:\/\/www.desmecht.com\/shop\/hifas-da-terra-micosalud-2\/mycotherapie-hifas-da-terra-micosalud-2\/mico-leo-61-70caps-hericium-erinaceus\/\",\"url\":\"https:\/\/www.desmecht.com\/shop\/hifas-da-terra-micosalud-2\/mycotherapie-hifas-da-terra-micosalud-2\/mico-leo-61-70caps-hericium-erinaceus\/\",\"name\":\"[:fr]Acheter en ligne: MICO-LEO 6:1 70CAPS (HERICIUM ERINACEUS) - Compl\u00e9ment alimentaire \u00e0 haute concentration (ratio 6 :1) en g\u00e9lules \u00e9labor\u00e9 \u00e0 partir de l\u0092extrait pur de Crini\u00e8re de Lion (Hericium erinaceaus) de production biologique certifi\u00e9e.Hifas da Terra - MicoSalud[:nl]Online kopen: MICO-LEO 6:1 70CAPS (HERICIUM ERINACEUS) - Mico-Sol is een voedingssupplement van hoge concentratie (ratio 6 :1) in gelules op basis van het zuivere extract van Pruikzwam (Hericium erinaceus) van biologisch gecertifieerde oorsprong.Hifas da Terra - MicoSalud[:en]Buy online: MICO-LEO 6:1 70CAPS (HERICIUM ERINACEUS) - [:]\",\"isPartOf\":{\"@id\":\"https:\/\/www.desmecht.com\/#website\"},\"primaryImageOfPage\":{\"@id\":\"https:\/\/www.desmecht.com\/shop\/hifas-da-terra-micosalud-2\/mycotherapie-hifas-da-terra-micosalud-2\/mico-leo-61-70caps-hericium-erinaceus\/#primaryimage\"},\"image\":{\"@id\":\"https:\/\/www.desmecht.com\/shop\/hifas-da-terra-micosalud-2\/mycotherapie-hifas-da-terra-micosalud-2\/mico-leo-61-70caps-hericium-erinaceus\/#primaryimage\"},\"thumbnailUrl\":\"https:\/\/www.desmecht.com\/wp-content\/uploads\/2020\/01\/Mico-Leo_Hifas-da-terra.jpg\",\"datePublished\":\"2025-07-26T09:52:29+00:00\",\"dateModified\":\"2025-07-26T11:52:29+00:00\",\"description\":\"[:fr]Acheter en ligne: MICO-LEO 6:1 70CAPS (HERICIUM ERINACEUS) - Compl\u00e9ment alimentaire \u00e0 haute concentration (ratio 6 :1) en g\u00e9lules \u00e9labor\u00e9 \u00e0 partir de l\u0092extrait pur de Crini\u00e8re de Lion (Hericium erinaceaus) de production biologique certifi\u00e9e.Hifas da Terra - MicoSalud[:nl]Online kopen: MICO-LEO 6:1 70CAPS (HERICIUM ERINACEUS) - Mico-Sol is een voedingssupplement van hoge concentratie (ratio 6 :1) in gelules op basis van het zuivere extract van Pruikzwam (Hericium erinaceus) van biologisch gecertifieerde oorsprong.Hifas da Terra - MicoSalud[:en]Buy online: MICO-LEO 6:1 70CAPS (HERICIUM ERINACEUS) - [:]\",\"breadcrumb\":{\"@id\":\"https:\/\/www.desmecht.com\/shop\/hifas-da-terra-micosalud-2\/mycotherapie-hifas-da-terra-micosalud-2\/mico-leo-61-70caps-hericium-erinaceus\/#breadcrumb\"},\"inLanguage\":\"nl-NL\",\"potentialAction\":[{\"@type\":\"ReadAction\",\"target\":[\"https:\/\/www.desmecht.com\/shop\/hifas-da-terra-micosalud-2\/mycotherapie-hifas-da-terra-micosalud-2\/mico-leo-61-70caps-hericium-erinaceus\/\"]}]},{\"@type\":\"ImageObject\",\"inLanguage\":\"nl-NL\",\"@id\":\"https:\/\/www.desmecht.com\/shop\/hifas-da-terra-micosalud-2\/mycotherapie-hifas-da-terra-micosalud-2\/mico-leo-61-70caps-hericium-erinaceus\/#primaryimage\",\"url\":\"https:\/\/www.desmecht.com\/wp-content\/uploads\/2020\/01\/Mico-Leo_Hifas-da-terra.jpg\",\"contentUrl\":\"https:\/\/www.desmecht.com\/wp-content\/uploads\/2020\/01\/Mico-Leo_Hifas-da-terra.jpg\",\"width\":510,\"height\":510},{\"@type\":\"BreadcrumbList\",\"@id\":\"https:\/\/www.desmecht.com\/shop\/hifas-da-terra-micosalud-2\/mycotherapie-hifas-da-terra-micosalud-2\/mico-leo-61-70caps-hericium-erinaceus\/#breadcrumb\",\"itemListElement\":[{\"@type\":\"ListItem\",\"position\":1,\"name\":\"Home\",\"item\":\"https:\/\/www.desmecht.com\/\"},{\"@type\":\"ListItem\",\"position\":2,\"name\":\"E-shop\",\"item\":\"https:\/\/www.desmecht.com\/\"},{\"@type\":\"ListItem\",\"position\":3,\"name\":\"MICO-LEO 6:1 70CAPS (HERICIUM ERINACEUS)\"}]},{\"@type\":\"WebSite\",\"@id\":\"https:\/\/www.desmecht.com\/#website\",\"url\":\"https:\/\/www.desmecht.com\/\",\"name\":\"DESMECHT Herboristerij in Brussel - Natuurlijke oplossingen\",\"description\":\"Natuurlijke oplossingen\",\"publisher\":{\"@id\":\"https:\/\/www.desmecht.com\/#organization\"},\"potentialAction\":[{\"@type\":\"SearchAction\",\"target\":{\"@type\":\"EntryPoint\",\"urlTemplate\":\"https:\/\/www.desmecht.com\/?s={search_term_string}\"},\"query-input\":{\"@type\":\"PropertyValueSpecification\",\"valueRequired\":true,\"valueName\":\"search_term_string\"}}],\"inLanguage\":\"nl-NL\"},{\"@type\":\"Organization\",\"@id\":\"https:\/\/www.desmecht.com\/#organization\",\"name\":\"DESMECHT\",\"url\":\"https:\/\/www.desmecht.com\/\",\"logo\":{\"@type\":\"ImageObject\",\"inLanguage\":\"nl-NL\",\"@id\":\"https:\/\/www.desmecht.com\/#\/schema\/logo\/image\/\",\"url\":\"https:\/\/www.desmecht.com\/wp-content\/uploads\/2018\/11\/Logo-DESMECHT.png\",\"contentUrl\":\"https:\/\/www.desmecht.com\/wp-content\/uploads\/2018\/11\/Logo-DESMECHT.png\",\"width\":400,\"height\":254,\"caption\":\"DESMECHT\"},\"image\":{\"@id\":\"https:\/\/www.desmecht.com\/#\/schema\/logo\/image\/\"},\"sameAs\":[\"http:\/\/www.facebook.com\/herbodesmecht\"]}]}<\/script>\n<!-- \/ Yoast SEO plugin. -->","yoast_head_json":{"title":"Online kopen: MICO-LEO 6:1 70CAPS (HERICIUM ERINACEUS) - Mico-Sol is een voedingssupplement van hoge concentratie (ratio 6 :1) in gelules op basis van het zuivere extract van Pruikzwam (Hericium erinaceus) van biologisch gecertifieerde oorsprong.Hifas da Terra - MicoSalud","description":"Online kopen: MICO-LEO 6:1 70CAPS (HERICIUM ERINACEUS) - Mico-Sol is een voedingssupplement van hoge concentratie (ratio 6 :1) in gelules op basis van het zuivere extract van Pruikzwam (Hericium erinaceus) van biologisch gecertifieerde oorsprong.Hifas da Terra - MicoSalud","robots":{"index":"index","follow":"follow","max-snippet":"max-snippet:-1","max-image-preview":"max-image-preview:large","max-video-preview":"max-video-preview:-1"},"canonical":"https:\/\/www.desmecht.com\/shop\/hifas-da-terra-micosalud-2\/mycotherapie-hifas-da-terra-micosalud-2\/mico-leo-61-70caps-hericium-erinaceus\/","og_locale":"nl_NL","og_type":"article","og_title":"[:fr]Acheter en ligne: MICO-LEO 6:1 70CAPS (HERICIUM ERINACEUS) - Compl\u00e9ment alimentaire \u00e0 haute concentration (ratio 6 :1) en g\u00e9lules \u00e9labor\u00e9 \u00e0 partir de l\u0092extrait pur de Crini\u00e8re de Lion (Hericium erinaceaus) de production biologique certifi\u00e9e.Hifas da Terra - MicoSalud[:nl]Online kopen: MICO-LEO 6:1 70CAPS (HERICIUM ERINACEUS) - Mico-Sol is een voedingssupplement van hoge concentratie (ratio 6 :1) in gelules op basis van het zuivere extract van Pruikzwam (Hericium erinaceus) van biologisch gecertifieerde oorsprong.Hifas da Terra - MicoSalud[:en]Buy online: MICO-LEO 6:1 70CAPS (HERICIUM ERINACEUS) - [:]","og_description":"[:fr]Acheter en ligne: MICO-LEO 6:1 70CAPS (HERICIUM ERINACEUS) - Compl\u00e9ment alimentaire \u00e0 haute concentration (ratio 6 :1) en g\u00e9lules \u00e9labor\u00e9 \u00e0 partir de l\u0092extrait pur de Crini\u00e8re de Lion (Hericium erinaceaus) de production biologique certifi\u00e9e.Hifas da Terra - MicoSalud[:nl]Online kopen: MICO-LEO 6:1 70CAPS (HERICIUM ERINACEUS) - Mico-Sol is een voedingssupplement van hoge concentratie (ratio 6 :1) in gelules op basis van het zuivere extract van Pruikzwam (Hericium erinaceus) van biologisch gecertifieerde oorsprong.Hifas da Terra - MicoSalud[:en]Buy online: MICO-LEO 6:1 70CAPS (HERICIUM ERINACEUS) - [:]","og_url":"https:\/\/www.desmecht.com\/shop\/hifas-da-terra-micosalud-2\/mycotherapie-hifas-da-terra-micosalud-2\/mico-leo-61-70caps-hericium-erinaceus\/","og_site_name":"DESMECHT Herboristerij in Brussel - Natuurlijke oplossingen","article_publisher":"http:\/\/www.facebook.com\/herbodesmecht","article_modified_time":"2025-07-26T11:52:29+00:00","og_image":[{"width":510,"height":510,"url":"https:\/\/www.desmecht.com\/wp-content\/uploads\/2020\/01\/Mico-Leo_Hifas-da-terra.jpg","type":"image\/jpeg"}],"twitter_card":"summary_large_image","twitter_misc":{"Geschatte leestijd":"1 minuut"},"schema":{"@context":"https:\/\/schema.org","@graph":[{"@type":"WebPage","@id":"https:\/\/www.desmecht.com\/shop\/hifas-da-terra-micosalud-2\/mycotherapie-hifas-da-terra-micosalud-2\/mico-leo-61-70caps-hericium-erinaceus\/","url":"https:\/\/www.desmecht.com\/shop\/hifas-da-terra-micosalud-2\/mycotherapie-hifas-da-terra-micosalud-2\/mico-leo-61-70caps-hericium-erinaceus\/","name":"[:fr]Acheter en ligne: MICO-LEO 6:1 70CAPS (HERICIUM ERINACEUS) - Compl\u00e9ment alimentaire \u00e0 haute concentration (ratio 6 :1) en g\u00e9lules \u00e9labor\u00e9 \u00e0 partir de l\u0092extrait pur de Crini\u00e8re de Lion (Hericium erinaceaus) de production biologique certifi\u00e9e.Hifas da Terra - MicoSalud[:nl]Online kopen: MICO-LEO 6:1 70CAPS (HERICIUM ERINACEUS) - Mico-Sol is een voedingssupplement van hoge concentratie (ratio 6 :1) in gelules op basis van het zuivere extract van Pruikzwam (Hericium erinaceus) van biologisch gecertifieerde oorsprong.Hifas da Terra - MicoSalud[:en]Buy online: MICO-LEO 6:1 70CAPS (HERICIUM ERINACEUS) - [:]","isPartOf":{"@id":"https:\/\/www.desmecht.com\/#website"},"primaryImageOfPage":{"@id":"https:\/\/www.desmecht.com\/shop\/hifas-da-terra-micosalud-2\/mycotherapie-hifas-da-terra-micosalud-2\/mico-leo-61-70caps-hericium-erinaceus\/#primaryimage"},"image":{"@id":"https:\/\/www.desmecht.com\/shop\/hifas-da-terra-micosalud-2\/mycotherapie-hifas-da-terra-micosalud-2\/mico-leo-61-70caps-hericium-erinaceus\/#primaryimage"},"thumbnailUrl":"https:\/\/www.desmecht.com\/wp-content\/uploads\/2020\/01\/Mico-Leo_Hifas-da-terra.jpg","datePublished":"2025-07-26T09:52:29+00:00","dateModified":"2025-07-26T11:52:29+00:00","description":"[:fr]Acheter en ligne: MICO-LEO 6:1 70CAPS (HERICIUM ERINACEUS) - Compl\u00e9ment alimentaire \u00e0 haute concentration (ratio 6 :1) en g\u00e9lules \u00e9labor\u00e9 \u00e0 partir de l\u0092extrait pur de Crini\u00e8re de Lion (Hericium erinaceaus) de production biologique certifi\u00e9e.Hifas da Terra - MicoSalud[:nl]Online kopen: MICO-LEO 6:1 70CAPS (HERICIUM ERINACEUS) - Mico-Sol is een voedingssupplement van hoge concentratie (ratio 6 :1) in gelules op basis van het zuivere extract van Pruikzwam (Hericium erinaceus) van biologisch gecertifieerde oorsprong.Hifas da Terra - MicoSalud[:en]Buy online: MICO-LEO 6:1 70CAPS (HERICIUM ERINACEUS) - [:]","breadcrumb":{"@id":"https:\/\/www.desmecht.com\/shop\/hifas-da-terra-micosalud-2\/mycotherapie-hifas-da-terra-micosalud-2\/mico-leo-61-70caps-hericium-erinaceus\/#breadcrumb"},"inLanguage":"nl-NL","potentialAction":[{"@type":"ReadAction","target":["https:\/\/www.desmecht.com\/shop\/hifas-da-terra-micosalud-2\/mycotherapie-hifas-da-terra-micosalud-2\/mico-leo-61-70caps-hericium-erinaceus\/"]}]},{"@type":"ImageObject","inLanguage":"nl-NL","@id":"https:\/\/www.desmecht.com\/shop\/hifas-da-terra-micosalud-2\/mycotherapie-hifas-da-terra-micosalud-2\/mico-leo-61-70caps-hericium-erinaceus\/#primaryimage","url":"https:\/\/www.desmecht.com\/wp-content\/uploads\/2020\/01\/Mico-Leo_Hifas-da-terra.jpg","contentUrl":"https:\/\/www.desmecht.com\/wp-content\/uploads\/2020\/01\/Mico-Leo_Hifas-da-terra.jpg","width":510,"height":510},{"@type":"BreadcrumbList","@id":"https:\/\/www.desmecht.com\/shop\/hifas-da-terra-micosalud-2\/mycotherapie-hifas-da-terra-micosalud-2\/mico-leo-61-70caps-hericium-erinaceus\/#breadcrumb","itemListElement":[{"@type":"ListItem","position":1,"name":"Home","item":"https:\/\/www.desmecht.com\/"},{"@type":"ListItem","position":2,"name":"E-shop","item":"https:\/\/www.desmecht.com\/"},{"@type":"ListItem","position":3,"name":"MICO-LEO 6:1 70CAPS (HERICIUM ERINACEUS)"}]},{"@type":"WebSite","@id":"https:\/\/www.desmecht.com\/#website","url":"https:\/\/www.desmecht.com\/","name":"DESMECHT Herboristerij in Brussel - Natuurlijke oplossingen","description":"Natuurlijke oplossingen","publisher":{"@id":"https:\/\/www.desmecht.com\/#organization"},"potentialAction":[{"@type":"SearchAction","target":{"@type":"EntryPoint","urlTemplate":"https:\/\/www.desmecht.com\/?s={search_term_string}"},"query-input":{"@type":"PropertyValueSpecification","valueRequired":true,"valueName":"search_term_string"}}],"inLanguage":"nl-NL"},{"@type":"Organization","@id":"https:\/\/www.desmecht.com\/#organization","name":"DESMECHT","url":"https:\/\/www.desmecht.com\/","logo":{"@type":"ImageObject","inLanguage":"nl-NL","@id":"https:\/\/www.desmecht.com\/#\/schema\/logo\/image\/","url":"https:\/\/www.desmecht.com\/wp-content\/uploads\/2018\/11\/Logo-DESMECHT.png","contentUrl":"https:\/\/www.desmecht.com\/wp-content\/uploads\/2018\/11\/Logo-DESMECHT.png","width":400,"height":254,"caption":"DESMECHT"},"image":{"@id":"https:\/\/www.desmecht.com\/#\/schema\/logo\/image\/"},"sameAs":["http:\/\/www.facebook.com\/herbodesmecht"]}]}},"_links":{"self":[{"href":"https:\/\/www.desmecht.com\/nl\/wp-json\/wp\/v2\/product\/19258","targetHints":{"allow":["GET"]}}],"collection":[{"href":"https:\/\/www.desmecht.com\/nl\/wp-json\/wp\/v2\/product"}],"about":[{"href":"https:\/\/www.desmecht.com\/nl\/wp-json\/wp\/v2\/types\/product"}],"wp:featuredmedia":[{"embeddable":true,"href":"https:\/\/www.desmecht.com\/nl\/wp-json\/wp\/v2\/media\/19283"}],"wp:attachment":[{"href":"https:\/\/www.desmecht.com\/nl\/wp-json\/wp\/v2\/media?parent=19258"}],"wp:term":[{"taxonomy":"product_brand","embeddable":true,"href":"https:\/\/www.desmecht.com\/nl\/wp-json\/wp\/v2\/product_brand?post=19258"},{"taxonomy":"product_cat","embeddable":true,"href":"https:\/\/www.desmecht.com\/nl\/wp-json\/wp\/v2\/product_cat?post=19258"},{"taxonomy":"product_tag","embeddable":true,"href":"https:\/\/www.desmecht.com\/nl\/wp-json\/wp\/v2\/product_tag?post=19258"}],"curies":[{"name":"wp","href":"https:\/\/api.w.org\/{rel}","templated":true}]}}