{"id":20193,"date":"2025-05-16T16:10:20","date_gmt":"2025-05-16T14:10:20","guid":{"rendered":"https:\/\/www.desmecht.com\/shop\/niet-gecategoriseerd\/poivre-tasmanie-australie-pot-50g\/"},"modified":"2025-05-16T18:10:20","modified_gmt":"2025-05-16T16:10:20","slug":"poivre-tasmanie-australie-bocal-de-40g","status":"publish","type":"product","link":"https:\/\/www.desmecht.com\/nl\/shop\/desmecht-2\/epices-desmecht-2\/poivre-tasmanie-australie-bocal-de-40g\/","title":{"rendered":"Peper &#8211; Tasmani\u00eb (Australi\u00eb) bokaal van 40g"},"content":{"rendered":"<p class=\"qtranxs-available-languages-message qtranxs-available-languages-message-nl\">Onze verontschuldigingen, dit bericht is alleen beschikbaar in <a href=\"https:\/\/www.desmecht.com\/en\/wp-json\/wp\/v2\/product\/20193\" class=\"qtranxs-available-language-link qtranxs-available-language-link-en\" title=\"English\">English<\/a>. Voor het gemak van de kijker, is de inhoud hieronder weergegeven in de alternatieve taal. Je kunt klikken op de link om naar de actieve taal over te schakelen.<\/p><p><\/p>","protected":false},"excerpt":{"rendered":"<p><i>Tasmannia lanceolata<\/i><br \/>Ook verkrijgbaar in grotere volumes: Gelieve ons hiervoor te contacteren.<br \/>Hij wordt ook de \u0091peper van de Aboriginals\u0092 genoemd. Dit graantje met een mooie diep zwarte kleur geeft de gerechten een paars-blauwe kleur en heeft een aroma dat in het begin zacht is maar daarna pikanter, en bovendien licht verdovend werkt. Het parfum blijft zeer fris en fruitig met bloemige toetsen die doen denken aan verse mirte. Te proberen bij vis en wit vlees. Hij zal uw gasten verrassen. Traditioneel wordt deze peper in Australi\u00eb gebruikt bij kangoeroe steak. Alvorens uw vlees te bakken of grillen laat u het macereren in een mengsel van peper uit Tasmani\u00eb en olie.<\/p>\n","protected":false},"featured_media":20194,"template":"","meta":[],"product_brand":[],"product_cat":[153,137,158,138,104],"product_tag":[],"class_list":{"0":"post-20193","1":"product","2":"type-product","3":"status-publish","4":"has-post-thumbnail","6":"product_cat-desmecht-2","7":"product_cat-epices","8":"product_cat-epices-desmecht-2","9":"product_cat-desmecht-epices-herboristerie","10":"product_cat-herboristerie","11":"tm-no-options","13":"first","14":"instock","15":"taxable","16":"shipping-taxable","17":"purchasable","18":"product-type-simple"},"yoast_head":"<!-- This site is optimized with the Yoast SEO plugin v26.9 - https:\/\/yoast.com\/product\/yoast-seo-wordpress\/ -->\n<title>Online kopen: Peper - Tasmani\u00eb (Australi\u00eb) bokaal van 40g<\/title>\n<meta name=\"description\" content=\"Online kopen: Peper - Tasmani\u00eb (Australi\u00eb) bokaal van 40g\" \/>\n<meta name=\"robots\" content=\"index, follow, max-snippet:-1, max-image-preview:large, max-video-preview:-1\" \/>\n<link rel=\"canonical\" href=\"https:\/\/www.desmecht.com\/shop\/desmecht-2\/epices-desmecht-2\/poivre-tasmanie-australie-bocal-de-40g\/\" \/>\n<meta property=\"og:locale\" content=\"nl_NL\" \/>\n<meta property=\"og:type\" content=\"article\" \/>\n<meta property=\"og:title\" content=\"[:fr]Acheter en ligne: Poivre - Tasmanie (Australie) bocal de 40g[:nl]Online kopen: Peper - Tasmani\u00eb (Australi\u00eb) bokaal van 40g[:en]Buy online: Pepper - Tasmanian (Australia) jar of 40g[:]\" \/>\n<meta property=\"og:description\" content=\"[:fr]Acheter en ligne: Poivre - Tasmanie (Australie) bocal de 40g[:nl]Online kopen: Peper - Tasmani\u00eb (Australi\u00eb) bokaal van 40g[:en]Buy online: Pepper - Tasmanian (Australia) jar of 40g[:]\" \/>\n<meta property=\"og:url\" content=\"https:\/\/www.desmecht.com\/shop\/desmecht-2\/epices-desmecht-2\/poivre-tasmanie-australie-bocal-de-40g\/\" \/>\n<meta property=\"og:site_name\" content=\"DESMECHT Herboristerij in Brussel - Natuurlijke oplossingen\" \/>\n<meta property=\"article:publisher\" content=\"http:\/\/www.facebook.com\/herbodesmecht\" \/>\n<meta property=\"article:modified_time\" content=\"2025-05-16T16:10:20+00:00\" \/>\n<meta property=\"og:image\" content=\"https:\/\/www.desmecht.com\/wp-content\/uploads\/2020\/08\/Poivre_Tasmanie.jpg\" \/>\n\t<meta property=\"og:image:width\" content=\"609\" \/>\n\t<meta property=\"og:image:height\" content=\"547\" \/>\n\t<meta property=\"og:image:type\" content=\"image\/jpeg\" \/>\n<meta name=\"twitter:card\" content=\"summary_large_image\" \/>\n<script type=\"application\/ld+json\" class=\"yoast-schema-graph\">{\"@context\":\"https:\/\/schema.org\",\"@graph\":[{\"@type\":\"WebPage\",\"@id\":\"https:\/\/www.desmecht.com\/shop\/desmecht-2\/epices-desmecht-2\/poivre-tasmanie-australie-bocal-de-40g\/\",\"url\":\"https:\/\/www.desmecht.com\/shop\/desmecht-2\/epices-desmecht-2\/poivre-tasmanie-australie-bocal-de-40g\/\",\"name\":\"[:fr]Acheter en ligne: Poivre - Tasmanie (Australie) bocal de 40g[:nl]Online kopen: Peper - Tasmani\u00eb (Australi\u00eb) bokaal van 40g[:en]Buy online: Pepper - Tasmanian (Australia) jar of 40g[:]\",\"isPartOf\":{\"@id\":\"https:\/\/www.desmecht.com\/#website\"},\"primaryImageOfPage\":{\"@id\":\"https:\/\/www.desmecht.com\/shop\/desmecht-2\/epices-desmecht-2\/poivre-tasmanie-australie-bocal-de-40g\/#primaryimage\"},\"image\":{\"@id\":\"https:\/\/www.desmecht.com\/shop\/desmecht-2\/epices-desmecht-2\/poivre-tasmanie-australie-bocal-de-40g\/#primaryimage\"},\"thumbnailUrl\":\"https:\/\/www.desmecht.com\/wp-content\/uploads\/2020\/08\/Poivre_Tasmanie.jpg\",\"datePublished\":\"2025-05-16T14:10:20+00:00\",\"dateModified\":\"2025-05-16T16:10:20+00:00\",\"description\":\"[:fr]Acheter en ligne: Poivre - Tasmanie (Australie) bocal de 40g[:nl]Online kopen: Peper - Tasmani\u00eb (Australi\u00eb) bokaal van 40g[:en]Buy online: Pepper - Tasmanian (Australia) jar of 40g[:]\",\"breadcrumb\":{\"@id\":\"https:\/\/www.desmecht.com\/shop\/desmecht-2\/epices-desmecht-2\/poivre-tasmanie-australie-bocal-de-40g\/#breadcrumb\"},\"inLanguage\":\"nl-NL\",\"potentialAction\":[{\"@type\":\"ReadAction\",\"target\":[\"https:\/\/www.desmecht.com\/shop\/desmecht-2\/epices-desmecht-2\/poivre-tasmanie-australie-bocal-de-40g\/\"]}]},{\"@type\":\"ImageObject\",\"inLanguage\":\"nl-NL\",\"@id\":\"https:\/\/www.desmecht.com\/shop\/desmecht-2\/epices-desmecht-2\/poivre-tasmanie-australie-bocal-de-40g\/#primaryimage\",\"url\":\"https:\/\/www.desmecht.com\/wp-content\/uploads\/2020\/08\/Poivre_Tasmanie.jpg\",\"contentUrl\":\"https:\/\/www.desmecht.com\/wp-content\/uploads\/2020\/08\/Poivre_Tasmanie.jpg\",\"width\":609,\"height\":547},{\"@type\":\"BreadcrumbList\",\"@id\":\"https:\/\/www.desmecht.com\/shop\/desmecht-2\/epices-desmecht-2\/poivre-tasmanie-australie-bocal-de-40g\/#breadcrumb\",\"itemListElement\":[{\"@type\":\"ListItem\",\"position\":1,\"name\":\"Home\",\"item\":\"https:\/\/www.desmecht.com\/\"},{\"@type\":\"ListItem\",\"position\":2,\"name\":\"E-shop\",\"item\":\"https:\/\/www.desmecht.com\/\"},{\"@type\":\"ListItem\",\"position\":3,\"name\":\"Peper &#8211; Tasmani\u00eb (Australi\u00eb) bokaal van 40g\"}]},{\"@type\":\"WebSite\",\"@id\":\"https:\/\/www.desmecht.com\/#website\",\"url\":\"https:\/\/www.desmecht.com\/\",\"name\":\"DESMECHT Herboristerij in Brussel - Natuurlijke oplossingen\",\"description\":\"Natuurlijke oplossingen\",\"publisher\":{\"@id\":\"https:\/\/www.desmecht.com\/#organization\"},\"potentialAction\":[{\"@type\":\"SearchAction\",\"target\":{\"@type\":\"EntryPoint\",\"urlTemplate\":\"https:\/\/www.desmecht.com\/?s={search_term_string}\"},\"query-input\":{\"@type\":\"PropertyValueSpecification\",\"valueRequired\":true,\"valueName\":\"search_term_string\"}}],\"inLanguage\":\"nl-NL\"},{\"@type\":\"Organization\",\"@id\":\"https:\/\/www.desmecht.com\/#organization\",\"name\":\"DESMECHT\",\"url\":\"https:\/\/www.desmecht.com\/\",\"logo\":{\"@type\":\"ImageObject\",\"inLanguage\":\"nl-NL\",\"@id\":\"https:\/\/www.desmecht.com\/#\/schema\/logo\/image\/\",\"url\":\"https:\/\/www.desmecht.com\/wp-content\/uploads\/2018\/11\/Logo-DESMECHT.png\",\"contentUrl\":\"https:\/\/www.desmecht.com\/wp-content\/uploads\/2018\/11\/Logo-DESMECHT.png\",\"width\":400,\"height\":254,\"caption\":\"DESMECHT\"},\"image\":{\"@id\":\"https:\/\/www.desmecht.com\/#\/schema\/logo\/image\/\"},\"sameAs\":[\"http:\/\/www.facebook.com\/herbodesmecht\"]}]}<\/script>\n<!-- \/ Yoast SEO plugin. -->","yoast_head_json":{"title":"Online kopen: Peper - Tasmani\u00eb (Australi\u00eb) bokaal van 40g","description":"Online kopen: Peper - Tasmani\u00eb (Australi\u00eb) bokaal van 40g","robots":{"index":"index","follow":"follow","max-snippet":"max-snippet:-1","max-image-preview":"max-image-preview:large","max-video-preview":"max-video-preview:-1"},"canonical":"https:\/\/www.desmecht.com\/shop\/desmecht-2\/epices-desmecht-2\/poivre-tasmanie-australie-bocal-de-40g\/","og_locale":"nl_NL","og_type":"article","og_title":"[:fr]Acheter en ligne: Poivre - Tasmanie (Australie) bocal de 40g[:nl]Online kopen: Peper - Tasmani\u00eb (Australi\u00eb) bokaal van 40g[:en]Buy online: Pepper - Tasmanian (Australia) jar of 40g[:]","og_description":"[:fr]Acheter en ligne: Poivre - Tasmanie (Australie) bocal de 40g[:nl]Online kopen: Peper - Tasmani\u00eb (Australi\u00eb) bokaal van 40g[:en]Buy online: Pepper - Tasmanian (Australia) jar of 40g[:]","og_url":"https:\/\/www.desmecht.com\/shop\/desmecht-2\/epices-desmecht-2\/poivre-tasmanie-australie-bocal-de-40g\/","og_site_name":"DESMECHT Herboristerij in Brussel - Natuurlijke oplossingen","article_publisher":"http:\/\/www.facebook.com\/herbodesmecht","article_modified_time":"2025-05-16T16:10:20+00:00","og_image":[{"width":609,"height":547,"url":"https:\/\/www.desmecht.com\/wp-content\/uploads\/2020\/08\/Poivre_Tasmanie.jpg","type":"image\/jpeg"}],"twitter_card":"summary_large_image","schema":{"@context":"https:\/\/schema.org","@graph":[{"@type":"WebPage","@id":"https:\/\/www.desmecht.com\/shop\/desmecht-2\/epices-desmecht-2\/poivre-tasmanie-australie-bocal-de-40g\/","url":"https:\/\/www.desmecht.com\/shop\/desmecht-2\/epices-desmecht-2\/poivre-tasmanie-australie-bocal-de-40g\/","name":"[:fr]Acheter en ligne: Poivre - Tasmanie (Australie) bocal de 40g[:nl]Online kopen: Peper - Tasmani\u00eb (Australi\u00eb) bokaal van 40g[:en]Buy online: Pepper - Tasmanian (Australia) jar of 40g[:]","isPartOf":{"@id":"https:\/\/www.desmecht.com\/#website"},"primaryImageOfPage":{"@id":"https:\/\/www.desmecht.com\/shop\/desmecht-2\/epices-desmecht-2\/poivre-tasmanie-australie-bocal-de-40g\/#primaryimage"},"image":{"@id":"https:\/\/www.desmecht.com\/shop\/desmecht-2\/epices-desmecht-2\/poivre-tasmanie-australie-bocal-de-40g\/#primaryimage"},"thumbnailUrl":"https:\/\/www.desmecht.com\/wp-content\/uploads\/2020\/08\/Poivre_Tasmanie.jpg","datePublished":"2025-05-16T14:10:20+00:00","dateModified":"2025-05-16T16:10:20+00:00","description":"[:fr]Acheter en ligne: Poivre - Tasmanie (Australie) bocal de 40g[:nl]Online kopen: Peper - Tasmani\u00eb (Australi\u00eb) bokaal van 40g[:en]Buy online: Pepper - Tasmanian (Australia) jar of 40g[:]","breadcrumb":{"@id":"https:\/\/www.desmecht.com\/shop\/desmecht-2\/epices-desmecht-2\/poivre-tasmanie-australie-bocal-de-40g\/#breadcrumb"},"inLanguage":"nl-NL","potentialAction":[{"@type":"ReadAction","target":["https:\/\/www.desmecht.com\/shop\/desmecht-2\/epices-desmecht-2\/poivre-tasmanie-australie-bocal-de-40g\/"]}]},{"@type":"ImageObject","inLanguage":"nl-NL","@id":"https:\/\/www.desmecht.com\/shop\/desmecht-2\/epices-desmecht-2\/poivre-tasmanie-australie-bocal-de-40g\/#primaryimage","url":"https:\/\/www.desmecht.com\/wp-content\/uploads\/2020\/08\/Poivre_Tasmanie.jpg","contentUrl":"https:\/\/www.desmecht.com\/wp-content\/uploads\/2020\/08\/Poivre_Tasmanie.jpg","width":609,"height":547},{"@type":"BreadcrumbList","@id":"https:\/\/www.desmecht.com\/shop\/desmecht-2\/epices-desmecht-2\/poivre-tasmanie-australie-bocal-de-40g\/#breadcrumb","itemListElement":[{"@type":"ListItem","position":1,"name":"Home","item":"https:\/\/www.desmecht.com\/"},{"@type":"ListItem","position":2,"name":"E-shop","item":"https:\/\/www.desmecht.com\/"},{"@type":"ListItem","position":3,"name":"Peper &#8211; Tasmani\u00eb (Australi\u00eb) bokaal van 40g"}]},{"@type":"WebSite","@id":"https:\/\/www.desmecht.com\/#website","url":"https:\/\/www.desmecht.com\/","name":"DESMECHT Herboristerij in Brussel - Natuurlijke oplossingen","description":"Natuurlijke oplossingen","publisher":{"@id":"https:\/\/www.desmecht.com\/#organization"},"potentialAction":[{"@type":"SearchAction","target":{"@type":"EntryPoint","urlTemplate":"https:\/\/www.desmecht.com\/?s={search_term_string}"},"query-input":{"@type":"PropertyValueSpecification","valueRequired":true,"valueName":"search_term_string"}}],"inLanguage":"nl-NL"},{"@type":"Organization","@id":"https:\/\/www.desmecht.com\/#organization","name":"DESMECHT","url":"https:\/\/www.desmecht.com\/","logo":{"@type":"ImageObject","inLanguage":"nl-NL","@id":"https:\/\/www.desmecht.com\/#\/schema\/logo\/image\/","url":"https:\/\/www.desmecht.com\/wp-content\/uploads\/2018\/11\/Logo-DESMECHT.png","contentUrl":"https:\/\/www.desmecht.com\/wp-content\/uploads\/2018\/11\/Logo-DESMECHT.png","width":400,"height":254,"caption":"DESMECHT"},"image":{"@id":"https:\/\/www.desmecht.com\/#\/schema\/logo\/image\/"},"sameAs":["http:\/\/www.facebook.com\/herbodesmecht"]}]}},"_links":{"self":[{"href":"https:\/\/www.desmecht.com\/nl\/wp-json\/wp\/v2\/product\/20193","targetHints":{"allow":["GET"]}}],"collection":[{"href":"https:\/\/www.desmecht.com\/nl\/wp-json\/wp\/v2\/product"}],"about":[{"href":"https:\/\/www.desmecht.com\/nl\/wp-json\/wp\/v2\/types\/product"}],"wp:featuredmedia":[{"embeddable":true,"href":"https:\/\/www.desmecht.com\/nl\/wp-json\/wp\/v2\/media\/20194"}],"wp:attachment":[{"href":"https:\/\/www.desmecht.com\/nl\/wp-json\/wp\/v2\/media?parent=20193"}],"wp:term":[{"taxonomy":"product_brand","embeddable":true,"href":"https:\/\/www.desmecht.com\/nl\/wp-json\/wp\/v2\/product_brand?post=20193"},{"taxonomy":"product_cat","embeddable":true,"href":"https:\/\/www.desmecht.com\/nl\/wp-json\/wp\/v2\/product_cat?post=20193"},{"taxonomy":"product_tag","embeddable":true,"href":"https:\/\/www.desmecht.com\/nl\/wp-json\/wp\/v2\/product_tag?post=20193"}],"curies":[{"name":"wp","href":"https:\/\/api.w.org\/{rel}","templated":true}]}}